{"id":1793,"date":"2013-12-06T15:40:03","date_gmt":"2013-12-06T14:40:03","guid":{"rendered":"https:\/\/www.coloriages-pour-enfants.net\/?page_id=1793"},"modified":"2017-02-06T11:49:54","modified_gmt":"2017-02-06T10:49:54","slug":"albero-di-natale","status":"publish","type":"page","link":"https:\/\/www.justcolor.net\/bambini\/eventi\/natale\/albero-di-natale\/","title":{"rendered":"Albero di Natale"},"content":{"rendered":"<p>no images were found<\/p>\n\n","protected":false},"excerpt":{"rendered":"<p>Per introdurre questa galleria di colori per l&#8217;albero di Natale, abbiamo pensato a questa bella citazione del 2004 di Giovanni Paolo II: &#8220;In inverno, l&#8217;albero sempreverde diventa il segno della vita che non muore. Di solito \u00e8 ai piedi dell&#8217;albero di Natale decorato che si depongono i doni. [Il messaggio dell&#8217;albero di Natale \u00e8 dunque che la vita rimane verde e che \u00e8 un dono, non materiale ma di se stessa, nell&#8217;amicizia e nell&#8217;affetto, nell&#8217;aiuto reciproco fraterno e nel perdono, nella condivisione e nell&#8217;ascolto degli altri. &#8221;<\/p>\n<p>Scoprite tutti i nostri colori natalizi qui<\/p>\n","protected":false},"author":1,"featured_media":0,"parent":144,"menu_order":0,"comment_status":"closed","ping_status":"closed","template":"","meta":{"ngg_post_thumbnail":0,"footnotes":""},"tags":[238,993,413,446,588],"class_list":{"0":"post-1793","1":"page","2":"type-page","3":"status-publish","5":"tag-fetes","6":"tag-gallery","7":"tag-noel","8":"tag-pere-noel","9":"tag-traditions"},"_links":{"self":[{"href":"https:\/\/www.justcolor.net\/bambini\/wp-json\/wp\/v2\/pages\/1793","targetHints":{"allow":["GET"]}}],"collection":[{"href":"https:\/\/www.justcolor.net\/bambini\/wp-json\/wp\/v2\/pages"}],"about":[{"href":"https:\/\/www.justcolor.net\/bambini\/wp-json\/wp\/v2\/types\/page"}],"author":[{"embeddable":true,"href":"https:\/\/www.justcolor.net\/bambini\/wp-json\/wp\/v2\/users\/1"}],"replies":[{"embeddable":true,"href":"https:\/\/www.justcolor.net\/bambini\/wp-json\/wp\/v2\/comments?post=1793"}],"version-history":[{"count":0,"href":"https:\/\/www.justcolor.net\/bambini\/wp-json\/wp\/v2\/pages\/1793\/revisions"}],"up":[{"embeddable":true,"href":"https:\/\/www.justcolor.net\/bambini\/wp-json\/wp\/v2\/pages\/144"}],"wp:attachment":[{"href":"https:\/\/www.justcolor.net\/bambini\/wp-json\/wp\/v2\/media?parent=1793"}],"wp:term":[{"taxonomy":"post_tag","embeddable":true,"href":"https:\/\/www.justcolor.net\/bambini\/wp-json\/wp\/v2\/tags?post=1793"}],"curies":[{"name":"wp","href":"https:\/\/api.w.org\/{rel}","templated":true}]}}