{"id":26298,"date":"2023-08-30T07:57:26","date_gmt":"2023-08-30T05:57:26","guid":{"rendered":"https:\/\/www.coloriages-pour-enfants.net\/?page_id=26298"},"modified":"2024-09-24T11:05:05","modified_gmt":"2024-09-24T09:05:05","slug":"eventi","status":"publish","type":"page","link":"https:\/\/www.justcolor.net\/bambini\/eventi\/","title":{"rendered":"Festivit\u00e0 e celebrazioni"},"content":{"rendered":"\n<div class=\"gallery-grid\">\n    <div class=\"gallery-grid-item\">\n        <div class=\"ngg-album-link\">\n            <a class=\"gallery_link\" href=\"https:\/\/www.justcolor.net\/bambini\/eventi\/4-luglio\/\" title=\"Pagine 4 luglio da Colorare per bambini\">\n                <img class=\"Thumb\"\n                     alt=\"Pagine 4 luglio da Colorare per bambini\"\n                     src=\"https:\/\/www.justcolor.net\/bambini\/wp-content\/uploads\/sites\/60\/nggallery\/4-luglio\/cache\/bambini--disegni-da-colorare-per-bambini-4-luglio-41323.jpg-nggid0511718-ngg0dyn-182x136-00f0w010c011r110f110r010t010.jpg\"\n                     loading=\"lazy\"\n                     width=\"250\"\n                     height=\"150\" \/>\n            <\/a>\n        <\/div>\n        <h2 class=\"gallery-grid-album-lig1\">\n            <a class=\"ngg-album-desc\"\n               title=\"Pagine 4 luglio da Colorare\"\n               href=\"https:\/\/www.justcolor.net\/bambini\/eventi\/4-luglio\/\">\n                4 luglio            <\/a>\n        <\/h2>\n    <\/div>\n    <div class=\"gallery-grid-item\">\n        <div class=\"ngg-album-link\">\n            <a class=\"gallery_link\" href=\"https:\/\/www.justcolor.net\/bambini\/eventi\/capodanno-buon-anno\/\" title=\"Pagine Capodanno - Buon Anno da Colorare per bambini\">\n                <img class=\"Thumb\"\n                     alt=\"Pagine Capodanno - Buon Anno da Colorare per bambini\"\n                     src=\"https:\/\/www.justcolor.net\/bambini\/wp-content\/uploads\/sites\/60\/nggallery\/capodanno-buon-anno\/thumbs\/thumbs_disegni-da-colorare-per-bambini-di-capodanno-buon-anno-44897.jpg\"\n                     loading=\"lazy\"\n                     width=\"250\"\n                     height=\"150\" \/>\n            <\/a>\n        <\/div>\n        <h2 class=\"gallery-grid-album-lig1\">\n            <a class=\"ngg-album-desc\"\n               title=\"Pagine Capodanno - Buon Anno da Colorare\"\n               href=\"https:\/\/www.justcolor.net\/bambini\/eventi\/capodanno-buon-anno\/\">\n                Capodanno - Buon Anno            <\/a>\n        <\/h2>\n    <\/div>\n    <div class=\"gallery-grid-item\">\n        <div class=\"ngg-album-link\">\n            <a class=\"gallery_link\" href=\"https:\/\/www.justcolor.net\/bambini\/eventi\/capodanno-cinese\/\" title=\"Pagine Capodanno Cinese da Colorare per bambini\">\n                <img class=\"Thumb\"\n                     alt=\"Pagine Capodanno Cinese da Colorare per bambini\"\n                     src=\"https:\/\/www.justcolor.net\/bambini\/wp-content\/uploads\/sites\/60\/nggallery\/capodanno-cinese\/cache\/disegni-da-colorare-per-bambini-di-capodanno-cinese-65434.jpg-nggid042546-ngg0dyn-182x136-00f0w010c011r110f110r010t010.jpg\"\n                     loading=\"lazy\"\n                     width=\"250\"\n                     height=\"150\" \/>\n            <\/a>\n        <\/div>\n        <h2 class=\"gallery-grid-album-lig1\">\n            <a class=\"ngg-album-desc\"\n               title=\"Pagine Capodanno Cinese da Colorare\"\n               href=\"https:\/\/www.justcolor.net\/bambini\/eventi\/capodanno-cinese\/\">\n                Capodanno Cinese            <\/a>\n        <\/h2>\n    <\/div>\n    <div class=\"gallery-grid-item\">\n        <div class=\"ngg-album-link\">\n            <a class=\"gallery_link\" href=\"https:\/\/www.justcolor.net\/bambini\/eventi\/carnevale\/\" title=\"Pagine Carnevale da Colorare per bambini\">\n                <img class=\"Thumb\"\n                     alt=\"Pagine Carnevale da Colorare per bambini\"\n                     src=\"https:\/\/www.justcolor.net\/bambini\/wp-content\/uploads\/sites\/60\/nggallery\/carnevale\/cache\/disegni-da-colorare-per-bambini-di-carnevale-92270.jpg-nggid041461-ngg0dyn-182x136-00f0w010c011r110f110r010t010.jpg\"\n                     loading=\"lazy\"\n                     width=\"250\"\n                     height=\"150\" \/>\n            <\/a>\n        <\/div>\n        <h2 class=\"gallery-grid-album-lig1\">\n            <a class=\"ngg-album-desc\"\n               title=\"Pagine Carnevale da Colorare\"\n               href=\"https:\/\/www.justcolor.net\/bambini\/eventi\/carnevale\/\">\n                Carnevale            <\/a>\n        <\/h2>\n    <\/div>\n    <div class=\"gallery-grid-item\">\n        <div class=\"ngg-album-link\">\n            <a class=\"gallery_link\" href=\"https:\/\/www.justcolor.net\/bambini\/eventi\/cinco-de-mayo\/\" title=\"Pagine Cinco De Mayo da Colorare per bambini\">\n                <img class=\"Thumb\"\n                     alt=\"Pagine Cinco De Mayo da Colorare per bambini\"\n                     src=\"https:\/\/www.justcolor.net\/bambini\/wp-content\/uploads\/sites\/60\/nggallery\/cinco-de-mayo\/cache\/bambini--disegni-da-colorare-per-bambini-cinco-de-mayo-49496.jpg-nggid0511935-ngg0dyn-182x136-00f0w010c011r110f110r010t010.jpg\"\n                     loading=\"lazy\"\n                     width=\"250\"\n                     height=\"150\" \/>\n            <\/a>\n        <\/div>\n        <h2 class=\"gallery-grid-album-lig1\">\n            <a class=\"ngg-album-desc\"\n               title=\"Pagine Cinco De Mayo da Colorare\"\n               href=\"https:\/\/www.justcolor.net\/bambini\/eventi\/cinco-de-mayo\/\">\n                Cinco De Mayo            <\/a>\n        <\/h2>\n    <\/div>\n    <div class=\"gallery-grid-item\">\n        <div class=\"ngg-album-link\">\n            <a class=\"gallery_link\" href=\"https:\/\/www.justcolor.net\/bambini\/eventi\/compleanni\/\" title=\"Pagine Compleanni da Colorare per bambini\">\n                <img class=\"Thumb\"\n                     alt=\"Pagine Compleanni da Colorare per bambini\"\n                     src=\"https:\/\/www.justcolor.net\/bambini\/wp-content\/uploads\/sites\/60\/nggallery\/compleanni\/cache\/disegni-da-colorare-per-bambini-di-compleanni-87743.gif-nggid03379-ngg0dyn-182x136-00f0w010c011r110f110r010t010.gif\"\n                     loading=\"lazy\"\n                     width=\"250\"\n                     height=\"150\" \/>\n            <\/a>\n        <\/div>\n        <h2 class=\"gallery-grid-album-lig1\">\n            <a class=\"ngg-album-desc\"\n               title=\"Pagine Compleanni da Colorare\"\n               href=\"https:\/\/www.justcolor.net\/bambini\/eventi\/compleanni\/\">\n                Compleanni            <\/a>\n        <\/h2>\n    <\/div>\n    <div class=\"gallery-grid-item\">\n        <div class=\"ngg-album-link\">\n            <a class=\"gallery_link\" href=\"https:\/\/www.justcolor.net\/bambini\/disegni-a-tema\/dia-de-los-muertos-il-giorno-dei-morti\/\" title=\"Pagine Dia De Los Muertos (Il Giorno dei Morti) da Colorare per bambini\">\n                <img class=\"Thumb\"\n                     alt=\"Pagine Dia De Los Muertos (Il Giorno dei Morti) da Colorare per bambini\"\n                     src=\"https:\/\/www.justcolor.net\/bambini\/wp-content\/uploads\/sites\/60\/nggallery\/dia-de-los-muertos-il-giorno-dei-morti\/cache\/disegni-da-colorare-per-bambini-di-dia-de-los-muertos-il-giorno-dei-morti-26357.jpg-nggid046022-ngg0dyn-182x136-00f0w010c011r110f110r010t010.jpg\"\n                     loading=\"lazy\"\n                     width=\"250\"\n                     height=\"150\" \/>\n            <\/a>\n        <\/div>\n        <h2 class=\"gallery-grid-album-lig1\">\n            <a class=\"ngg-album-desc\"\n               title=\"Pagine Dia De Los Muertos (Il Giorno dei Morti) da Colorare\"\n               href=\"https:\/\/www.justcolor.net\/bambini\/disegni-a-tema\/dia-de-los-muertos-il-giorno-dei-morti\/\">\n                Dia De Los Muertos (Il Giorno dei Morti)            <\/a>\n        <\/h2>\n    <\/div>\n    <div class=\"gallery-grid-item\">\n        <div class=\"ngg-album-link\">\n            <a class=\"gallery_link\" href=\"https:\/\/www.justcolor.net\/bambini\/eventi\/festa-dei-nonni\/\" title=\"Pagine Festa dei Nonni da Colorare per bambini\">\n                <img class=\"Thumb\"\n                     alt=\"Pagine Festa dei Nonni da Colorare per bambini\"\n                     src=\"https:\/\/www.justcolor.net\/bambini\/wp-content\/uploads\/sites\/60\/nggallery\/festa-dei-nonni\/cache\/disegni-da-colorare-per-bambini-di-festa-dei-nonni-1693.jpg-nggid047269-ngg0dyn-182x136-00f0w010c011r110f110r010t010.jpg\"\n                     loading=\"lazy\"\n                     width=\"250\"\n                     height=\"150\" \/>\n            <\/a>\n        <\/div>\n        <h2 class=\"gallery-grid-album-lig1\">\n            <a class=\"ngg-album-desc\"\n               title=\"Pagine Festa dei Nonni da Colorare\"\n               href=\"https:\/\/www.justcolor.net\/bambini\/eventi\/festa-dei-nonni\/\">\n                Festa dei Nonni            <\/a>\n        <\/h2>\n    <\/div>\n    <div class=\"gallery-grid-item\">\n        <div class=\"ngg-album-link\">\n            <a class=\"gallery_link\" href=\"https:\/\/www.justcolor.net\/bambini\/eventi\/festa-del-papa\/\" title=\"Pagine Festa del Pap\u00e0 da Colorare per bambini\">\n                <img class=\"Thumb\"\n                     alt=\"Pagine Festa del Pap\u00e0 da Colorare per bambini\"\n                     src=\"https:\/\/www.justcolor.net\/bambini\/wp-content\/uploads\/sites\/60\/nggallery\/festa-del-papa\/cache\/disegni-da-colorare-per-bambini-di-festa-del-papa-70532.jpg-nggid047267-ngg0dyn-182x136-00f0w010c011r110f110r010t010.jpg\"\n                     loading=\"lazy\"\n                     width=\"250\"\n                     height=\"150\" \/>\n            <\/a>\n        <\/div>\n        <h2 class=\"gallery-grid-album-lig1\">\n            <a class=\"ngg-album-desc\"\n               title=\"Pagine Festa del Pap\u00e0 da Colorare\"\n               href=\"https:\/\/www.justcolor.net\/bambini\/eventi\/festa-del-papa\/\">\n                Festa del Pap\u00e0            <\/a>\n        <\/h2>\n    <\/div>\n    <div class=\"gallery-grid-item\">\n        <div class=\"ngg-album-link\">\n            <a class=\"gallery_link\" href=\"https:\/\/www.justcolor.net\/bambini\/eventi\/festa-della-mamma\/\" title=\"Pagine Festa della Mamma da Colorare per bambini\">\n                <img class=\"Thumb\"\n                     alt=\"Pagine Festa della Mamma da Colorare per bambini\"\n                     src=\"https:\/\/www.justcolor.net\/bambini\/wp-content\/uploads\/sites\/60\/nggallery\/festa-della-mamma\/cache\/disegni-da-colorare-per-bambini-di-festa-della-mamma-95576.jpg-nggid047268-ngg0dyn-182x136-00f0w010c011r110f110r010t010.jpg\"\n                     loading=\"lazy\"\n                     width=\"250\"\n                     height=\"150\" \/>\n            <\/a>\n        <\/div>\n        <h2 class=\"gallery-grid-album-lig1\">\n            <a class=\"ngg-album-desc\"\n               title=\"Pagine Festa della Mamma da Colorare\"\n               href=\"https:\/\/www.justcolor.net\/bambini\/eventi\/festa-della-mamma\/\">\n                Festa della Mamma            <\/a>\n        <\/h2>\n    <\/div>\n    <div class=\"gallery-grid-item\">\n        <div class=\"ngg-album-link\">\n            <a class=\"gallery_link\" href=\"https:\/\/www.justcolor.net\/bambini\/eventi\/festa-delle-lanterne\/\" title=\"Pagine Festa delle Lanterne da Colorare per bambini\">\n                <img class=\"Thumb\"\n                     alt=\"Pagine Festa delle Lanterne da Colorare per bambini\"\n                     src=\"https:\/\/www.justcolor.net\/bambini\/wp-content\/uploads\/sites\/60\/nggallery\/festa-delle-lanterne\/cache\/bambini--disegni-da-colorare-per-bambini-festa-delle-lanterne-27411.jpg-nggid0511801-ngg0dyn-182x136-00f0w010c011r110f110r010t010.jpg\"\n                     loading=\"lazy\"\n                     width=\"250\"\n                     height=\"150\" \/>\n            <\/a>\n        <\/div>\n        <h2 class=\"gallery-grid-album-lig1\">\n            <a class=\"ngg-album-desc\"\n               title=\"Pagine Festa delle Lanterne da Colorare\"\n               href=\"https:\/\/www.justcolor.net\/bambini\/eventi\/festa-delle-lanterne\/\">\n                Festa delle Lanterne            <\/a>\n        <\/h2>\n    <\/div>\n    <div class=\"gallery-grid-item\">\n        <div class=\"ngg-album-link\">\n            <a class=\"gallery_link\" href=\"https:\/\/www.justcolor.net\/bambini\/eventi\/giochi-olimpici\/\" title=\"Pagine Giochi Olimpici da Colorare per bambini\">\n                <img class=\"Thumb\"\n                     alt=\"Pagine Giochi Olimpici da Colorare per bambini\"\n                     src=\"https:\/\/www.justcolor.net\/bambini\/wp-content\/uploads\/sites\/60\/nggallery\/giochi-olimpici\/cache\/disegni-da-colorare-per-bambini-di-giochi-olimpici-41185.jpg-nggid045480-ngg0dyn-182x136-00f0w010c011r110f110r010t010.jpg\"\n                     loading=\"lazy\"\n                     width=\"250\"\n                     height=\"150\" \/>\n            <\/a>\n        <\/div>\n        <h2 class=\"gallery-grid-album-lig1\">\n            <a class=\"ngg-album-desc\"\n               title=\"Pagine Giochi Olimpici da Colorare\"\n               href=\"https:\/\/www.justcolor.net\/bambini\/eventi\/giochi-olimpici\/\">\n                Giochi Olimpici            <\/a>\n        <\/h2>\n    <\/div>\n    <div class=\"gallery-grid-item\">\n        <div class=\"ngg-album-link\">\n            <a class=\"gallery_link\" href=\"https:\/\/www.justcolor.net\/bambini\/eventi\/giorno-del-ringraziamento\/\" title=\"Pagine Giorno del ringraziamento (Thanksgiving) da Colorare per bambini\">\n                <img class=\"Thumb\"\n                     alt=\"Pagine Giorno del ringraziamento (Thanksgiving) da Colorare per bambini\"\n                     src=\"https:\/\/www.justcolor.net\/bambini\/wp-content\/uploads\/sites\/60\/nggallery\/giorno-del-ringraziamento\/cache\/disegni-da-colorare-per-bambini-di-giorno-del-ringraziamento-90432.jpg-nggid046774-ngg0dyn-182x136-00f0w010c011r110f110r010t010.jpg\"\n                     loading=\"lazy\"\n                     width=\"250\"\n                     height=\"150\" \/>\n            <\/a>\n        <\/div>\n        <h2 class=\"gallery-grid-album-lig1\">\n            <a class=\"ngg-album-desc\"\n               title=\"Pagine Giorno del ringraziamento (Thanksgiving) da Colorare\"\n               href=\"https:\/\/www.justcolor.net\/bambini\/eventi\/giorno-del-ringraziamento\/\">\n                Giorno del ringraziamento (Thanksgiving)            <\/a>\n        <\/h2>\n    <\/div>\n    <div class=\"gallery-grid-item\">\n        <div class=\"ngg-album-link\">\n            <a class=\"gallery_link\" href=\"https:\/\/www.justcolor.net\/bambini\/eventi\/halloween\/\" title=\"Pagine Halloween da Colorare per bambini\">\n                <img class=\"Thumb\"\n                     alt=\"Pagine Halloween da Colorare per bambini\"\n                     src=\"https:\/\/www.justcolor.net\/bambini\/wp-content\/uploads\/sites\/60\/nggallery\/halloween\/cache\/disegni-da-colorare-per-bambini-di-halloween-17222.jpg-nggid0230-ngg0dyn-182x136-00f0w010c011r110f110r010t010.jpg\"\n                     loading=\"lazy\"\n                     width=\"250\"\n                     height=\"150\" \/>\n            <\/a>\n        <\/div>\n        <h2 class=\"gallery-grid-album-lig1\">\n            <a class=\"ngg-album-desc\"\n               title=\"Pagine Halloween da Colorare\"\n               href=\"https:\/\/www.justcolor.net\/bambini\/eventi\/halloween\/\">\n                Halloween            <\/a>\n        <\/h2>\n    <\/div>\n    <div class=\"gallery-grid-item\">\n        <div class=\"ngg-album-link\">\n            <a class=\"gallery_link\" href=\"https:\/\/www.justcolor.net\/bambini\/eventi\/memorial-day\/\" title=\"Pagine Memorial Day da Colorare per bambini\">\n                <img class=\"Thumb\"\n                     alt=\"Pagine Memorial Day da Colorare per bambini\"\n                     src=\"https:\/\/www.justcolor.net\/bambini\/wp-content\/uploads\/sites\/60\/nggallery\/memorial-day\/cache\/bambini--disegni-da-colorare-per-bambini-memorial-day-57668.jpg-nggid0512029-ngg0dyn-182x136-00f0w010c011r110f110r010t010.jpg\"\n                     loading=\"lazy\"\n                     width=\"250\"\n                     height=\"150\" \/>\n            <\/a>\n        <\/div>\n        <h2 class=\"gallery-grid-album-lig1\">\n            <a class=\"ngg-album-desc\"\n               title=\"Pagine Memorial Day da Colorare\"\n               href=\"https:\/\/www.justcolor.net\/bambini\/eventi\/memorial-day\/\">\n                Memorial Day            <\/a>\n        <\/h2>\n    <\/div>\n    <div class=\"gallery-grid-item\">\n        <div class=\"ngg-album-link\">\n            <a class=\"gallery_link\" href=\"https:\/\/www.justcolor.net\/bambini\/eventi\/natale\/\" title=\"Pagine Natale da Colorare per bambini\">\n                <img class=\"Thumb\"\n                     alt=\"Pagine Natale da Colorare per bambini\"\n                     src=\"https:\/\/www.justcolor.net\/bambini\/wp-content\/uploads\/sites\/60\/nggallery\/natale\/cache\/disegni-da-colorare-per-bambini-di-natale-75307.jpg-nggid048319-ngg0dyn-182x136-00f0w010c011r110f110r010t010.jpg\"\n                     loading=\"lazy\"\n                     width=\"250\"\n                     height=\"150\" \/>\n            <\/a>\n        <\/div>\n        <h2 class=\"gallery-grid-album-lig1\">\n            <a class=\"ngg-album-desc\"\n               title=\"Pagine Natale da Colorare\"\n               href=\"https:\/\/www.justcolor.net\/bambini\/eventi\/natale\/\">\n                Natale            <\/a>\n        <\/h2>\n    <\/div>\n    <div class=\"gallery-grid-item\">\n        <div class=\"ngg-album-link\">\n            <a class=\"gallery_link\" href=\"https:\/\/www.justcolor.net\/bambini\/eventi\/pasqua\/\" title=\"Pagine Pasqua da Colorare per bambini\">\n                <img class=\"Thumb\"\n                     alt=\"Pagine Pasqua da Colorare per bambini\"\n                     src=\"https:\/\/www.justcolor.net\/bambini\/wp-content\/uploads\/sites\/60\/nggallery\/pasqua\/cache\/disegni-da-colorare-per-bambini-di-pasqua-21025.png-nggid03545-ngg0dyn-182x136-00f0w010c011r110f110r010t010.png\"\n                     loading=\"lazy\"\n                     width=\"250\"\n                     height=\"150\" \/>\n            <\/a>\n        <\/div>\n        <h2 class=\"gallery-grid-album-lig1\">\n            <a class=\"ngg-album-desc\"\n               title=\"Pagine Pasqua da Colorare\"\n               href=\"https:\/\/www.justcolor.net\/bambini\/eventi\/pasqua\/\">\n                Pasqua            <\/a>\n        <\/h2>\n    <\/div>\n    <div class=\"gallery-grid-item\">\n        <div class=\"ngg-album-link\">\n            <a class=\"gallery_link\" href=\"https:\/\/www.justcolor.net\/bambini\/eventi\/rainy-day\/\" title=\"Pagine Rainy day da Colorare per bambini\">\n                <img class=\"Thumb\"\n                     alt=\"Pagine Rainy day da Colorare per bambini\"\n                     src=\"https:\/\/www.justcolor.net\/bambini\/wp-content\/uploads\/sites\/60\/nggallery\/rainy-day\/cache\/bambini--disegni-da-colorare-per-bambini-rainy-day-96494.jpg-nggid0512046-ngg0dyn-182x136-00f0w010c011r110f110r010t010.jpg\"\n                     loading=\"lazy\"\n                     width=\"250\"\n                     height=\"150\" \/>\n            <\/a>\n        <\/div>\n        <h2 class=\"gallery-grid-album-lig1\">\n            <a class=\"ngg-album-desc\"\n               title=\"Pagine Rainy day da Colorare\"\n               href=\"https:\/\/www.justcolor.net\/bambini\/eventi\/rainy-day\/\">\n                Rainy day            <\/a>\n        <\/h2>\n    <\/div>\n    <div class=\"gallery-grid-item\">\n        <div class=\"ngg-album-link\">\n            <a class=\"gallery_link\" href=\"https:\/\/www.justcolor.net\/bambini\/eventi\/ritorno-a-scuola\/\" title=\"Pagine Ritorno a scuola da Colorare per bambini\">\n                <img class=\"Thumb\"\n                     alt=\"Pagine Ritorno a scuola da Colorare per bambini\"\n                     src=\"https:\/\/www.justcolor.net\/bambini\/wp-content\/uploads\/sites\/60\/nggallery\/ritorno-a-scuola\/cache\/disegni-da-colorare-per-bambini-di-ritorno-a-scuola-9497.jpg-nggid041678-ngg0dyn-182x136-00f0w010c011r110f110r010t010.jpg\"\n                     loading=\"lazy\"\n                     width=\"250\"\n                     height=\"150\" \/>\n            <\/a>\n        <\/div>\n        <h2 class=\"gallery-grid-album-lig1\">\n            <a class=\"ngg-album-desc\"\n               title=\"Pagine Ritorno a scuola da Colorare\"\n               href=\"https:\/\/www.justcolor.net\/bambini\/eventi\/ritorno-a-scuola\/\">\n                Ritorno a scuola            <\/a>\n        <\/h2>\n    <\/div>\n    <div class=\"gallery-grid-item\">\n        <div class=\"ngg-album-link\">\n            <a class=\"gallery_link\" href=\"https:\/\/www.justcolor.net\/bambini\/eventi\/san-valentino\/\" title=\"Pagine San Valentino da Colorare per bambini\">\n                <img class=\"Thumb\"\n                     alt=\"Pagine San Valentino da Colorare per bambini\"\n                     src=\"https:\/\/www.justcolor.net\/bambini\/wp-content\/uploads\/sites\/60\/nggallery\/san-valentino\/cache\/disegni-da-colorare-per-bambini-di-san-valentino-6533.jpg-nggid042415-ngg0dyn-182x136-00f0w010c011r110f110r010t010.jpg\"\n                     loading=\"lazy\"\n                     width=\"250\"\n                     height=\"150\" \/>\n            <\/a>\n        <\/div>\n        <h2 class=\"gallery-grid-album-lig1\">\n            <a class=\"ngg-album-desc\"\n               title=\"Pagine San Valentino da Colorare\"\n               href=\"https:\/\/www.justcolor.net\/bambini\/eventi\/san-valentino\/\">\n                San Valentino            <\/a>\n        <\/h2>\n    <\/div>\n<br class=\"ngg-clear\"\/>\n<div class='ngg-clear'><\/div><\/div>\n\n","protected":false},"excerpt":{"rendered":"<p>Ecco <b>pagine da colorare stampabili<\/b> per i principali eventi dell&#8217;anno, tra cui <b>Natale, Halloween e Ringraziamento<\/b>, nonch\u00e9 occasioni speciali come <b>Festa della mamma, Festa del pap\u00e0, e la Festa dei Nonni<\/b>. Questi momenti sono perfetti per riunire le famiglie per festeggiare e divertirsi.<\/p>\n<p>Per <b>Natale<\/b>, esplora una variet\u00e0 di <b>fogli da colorare stampabili<\/b> con Babbo Natale, alberi di Natale e decorazioni festive. I bambini possono divertirsi con attivit\u00e0 da colorare che catturano la magia e la gioia delle festivit\u00e0 natalizie. Per il <b>Ringraziamento<\/b>, trova pagine con tacchini, zucche e feste di famiglia che riflettono lo spirito della celebrazione.<\/p>\n<p>Nella <b>festa della mamma<\/b> e nella <b>festa del pap\u00e0<\/b>, i bambini possono esprimere il loro amore e apprezzamento creando opere d&#8217;arte colorate e personalizzate. Scegli tra pagine da colorare con fiori, cuori e disegni premurosi perfetti per questi giorni speciali.<\/p>\n<p>La nostra collezione include anche <b>fogli da colorare stampabili<\/b> per eventi come <b>Ritorno a scuola, Compleanni, Carnevale, Capodanno cinese, Pasqua e San Valentino<\/b>. Ogni tema offre una variet\u00e0 di design divertenti per adattarsi all&#8217;atmosfera della celebrazione.<\/p>\n<p>Dall&#8217;allegria festosa del Natale al divertimento spettrale di Halloween, fino al calore delle riunioni del Ringraziamento, troverai i <b>fogli da colorare stampabili<\/b> perfetti per portare gioia ad ogni celebrazione. Non importa l&#8217;occasione, la nostra collezione \u00e8 progettata per rendere ogni giorno speciale ancora pi\u00f9 memorabile con attivit\u00e0 creative e coinvolgenti per i bambini.<\/p>\n","protected":false},"author":1,"featured_media":0,"parent":0,"menu_order":0,"comment_status":"closed","ping_status":"closed","template":"","meta":{"ngg_post_thumbnail":0,"footnotes":""},"tags":[3423],"class_list":{"0":"post-26298","1":"page","2":"type-page","3":"status-publish","5":"tag-supergallery"},"_links":{"self":[{"href":"https:\/\/www.justcolor.net\/bambini\/wp-json\/wp\/v2\/pages\/26298","targetHints":{"allow":["GET"]}}],"collection":[{"href":"https:\/\/www.justcolor.net\/bambini\/wp-json\/wp\/v2\/pages"}],"about":[{"href":"https:\/\/www.justcolor.net\/bambini\/wp-json\/wp\/v2\/types\/page"}],"author":[{"embeddable":true,"href":"https:\/\/www.justcolor.net\/bambini\/wp-json\/wp\/v2\/users\/1"}],"replies":[{"embeddable":true,"href":"https:\/\/www.justcolor.net\/bambini\/wp-json\/wp\/v2\/comments?post=26298"}],"version-history":[{"count":0,"href":"https:\/\/www.justcolor.net\/bambini\/wp-json\/wp\/v2\/pages\/26298\/revisions"}],"wp:attachment":[{"href":"https:\/\/www.justcolor.net\/bambini\/wp-json\/wp\/v2\/media?parent=26298"}],"wp:term":[{"taxonomy":"post_tag","embeddable":true,"href":"https:\/\/www.justcolor.net\/bambini\/wp-json\/wp\/v2\/tags?post=26298"}],"curies":[{"name":"wp","href":"https:\/\/api.w.org\/{rel}","templated":true}]}}