{"id":1001,"date":"2013-10-25T13:15:50","date_gmt":"2013-10-25T12:15:50","guid":{"rendered":"https:\/\/www.justcolor.net\/criancas\/?page_id=1001"},"modified":"2024-01-02T09:35:11","modified_gmt":"2024-01-02T08:35:11","slug":"desenhos-animados-animacao-e-filmes-colorindo","status":"publish","type":"page","link":"https:\/\/www.justcolor.net\/criancas\/desenhos-animados-animacao-e-filmes-colorindo\/","title":{"rendered":"Desenhos animados, anima\u00e7\u00e3o e filmes colorindo"},"content":{"rendered":"\n<p>Escolha sua categoria:<\/p>\n\n\n\n<h2 class=\"wp-block-heading\"><a href=\"https:\/\/www.justcolor.net\/criancas\/desenhos-animados-animacao-e-filmes-colorindo\/paginas-classicas-da-disney-para-colorir\/\"><strong>Desenhos animados cl\u00e1ssicos da Disney<\/strong><\/a><\/h2>\n\n\n\n<p><span style=\"color: #808080\">Os grandes cl\u00e1ssicos do s\u00e9culo XX: Cinderela, Branca de Neve, 101 D\u00e1lmatas, etc&#8230;<\/span><br><br><\/p>\n\n\n\n<h2 class=\"wp-block-heading\"><a href=\"https:\/\/www.justcolor.net\/criancas\/desenhos-animados-animacao-e-filmes-colorindo\/paginas-para-colorir-de-animacao-da-disney\/\"><strong>Filmes animados da Disney \/ Pixar<\/strong><\/a><\/h2>\n\n\n\n<p><span style=\"color: #808080\">(Toy Story, Monstros S.A., Ratatouille, Wall-E, Enrolados, Rapunzel, etc&#8230;)<\/span><br><br><\/p>\n\n\n\n<h2 class=\"wp-block-heading\"><a href=\"https:\/\/www.justcolor.net\/criancas\/desenhos-animados-animacao-e-filmes-colorindo\/dreamworks-para-colorir\/\"><strong>Filmes animados da DreamWorks<\/strong><\/a><\/h2>\n\n\n\n<p><span style=\"color: #808080\">(Shrek, Madagascar, Meu Malvado Favorito, etc&#8230;)<\/span><br><br><\/p>\n\n\n\n<h2 class=\"wp-block-heading\"><a href=\"https:\/\/www.justcolor.net\/criancas\/desenhos-animados-animacao-e-filmes-colorindo\/coloracao-do-filme\/\"><strong>Filmes cl\u00e1ssicos<\/strong><\/a><\/h2>\n\n\n\n<p><span style=\"color: #808080\">(Star Wars, Harry Potter &#8230;)<\/span><\/p>\n","protected":false},"excerpt":{"rendered":"<p>Escolha sua categoria: Desenhos animados cl\u00e1ssicos da Disney Os grandes cl\u00e1ssicos do s\u00e9culo XX: Cinderela, Branca de Neve, 101 D\u00e1lmatas, etc&#8230; Filmes animados da Disney \/ Pixar (Toy Story, Monstros S.A., Ratatouille, Wall-E, Enrolados, Rapunzel, etc&#8230;) Filmes animados da DreamWorks (Shrek, Madagascar, Meu Malvado Favorito, etc&#8230;) Filmes cl\u00e1ssicos (Star Wars, Harry Potter &#8230;)<\/p>\n","protected":false},"author":1,"featured_media":0,"parent":0,"menu_order":0,"comment_status":"closed","ping_status":"closed","template":"","meta":{"ngg_post_thumbnail":0,"footnotes":""},"tags":[141,188,196,207,244,245],"class_list":{"0":"post-1001","1":"page","2":"type-page","3":"status-publish","5":"tag-cinema","6":"tag-dessins-animes","7":"tag-disney","8":"tag-dreamworks","9":"tag-films","10":"tag-films-danimation"},"_links":{"self":[{"href":"https:\/\/www.justcolor.net\/criancas\/wp-json\/wp\/v2\/pages\/1001","targetHints":{"allow":["GET"]}}],"collection":[{"href":"https:\/\/www.justcolor.net\/criancas\/wp-json\/wp\/v2\/pages"}],"about":[{"href":"https:\/\/www.justcolor.net\/criancas\/wp-json\/wp\/v2\/types\/page"}],"author":[{"embeddable":true,"href":"https:\/\/www.justcolor.net\/criancas\/wp-json\/wp\/v2\/users\/1"}],"replies":[{"embeddable":true,"href":"https:\/\/www.justcolor.net\/criancas\/wp-json\/wp\/v2\/comments?post=1001"}],"version-history":[{"count":0,"href":"https:\/\/www.justcolor.net\/criancas\/wp-json\/wp\/v2\/pages\/1001\/revisions"}],"wp:attachment":[{"href":"https:\/\/www.justcolor.net\/criancas\/wp-json\/wp\/v2\/media?parent=1001"}],"wp:term":[{"taxonomy":"post_tag","embeddable":true,"href":"https:\/\/www.justcolor.net\/criancas\/wp-json\/wp\/v2\/tags?post=1001"}],"curies":[{"name":"wp","href":"https:\/\/api.w.org\/{rel}","templated":true}]}}