{"id":1035,"date":"2013-10-28T14:38:46","date_gmt":"2013-10-28T13:38:46","guid":{"rendered":"https:\/\/www.justcolor.net\/criancas\/?page_id=1035"},"modified":"2013-10-28T14:38:46","modified_gmt":"2013-10-28T13:38:46","slug":"coloriages-disney","status":"publish","type":"page","link":"https:\/\/www.justcolor.net\/criancas\/coloriages-disney\/","title":{"rendered":"Disney"},"content":{"rendered":"<p><strong>Voici nos diff\u00e9rentes galeries :<\/strong><\/p>\n<p>&nbsp;<\/p>\n<h1>Personnages de &#8220;classiques&#8221; de l&#8217;animation made in Disney !<\/h1>\n<p><p>Invalid Displayed Gallery<\/p><\/p>\n<p>&nbsp;<\/p>\n<h1>Personnages issus de films r\u00e9cents de Disney : Pixar ou Disney animation<\/h1>\n<p><p>Invalid Displayed Gallery<\/p><\/p>\n<p>&nbsp;<\/p>\n<h1>Personnages TV issues de s\u00e9ries de dessins anim\u00e9s produits par Disney<\/h1>\n<p><p>Invalid Displayed Gallery<\/p><\/p>\n<p>&nbsp;<\/p>\n<h1>Th\u00e9matiques li\u00e9es de pr\u00e8s ou de loin au monde de Disney<\/h1>\n<p><p>Invalid Displayed Gallery<\/p><\/p>\n","protected":false},"excerpt":{"rendered":"<p>Voici nos diff\u00e9rentes galeries : &nbsp; Personnages de &#8220;classiques&#8221; de l&#8217;animation made in Disney ! Invalid Displayed Gallery &nbsp; Personnages issus de films r\u00e9cents de Disney : Pixar ou Disney animation Invalid Displayed Gallery &nbsp; Personnages TV issues de s\u00e9ries de dessins anim\u00e9s produits par Disney Invalid Displayed Gallery &nbsp; Th\u00e9matiques li\u00e9es de pr\u00e8s ou &#8230; <br \/><a title=\"Disney\" class=\"read-more\" href=\"https:\/\/www.justcolor.net\/criancas\/coloriages-disney\/\">Ler mais<\/a><\/p>\n","protected":false},"author":1,"featured_media":0,"parent":0,"menu_order":0,"comment_status":"closed","ping_status":"open","template":"","meta":{"ngg_post_thumbnail":0,"footnotes":""},"tags":[36,188,196,244,383,448,463,618,624],"class_list":{"0":"post-1035","1":"page","2":"type-page","3":"status-publish","5":"tag-animation","6":"tag-dessins-animes","7":"tag-disney","8":"tag-films","9":"tag-mickey","10":"tag-personnages","11":"tag-pixar","12":"tag-walt","13":"tag-winnie"},"_links":{"self":[{"href":"https:\/\/www.justcolor.net\/criancas\/wp-json\/wp\/v2\/pages\/1035","targetHints":{"allow":["GET"]}}],"collection":[{"href":"https:\/\/www.justcolor.net\/criancas\/wp-json\/wp\/v2\/pages"}],"about":[{"href":"https:\/\/www.justcolor.net\/criancas\/wp-json\/wp\/v2\/types\/page"}],"author":[{"embeddable":true,"href":"https:\/\/www.justcolor.net\/criancas\/wp-json\/wp\/v2\/users\/1"}],"replies":[{"embeddable":true,"href":"https:\/\/www.justcolor.net\/criancas\/wp-json\/wp\/v2\/comments?post=1035"}],"version-history":[{"count":0,"href":"https:\/\/www.justcolor.net\/criancas\/wp-json\/wp\/v2\/pages\/1035\/revisions"}],"wp:attachment":[{"href":"https:\/\/www.justcolor.net\/criancas\/wp-json\/wp\/v2\/media?parent=1035"}],"wp:term":[{"taxonomy":"post_tag","embeddable":true,"href":"https:\/\/www.justcolor.net\/criancas\/wp-json\/wp\/v2\/tags?post=1035"}],"curies":[{"name":"wp","href":"https:\/\/api.w.org\/{rel}","templated":true}]}}