{"id":1243,"date":"2013-11-07T15:12:58","date_gmt":"2013-11-07T14:12:58","guid":{"rendered":"https:\/\/www.justcolor.net\/criancas\/?page_id=1243"},"modified":"2017-02-06T11:53:16","modified_gmt":"2017-02-06T10:53:16","slug":"one-direction","status":"publish","type":"page","link":"https:\/\/www.justcolor.net\/criancas\/coloracao-tematica\/one-direction\/","title":{"rendered":"One Direction"},"content":{"rendered":"<p>no images were found<\/p>\n\n","protected":false},"excerpt":{"rendered":"<p>Liam Payne, Harry Styles, Zayn Malik, Niall Horan e Louis Tomlinson &#8230; Eles s\u00e3o os ultra famosos <b>One Direction<\/b> !<br \/>\nTHE boy band of the 2010s, nascidos gra\u00e7as ao espect\u00e1culo X Factor na Gr\u00e3-Bretanha, onde apenas terminaram &#8230; 3e. O seu sucesso \u00e9 uma bela vingan\u00e7a.<\/p>\n<p>Aqui est\u00e3o <u>imagens da <b>uma direc\u00e7\u00e3o<\/b> para imprimir e colorir<\/u>.<\/p>\n","protected":false},"author":1,"featured_media":0,"parent":66,"menu_order":0,"comment_status":"closed","ping_status":"closed","template":"","meta":{"ngg_post_thumbnail":0,"footnotes":""},"tags":[118,120,993,402],"class_list":{"0":"post-1243","1":"page","2":"type-page","3":"status-publish","5":"tag-chanson","6":"tag-chanteurs","7":"tag-gallery","8":"tag-musique"},"_links":{"self":[{"href":"https:\/\/www.justcolor.net\/criancas\/wp-json\/wp\/v2\/pages\/1243","targetHints":{"allow":["GET"]}}],"collection":[{"href":"https:\/\/www.justcolor.net\/criancas\/wp-json\/wp\/v2\/pages"}],"about":[{"href":"https:\/\/www.justcolor.net\/criancas\/wp-json\/wp\/v2\/types\/page"}],"author":[{"embeddable":true,"href":"https:\/\/www.justcolor.net\/criancas\/wp-json\/wp\/v2\/users\/1"}],"replies":[{"embeddable":true,"href":"https:\/\/www.justcolor.net\/criancas\/wp-json\/wp\/v2\/comments?post=1243"}],"version-history":[{"count":0,"href":"https:\/\/www.justcolor.net\/criancas\/wp-json\/wp\/v2\/pages\/1243\/revisions"}],"up":[{"embeddable":true,"href":"https:\/\/www.justcolor.net\/criancas\/wp-json\/wp\/v2\/pages\/66"}],"wp:attachment":[{"href":"https:\/\/www.justcolor.net\/criancas\/wp-json\/wp\/v2\/media?parent=1243"}],"wp:term":[{"taxonomy":"post_tag","embeddable":true,"href":"https:\/\/www.justcolor.net\/criancas\/wp-json\/wp\/v2\/tags?post=1243"}],"curies":[{"name":"wp","href":"https:\/\/api.w.org\/{rel}","templated":true}]}}