{"id":12933,"date":"2019-06-17T13:39:37","date_gmt":"2019-06-17T11:39:37","guid":{"rendered":"https:\/\/www.justcolor.net\/criancas\/?page_id=12933"},"modified":"2019-06-25T15:25:31","modified_gmt":"2019-06-25T13:25:31","slug":"anime-e-manga","status":"publish","type":"page","link":"https:\/\/www.justcolor.net\/criancas\/anime-e-manga\/","title":{"rendered":"Personagens de anime e manga"},"content":{"rendered":"<div class=\"gallery-grid\">\n    <div class=\"gallery-grid-item\">\n        <div class=\"ngg-album-link\">\n            <a class=\"gallery_link\" href=\"https:\/\/www.justcolor.net\/criancas\/anime-e-manga\/bakugan\/\" title=\"P\u00e1ginas de Bakugan para colorir e imprimir para crian\u00e7as\">\n                <img class=\"Thumb\"\n                     alt=\"P\u00e1ginas de Bakugan para colorir e imprimir para crian\u00e7as\"\n                     src=\"https:\/\/www.justcolor.net\/criancas\/wp-content\/uploads\/sites\/26\/nggallery\/bakugan\/cache\/paginas-para-colorir-para-criancas-bakugan-57177.gif-nggid041999-ngg0dyn-182x136-00f0w010c011r110f110r010t010.gif\"\n                     loading=\"lazy\"\n                     width=\"250\"\n                     height=\"150\" \/>\n            <\/a>\n        <\/div>\n        <h2 class=\"gallery-grid-album-lig1\">\n            <a class=\"ngg-album-desc\"\n               title=\"P\u00e1ginas de Bakugan para colorir para crian\u00e7as\"\n               href=\"https:\/\/www.justcolor.net\/criancas\/anime-e-manga\/bakugan\/\">\n                Bakugan            <\/a>\n        <\/h2>\n    <\/div>\n    <div class=\"gallery-grid-item\">\n        <div class=\"ngg-album-link\">\n            <a class=\"gallery_link\" href=\"https:\/\/www.justcolor.net\/criancas\/anime-e-manga\/conto-de-fadas\/\" title=\"P\u00e1ginas de Conto de fadas para colorir e imprimir para crian\u00e7as\">\n                <img class=\"Thumb\"\n                     alt=\"P\u00e1ginas de Conto de fadas para colorir e imprimir para crian\u00e7as\"\n                     src=\"https:\/\/www.justcolor.net\/criancas\/wp-content\/uploads\/sites\/26\/nggallery\/conto-de-fadas\/cache\/paginas-para-colorir-para-criancas-conto-de-fadas-87801.jpg-nggid047496-ngg0dyn-182x136-00f0w010c011r110f110r010t010.jpg\"\n                     loading=\"lazy\"\n                     width=\"250\"\n                     height=\"150\" \/>\n            <\/a>\n        <\/div>\n        <h2 class=\"gallery-grid-album-lig1\">\n            <a class=\"ngg-album-desc\"\n               title=\"P\u00e1ginas de Conto de fadas para colorir para crian\u00e7as\"\n               href=\"https:\/\/www.justcolor.net\/criancas\/anime-e-manga\/conto-de-fadas\/\">\n                Conto de fadas            <\/a>\n        <\/h2>\n    <\/div>\n    <div class=\"gallery-grid-item\">\n        <div class=\"ngg-album-link\">\n            <a class=\"gallery_link\" href=\"https:\/\/www.justcolor.net\/criancas\/anime-e-manga\/full-metal-alchemist\/\" title=\"P\u00e1ginas de Full Metal Alchemist para colorir e imprimir para crian\u00e7as\">\n                <img class=\"Thumb\"\n                     alt=\"P\u00e1ginas de Full Metal Alchemist para colorir e imprimir para crian\u00e7as\"\n                     src=\"https:\/\/www.justcolor.net\/criancas\/wp-content\/uploads\/sites\/26\/nggallery\/full-metal-alchemist\/cache\/paginas-para-colorir-para-criancas-full-metal-alchemist-63281.jpg-nggid047484-ngg0dyn-182x136-00f0w010c011r110f110r010t010.jpg\"\n                     loading=\"lazy\"\n                     width=\"250\"\n                     height=\"150\" \/>\n            <\/a>\n        <\/div>\n        <h2 class=\"gallery-grid-album-lig1\">\n            <a class=\"ngg-album-desc\"\n               title=\"P\u00e1ginas de Full Metal Alchemist para colorir para crian\u00e7as\"\n               href=\"https:\/\/www.justcolor.net\/criancas\/anime-e-manga\/full-metal-alchemist\/\">\n                Full Metal Alchemist            <\/a>\n        <\/h2>\n    <\/div>\n    <div class=\"gallery-grid-item\">\n        <div class=\"ngg-album-link\">\n            <a class=\"gallery_link\" href=\"https:\/\/www.justcolor.net\/criancas\/anime-e-manga\/manga\/\" title=\"P\u00e1ginas de Mang\u00e1 para colorir e imprimir para crian\u00e7as\">\n                <img class=\"Thumb\"\n                     alt=\"P\u00e1ginas de Mang\u00e1 para colorir e imprimir para crian\u00e7as\"\n                     src=\"https:\/\/www.justcolor.net\/criancas\/wp-content\/uploads\/sites\/26\/nggallery\/manga\/cache\/paginas-para-colorir-para-criancas-manga-29007.jpg-nggid045711-ngg0dyn-182x136-00f0w010c011r110f110r010t010.jpg\"\n                     loading=\"lazy\"\n                     width=\"250\"\n                     height=\"150\" \/>\n            <\/a>\n        <\/div>\n        <h2 class=\"gallery-grid-album-lig1\">\n            <a class=\"ngg-album-desc\"\n               title=\"P\u00e1ginas de Mang\u00e1 para colorir para crian\u00e7as\"\n               href=\"https:\/\/www.justcolor.net\/criancas\/anime-e-manga\/manga\/\">\n                Mang\u00e1            <\/a>\n        <\/h2>\n    <\/div>\n    <div class=\"gallery-grid-item\">\n        <div class=\"ngg-album-link\">\n            <a class=\"gallery_link\" href=\"https:\/\/www.justcolor.net\/criancas\/anime-e-manga\/my-hero-academy\/\" title=\"P\u00e1ginas de My Hero Academy para colorir e imprimir para crian\u00e7as\">\n                <img class=\"Thumb\"\n                     alt=\"P\u00e1ginas de My Hero Academy para colorir e imprimir para crian\u00e7as\"\n                     src=\"https:\/\/www.justcolor.net\/criancas\/wp-content\/uploads\/sites\/26\/nggallery\/my-hero-academy\/cache\/desenhos-para-colorir-para-criancas-my-hero-academy-90159.jpeg-nggid0510893-ngg0dyn-182x136-00f0w010c011r110f110r010t010.jpeg\"\n                     loading=\"lazy\"\n                     width=\"250\"\n                     height=\"150\" \/>\n            <\/a>\n        <\/div>\n        <h2 class=\"gallery-grid-album-lig1\">\n            <a class=\"ngg-album-desc\"\n               title=\"P\u00e1ginas de My Hero Academy para colorir para crian\u00e7as\"\n               href=\"https:\/\/www.justcolor.net\/criancas\/anime-e-manga\/my-hero-academy\/\">\n                My Hero Academy            <\/a>\n        <\/h2>\n    <\/div>\n    <div class=\"gallery-grid-item\">\n        <div class=\"ngg-album-link\">\n            <a class=\"gallery_link\" href=\"https:\/\/www.justcolor.net\/criancas\/anime-e-manga\/o-ataque-dos-titas\/\" title=\"P\u00e1ginas de O ataque dos tit\u00e3s para colorir e imprimir para crian\u00e7as\">\n                <img class=\"Thumb\"\n                     alt=\"P\u00e1ginas de O ataque dos tit\u00e3s para colorir e imprimir para crian\u00e7as\"\n                     src=\"https:\/\/www.justcolor.net\/criancas\/wp-content\/uploads\/sites\/26\/nggallery\/o-ataque-dos-titas\/cache\/paginas-para-colorir-para-criancas-o-ataque-dos-titas-12117.png-nggid047490-ngg0dyn-182x136-00f0w010c011r110f110r010t010.png\"\n                     loading=\"lazy\"\n                     width=\"250\"\n                     height=\"150\" \/>\n            <\/a>\n        <\/div>\n        <h2 class=\"gallery-grid-album-lig1\">\n            <a class=\"ngg-album-desc\"\n               title=\"P\u00e1ginas de O ataque dos tit\u00e3s para colorir para crian\u00e7as\"\n               href=\"https:\/\/www.justcolor.net\/criancas\/anime-e-manga\/o-ataque-dos-titas\/\">\n                O ataque dos tit\u00e3s            <\/a>\n        <\/h2>\n    <\/div>\n    <div class=\"gallery-grid-item\">\n        <div class=\"ngg-album-link\">\n            <a class=\"gallery_link\" href=\"https:\/\/www.justcolor.net\/criancas\/anime-e-manga\/saint-seiya\/\" title=\"P\u00e1ginas de Os Cavaleiros do Zod\u00edaco para colorir e imprimir para crian\u00e7as\">\n                <img class=\"Thumb\"\n                     alt=\"P\u00e1ginas de Os Cavaleiros do Zod\u00edaco para colorir e imprimir para crian\u00e7as\"\n                     src=\"https:\/\/www.justcolor.net\/criancas\/wp-content\/uploads\/sites\/26\/nggallery\/saint-seiya\/cache\/coloring-saint-seiya-00008.jpg-nggid048806-ngg0dyn-182x136-00f0w010c011r110f110r010t010.jpg\"\n                     loading=\"lazy\"\n                     width=\"250\"\n                     height=\"150\" \/>\n            <\/a>\n        <\/div>\n        <h2 class=\"gallery-grid-album-lig1\">\n            <a class=\"ngg-album-desc\"\n               title=\"P\u00e1ginas de Os Cavaleiros do Zod\u00edaco para colorir para crian\u00e7as\"\n               href=\"https:\/\/www.justcolor.net\/criancas\/anime-e-manga\/saint-seiya\/\">\n                Os Cavaleiros do Zod\u00edaco            <\/a>\n        <\/h2>\n    <\/div>\n    <div class=\"gallery-grid-item\">\n        <div class=\"ngg-album-link\">\n            <a class=\"gallery_link\" href=\"https:\/\/www.justcolor.net\/criancas\/anime-e-manga\/pokemon\/\" title=\"P\u00e1ginas de Pok\u00e9mon para colorir e imprimir para crian\u00e7as\">\n                <img class=\"Thumb\"\n                     alt=\"P\u00e1ginas de Pok\u00e9mon para colorir e imprimir para crian\u00e7as\"\n                     src=\"https:\/\/www.justcolor.net\/criancas\/wp-content\/uploads\/sites\/26\/nggallery\/pokemon\/cache\/coloriage-pokemon-traits-epais.jpg-nggid045796-ngg0dyn-182x136-00f0w010c011r110f110r010t010.jpg\"\n                     loading=\"lazy\"\n                     width=\"250\"\n                     height=\"150\" \/>\n            <\/a>\n        <\/div>\n        <h2 class=\"gallery-grid-album-lig1\">\n            <a class=\"ngg-album-desc\"\n               title=\"P\u00e1ginas de Pok\u00e9mon para colorir para crian\u00e7as\"\n               href=\"https:\/\/www.justcolor.net\/criancas\/anime-e-manga\/pokemon\/\">\n                Pok\u00e9mon            <\/a>\n        <\/h2>\n    <\/div>\n    <div class=\"gallery-grid-item\">\n        <div class=\"ngg-album-link\">\n            <a class=\"gallery_link\" href=\"https:\/\/www.justcolor.net\/criancas\/anime-e-manga\/studio-ghibli\/\" title=\"P\u00e1ginas de Studio Ghibli para colorir e imprimir para crian\u00e7as\">\n                <img class=\"Thumb\"\n                     alt=\"P\u00e1ginas de Studio Ghibli para colorir e imprimir para crian\u00e7as\"\n                     src=\"https:\/\/www.justcolor.net\/criancas\/wp-content\/uploads\/sites\/26\/nggallery\/studio-ghibli\/cache\/coloring-child-studio-ghibli-princess-mononoke.jpg-nggid048819-ngg0dyn-182x136-00f0w010c011r110f110r010t010.jpg\"\n                     loading=\"lazy\"\n                     width=\"250\"\n                     height=\"150\" \/>\n            <\/a>\n        <\/div>\n        <h2 class=\"gallery-grid-album-lig1\">\n            <a class=\"ngg-album-desc\"\n               title=\"P\u00e1ginas de Studio Ghibli para colorir para crian\u00e7as\"\n               href=\"https:\/\/www.justcolor.net\/criancas\/anime-e-manga\/studio-ghibli\/\">\n                Studio Ghibli            <\/a>\n        <\/h2>\n    <\/div>\n<br class=\"ngg-clear\"\/>\n<div class='ngg-clear'><\/div><\/div>\n\n\n<div style='padding-top:20px;padding-bottom:20px;'>Tags relacionadas : <div class=\"tag-container\"><a href='https:\/\/www.justcolor.net\/criancas\/ngg_tag\/goku' title='desenhos de Goku para imprimir e colorir' class='tag' style='color: #333;'>Goku<\/a><a href='https:\/\/www.justcolor.net\/criancas\/ngg_tag\/luffy' title='desenhos de Monkey D. Luffy para imprimir e colorir' class='tag' style='color: #333;'>Monkey D. Luffy<\/a><a href='https:\/\/www.justcolor.net\/criancas\/ngg_tag\/saiyan' title='desenhos de Saiyan para imprimir e colorir' class='tag' style='color: #333;'>Saiyan<\/a><a href='https:\/\/www.justcolor.net\/criancas\/ngg_tag\/gohan' title='desenhos de Gohan para imprimir e colorir' class='tag' style='color: #333;'>Gohan<\/a><a href='https:\/\/www.justcolor.net\/criancas\/ngg_tag\/tony-tony-chopper' title='desenhos de Tony-tony Chopper para imprimir e colorir' class='tag' style='color: #333;'>Tony-tony Chopper<\/a><a href='https:\/\/www.justcolor.net\/criancas\/ngg_tag\/vegeta' title='desenhos de Vegeta para imprimir e colorir' class='tag' style='color: #333;'>Vegeta<\/a><a href='https:\/\/www.justcolor.net\/criancas\/ngg_tag\/tanjiro-kamado' title='desenhos de Tanjiro Kamado para imprimir e colorir' class='tag' style='color: #333;'>Tanjiro Kamado<\/a><a href='https:\/\/www.justcolor.net\/criancas\/ngg_tag\/trunks' title='desenhos de Trunks para imprimir e colorir' class='tag' style='color: #333;'>Trunks<\/a><a href='https:\/\/www.justcolor.net\/criancas\/ngg_tag\/zoro' title='desenhos de Roronoa Zoro para imprimir e colorir' class='tag' style='color: #333;'>Roronoa Zoro<\/a><a href='https:\/\/www.justcolor.net\/criancas\/ngg_tag\/picolo' title='desenhos de Picolo para imprimir e colorir' class='tag' style='color: #333;'>Picolo<\/a><a href='https:\/\/www.justcolor.net\/criancas\/ngg_tag\/nezuko-kamado' title='desenhos de Nezuko Kamado para imprimir e colorir' class='tag' style='color: #333;'>Nezuko Kamado<\/a><a href='https:\/\/www.justcolor.net\/criancas\/ngg_tag\/goten' title='desenhos de Goten para imprimir e colorir' class='tag' style='color: #333;'>Goten<\/a><a href='https:\/\/www.justcolor.net\/criancas\/ngg_tag\/cell' title='desenhos de Cell para imprimir e colorir' class='tag' style='color: #333;'>Cell<\/a><a href='https:\/\/www.justcolor.net\/criancas\/ngg_tag\/beerus' title='desenhos de Beerus para imprimir e colorir' class='tag' style='color: #333;'>Beerus<\/a><a href='https:\/\/www.justcolor.net\/criancas\/ngg_tag\/shenron' title='desenhos de Shenron para imprimir e colorir' class='tag' style='color: #333;'>Shenron<\/a><a href='https:\/\/www.justcolor.net\/criancas\/ngg_tag\/tengen-uzui' title='desenhos de Tengen Uzui para imprimir e colorir' class='tag' style='color: #333;'>Tengen Uzui<\/a><\/div><\/div>\n","protected":false},"excerpt":{"rendered":"<p>Descubra nossa cole\u00e7\u00e3o de <b>p\u00e1ginas para colorir de anime e mang\u00e1<\/b>! De s\u00e9ries ic\u00f4nicas como <b>Dragon Ball<\/b>, <b>Naruto<\/b> e <b>One Piece<\/b> at\u00e9 a intriga sombria de <b>Death Note<\/b> e o \u00e9pico batalhas de <b>Demon Slayer<\/b>, voc\u00ea encontrar\u00e1 todos os seus personagens favoritos prontos para ganhar vida com sua criatividade.<\/p>\n<p>O mang\u00e1, a forma \u00fanica de arte em quadrinhos japonesa, tem uma hist\u00f3ria fascinante que remonta a s\u00e9culos, mas sua forma moderna tomou forma ap\u00f3s a Segunda Guerra Mundial. Conhecido por seu estilo art\u00edstico distinto, o mang\u00e1 geralmente apresenta express\u00f5es exageradas, planos de fundo detalhados e uma forte \u00eanfase na narrativa. Cada p\u00e1gina \u00e9 meticulosamente elaborada para guiar o leitor atrav\u00e9s de uma experi\u00eancia visual din\u00e2mica que transmite emo\u00e7\u00f5es e a\u00e7\u00f5es intensas.<\/p>\n<p>Anime, que se refere \u00e0s obras de anima\u00e7\u00e3o japonesas, tamb\u00e9m se tornou um fen\u00f4meno cultural em todo o mundo. S\u00e9ries ic\u00f4nicas como <b>Pok\u00e9mon<\/b> conquistaram os cora\u00e7\u00f5es de crian\u00e7as e adultos, enquanto os filmes lindamente elaborados do <b>Studio Ghibli<\/b> receberam aclama\u00e7\u00e3o internacional por sua narrativa e anima\u00e7\u00e3o impressionante. Essas obras muitas vezes adaptam hist\u00f3rias de mang\u00e1 ou introduzem narrativas inteiramente novas, adicionando profundidade e movimento aos amados personagens.<\/p>\n<p>Se voc\u00ea adora as aventuras sobrenaturais de <b>Fairy Tail<\/b>, as miss\u00f5es alqu\u00edmicas de <b>Full Metal Alchemist<\/b> ou os duelos emocionantes de <b>Yu-Gi-Oh!<\/b> , nossa cole\u00e7\u00e3o de <b>folhas para colorir para impress\u00e3o<\/b> tem algo para todos os entusiastas de mang\u00e1 e anime.<br \/>\nExplore as batalhas her\u00f3icas de <b>One Punch Man<\/b>, a emo\u00e7\u00e3o do futebol de <b>Inazuma Eleven<\/b> ou as miss\u00f5es lend\u00e1rias dos <b>Cavaleiros do Zod\u00edaco<\/b><\/p>\n","protected":false},"author":1,"featured_media":0,"parent":0,"menu_order":0,"comment_status":"closed","ping_status":"closed","template":"","meta":{"ngg_post_thumbnail":0,"footnotes":""},"tags":[3423],"class_list":{"0":"post-12933","1":"page","2":"type-page","3":"status-publish","5":"tag-supergallery"},"_links":{"self":[{"href":"https:\/\/www.justcolor.net\/criancas\/wp-json\/wp\/v2\/pages\/12933","targetHints":{"allow":["GET"]}}],"collection":[{"href":"https:\/\/www.justcolor.net\/criancas\/wp-json\/wp\/v2\/pages"}],"about":[{"href":"https:\/\/www.justcolor.net\/criancas\/wp-json\/wp\/v2\/types\/page"}],"author":[{"embeddable":true,"href":"https:\/\/www.justcolor.net\/criancas\/wp-json\/wp\/v2\/users\/1"}],"replies":[{"embeddable":true,"href":"https:\/\/www.justcolor.net\/criancas\/wp-json\/wp\/v2\/comments?post=12933"}],"version-history":[{"count":0,"href":"https:\/\/www.justcolor.net\/criancas\/wp-json\/wp\/v2\/pages\/12933\/revisions"}],"wp:attachment":[{"href":"https:\/\/www.justcolor.net\/criancas\/wp-json\/wp\/v2\/media?parent=12933"}],"wp:term":[{"taxonomy":"post_tag","embeddable":true,"href":"https:\/\/www.justcolor.net\/criancas\/wp-json\/wp\/v2\/tags?post=12933"}],"curies":[{"name":"wp","href":"https:\/\/api.w.org\/{rel}","templated":true}]}}