{"id":1763,"date":"2013-11-20T12:43:27","date_gmt":"2013-11-20T11:43:27","guid":{"rendered":"https:\/\/www.justcolor.net\/criancas\/?page_id=1763"},"modified":"2017-02-06T11:31:52","modified_gmt":"2017-02-06T10:31:52","slug":"justin-bieber","status":"publish","type":"page","link":"https:\/\/www.justcolor.net\/criancas\/coloracao-tematica\/justin-bieber\/","title":{"rendered":"Justin Bieber"},"content":{"rendered":"<p>no images were found<\/p>\n\n","protected":false},"excerpt":{"rendered":"<p>O jovem cantor canadiano Justin Bieber tornou-se uma mega estrela global no espa\u00e7o de poucos anos, com discos a vender aos milh\u00f5es e a encher os maiores est\u00e1dios do mundo!<br \/>\nAqui est\u00e3o algumas <u>imagens de Justin Bieber para imprimir e colorir<\/u>. Adicional <u> p\u00e1ginas de cor de Justin Bieber<\/u> ser\u00e3o adicionadas em breve.<\/p>\n","protected":false},"author":1,"featured_media":0,"parent":66,"menu_order":0,"comment_status":"closed","ping_status":"closed","template":"","meta":{"ngg_post_thumbnail":0,"footnotes":""},"tags":[118,120,993,449,548],"class_list":{"0":"post-1763","1":"page","2":"type-page","3":"status-publish","5":"tag-chanson","6":"tag-chanteurs","7":"tag-gallery","8":"tag-personnalites","9":"tag-stars"},"_links":{"self":[{"href":"https:\/\/www.justcolor.net\/criancas\/wp-json\/wp\/v2\/pages\/1763","targetHints":{"allow":["GET"]}}],"collection":[{"href":"https:\/\/www.justcolor.net\/criancas\/wp-json\/wp\/v2\/pages"}],"about":[{"href":"https:\/\/www.justcolor.net\/criancas\/wp-json\/wp\/v2\/types\/page"}],"author":[{"embeddable":true,"href":"https:\/\/www.justcolor.net\/criancas\/wp-json\/wp\/v2\/users\/1"}],"replies":[{"embeddable":true,"href":"https:\/\/www.justcolor.net\/criancas\/wp-json\/wp\/v2\/comments?post=1763"}],"version-history":[{"count":0,"href":"https:\/\/www.justcolor.net\/criancas\/wp-json\/wp\/v2\/pages\/1763\/revisions"}],"up":[{"embeddable":true,"href":"https:\/\/www.justcolor.net\/criancas\/wp-json\/wp\/v2\/pages\/66"}],"wp:attachment":[{"href":"https:\/\/www.justcolor.net\/criancas\/wp-json\/wp\/v2\/media?parent=1763"}],"wp:term":[{"taxonomy":"post_tag","embeddable":true,"href":"https:\/\/www.justcolor.net\/criancas\/wp-json\/wp\/v2\/tags?post=1763"}],"curies":[{"name":"wp","href":"https:\/\/api.w.org\/{rel}","templated":true}]}}