{"id":1793,"date":"2013-12-06T15:40:03","date_gmt":"2013-12-06T14:40:03","guid":{"rendered":"https:\/\/www.justcolor.net\/criancas\/?page_id=1793"},"modified":"2017-02-06T11:49:54","modified_gmt":"2017-02-06T10:49:54","slug":"arvore-de-natal","status":"publish","type":"page","link":"https:\/\/www.justcolor.net\/criancas\/eventos\/natal\/arvore-de-natal\/","title":{"rendered":"\u00c1rvore de Natal"},"content":{"rendered":"<p>no images were found<\/p>\n\n","protected":false},"excerpt":{"rendered":"<p>Para introduzir esta galeria de colora\u00e7\u00f5es de \u00e1rvores de Natal, encontramos esta bela cita\u00e7\u00e3o de 2004, de Jo\u00e3o Paulo II: <i>&#8220;No Inverno, a \u00e1rvore sempre verde torna-se a marca da vida que n\u00e3o morre. \u00c9 geralmente aos p\u00e9s da \u00e1rvore de Natal decorada que s\u00e3o colocados os presentes. [&#8230;] A mensagem da \u00e1rvore de Natal \u00e9 portanto que a vida permanece verde e que \u00e9 um presente, n\u00e3o material mas de si mesmo, na amizade e no afecto, na ajuda m\u00fatua fraterna e no perd\u00e3o, na partilha e na escuta do outro. &#8220;<\/i><\/p>\n","protected":false},"author":1,"featured_media":0,"parent":144,"menu_order":0,"comment_status":"closed","ping_status":"closed","template":"","meta":{"ngg_post_thumbnail":0,"footnotes":""},"tags":[238,993,413,446,588],"class_list":{"0":"post-1793","1":"page","2":"type-page","3":"status-publish","5":"tag-fetes","6":"tag-gallery","7":"tag-noel","8":"tag-pere-noel","9":"tag-traditions"},"_links":{"self":[{"href":"https:\/\/www.justcolor.net\/criancas\/wp-json\/wp\/v2\/pages\/1793","targetHints":{"allow":["GET"]}}],"collection":[{"href":"https:\/\/www.justcolor.net\/criancas\/wp-json\/wp\/v2\/pages"}],"about":[{"href":"https:\/\/www.justcolor.net\/criancas\/wp-json\/wp\/v2\/types\/page"}],"author":[{"embeddable":true,"href":"https:\/\/www.justcolor.net\/criancas\/wp-json\/wp\/v2\/users\/1"}],"replies":[{"embeddable":true,"href":"https:\/\/www.justcolor.net\/criancas\/wp-json\/wp\/v2\/comments?post=1793"}],"version-history":[{"count":0,"href":"https:\/\/www.justcolor.net\/criancas\/wp-json\/wp\/v2\/pages\/1793\/revisions"}],"up":[{"embeddable":true,"href":"https:\/\/www.justcolor.net\/criancas\/wp-json\/wp\/v2\/pages\/144"}],"wp:attachment":[{"href":"https:\/\/www.justcolor.net\/criancas\/wp-json\/wp\/v2\/media?parent=1793"}],"wp:term":[{"taxonomy":"post_tag","embeddable":true,"href":"https:\/\/www.justcolor.net\/criancas\/wp-json\/wp\/v2\/tags?post=1793"}],"curies":[{"name":"wp","href":"https:\/\/api.w.org\/{rel}","templated":true}]}}