{"id":2442,"date":"2014-03-05T10:20:56","date_gmt":"2014-03-05T09:20:56","guid":{"rendered":"https:\/\/www.justcolor.net\/criancas\/?page_id=2442"},"modified":"2017-11-06T16:09:16","modified_gmt":"2017-11-06T15:09:16","slug":"trabalhos-de-arte","status":"publish","type":"page","link":"https:\/\/www.justcolor.net\/criancas\/trabalhos-de-arte\/","title":{"rendered":"Inspirado na arte"},"content":{"rendered":"<div class=\"gallery-grid\">\n    <div class=\"gallery-grid-item\">\n        <div class=\"ngg-album-link\">\n            <a class=\"gallery_link\" href=\"https:\/\/www.justcolor.net\/criancas\/trabalhos-de-arte\/andy-warhol\/\" title=\"P\u00e1ginas de Andy Warhol para colorir e imprimir para crian\u00e7as\">\n                <img class=\"Thumb\"\n                     alt=\"P\u00e1ginas de Andy Warhol para colorir e imprimir para crian\u00e7as\"\n                     src=\"https:\/\/www.justcolor.net\/criancas\/wp-content\/uploads\/sites\/26\/nggallery\/andy-warhol\/cache\/paginas-para-colorir-para-criancas-andy-warhol-47031.jpg-nggid046852-ngg0dyn-182x136-00f0w010c011r110f110r010t010.jpg\"\n                     loading=\"lazy\"\n                     width=\"250\"\n                     height=\"150\" \/>\n            <\/a>\n        <\/div>\n        <h2 class=\"gallery-grid-album-lig1\">\n            <a class=\"ngg-album-desc\"\n               title=\"P\u00e1ginas de Andy Warhol para colorir para crian\u00e7as\"\n               href=\"https:\/\/www.justcolor.net\/criancas\/trabalhos-de-arte\/andy-warhol\/\">\n                Andy Warhol            <\/a>\n        <\/h2>\n    <\/div>\n    <div class=\"gallery-grid-item\">\n        <div class=\"ngg-album-link\">\n            <a class=\"gallery_link\" href=\"https:\/\/www.justcolor.net\/criancas\/coloracao-educacional\/art-deco\/\" title=\"P\u00e1ginas de Art Deco para colorir e imprimir para crian\u00e7as\">\n                <img class=\"Thumb\"\n                     alt=\"P\u00e1ginas de Art Deco para colorir e imprimir para crian\u00e7as\"\n                     src=\"https:\/\/www.justcolor.net\/criancas\/wp-content\/uploads\/sites\/26\/nggallery\/art-deco\/cache\/desenhos-para-colorir-para-criancas-art-deco-31981.jpeg-nggid0511404-ngg0dyn-182x136-00f0w010c011r110f110r010t010.jpeg\"\n                     loading=\"lazy\"\n                     width=\"250\"\n                     height=\"150\" \/>\n            <\/a>\n        <\/div>\n        <h2 class=\"gallery-grid-album-lig1\">\n            <a class=\"ngg-album-desc\"\n               title=\"P\u00e1ginas de Art Deco para colorir para crian\u00e7as\"\n               href=\"https:\/\/www.justcolor.net\/criancas\/coloracao-educacional\/art-deco\/\">\n                Art Deco            <\/a>\n        <\/h2>\n    <\/div>\n    <div class=\"gallery-grid-item\">\n        <div class=\"ngg-album-link\">\n            <a class=\"gallery_link\" href=\"https:\/\/www.justcolor.net\/criancas\/coloracao-educacional\/art-nouveau\/\" title=\"P\u00e1ginas de Art Nouveau para colorir e imprimir para crian\u00e7as\">\n                <img class=\"Thumb\"\n                     alt=\"P\u00e1ginas de Art Nouveau para colorir e imprimir para crian\u00e7as\"\n                     src=\"https:\/\/www.justcolor.net\/criancas\/wp-content\/uploads\/sites\/26\/nggallery\/art-nouveau\/cache\/paginas-para-colorir-para-criancas-art-nouveau-4035.jpg-nggid047970-ngg0dyn-182x136-00f0w010c011r110f110r010t010.jpg\"\n                     loading=\"lazy\"\n                     width=\"250\"\n                     height=\"150\" \/>\n            <\/a>\n        <\/div>\n        <h2 class=\"gallery-grid-album-lig1\">\n            <a class=\"ngg-album-desc\"\n               title=\"P\u00e1ginas de Art Nouveau para colorir para crian\u00e7as\"\n               href=\"https:\/\/www.justcolor.net\/criancas\/coloracao-educacional\/art-nouveau\/\">\n                Art Nouveau            <\/a>\n        <\/h2>\n    <\/div>\n    <div class=\"gallery-grid-item\">\n        <div class=\"ngg-album-link\">\n            <a class=\"gallery_link\" href=\"https:\/\/www.justcolor.net\/criancas\/trabalhos-de-arte\/monet\/\" title=\"P\u00e1ginas de Claude Monet para colorir e imprimir para crian\u00e7as\">\n                <img class=\"Thumb\"\n                     alt=\"P\u00e1ginas de Claude Monet para colorir e imprimir para crian\u00e7as\"\n                     src=\"https:\/\/www.justcolor.net\/criancas\/wp-content\/uploads\/sites\/26\/nggallery\/monet\/cache\/paginas-para-colorir-para-criancas-claude-monet-38487.jpg-nggid044356-ngg0dyn-182x136-00f0w010c011r110f110r010t010.jpg\"\n                     loading=\"lazy\"\n                     width=\"250\"\n                     height=\"150\" \/>\n            <\/a>\n        <\/div>\n        <h2 class=\"gallery-grid-album-lig1\">\n            <a class=\"ngg-album-desc\"\n               title=\"P\u00e1ginas de Claude Monet para colorir para crian\u00e7as\"\n               href=\"https:\/\/www.justcolor.net\/criancas\/trabalhos-de-arte\/monet\/\">\n                Claude Monet            <\/a>\n        <\/h2>\n    <\/div>\n    <div class=\"gallery-grid-item\">\n        <div class=\"ngg-album-link\">\n            <a class=\"gallery_link\" href=\"https:\/\/www.justcolor.net\/criancas\/trabalhos-de-arte\/velasquez\/\" title=\"P\u00e1ginas de Diedo Velasquez para colorir e imprimir para crian\u00e7as\">\n                <img class=\"Thumb\"\n                     alt=\"P\u00e1ginas de Diedo Velasquez para colorir e imprimir para crian\u00e7as\"\n                     src=\"https:\/\/www.justcolor.net\/criancas\/wp-content\/uploads\/sites\/26\/nggallery\/velasquez\/cache\/paginas-para-colorir-para-criancas-diedo-velasquez-74449.jpg-nggid044347-ngg0dyn-182x136-00f0w010c011r110f110r010t010.jpg\"\n                     loading=\"lazy\"\n                     width=\"250\"\n                     height=\"150\" \/>\n            <\/a>\n        <\/div>\n        <h2 class=\"gallery-grid-album-lig1\">\n            <a class=\"ngg-album-desc\"\n               title=\"P\u00e1ginas de Diedo Velasquez para colorir para crian\u00e7as\"\n               href=\"https:\/\/www.justcolor.net\/criancas\/trabalhos-de-arte\/velasquez\/\">\n                Diedo Velasquez            <\/a>\n        <\/h2>\n    <\/div>\n    <div class=\"gallery-grid-item\">\n        <div class=\"ngg-album-link\">\n            <a class=\"gallery_link\" href=\"https:\/\/www.justcolor.net\/criancas\/trabalhos-de-arte\/fernand-leger\/\" title=\"P\u00e1ginas de Fernand L\u00e9ger para colorir e imprimir para crian\u00e7as\">\n                <img class=\"Thumb\"\n                     alt=\"P\u00e1ginas de Fernand L\u00e9ger para colorir e imprimir para crian\u00e7as\"\n                     src=\"https:\/\/www.justcolor.net\/criancas\/wp-content\/uploads\/sites\/26\/nggallery\/fernand-leger\/cache\/paginas-para-colorir-para-criancas-fernand-leger-5953.jpg-nggid047975-ngg0dyn-182x136-00f0w010c011r110f110r010t010.jpg\"\n                     loading=\"lazy\"\n                     width=\"250\"\n                     height=\"150\" \/>\n            <\/a>\n        <\/div>\n        <h2 class=\"gallery-grid-album-lig1\">\n            <a class=\"ngg-album-desc\"\n               title=\"P\u00e1ginas de Fernand L\u00e9ger para colorir para crian\u00e7as\"\n               href=\"https:\/\/www.justcolor.net\/criancas\/trabalhos-de-arte\/fernand-leger\/\">\n                Fernand L\u00e9ger            <\/a>\n        <\/h2>\n    <\/div>\n    <div class=\"gallery-grid-item\">\n        <div class=\"ngg-album-link\">\n            <a class=\"gallery_link\" href=\"https:\/\/www.justcolor.net\/criancas\/trabalhos-de-arte\/frida-kahlo\/\" title=\"P\u00e1ginas de Frida Kahlo para colorir e imprimir para crian\u00e7as\">\n                <img class=\"Thumb\"\n                     alt=\"P\u00e1ginas de Frida Kahlo para colorir e imprimir para crian\u00e7as\"\n                     src=\"https:\/\/www.justcolor.net\/criancas\/wp-content\/uploads\/sites\/26\/nggallery\/frida-kahlo\/cache\/paginas-para-colorir-para-criancas-frida-kahlo-36058.jpg-nggid047986-ngg0dyn-182x136-00f0w010c011r110f110r010t010.jpg\"\n                     loading=\"lazy\"\n                     width=\"250\"\n                     height=\"150\" \/>\n            <\/a>\n        <\/div>\n        <h2 class=\"gallery-grid-album-lig1\">\n            <a class=\"ngg-album-desc\"\n               title=\"P\u00e1ginas de Frida Kahlo para colorir para crian\u00e7as\"\n               href=\"https:\/\/www.justcolor.net\/criancas\/trabalhos-de-arte\/frida-kahlo\/\">\n                Frida Kahlo            <\/a>\n        <\/h2>\n    <\/div>\n    <div class=\"gallery-grid-item\">\n        <div class=\"ngg-album-link\">\n            <a class=\"gallery_link\" href=\"https:\/\/www.justcolor.net\/criancas\/trabalhos-de-arte\/henri-matisse\/\" title=\"P\u00e1ginas de Henri Matisse para colorir e imprimir para crian\u00e7as\">\n                <img class=\"Thumb\"\n                     alt=\"P\u00e1ginas de Henri Matisse para colorir e imprimir para crian\u00e7as\"\n                     src=\"https:\/\/www.justcolor.net\/criancas\/wp-content\/uploads\/sites\/26\/nggallery\/henri-matisse\/cache\/paginas-para-colorir-para-criancas-henri-matisse-1890.jpg-nggid047982-ngg0dyn-182x136-00f0w010c011r110f110r010t010.jpg\"\n                     loading=\"lazy\"\n                     width=\"250\"\n                     height=\"150\" \/>\n            <\/a>\n        <\/div>\n        <h2 class=\"gallery-grid-album-lig1\">\n            <a class=\"ngg-album-desc\"\n               title=\"P\u00e1ginas de Henri Matisse para colorir para crian\u00e7as\"\n               href=\"https:\/\/www.justcolor.net\/criancas\/trabalhos-de-arte\/henri-matisse\/\">\n                Henri Matisse            <\/a>\n        <\/h2>\n    <\/div>\n    <div class=\"gallery-grid-item\">\n        <div class=\"ngg-album-link\">\n            <a class=\"gallery_link\" href=\"https:\/\/www.justcolor.net\/criancas\/trabalhos-de-arte\/joan-miro\/\" title=\"P\u00e1ginas de Joan Miro para colorir e imprimir para crian\u00e7as\">\n                <img class=\"Thumb\"\n                     alt=\"P\u00e1ginas de Joan Miro para colorir e imprimir para crian\u00e7as\"\n                     src=\"https:\/\/www.justcolor.net\/criancas\/wp-content\/uploads\/sites\/26\/nggallery\/joan-miro\/cache\/paginas-para-colorir-para-criancas-joan-miro-27103.jpg-nggid047983-ngg0dyn-182x136-00f0w010c011r110f110r010t010.jpg\"\n                     loading=\"lazy\"\n                     width=\"250\"\n                     height=\"150\" \/>\n            <\/a>\n        <\/div>\n        <h2 class=\"gallery-grid-album-lig1\">\n            <a class=\"ngg-album-desc\"\n               title=\"P\u00e1ginas de Joan Miro para colorir para crian\u00e7as\"\n               href=\"https:\/\/www.justcolor.net\/criancas\/trabalhos-de-arte\/joan-miro\/\">\n                Joan Miro            <\/a>\n        <\/h2>\n    <\/div>\n    <div class=\"gallery-grid-item\">\n        <div class=\"ngg-album-link\">\n            <a class=\"gallery_link\" href=\"https:\/\/www.justcolor.net\/criancas\/trabalhos-de-arte\/klimt\/\" title=\"P\u00e1ginas de Klimt para colorir e imprimir para crian\u00e7as\">\n                <img class=\"Thumb\"\n                     alt=\"P\u00e1ginas de Klimt para colorir e imprimir para crian\u00e7as\"\n                     src=\"https:\/\/www.justcolor.net\/criancas\/wp-content\/uploads\/sites\/26\/nggallery\/klimt\/cache\/paginas-para-colorir-para-criancas-klimt-25038.jpg-nggid046842-ngg0dyn-182x136-00f0w010c011r110f110r010t010.jpg\"\n                     loading=\"lazy\"\n                     width=\"250\"\n                     height=\"150\" \/>\n            <\/a>\n        <\/div>\n        <h2 class=\"gallery-grid-album-lig1\">\n            <a class=\"ngg-album-desc\"\n               title=\"P\u00e1ginas de Klimt para colorir para crian\u00e7as\"\n               href=\"https:\/\/www.justcolor.net\/criancas\/trabalhos-de-arte\/klimt\/\">\n                Klimt            <\/a>\n        <\/h2>\n    <\/div>\n    <div class=\"gallery-grid-item\">\n        <div class=\"ngg-album-link\">\n            <a class=\"gallery_link\" href=\"https:\/\/www.justcolor.net\/criancas\/trabalhos-de-arte\/leonardo-devinci\/\" title=\"P\u00e1ginas de Leonardo Da Vinci para colorir e imprimir para crian\u00e7as\">\n                <img class=\"Thumb\"\n                     alt=\"P\u00e1ginas de Leonardo Da Vinci para colorir e imprimir para crian\u00e7as\"\n                     src=\"https:\/\/www.justcolor.net\/criancas\/wp-content\/uploads\/sites\/26\/nggallery\/leonardo-devinci\/cache\/paginas-para-colorir-para-criancas-leonardo-da-vinci-46032.jpg-nggid044377-ngg0dyn-182x136-00f0w010c011r110f110r010t010.jpg\"\n                     loading=\"lazy\"\n                     width=\"250\"\n                     height=\"150\" \/>\n            <\/a>\n        <\/div>\n        <h2 class=\"gallery-grid-album-lig1\">\n            <a class=\"ngg-album-desc\"\n               title=\"P\u00e1ginas de Leonardo Da Vinci para colorir para crian\u00e7as\"\n               href=\"https:\/\/www.justcolor.net\/criancas\/trabalhos-de-arte\/leonardo-devinci\/\">\n                Leonardo Da Vinci            <\/a>\n        <\/h2>\n    <\/div>\n    <div class=\"gallery-grid-item\">\n        <div class=\"ngg-album-link\">\n            <a class=\"gallery_link\" href=\"https:\/\/www.justcolor.net\/criancas\/trabalhos-de-arte\/picasso\/\" title=\"P\u00e1ginas de Pablo Picasso para colorir e imprimir para crian\u00e7as\">\n                <img class=\"Thumb\"\n                     alt=\"P\u00e1ginas de Pablo Picasso para colorir e imprimir para crian\u00e7as\"\n                     src=\"https:\/\/www.justcolor.net\/criancas\/wp-content\/uploads\/sites\/26\/nggallery\/picasso\/cache\/paginas-para-colorir-para-criancas-pablo-picasso-28891.jpg-nggid044368-ngg0dyn-182x136-00f0w010c011r110f110r010t010.jpg\"\n                     loading=\"lazy\"\n                     width=\"250\"\n                     height=\"150\" \/>\n            <\/a>\n        <\/div>\n        <h2 class=\"gallery-grid-album-lig1\">\n            <a class=\"ngg-album-desc\"\n               title=\"P\u00e1ginas de Pablo Picasso para colorir para crian\u00e7as\"\n               href=\"https:\/\/www.justcolor.net\/criancas\/trabalhos-de-arte\/picasso\/\">\n                Pablo Picasso            <\/a>\n        <\/h2>\n    <\/div>\n    <div class=\"gallery-grid-item\">\n        <div class=\"ngg-album-link\">\n            <a class=\"gallery_link\" href=\"https:\/\/www.justcolor.net\/criancas\/trabalhos-de-arte\/cezanne\/\" title=\"P\u00e1ginas de Paul Cezanne para colorir e imprimir para crian\u00e7as\">\n                <img class=\"Thumb\"\n                     alt=\"P\u00e1ginas de Paul Cezanne para colorir e imprimir para crian\u00e7as\"\n                     src=\"https:\/\/www.justcolor.net\/criancas\/wp-content\/uploads\/sites\/26\/nggallery\/cezanne\/cache\/paginas-para-colorir-para-criancas-paul-cezanne-83908.gif-nggid044369-ngg0dyn-182x136-00f0w010c011r110f110r010t010.gif\"\n                     loading=\"lazy\"\n                     width=\"250\"\n                     height=\"150\" \/>\n            <\/a>\n        <\/div>\n        <h2 class=\"gallery-grid-album-lig1\">\n            <a class=\"ngg-album-desc\"\n               title=\"P\u00e1ginas de Paul Cezanne para colorir para crian\u00e7as\"\n               href=\"https:\/\/www.justcolor.net\/criancas\/trabalhos-de-arte\/cezanne\/\">\n                Paul Cezanne            <\/a>\n        <\/h2>\n    <\/div>\n    <div class=\"gallery-grid-item\">\n        <div class=\"ngg-album-link\">\n            <a class=\"gallery_link\" href=\"https:\/\/www.justcolor.net\/criancas\/trabalhos-de-arte\/gaughin\/\" title=\"P\u00e1ginas de Paul Gauguin para colorir e imprimir para crian\u00e7as\">\n                <img class=\"Thumb\"\n                     alt=\"P\u00e1ginas de Paul Gauguin para colorir e imprimir para crian\u00e7as\"\n                     src=\"https:\/\/www.justcolor.net\/criancas\/wp-content\/uploads\/sites\/26\/nggallery\/gaughin\/cache\/paginas-para-colorir-para-criancas-paul-gauguin-58082.jpg-nggid044360-ngg0dyn-182x136-00f0w010c011r110f110r010t010.jpg\"\n                     loading=\"lazy\"\n                     width=\"250\"\n                     height=\"150\" \/>\n            <\/a>\n        <\/div>\n        <h2 class=\"gallery-grid-album-lig1\">\n            <a class=\"ngg-album-desc\"\n               title=\"P\u00e1ginas de Paul Gauguin para colorir para crian\u00e7as\"\n               href=\"https:\/\/www.justcolor.net\/criancas\/trabalhos-de-arte\/gaughin\/\">\n                Paul Gauguin            <\/a>\n        <\/h2>\n    <\/div>\n    <div class=\"gallery-grid-item\">\n        <div class=\"ngg-album-link\">\n            <a class=\"gallery_link\" href=\"https:\/\/www.justcolor.net\/criancas\/trabalhos-de-arte\/renoir\/\" title=\"P\u00e1ginas de Pierre-Auguste Renoir para colorir e imprimir para crian\u00e7as\">\n                <img class=\"Thumb\"\n                     alt=\"P\u00e1ginas de Pierre-Auguste Renoir para colorir e imprimir para crian\u00e7as\"\n                     src=\"https:\/\/www.justcolor.net\/criancas\/wp-content\/uploads\/sites\/26\/nggallery\/renoir\/cache\/paginas-para-colorir-para-criancas-pierre-auguste-renoir-20035.jpg-nggid044352-ngg0dyn-182x136-00f0w010c011r110f110r010t010.jpg\"\n                     loading=\"lazy\"\n                     width=\"250\"\n                     height=\"150\" \/>\n            <\/a>\n        <\/div>\n        <h2 class=\"gallery-grid-album-lig1\">\n            <a class=\"ngg-album-desc\"\n               title=\"P\u00e1ginas de Pierre-Auguste Renoir para colorir para crian\u00e7as\"\n               href=\"https:\/\/www.justcolor.net\/criancas\/trabalhos-de-arte\/renoir\/\">\n                Pierre-Auguste Renoir            <\/a>\n        <\/h2>\n    <\/div>\n    <div class=\"gallery-grid-item\">\n        <div class=\"ngg-album-link\">\n            <a class=\"gallery_link\" href=\"https:\/\/www.justcolor.net\/criancas\/trabalhos-de-arte\/roy-lichtenstein\/\" title=\"P\u00e1ginas de Roy lichtenstein para colorir e imprimir para crian\u00e7as\">\n                <img class=\"Thumb\"\n                     alt=\"P\u00e1ginas de Roy lichtenstein para colorir e imprimir para crian\u00e7as\"\n                     src=\"https:\/\/www.justcolor.net\/criancas\/wp-content\/uploads\/sites\/26\/nggallery\/roy-lichtenstein\/cache\/paginas-para-colorir-para-criancas-roy-lichtenstein-1265.jpg-nggid046846-ngg0dyn-182x136-00f0w010c011r110f110r010t010.jpg\"\n                     loading=\"lazy\"\n                     width=\"250\"\n                     height=\"150\" \/>\n            <\/a>\n        <\/div>\n        <h2 class=\"gallery-grid-album-lig1\">\n            <a class=\"ngg-album-desc\"\n               title=\"P\u00e1ginas de Roy lichtenstein para colorir para crian\u00e7as\"\n               href=\"https:\/\/www.justcolor.net\/criancas\/trabalhos-de-arte\/roy-lichtenstein\/\">\n                Roy lichtenstein            <\/a>\n        <\/h2>\n    <\/div>\n    <div class=\"gallery-grid-item\">\n        <div class=\"ngg-album-link\">\n            <a class=\"gallery_link\" href=\"https:\/\/www.justcolor.net\/criancas\/trabalhos-de-arte\/salvador-dali\/\" title=\"P\u00e1ginas de Salvador Dal\u00ed para colorir e imprimir para crian\u00e7as\">\n                <img class=\"Thumb\"\n                     alt=\"P\u00e1ginas de Salvador Dal\u00ed para colorir e imprimir para crian\u00e7as\"\n                     src=\"https:\/\/www.justcolor.net\/criancas\/wp-content\/uploads\/sites\/26\/nggallery\/salvador-dali\/cache\/paginas-para-colorir-para-criancas-salvador-dali-88717.jpg-nggid046840-ngg0dyn-182x136-00f0w010c011r110f110r010t010.jpg\"\n                     loading=\"lazy\"\n                     width=\"250\"\n                     height=\"150\" \/>\n            <\/a>\n        <\/div>\n        <h2 class=\"gallery-grid-album-lig1\">\n            <a class=\"ngg-album-desc\"\n               title=\"P\u00e1ginas de Salvador Dal\u00ed para colorir para crian\u00e7as\"\n               href=\"https:\/\/www.justcolor.net\/criancas\/trabalhos-de-arte\/salvador-dali\/\">\n                Salvador Dal\u00ed            <\/a>\n        <\/h2>\n    <\/div>\n    <div class=\"gallery-grid-item\">\n        <div class=\"ngg-album-link\">\n            <a class=\"gallery_link\" href=\"https:\/\/www.justcolor.net\/criancas\/trabalhos-de-arte\/shy-guy\/\" title=\"P\u00e1ginas de Shy Guy para colorir e imprimir para crian\u00e7as\">\n                <img class=\"Thumb\"\n                     alt=\"P\u00e1ginas de Shy Guy para colorir e imprimir para crian\u00e7as\"\n                     src=\"https:\/\/www.justcolor.net\/criancas\/wp-content\/uploads\/sites\/26\/nggallery\/shy-guy\/cache\/desenhos-para-colorir-para-criancas-shy-guy-11011.jpeg-nggid0512247-ngg0dyn-182x136-00f0w010c011r110f110r010t010.jpeg\"\n                     loading=\"lazy\"\n                     width=\"250\"\n                     height=\"150\" \/>\n            <\/a>\n        <\/div>\n        <h2 class=\"gallery-grid-album-lig1\">\n            <a class=\"ngg-album-desc\"\n               title=\"P\u00e1ginas de Shy Guy para colorir para crian\u00e7as\"\n               href=\"https:\/\/www.justcolor.net\/criancas\/trabalhos-de-arte\/shy-guy\/\">\n                Shy Guy            <\/a>\n        <\/h2>\n    <\/div>\n    <div class=\"gallery-grid-item\">\n        <div class=\"ngg-album-link\">\n            <a class=\"gallery_link\" href=\"https:\/\/www.justcolor.net\/criancas\/trabalhos-de-arte\/vermeer\/\" title=\"P\u00e1ginas de Vermeer para colorir e imprimir para crian\u00e7as\">\n                <img class=\"Thumb\"\n                     alt=\"P\u00e1ginas de Vermeer para colorir e imprimir para crian\u00e7as\"\n                     src=\"https:\/\/www.justcolor.net\/criancas\/wp-content\/uploads\/sites\/26\/nggallery\/vermeer\/cache\/paginas-para-colorir-para-criancas-vermeer-46376.gif-nggid044376-ngg0dyn-182x136-00f0w010c011r110f110r010t010.gif\"\n                     loading=\"lazy\"\n                     width=\"250\"\n                     height=\"150\" \/>\n            <\/a>\n        <\/div>\n        <h2 class=\"gallery-grid-album-lig1\">\n            <a class=\"ngg-album-desc\"\n               title=\"P\u00e1ginas de Vermeer para colorir para crian\u00e7as\"\n               href=\"https:\/\/www.justcolor.net\/criancas\/trabalhos-de-arte\/vermeer\/\">\n                Vermeer            <\/a>\n        <\/h2>\n    <\/div>\n    <div class=\"gallery-grid-item\">\n        <div class=\"ngg-album-link\">\n            <a class=\"gallery_link\" href=\"https:\/\/www.justcolor.net\/criancas\/trabalhos-de-arte\/van-gogh\/\" title=\"P\u00e1ginas de Vincent Van Gogh para colorir e imprimir para crian\u00e7as\">\n                <img class=\"Thumb\"\n                     alt=\"P\u00e1ginas de Vincent Van Gogh para colorir e imprimir para crian\u00e7as\"\n                     src=\"https:\/\/www.justcolor.net\/criancas\/wp-content\/uploads\/sites\/26\/nggallery\/van-gogh\/cache\/paginas-para-colorir-para-criancas-vincent-van-gogh-14211.gif-nggid044372-ngg0dyn-182x136-00f0w010c011r110f110r010t010.gif\"\n                     loading=\"lazy\"\n                     width=\"250\"\n                     height=\"150\" \/>\n            <\/a>\n        <\/div>\n        <h2 class=\"gallery-grid-album-lig1\">\n            <a class=\"ngg-album-desc\"\n               title=\"P\u00e1ginas de Vincent Van Gogh para colorir para crian\u00e7as\"\n               href=\"https:\/\/www.justcolor.net\/criancas\/trabalhos-de-arte\/van-gogh\/\">\n                Vincent Van Gogh            <\/a>\n        <\/h2>\n    <\/div>\n    <div class=\"gallery-grid-item\">\n        <div class=\"ngg-album-link\">\n            <a class=\"gallery_link\" href=\"https:\/\/www.justcolor.net\/criancas\/trabalhos-de-arte\/manet\/\" title=\"P\u00e1ginas de \u00c9douard Manet para colorir e imprimir para crian\u00e7as\">\n                <img class=\"Thumb\"\n                     alt=\"P\u00e1ginas de \u00c9douard Manet para colorir e imprimir para crian\u00e7as\"\n                     src=\"https:\/\/www.justcolor.net\/criancas\/wp-content\/uploads\/sites\/26\/nggallery\/manet\/cache\/paginas-para-colorir-para-criancas-edouard-manet-88178.gif-nggid044358-ngg0dyn-182x136-00f0w010c011r110f110r010t010.gif\"\n                     loading=\"lazy\"\n                     width=\"250\"\n                     height=\"150\" \/>\n            <\/a>\n        <\/div>\n        <h2 class=\"gallery-grid-album-lig1\">\n            <a class=\"ngg-album-desc\"\n               title=\"P\u00e1ginas de \u00c9douard Manet para colorir para crian\u00e7as\"\n               href=\"https:\/\/www.justcolor.net\/criancas\/trabalhos-de-arte\/manet\/\">\n                \u00c9douard Manet            <\/a>\n        <\/h2>\n    <\/div>\n<br class=\"ngg-clear\"\/>\n<div class='ngg-clear'><\/div><\/div>\n\n\n<div style='padding-top:20px;padding-bottom:20px;'>Tags relacionadas : <div class=\"tag-container\"><a href='https:\/\/www.justcolor.net\/criancas\/ngg_tag\/frida-kahlo' title='desenhos de Frida Kahlo para imprimir e colorir' class='tag' style='color: #333;'>Frida Kahlo<\/a><\/div><\/div>\n","protected":false},"excerpt":{"rendered":"<p>Deixe seus filhos descobrirem os grandes mestres da arte com nossas <b>folhas para colorir para impress\u00e3o<\/b>! Do elegante <b>Impressionismo<\/b> de <b>Monet e Renoir<\/b> \u00e0 vibrante <b>Pop Art<\/b> de <b>Warhol e Lichtenstein<\/b>, nossa cole\u00e7\u00e3o abrange uma variedade de estilos e \u00e9pocas. Voc\u00ea tamb\u00e9m encontrar\u00e1 p\u00e1ginas para colorir de obras e artistas menos conhecidos, igualmente fascinantes e enriquecedoras.<\/p>\n<p>Explore intrincados desenhos <b>Art Nouveau e Art D\u00e9co<\/b> ou deixe-os experimentar os mundos surreais de <b>Dal\u00ed<\/b> e as express\u00f5es ousadas de <b>Frida Kahlo<\/b>.<\/p>\n<p>Cada galeria oferece <b>imagens imprim\u00edveis<\/b> exclusivas que convidam crian\u00e7as e at\u00e9 adultos a explorar o mundo da arte de uma forma divertida e criativa. O objetivo \u00e9 nutrir a cultura art\u00edstica de todos de uma forma divertida e envolvente. Tudo o que voc\u00ea precisa fazer \u00e9 escolher a obra-prima que eles ir\u00e3o colorir a seguir!<\/p>\n","protected":false},"author":1,"featured_media":0,"parent":0,"menu_order":0,"comment_status":"closed","ping_status":"closed","template":"","meta":{"ngg_post_thumbnail":0,"footnotes":""},"tags":[3423],"class_list":{"0":"post-2442","1":"page","2":"type-page","3":"status-publish","5":"tag-supergallery"},"_links":{"self":[{"href":"https:\/\/www.justcolor.net\/criancas\/wp-json\/wp\/v2\/pages\/2442","targetHints":{"allow":["GET"]}}],"collection":[{"href":"https:\/\/www.justcolor.net\/criancas\/wp-json\/wp\/v2\/pages"}],"about":[{"href":"https:\/\/www.justcolor.net\/criancas\/wp-json\/wp\/v2\/types\/page"}],"author":[{"embeddable":true,"href":"https:\/\/www.justcolor.net\/criancas\/wp-json\/wp\/v2\/users\/1"}],"replies":[{"embeddable":true,"href":"https:\/\/www.justcolor.net\/criancas\/wp-json\/wp\/v2\/comments?post=2442"}],"version-history":[{"count":0,"href":"https:\/\/www.justcolor.net\/criancas\/wp-json\/wp\/v2\/pages\/2442\/revisions"}],"wp:attachment":[{"href":"https:\/\/www.justcolor.net\/criancas\/wp-json\/wp\/v2\/media?parent=2442"}],"wp:term":[{"taxonomy":"post_tag","embeddable":true,"href":"https:\/\/www.justcolor.net\/criancas\/wp-json\/wp\/v2\/tags?post=2442"}],"curies":[{"name":"wp","href":"https:\/\/api.w.org\/{rel}","templated":true}]}}