{"id":26298,"date":"2023-08-30T07:57:26","date_gmt":"2023-08-30T05:57:26","guid":{"rendered":"https:\/\/www.justcolor.net\/criancas\/?page_id=26298"},"modified":"2023-09-06T11:28:52","modified_gmt":"2023-09-06T09:28:52","slug":"eventos","status":"publish","type":"page","link":"https:\/\/www.justcolor.net\/criancas\/eventos\/","title":{"rendered":"Feriados e celebra\u00e7\u00f5es"},"content":{"rendered":"\n<div class=\"gallery-grid\">\n    <div class=\"gallery-grid-item\">\n        <div class=\"ngg-album-link\">\n            <a class=\"gallery_link\" href=\"https:\/\/www.justcolor.net\/criancas\/eventos\/4-de-julho\/\" title=\"P\u00e1ginas de 4 de julho para colorir e imprimir para crian\u00e7as\">\n                <img class=\"Thumb\"\n                     alt=\"P\u00e1ginas de 4 de julho para colorir e imprimir para crian\u00e7as\"\n                     src=\"https:\/\/www.justcolor.net\/criancas\/wp-content\/uploads\/sites\/26\/nggallery\/4-de-julho\/cache\/desenhos-para-colorir-para-criancas-4-de-julho-51697.jpg-nggid0511718-ngg0dyn-182x136-00f0w010c011r110f110r010t010.jpg\"\n                     loading=\"lazy\"\n                     width=\"250\"\n                     height=\"150\" \/>\n            <\/a>\n        <\/div>\n        <h2 class=\"gallery-grid-album-lig1\">\n            <a class=\"ngg-album-desc\"\n               title=\"P\u00e1ginas de 4 de julho para colorir para crian\u00e7as\"\n               href=\"https:\/\/www.justcolor.net\/criancas\/eventos\/4-de-julho\/\">\n                4 de julho            <\/a>\n        <\/h2>\n    <\/div>\n    <div class=\"gallery-grid-item\">\n        <div class=\"ngg-album-link\">\n            <a class=\"gallery_link\" href=\"https:\/\/www.justcolor.net\/criancas\/eventos\/aniversarios\/\" title=\"P\u00e1ginas de Anivers\u00e1rios para colorir e imprimir para crian\u00e7as\">\n                <img class=\"Thumb\"\n                     alt=\"P\u00e1ginas de Anivers\u00e1rios para colorir e imprimir para crian\u00e7as\"\n                     src=\"https:\/\/www.justcolor.net\/criancas\/wp-content\/uploads\/sites\/26\/nggallery\/aniversarios\/cache\/paginas-para-colorir-para-criancas-aniversarios-71925.gif-nggid03379-ngg0dyn-182x136-00f0w010c011r110f110r010t010.gif\"\n                     loading=\"lazy\"\n                     width=\"250\"\n                     height=\"150\" \/>\n            <\/a>\n        <\/div>\n        <h2 class=\"gallery-grid-album-lig1\">\n            <a class=\"ngg-album-desc\"\n               title=\"P\u00e1ginas de Anivers\u00e1rios para colorir para crian\u00e7as\"\n               href=\"https:\/\/www.justcolor.net\/criancas\/eventos\/aniversarios\/\">\n                Anivers\u00e1rios            <\/a>\n        <\/h2>\n    <\/div>\n    <div class=\"gallery-grid-item\">\n        <div class=\"ngg-album-link\">\n            <a class=\"gallery_link\" href=\"https:\/\/www.justcolor.net\/criancas\/eventos\/ano-novo-chines\/\" title=\"P\u00e1ginas de Ano Novo Chin\u00eas para colorir e imprimir para crian\u00e7as\">\n                <img class=\"Thumb\"\n                     alt=\"P\u00e1ginas de Ano Novo Chin\u00eas para colorir e imprimir para crian\u00e7as\"\n                     src=\"https:\/\/www.justcolor.net\/criancas\/wp-content\/uploads\/sites\/26\/nggallery\/ano-novo-chines\/cache\/paginas-para-colorir-para-criancas-ano-novo-chines-76213.jpg-nggid042546-ngg0dyn-182x136-00f0w010c011r110f110r010t010.jpg\"\n                     loading=\"lazy\"\n                     width=\"250\"\n                     height=\"150\" \/>\n            <\/a>\n        <\/div>\n        <h2 class=\"gallery-grid-album-lig1\">\n            <a class=\"ngg-album-desc\"\n               title=\"P\u00e1ginas de Ano Novo Chin\u00eas para colorir para crian\u00e7as\"\n               href=\"https:\/\/www.justcolor.net\/criancas\/eventos\/ano-novo-chines\/\">\n                Ano Novo Chin\u00eas            <\/a>\n        <\/h2>\n    <\/div>\n    <div class=\"gallery-grid-item\">\n        <div class=\"ngg-album-link\">\n            <a class=\"gallery_link\" href=\"https:\/\/www.justcolor.net\/criancas\/eventos\/ano-novo-feliz-ano-novo\/\" title=\"P\u00e1ginas de Ano Novo Feliz Ano Novo para colorir e imprimir para crian\u00e7as\">\n                <img class=\"Thumb\"\n                     alt=\"P\u00e1ginas de Ano Novo Feliz Ano Novo para colorir e imprimir para crian\u00e7as\"\n                     src=\"https:\/\/www.justcolor.net\/criancas\/wp-content\/uploads\/sites\/26\/nggallery\/ano-novo-feliz-ano-novo\/thumbs\/thumbs_paginas-para-colorir-para-criancas-ano-novo-feliz-ano-novo-6126.jpg\"\n                     loading=\"lazy\"\n                     width=\"250\"\n                     height=\"150\" \/>\n            <\/a>\n        <\/div>\n        <h2 class=\"gallery-grid-album-lig1\">\n            <a class=\"ngg-album-desc\"\n               title=\"P\u00e1ginas de Ano Novo Feliz Ano Novo para colorir para crian\u00e7as\"\n               href=\"https:\/\/www.justcolor.net\/criancas\/eventos\/ano-novo-feliz-ano-novo\/\">\n                Ano Novo Feliz Ano Novo            <\/a>\n        <\/h2>\n    <\/div>\n    <div class=\"gallery-grid-item\">\n        <div class=\"ngg-album-link\">\n            <a class=\"gallery_link\" href=\"https:\/\/www.justcolor.net\/criancas\/eventos\/acao-de-gracas\/\" title=\"P\u00e1ginas de A\u00e7\u00e3o de gra\u00e7as (Thanksgiving) para colorir e imprimir para crian\u00e7as\">\n                <img class=\"Thumb\"\n                     alt=\"P\u00e1ginas de A\u00e7\u00e3o de gra\u00e7as (Thanksgiving) para colorir e imprimir para crian\u00e7as\"\n                     src=\"https:\/\/www.justcolor.net\/criancas\/wp-content\/uploads\/sites\/26\/nggallery\/acao-de-gracas\/cache\/paginas-para-colorir-para-criancas-acao-de-gracas-thanksgiving-91104.jpg-nggid046774-ngg0dyn-182x136-00f0w010c011r110f110r010t010.jpg\"\n                     loading=\"lazy\"\n                     width=\"250\"\n                     height=\"150\" \/>\n            <\/a>\n        <\/div>\n        <h2 class=\"gallery-grid-album-lig1\">\n            <a class=\"ngg-album-desc\"\n               title=\"P\u00e1ginas de A\u00e7\u00e3o de gra\u00e7as (Thanksgiving) para colorir para crian\u00e7as\"\n               href=\"https:\/\/www.justcolor.net\/criancas\/eventos\/acao-de-gracas\/\">\n                A\u00e7\u00e3o de gra\u00e7as (Thanksgiving)            <\/a>\n        <\/h2>\n    <\/div>\n    <div class=\"gallery-grid-item\">\n        <div class=\"ngg-album-link\">\n            <a class=\"gallery_link\" href=\"https:\/\/www.justcolor.net\/criancas\/eventos\/carnaval\/\" title=\"P\u00e1ginas de Carnaval para colorir e imprimir para crian\u00e7as\">\n                <img class=\"Thumb\"\n                     alt=\"P\u00e1ginas de Carnaval para colorir e imprimir para crian\u00e7as\"\n                     src=\"https:\/\/www.justcolor.net\/criancas\/wp-content\/uploads\/sites\/26\/nggallery\/carnaval\/cache\/paginas-para-colorir-para-criancas-carnaval-81871.jpg-nggid041461-ngg0dyn-182x136-00f0w010c011r110f110r010t010.jpg\"\n                     loading=\"lazy\"\n                     width=\"250\"\n                     height=\"150\" \/>\n            <\/a>\n        <\/div>\n        <h2 class=\"gallery-grid-album-lig1\">\n            <a class=\"ngg-album-desc\"\n               title=\"P\u00e1ginas de Carnaval para colorir para crian\u00e7as\"\n               href=\"https:\/\/www.justcolor.net\/criancas\/eventos\/carnaval\/\">\n                Carnaval            <\/a>\n        <\/h2>\n    <\/div>\n    <div class=\"gallery-grid-item\">\n        <div class=\"ngg-album-link\">\n            <a class=\"gallery_link\" href=\"https:\/\/www.justcolor.net\/criancas\/eventos\/cinco-de-mayo\/\" title=\"P\u00e1ginas de Cinco De Mayo para colorir e imprimir para crian\u00e7as\">\n                <img class=\"Thumb\"\n                     alt=\"P\u00e1ginas de Cinco De Mayo para colorir e imprimir para crian\u00e7as\"\n                     src=\"https:\/\/www.justcolor.net\/criancas\/wp-content\/uploads\/sites\/26\/nggallery\/cinco-de-mayo\/cache\/desenhos-para-colorir-para-criancas-cinco-de-mayo-44398.jpg-nggid0511935-ngg0dyn-182x136-00f0w010c011r110f110r010t010.jpg\"\n                     loading=\"lazy\"\n                     width=\"250\"\n                     height=\"150\" \/>\n            <\/a>\n        <\/div>\n        <h2 class=\"gallery-grid-album-lig1\">\n            <a class=\"ngg-album-desc\"\n               title=\"P\u00e1ginas de Cinco De Mayo para colorir para crian\u00e7as\"\n               href=\"https:\/\/www.justcolor.net\/criancas\/eventos\/cinco-de-mayo\/\">\n                Cinco De Mayo            <\/a>\n        <\/h2>\n    <\/div>\n    <div class=\"gallery-grid-item\">\n        <div class=\"ngg-album-link\">\n            <a class=\"gallery_link\" href=\"https:\/\/www.justcolor.net\/criancas\/eventos\/de-volta-a-escola\/\" title=\"P\u00e1ginas de De volta \u00e0 escola para colorir e imprimir para crian\u00e7as\">\n                <img class=\"Thumb\"\n                     alt=\"P\u00e1ginas de De volta \u00e0 escola para colorir e imprimir para crian\u00e7as\"\n                     src=\"https:\/\/www.justcolor.net\/criancas\/wp-content\/uploads\/sites\/26\/nggallery\/de-volta-a-escola\/cache\/paginas-para-colorir-para-criancas-de-volta-a-escola-22746.jpg-nggid041678-ngg0dyn-182x136-00f0w010c011r110f110r010t010.jpg\"\n                     loading=\"lazy\"\n                     width=\"250\"\n                     height=\"150\" \/>\n            <\/a>\n        <\/div>\n        <h2 class=\"gallery-grid-album-lig1\">\n            <a class=\"ngg-album-desc\"\n               title=\"P\u00e1ginas de De volta \u00e0 escola para colorir para crian\u00e7as\"\n               href=\"https:\/\/www.justcolor.net\/criancas\/eventos\/de-volta-a-escola\/\">\n                De volta \u00e0 escola            <\/a>\n        <\/h2>\n    <\/div>\n    <div class=\"gallery-grid-item\">\n        <div class=\"ngg-album-link\">\n            <a class=\"gallery_link\" href=\"https:\/\/www.justcolor.net\/criancas\/eventos\/dia-das-maes\/\" title=\"P\u00e1ginas de Dia das M\u00e3es para colorir e imprimir para crian\u00e7as\">\n                <img class=\"Thumb\"\n                     alt=\"P\u00e1ginas de Dia das M\u00e3es para colorir e imprimir para crian\u00e7as\"\n                     src=\"https:\/\/www.justcolor.net\/criancas\/wp-content\/uploads\/sites\/26\/nggallery\/dia-das-maes\/cache\/paginas-para-colorir-para-criancas-dia-das-maes-68060.jpg-nggid047268-ngg0dyn-182x136-00f0w010c011r110f110r010t010.jpg\"\n                     loading=\"lazy\"\n                     width=\"250\"\n                     height=\"150\" \/>\n            <\/a>\n        <\/div>\n        <h2 class=\"gallery-grid-album-lig1\">\n            <a class=\"ngg-album-desc\"\n               title=\"P\u00e1ginas de Dia das M\u00e3es para colorir para crian\u00e7as\"\n               href=\"https:\/\/www.justcolor.net\/criancas\/eventos\/dia-das-maes\/\">\n                Dia das M\u00e3es            <\/a>\n        <\/h2>\n    <\/div>\n    <div class=\"gallery-grid-item\">\n        <div class=\"ngg-album-link\">\n            <a class=\"gallery_link\" href=\"https:\/\/www.justcolor.net\/criancas\/coloracao-tematica\/dia-dos-mortos\/\" title=\"P\u00e1ginas de Dia de Los Muertos (dia dos mortos) para colorir e imprimir para crian\u00e7as\">\n                <img class=\"Thumb\"\n                     alt=\"P\u00e1ginas de Dia de Los Muertos (dia dos mortos) para colorir e imprimir para crian\u00e7as\"\n                     src=\"https:\/\/www.justcolor.net\/criancas\/wp-content\/uploads\/sites\/26\/nggallery\/dia-de-los-muertos-(dia-dos-mortos)\/thumbs\/thumbs_paginas-para-colorir-para-criancas-dia-de-los-muertos-dia-dos-mortos-81068.jpg\"\n                     loading=\"lazy\"\n                     width=\"250\"\n                     height=\"150\" \/>\n            <\/a>\n        <\/div>\n        <h2 class=\"gallery-grid-album-lig1\">\n            <a class=\"ngg-album-desc\"\n               title=\"P\u00e1ginas de Dia de Los Muertos (dia dos mortos) para colorir para crian\u00e7as\"\n               href=\"https:\/\/www.justcolor.net\/criancas\/coloracao-tematica\/dia-dos-mortos\/\">\n                Dia de Los Muertos (dia dos mortos)            <\/a>\n        <\/h2>\n    <\/div>\n    <div class=\"gallery-grid-item\">\n        <div class=\"ngg-album-link\">\n            <a class=\"gallery_link\" href=\"https:\/\/www.justcolor.net\/criancas\/eventos\/dia-dos-namorados\/\" title=\"P\u00e1ginas de Dia dos Namorados para colorir e imprimir para crian\u00e7as\">\n                <img class=\"Thumb\"\n                     alt=\"P\u00e1ginas de Dia dos Namorados para colorir e imprimir para crian\u00e7as\"\n                     src=\"https:\/\/www.justcolor.net\/criancas\/wp-content\/uploads\/sites\/26\/nggallery\/dia-dos-namorados\/cache\/paginas-para-colorir-para-criancas-dia-dos-namorados-6712.jpg-nggid042415-ngg0dyn-182x136-00f0w010c011r110f110r010t010.jpg\"\n                     loading=\"lazy\"\n                     width=\"250\"\n                     height=\"150\" \/>\n            <\/a>\n        <\/div>\n        <h2 class=\"gallery-grid-album-lig1\">\n            <a class=\"ngg-album-desc\"\n               title=\"P\u00e1ginas de Dia dos Namorados para colorir para crian\u00e7as\"\n               href=\"https:\/\/www.justcolor.net\/criancas\/eventos\/dia-dos-namorados\/\">\n                Dia dos Namorados            <\/a>\n        <\/h2>\n    <\/div>\n    <div class=\"gallery-grid-item\">\n        <div class=\"ngg-album-link\">\n            <a class=\"gallery_link\" href=\"https:\/\/www.justcolor.net\/criancas\/eventos\/dia-dos-pais\/\" title=\"P\u00e1ginas de Dia dos Pais para colorir e imprimir para crian\u00e7as\">\n                <img class=\"Thumb\"\n                     alt=\"P\u00e1ginas de Dia dos Pais para colorir e imprimir para crian\u00e7as\"\n                     src=\"https:\/\/www.justcolor.net\/criancas\/wp-content\/uploads\/sites\/26\/nggallery\/dia-dos-pais\/cache\/paginas-para-colorir-para-criancas-dia-dos-pais-57246.jpg-nggid047267-ngg0dyn-182x136-00f0w010c011r110f110r010t010.jpg\"\n                     loading=\"lazy\"\n                     width=\"250\"\n                     height=\"150\" \/>\n            <\/a>\n        <\/div>\n        <h2 class=\"gallery-grid-album-lig1\">\n            <a class=\"ngg-album-desc\"\n               title=\"P\u00e1ginas de Dia dos Pais para colorir para crian\u00e7as\"\n               href=\"https:\/\/www.justcolor.net\/criancas\/eventos\/dia-dos-pais\/\">\n                Dia dos Pais            <\/a>\n        <\/h2>\n    <\/div>\n    <div class=\"gallery-grid-item\">\n        <div class=\"ngg-album-link\">\n            <a class=\"gallery_link\" href=\"https:\/\/www.justcolor.net\/criancas\/eventos\/dia-dos-avos\/\" title=\"P\u00e1ginas de Dia dos av\u00f3s para colorir e imprimir para crian\u00e7as\">\n                <img class=\"Thumb\"\n                     alt=\"P\u00e1ginas de Dia dos av\u00f3s para colorir e imprimir para crian\u00e7as\"\n                     src=\"https:\/\/www.justcolor.net\/criancas\/wp-content\/uploads\/sites\/26\/nggallery\/dia-dos-avos\/cache\/paginas-para-colorir-para-criancas-dia-dos-avos-69127.jpg-nggid047269-ngg0dyn-182x136-00f0w010c011r110f110r010t010.jpg\"\n                     loading=\"lazy\"\n                     width=\"250\"\n                     height=\"150\" \/>\n            <\/a>\n        <\/div>\n        <h2 class=\"gallery-grid-album-lig1\">\n            <a class=\"ngg-album-desc\"\n               title=\"P\u00e1ginas de Dia dos av\u00f3s para colorir para crian\u00e7as\"\n               href=\"https:\/\/www.justcolor.net\/criancas\/eventos\/dia-dos-avos\/\">\n                Dia dos av\u00f3s            <\/a>\n        <\/h2>\n    <\/div>\n    <div class=\"gallery-grid-item\">\n        <div class=\"ngg-album-link\">\n            <a class=\"gallery_link\" href=\"https:\/\/www.justcolor.net\/criancas\/eventos\/festa-das-lanternas\/\" title=\"P\u00e1ginas de Festa das Lanternas para colorir e imprimir para crian\u00e7as\">\n                <img class=\"Thumb\"\n                     alt=\"P\u00e1ginas de Festa das Lanternas para colorir e imprimir para crian\u00e7as\"\n                     src=\"https:\/\/www.justcolor.net\/criancas\/wp-content\/uploads\/sites\/26\/nggallery\/festa-das-lanternas\/cache\/desenhos-para-colorir-para-criancas-festa-das-lanternas-76657.jpg-nggid0511801-ngg0dyn-182x136-00f0w010c011r110f110r010t010.jpg\"\n                     loading=\"lazy\"\n                     width=\"250\"\n                     height=\"150\" \/>\n            <\/a>\n        <\/div>\n        <h2 class=\"gallery-grid-album-lig1\">\n            <a class=\"ngg-album-desc\"\n               title=\"P\u00e1ginas de Festa das Lanternas para colorir para crian\u00e7as\"\n               href=\"https:\/\/www.justcolor.net\/criancas\/eventos\/festa-das-lanternas\/\">\n                Festa das Lanternas            <\/a>\n        <\/h2>\n    <\/div>\n    <div class=\"gallery-grid-item\">\n        <div class=\"ngg-album-link\">\n            <a class=\"gallery_link\" href=\"https:\/\/www.justcolor.net\/criancas\/eventos\/dia-das-bruxas\/\" title=\"P\u00e1ginas de Halloween para colorir e imprimir para crian\u00e7as\">\n                <img class=\"Thumb\"\n                     alt=\"P\u00e1ginas de Halloween para colorir e imprimir para crian\u00e7as\"\n                     src=\"https:\/\/www.justcolor.net\/criancas\/wp-content\/uploads\/sites\/26\/nggallery\/dia-das-bruxas\/cache\/paginas-para-colorir-para-criancas-dia-das-bruxas-570.jpg-nggid0230-ngg0dyn-182x136-00f0w010c011r110f110r010t010.jpg\"\n                     loading=\"lazy\"\n                     width=\"250\"\n                     height=\"150\" \/>\n            <\/a>\n        <\/div>\n        <h2 class=\"gallery-grid-album-lig1\">\n            <a class=\"ngg-album-desc\"\n               title=\"P\u00e1ginas de Halloween para colorir para crian\u00e7as\"\n               href=\"https:\/\/www.justcolor.net\/criancas\/eventos\/dia-das-bruxas\/\">\n                Halloween            <\/a>\n        <\/h2>\n    <\/div>\n    <div class=\"gallery-grid-item\">\n        <div class=\"ngg-album-link\">\n            <a class=\"gallery_link\" href=\"https:\/\/www.justcolor.net\/criancas\/eventos\/memorial-day\/\" title=\"P\u00e1ginas de Memorial Day para colorir e imprimir para crian\u00e7as\">\n                <img class=\"Thumb\"\n                     alt=\"P\u00e1ginas de Memorial Day para colorir e imprimir para crian\u00e7as\"\n                     src=\"https:\/\/www.justcolor.net\/criancas\/wp-content\/uploads\/sites\/26\/nggallery\/memorial-day\/cache\/desenhos-para-colorir-para-criancas-memorial-day-8141.jpg-nggid0512029-ngg0dyn-182x136-00f0w010c011r110f110r010t010.jpg\"\n                     loading=\"lazy\"\n                     width=\"250\"\n                     height=\"150\" \/>\n            <\/a>\n        <\/div>\n        <h2 class=\"gallery-grid-album-lig1\">\n            <a class=\"ngg-album-desc\"\n               title=\"P\u00e1ginas de Memorial Day para colorir para crian\u00e7as\"\n               href=\"https:\/\/www.justcolor.net\/criancas\/eventos\/memorial-day\/\">\n                Memorial Day            <\/a>\n        <\/h2>\n    <\/div>\n    <div class=\"gallery-grid-item\">\n        <div class=\"ngg-album-link\">\n            <a class=\"gallery_link\" href=\"https:\/\/www.justcolor.net\/criancas\/eventos\/natal\/\" title=\"P\u00e1ginas de Natal para colorir e imprimir para crian\u00e7as\">\n                <img class=\"Thumb\"\n                     alt=\"P\u00e1ginas de Natal para colorir e imprimir para crian\u00e7as\"\n                     src=\"https:\/\/www.justcolor.net\/criancas\/wp-content\/uploads\/sites\/26\/nggallery\/natal\/cache\/paginas-para-colorir-para-criancas-natal-36259.jpg-nggid048319-ngg0dyn-182x136-00f0w010c011r110f110r010t010.jpg\"\n                     loading=\"lazy\"\n                     width=\"250\"\n                     height=\"150\" \/>\n            <\/a>\n        <\/div>\n        <h2 class=\"gallery-grid-album-lig1\">\n            <a class=\"ngg-album-desc\"\n               title=\"P\u00e1ginas de Natal para colorir para crian\u00e7as\"\n               href=\"https:\/\/www.justcolor.net\/criancas\/eventos\/natal\/\">\n                Natal            <\/a>\n        <\/h2>\n    <\/div>\n    <div class=\"gallery-grid-item\">\n        <div class=\"ngg-album-link\">\n            <a class=\"gallery_link\" href=\"https:\/\/www.justcolor.net\/criancas\/eventos\/pascoa\/\" title=\"P\u00e1ginas de P\u00e1scoa para colorir e imprimir para crian\u00e7as\">\n                <img class=\"Thumb\"\n                     alt=\"P\u00e1ginas de P\u00e1scoa para colorir e imprimir para crian\u00e7as\"\n                     src=\"https:\/\/www.justcolor.net\/criancas\/wp-content\/uploads\/sites\/26\/nggallery\/pascoa\/cache\/paginas-para-colorir-para-criancas-pascoa-31456.png-nggid03545-ngg0dyn-182x136-00f0w010c011r110f110r010t010.png\"\n                     loading=\"lazy\"\n                     width=\"250\"\n                     height=\"150\" \/>\n            <\/a>\n        <\/div>\n        <h2 class=\"gallery-grid-album-lig1\">\n            <a class=\"ngg-album-desc\"\n               title=\"P\u00e1ginas de P\u00e1scoa para colorir para crian\u00e7as\"\n               href=\"https:\/\/www.justcolor.net\/criancas\/eventos\/pascoa\/\">\n                P\u00e1scoa            <\/a>\n        <\/h2>\n    <\/div>\n    <div class=\"gallery-grid-item\">\n        <div class=\"ngg-album-link\">\n            <a class=\"gallery_link\" href=\"https:\/\/www.justcolor.net\/criancas\/eventos\/rainy-day\/\" title=\"P\u00e1ginas de Rainy day para colorir e imprimir para crian\u00e7as\">\n                <img class=\"Thumb\"\n                     alt=\"P\u00e1ginas de Rainy day para colorir e imprimir para crian\u00e7as\"\n                     src=\"https:\/\/www.justcolor.net\/criancas\/wp-content\/uploads\/sites\/26\/nggallery\/rainy-day\/cache\/desenhos-para-colorir-para-criancas-rainy-day-44782.jpg-nggid0512046-ngg0dyn-182x136-00f0w010c011r110f110r010t010.jpg\"\n                     loading=\"lazy\"\n                     width=\"250\"\n                     height=\"150\" \/>\n            <\/a>\n        <\/div>\n        <h2 class=\"gallery-grid-album-lig1\">\n            <a class=\"ngg-album-desc\"\n               title=\"P\u00e1ginas de Rainy day para colorir para crian\u00e7as\"\n               href=\"https:\/\/www.justcolor.net\/criancas\/eventos\/rainy-day\/\">\n                Rainy day            <\/a>\n        <\/h2>\n    <\/div>\n    <div class=\"gallery-grid-item\">\n        <div class=\"ngg-album-link\">\n            <a class=\"gallery_link\" href=\"https:\/\/www.justcolor.net\/criancas\/eventos\/jogos-olimpicos\/\" title=\"P\u00e1ginas de jogos Ol\u00edmpicos para colorir e imprimir para crian\u00e7as\">\n                <img class=\"Thumb\"\n                     alt=\"P\u00e1ginas de jogos Ol\u00edmpicos para colorir e imprimir para crian\u00e7as\"\n                     src=\"https:\/\/www.justcolor.net\/criancas\/wp-content\/uploads\/sites\/26\/nggallery\/jogos-olimpicos\/cache\/paginas-para-colorir-para-criancas-jogos-olimpicos-22063.jpg-nggid045480-ngg0dyn-182x136-00f0w010c011r110f110r010t010.jpg\"\n                     loading=\"lazy\"\n                     width=\"250\"\n                     height=\"150\" \/>\n            <\/a>\n        <\/div>\n        <h2 class=\"gallery-grid-album-lig1\">\n            <a class=\"ngg-album-desc\"\n               title=\"P\u00e1ginas de jogos Ol\u00edmpicos para colorir para crian\u00e7as\"\n               href=\"https:\/\/www.justcolor.net\/criancas\/eventos\/jogos-olimpicos\/\">\n                jogos Ol\u00edmpicos            <\/a>\n        <\/h2>\n    <\/div>\n<br class=\"ngg-clear\"\/>\n<div class='ngg-clear'><\/div><\/div>\n\n","protected":false},"excerpt":{"rendered":"<p>Aqui est\u00e3o <b>p\u00e1ginas para colorir para impress\u00e3o<\/b> dos principais eventos do ano, incluindo <b>Natal, Halloween e A\u00e7\u00e3o de Gra\u00e7as<\/b>, al\u00e9m de ocasi\u00f5es especiais como <b>Dia das M\u00e3es, Dia dos Pais, e Dia dos Av\u00f3s<\/b>. Esses momentos s\u00e3o perfeitos para reunir as fam\u00edlias para comemorar e se divertir.<\/p>\n<p>Para o <b>Natal<\/b>, explore uma variedade de <b>folhas para colorir para impress\u00e3o<\/b> com Papai Noel, \u00e1rvores de Natal e decora\u00e7\u00f5es festivas. As crian\u00e7as podem desfrutar de atividades coloridas que capturam a magia e a alegria das festas de fim de ano. Para o <b>A\u00e7\u00e3o de Gra\u00e7as<\/b>, encontre p\u00e1ginas com perus, ab\u00f3boras e festas familiares que reflitam o esp\u00edrito da celebra\u00e7\u00e3o.<\/p>\n<p>No <b>Dia das M\u00e3es<\/b> e no <b>Dia dos Pais<\/b>, as crian\u00e7as podem expressar seu amor e aprecia\u00e7\u00e3o criando obras de arte coloridas e personalizadas. Escolha entre p\u00e1ginas para colorir com flores, cora\u00e7\u00f5es e designs atenciosos, perfeitos para estes dias especiais.<\/p>\n<p>Nossa cole\u00e7\u00e3o tamb\u00e9m inclui <b>folhas para colorir imprim\u00edveis<\/b> para eventos como <b>Volta \u00e0s aulas, anivers\u00e1rios, carnaval, Ano Novo Chin\u00eas, P\u00e1scoa e Dia dos Namorados<\/b>. Cada tema oferece uma variedade de designs divertidos para combinar com a atmosfera da celebra\u00e7\u00e3o.<\/p>\n<p>Da alegria festiva do Natal \u00e0 divers\u00e3o assustadora do Halloween e ao calor das reuni\u00f5es de A\u00e7\u00e3o de Gra\u00e7as, voc\u00ea encontrar\u00e1 as <b>folhas para colorir para impress\u00e3o<\/b> perfeitas para trazer alegria a cada celebra\u00e7\u00e3o. N\u00e3o importa a ocasi\u00e3o, nossa cole\u00e7\u00e3o foi pensada para tornar cada dia especial ainda mais memor\u00e1vel com atividades criativas e envolventes para crian\u00e7as.<\/p>\n","protected":false},"author":1,"featured_media":0,"parent":0,"menu_order":0,"comment_status":"closed","ping_status":"closed","template":"","meta":{"ngg_post_thumbnail":0,"footnotes":""},"tags":[3423],"class_list":{"0":"post-26298","1":"page","2":"type-page","3":"status-publish","5":"tag-supergallery"},"_links":{"self":[{"href":"https:\/\/www.justcolor.net\/criancas\/wp-json\/wp\/v2\/pages\/26298","targetHints":{"allow":["GET"]}}],"collection":[{"href":"https:\/\/www.justcolor.net\/criancas\/wp-json\/wp\/v2\/pages"}],"about":[{"href":"https:\/\/www.justcolor.net\/criancas\/wp-json\/wp\/v2\/types\/page"}],"author":[{"embeddable":true,"href":"https:\/\/www.justcolor.net\/criancas\/wp-json\/wp\/v2\/users\/1"}],"replies":[{"embeddable":true,"href":"https:\/\/www.justcolor.net\/criancas\/wp-json\/wp\/v2\/comments?post=26298"}],"version-history":[{"count":0,"href":"https:\/\/www.justcolor.net\/criancas\/wp-json\/wp\/v2\/pages\/26298\/revisions"}],"wp:attachment":[{"href":"https:\/\/www.justcolor.net\/criancas\/wp-json\/wp\/v2\/media?parent=26298"}],"wp:term":[{"taxonomy":"post_tag","embeddable":true,"href":"https:\/\/www.justcolor.net\/criancas\/wp-json\/wp\/v2\/tags?post=26298"}],"curies":[{"name":"wp","href":"https:\/\/api.w.org\/{rel}","templated":true}]}}