{"id":27880,"date":"2024-01-02T14:36:03","date_gmt":"2024-01-02T13:36:03","guid":{"rendered":"https:\/\/www.justcolor.net\/criancas\/?page_id=27880"},"modified":"2024-01-02T22:25:41","modified_gmt":"2024-01-02T21:25:41","slug":"religioes","status":"publish","type":"page","link":"https:\/\/www.justcolor.net\/criancas\/religioes\/","title":{"rendered":"Religi\u00f5es do mundo"},"content":{"rendered":"\n<div class=\"gallery-grid\">\n    <div class=\"gallery-grid-item\">\n        <div class=\"ngg-album-link\">\n            <a class=\"gallery_link\" href=\"https:\/\/www.justcolor.net\/criancas\/religioes\/judaismo\/\" title=\"P\u00e1ginas de Juda\u00edsmo para colorir e imprimir para crian\u00e7as\">\n                <img class=\"Thumb\"\n                     alt=\"P\u00e1ginas de Juda\u00edsmo para colorir e imprimir para crian\u00e7as\"\n                     src=\"https:\/\/www.justcolor.net\/criancas\/wp-content\/uploads\/sites\/26\/nggallery\/judaismo\/cache\/paginas-para-colorir-para-criancas-judaismo-21080.jpeg-nggid049071-ngg0dyn-240x160x100-00f0w010c011r110f110r010t010.jpeg\"\n                     loading=\"lazy\"\n                     width=\"250\"\n                     height=\"150\" \/>\n            <\/a>\n        <\/div>\n        <h2 class=\"gallery-grid-album-lig1\">\n            <a class=\"ngg-album-desc\"\n               title=\"P\u00e1ginas de Juda\u00edsmo para colorir para crian\u00e7as\"\n               href=\"https:\/\/www.justcolor.net\/criancas\/religioes\/judaismo\/\">\n                Juda\u00edsmo            <\/a>\n        <\/h2>\n    <\/div>\n    <div class=\"gallery-grid-item\">\n        <div class=\"ngg-album-link\">\n            <a class=\"gallery_link\" href=\"https:\/\/www.justcolor.net\/criancas\/religioes\/islamismo\/\" title=\"P\u00e1ginas de Islamismo para colorir e imprimir para crian\u00e7as\">\n                <img class=\"Thumb\"\n                     alt=\"P\u00e1ginas de Islamismo para colorir e imprimir para crian\u00e7as\"\n                     src=\"https:\/\/www.justcolor.net\/criancas\/wp-content\/uploads\/sites\/26\/nggallery\/islamismo\/cache\/paginas-para-colorir-para-criancas-islamismo-42881.jpeg-nggid049065-ngg0dyn-240x160x100-00f0w010c011r110f110r010t010.jpeg\"\n                     loading=\"lazy\"\n                     width=\"250\"\n                     height=\"150\" \/>\n            <\/a>\n        <\/div>\n        <h2 class=\"gallery-grid-album-lig1\">\n            <a class=\"ngg-album-desc\"\n               title=\"P\u00e1ginas de Islamismo para colorir para crian\u00e7as\"\n               href=\"https:\/\/www.justcolor.net\/criancas\/religioes\/islamismo\/\">\n                Islamismo            <\/a>\n        <\/h2>\n    <\/div>\n    <div class=\"gallery-grid-item\">\n        <div class=\"ngg-album-link\">\n            <a class=\"gallery_link\" href=\"https:\/\/www.justcolor.net\/criancas\/religioes\/hinduismo\/\" title=\"P\u00e1ginas de Hindu\u00edsmo para colorir e imprimir para crian\u00e7as\">\n                <img class=\"Thumb\"\n                     alt=\"P\u00e1ginas de Hindu\u00edsmo para colorir e imprimir para crian\u00e7as\"\n                     src=\"https:\/\/www.justcolor.net\/criancas\/wp-content\/uploads\/sites\/26\/nggallery\/hinduismo\/cache\/paginas-para-colorir-para-criancas-hinduismo-22198.jpeg-nggid049079-ngg0dyn-240x160x100-00f0w010c011r110f110r010t010.jpeg\"\n                     loading=\"lazy\"\n                     width=\"250\"\n                     height=\"150\" \/>\n            <\/a>\n        <\/div>\n        <h2 class=\"gallery-grid-album-lig1\">\n            <a class=\"ngg-album-desc\"\n               title=\"P\u00e1ginas de Hindu\u00edsmo para colorir para crian\u00e7as\"\n               href=\"https:\/\/www.justcolor.net\/criancas\/religioes\/hinduismo\/\">\n                Hindu\u00edsmo            <\/a>\n        <\/h2>\n    <\/div>\n    <div class=\"gallery-grid-item\">\n        <div class=\"ngg-album-link\">\n            <a class=\"gallery_link\" href=\"https:\/\/www.justcolor.net\/criancas\/religioes\/budismo\/\" title=\"P\u00e1ginas de Budismo para colorir e imprimir para crian\u00e7as\">\n                <img class=\"Thumb\"\n                     alt=\"P\u00e1ginas de Budismo para colorir e imprimir para crian\u00e7as\"\n                     src=\"https:\/\/www.justcolor.net\/criancas\/wp-content\/uploads\/sites\/26\/nggallery\/budismo\/cache\/paginas-para-colorir-para-criancas-budismo-25700.jpeg-nggid049081-ngg0dyn-240x160x100-00f0w010c011r110f110r010t010.jpeg\"\n                     loading=\"lazy\"\n                     width=\"250\"\n                     height=\"150\" \/>\n            <\/a>\n        <\/div>\n        <h2 class=\"gallery-grid-album-lig1\">\n            <a class=\"ngg-album-desc\"\n               title=\"P\u00e1ginas de Budismo para colorir para crian\u00e7as\"\n               href=\"https:\/\/www.justcolor.net\/criancas\/religioes\/budismo\/\">\n                Budismo            <\/a>\n        <\/h2>\n    <\/div>\n    <div class=\"gallery-grid-item\">\n        <div class=\"ngg-album-link\">\n            <a class=\"gallery_link\" href=\"https:\/\/www.justcolor.net\/criancas\/religioes\/cristandade\/\" title=\"P\u00e1ginas de Cristandade para colorir e imprimir para crian\u00e7as\">\n                <img class=\"Thumb\"\n                     alt=\"P\u00e1ginas de Cristandade para colorir e imprimir para crian\u00e7as\"\n                     src=\"https:\/\/www.justcolor.net\/criancas\/wp-content\/uploads\/sites\/26\/nggallery\/cristandade\/cache\/paginas-para-colorir-para-criancas-cristandade-92419.jpeg-nggid049058-ngg0dyn-240x160x100-00f0w010c011r110f110r010t010.jpeg\"\n                     loading=\"lazy\"\n                     width=\"250\"\n                     height=\"150\" \/>\n            <\/a>\n        <\/div>\n        <h2 class=\"gallery-grid-album-lig1\">\n            <a class=\"ngg-album-desc\"\n               title=\"P\u00e1ginas de Cristandade para colorir para crian\u00e7as\"\n               href=\"https:\/\/www.justcolor.net\/criancas\/religioes\/cristandade\/\">\n                Cristandade            <\/a>\n        <\/h2>\n    <\/div>\n<br class=\"ngg-clear\"\/>\n<div class='ngg-clear'><\/div><\/div>\n\n","protected":false},"excerpt":{"rendered":"<p>As religi\u00f5es constituem um aspecto essencial da diversidade cultural e espiritual da humanidade, moldando as cren\u00e7as, valores e pr\u00e1ticas de milh\u00f5es de pessoas ao longo da hist\u00f3ria. Oferecem respostas \u00e0s quest\u00f5es mais profundas da vida e fornecem um quadro moral e \u00e9tico que orienta as a\u00e7\u00f5es e escolhas dos indiv\u00edduos e das comunidades.<\/p>\n<p>Em nossa cole\u00e7\u00e3o de <b>p\u00e1ginas para colorir relacionadas \u00e0s principais religi\u00f5es do mundo<\/b>, voc\u00ea pode explorar o rico simbolismo e as tradi\u00e7\u00f5es de religi\u00f5es como o <b>Juda\u00edsmo, Islamismo, Hindu\u00edsmo, Budismo<\/b> e <b >Cristianismo<\/b>. Estas p\u00e1ginas n\u00e3o s\u00e3o apenas para colorir; s\u00e3o uma forma de aprender sobre diferentes pr\u00e1ticas religiosas, s\u00edmbolos sagrados e ensinamentos espirituais.<\/p>\n<p>Por exemplo, descubra a Estrela de David e as menor\u00e1s que representam a heran\u00e7a do <b>Juda\u00edsmo<\/b>, ou as belas mesquitas e caligrafias associadas ao <b>Isl\u00e3<\/b>. Aprenda sobre as intrincadas mandalas e divindades do <b>Hindu\u00edsmo<\/b>, a imagem serena do Buda e da flor de L\u00f3tus no <b>Budismo<\/b> e as cruzes e igrejas que simbolizam o <b>Cristianismo<\/b> b>.<\/p>\n<p>Estas <b>folhas para colorir para impress\u00e3o<\/b> oferecem uma oportunidade maravilhosa de apreciar a diversidade das tradi\u00e7\u00f5es espirituais do mundo e de apresentar \u00e0s mentes jovens os valores de toler\u00e2ncia, respeito e compreens\u00e3o. Esteja voc\u00ea interessado em explorar sua pr\u00f3pria f\u00e9 ou aprender sobre outras pessoas, estas p\u00e1ginas convidam voc\u00ea a embarcar em uma viagem colorida pela rica tape\u00e7aria de cren\u00e7as do mundo.<\/p>\n","protected":false},"author":1,"featured_media":0,"parent":0,"menu_order":0,"comment_status":"closed","ping_status":"closed","template":"","meta":{"ngg_post_thumbnail":0,"footnotes":""},"tags":[3423],"class_list":{"0":"post-27880","1":"page","2":"type-page","3":"status-publish","5":"tag-supergallery"},"_links":{"self":[{"href":"https:\/\/www.justcolor.net\/criancas\/wp-json\/wp\/v2\/pages\/27880","targetHints":{"allow":["GET"]}}],"collection":[{"href":"https:\/\/www.justcolor.net\/criancas\/wp-json\/wp\/v2\/pages"}],"about":[{"href":"https:\/\/www.justcolor.net\/criancas\/wp-json\/wp\/v2\/types\/page"}],"author":[{"embeddable":true,"href":"https:\/\/www.justcolor.net\/criancas\/wp-json\/wp\/v2\/users\/1"}],"replies":[{"embeddable":true,"href":"https:\/\/www.justcolor.net\/criancas\/wp-json\/wp\/v2\/comments?post=27880"}],"version-history":[{"count":0,"href":"https:\/\/www.justcolor.net\/criancas\/wp-json\/wp\/v2\/pages\/27880\/revisions"}],"wp:attachment":[{"href":"https:\/\/www.justcolor.net\/criancas\/wp-json\/wp\/v2\/media?parent=27880"}],"wp:term":[{"taxonomy":"post_tag","embeddable":true,"href":"https:\/\/www.justcolor.net\/criancas\/wp-json\/wp\/v2\/tags?post=27880"}],"curies":[{"name":"wp","href":"https:\/\/api.w.org\/{rel}","templated":true}]}}