{"id":28504,"date":"2024-01-17T11:17:50","date_gmt":"2024-01-17T10:17:50","guid":{"rendered":"https:\/\/www.justcolor.net\/criancas\/?page_id=28504"},"modified":"2024-01-17T11:36:26","modified_gmt":"2024-01-17T10:36:26","slug":"marvel","status":"publish","type":"page","link":"https:\/\/www.justcolor.net\/criancas\/marvel\/","title":{"rendered":"Desenhos da <b>Marvel<\/b> para colorir"},"content":{"rendered":"\n<div class=\"gallery-grid\">\n    <div class=\"gallery-grid-item\">\n        <div class=\"ngg-album-link\">\n            <a class=\"gallery_link\" href=\"https:\/\/www.justcolor.net\/criancas\/paginas-para-colorir-super-herois\/venom\/\" title=\"P\u00e1ginas de Venom para colorir e imprimir para crian\u00e7as\">\n                <img class=\"Thumb\"\n                     alt=\"P\u00e1ginas de Venom para colorir e imprimir para crian\u00e7as\"\n                     src=\"https:\/\/www.justcolor.net\/criancas\/wp-content\/uploads\/sites\/26\/nggallery\/venom\/cache\/coloring-children-venom-spiderman-100.jpg-nggid048702-ngg0dyn-240x160x100-00f0w010c011r110f110r010t010.jpg\"\n                     loading=\"lazy\"\n                     width=\"250\"\n                     height=\"150\" \/>\n            <\/a>\n        <\/div>\n        <h2 class=\"gallery-grid-album-lig1\">\n            <a class=\"ngg-album-desc\"\n               title=\"P\u00e1ginas de Venom para colorir para crian\u00e7as\"\n               href=\"https:\/\/www.justcolor.net\/criancas\/paginas-para-colorir-super-herois\/venom\/\">\n                Venom            <\/a>\n        <\/h2>\n    <\/div>\n    <div class=\"gallery-grid-item\">\n        <div class=\"ngg-album-link\">\n            <a class=\"gallery_link\" href=\"https:\/\/www.justcolor.net\/criancas\/desenhos-animados-animacao-e-filmes-colorindo\/dreamworks-para-colorir\/spider-man-into-the-spider-verse\/\" title=\"P\u00e1ginas de Spider-Man: No Universo Aranha para colorir e imprimir para crian\u00e7as\">\n                <img class=\"Thumb\"\n                     alt=\"P\u00e1ginas de Spider-Man: No Universo Aranha para colorir e imprimir para crian\u00e7as\"\n                     src=\"https:\/\/www.justcolor.net\/criancas\/wp-content\/uploads\/sites\/26\/nggallery\/spider-man-new-generation\/cache\/coloring-child-spiderman-into-the-spiderverse-empire-state.jpg-nggid048584-ngg0dyn-240x160x100-00f0w010c011r110f110r010t010.jpg\"\n                     loading=\"lazy\"\n                     width=\"250\"\n                     height=\"150\" \/>\n            <\/a>\n        <\/div>\n        <h2 class=\"gallery-grid-album-lig1\">\n            <a class=\"ngg-album-desc\"\n               title=\"P\u00e1ginas de Spider-Man: No Universo Aranha para colorir para crian\u00e7as\"\n               href=\"https:\/\/www.justcolor.net\/criancas\/desenhos-animados-animacao-e-filmes-colorindo\/dreamworks-para-colorir\/spider-man-into-the-spider-verse\/\">\n                Spider-Man: No Universo Aranha            <\/a>\n        <\/h2>\n    <\/div>\n    <div class=\"gallery-grid-item\">\n        <div class=\"ngg-album-link\">\n            <a class=\"gallery_link\" href=\"https:\/\/www.justcolor.net\/criancas\/desenhos-animados-animacao-e-filmes-colorindo\/dreamworks-para-colorir\/spider-man-across-the-spider-verse\/\" title=\"P\u00e1ginas de Spider-Man : Atrav\u00e9s do Aranha-Verso para colorir e imprimir para crian\u00e7as\">\n                <img class=\"Thumb\"\n                     alt=\"P\u00e1ginas de Spider-Man : Atrav\u00e9s do Aranha-Verso para colorir e imprimir para crian\u00e7as\"\n                     src=\"https:\/\/www.justcolor.net\/criancas\/wp-content\/uploads\/sites\/26\/nggallery\/spider-man-across-the-spider-verse\/cache\/coloring-child-spiderman-across-the-spiederverse-mike-gwen.jpg-nggid048600-ngg0dyn-240x160x100-00f0w010c011r110f110r010t010.jpg\"\n                     loading=\"lazy\"\n                     width=\"250\"\n                     height=\"150\" \/>\n            <\/a>\n        <\/div>\n        <h2 class=\"gallery-grid-album-lig1\">\n            <a class=\"ngg-album-desc\"\n               title=\"P\u00e1ginas de Spider-Man : Atrav\u00e9s do Aranha-Verso para colorir para crian\u00e7as\"\n               href=\"https:\/\/www.justcolor.net\/criancas\/desenhos-animados-animacao-e-filmes-colorindo\/dreamworks-para-colorir\/spider-man-across-the-spider-verse\/\">\n                Spider-Man : Atrav\u00e9s do Aranha-Verso            <\/a>\n        <\/h2>\n    <\/div>\n    <div class=\"gallery-grid-item\">\n        <div class=\"ngg-album-link\">\n            <a class=\"gallery_link\" href=\"https:\/\/www.justcolor.net\/criancas\/paginas-para-colorir-super-herois\/spiderman\/\" title=\"P\u00e1ginas de Spiderman para colorir e imprimir para crian\u00e7as\">\n                <img class=\"Thumb\"\n                     alt=\"P\u00e1ginas de Spiderman para colorir e imprimir para crian\u00e7as\"\n                     src=\"https:\/\/www.justcolor.net\/criancas\/wp-content\/uploads\/sites\/26\/nggallery\/spiderman\/cache\/paginas-para-colorir-para-criancas-spiderman-33651.gif-nggid03273-ngg0dyn-240x160x100-00f0w010c011r110f110r010t010.gif\"\n                     loading=\"lazy\"\n                     width=\"250\"\n                     height=\"150\" \/>\n            <\/a>\n        <\/div>\n        <h2 class=\"gallery-grid-album-lig1\">\n            <a class=\"ngg-album-desc\"\n               title=\"P\u00e1ginas de Spiderman para colorir para crian\u00e7as\"\n               href=\"https:\/\/www.justcolor.net\/criancas\/paginas-para-colorir-super-herois\/spiderman\/\">\n                Spiderman            <\/a>\n        <\/h2>\n    <\/div>\n    <div class=\"gallery-grid-item\">\n        <div class=\"ngg-album-link\">\n            <a class=\"gallery_link\" href=\"https:\/\/www.justcolor.net\/criancas\/paginas-para-colorir-super-herois\/x-men\/\" title=\"P\u00e1ginas de X Men para colorir e imprimir para crian\u00e7as\">\n                <img class=\"Thumb\"\n                     alt=\"P\u00e1ginas de X Men para colorir e imprimir para crian\u00e7as\"\n                     src=\"https:\/\/www.justcolor.net\/criancas\/wp-content\/uploads\/sites\/26\/nggallery\/x-men\/cache\/paginas-para-colorir-para-criancas-x-men-53502.jpg-nggid041282-ngg0dyn-240x160x100-00f0w010c011r110f110r010t010.jpg\"\n                     loading=\"lazy\"\n                     width=\"250\"\n                     height=\"150\" \/>\n            <\/a>\n        <\/div>\n        <h2 class=\"gallery-grid-album-lig1\">\n            <a class=\"ngg-album-desc\"\n               title=\"P\u00e1ginas de X Men para colorir para crian\u00e7as\"\n               href=\"https:\/\/www.justcolor.net\/criancas\/paginas-para-colorir-super-herois\/x-men\/\">\n                X Men            <\/a>\n        <\/h2>\n    <\/div>\n    <div class=\"gallery-grid-item\">\n        <div class=\"ngg-album-link\">\n            <a class=\"gallery_link\" href=\"https:\/\/www.justcolor.net\/criancas\/paginas-para-colorir-super-herois\/hombre-hormiga\/\" title=\"P\u00e1ginas de Ant-Man para colorir e imprimir para crian\u00e7as\">\n                <img class=\"Thumb\"\n                     alt=\"P\u00e1ginas de Ant-Man para colorir e imprimir para crian\u00e7as\"\n                     src=\"https:\/\/www.justcolor.net\/criancas\/wp-content\/uploads\/sites\/26\/nggallery\/hombre-hormiga\/cache\/paginas-para-colorir-para-criancas-ant-man-37084.jpg-nggid046950-ngg0dyn-240x160x100-00f0w010c011r110f110r010t010.jpg\"\n                     loading=\"lazy\"\n                     width=\"250\"\n                     height=\"150\" \/>\n            <\/a>\n        <\/div>\n        <h2 class=\"gallery-grid-album-lig1\">\n            <a class=\"ngg-album-desc\"\n               title=\"P\u00e1ginas de Ant-Man para colorir para crian\u00e7as\"\n               href=\"https:\/\/www.justcolor.net\/criancas\/paginas-para-colorir-super-herois\/hombre-hormiga\/\">\n                Ant-Man            <\/a>\n        <\/h2>\n    <\/div>\n    <div class=\"gallery-grid-item\">\n        <div class=\"ngg-album-link\">\n            <a class=\"gallery_link\" href=\"https:\/\/www.justcolor.net\/criancas\/paginas-para-colorir-super-herois\/os-guardas-da-galaxia\/\" title=\"P\u00e1ginas de Os guardas da gal\u00e1xia para colorir e imprimir para crian\u00e7as\">\n                <img class=\"Thumb\"\n                     alt=\"P\u00e1ginas de Os guardas da gal\u00e1xia para colorir e imprimir para crian\u00e7as\"\n                     src=\"https:\/\/www.justcolor.net\/criancas\/wp-content\/uploads\/sites\/26\/nggallery\/os-guardas-da-galaxia\/cache\/paginas-para-colorir-para-criancas-os-guardas-da-galaxia-79331.jpg-nggid047014-ngg0dyn-240x160x100-00f0w010c011r110f110r010t010.jpg\"\n                     loading=\"lazy\"\n                     width=\"250\"\n                     height=\"150\" \/>\n            <\/a>\n        <\/div>\n        <h2 class=\"gallery-grid-album-lig1\">\n            <a class=\"ngg-album-desc\"\n               title=\"P\u00e1ginas de Os guardas da gal\u00e1xia para colorir para crian\u00e7as\"\n               href=\"https:\/\/www.justcolor.net\/criancas\/paginas-para-colorir-super-herois\/os-guardas-da-galaxia\/\">\n                Os guardas da gal\u00e1xia            <\/a>\n        <\/h2>\n    <\/div>\n    <div class=\"gallery-grid-item\">\n        <div class=\"ngg-album-link\">\n            <a class=\"gallery_link\" href=\"https:\/\/www.justcolor.net\/criancas\/paginas-para-colorir-super-herois\/deadpool\/\" title=\"P\u00e1ginas de Deadpool para colorir e imprimir para crian\u00e7as\">\n                <img class=\"Thumb\"\n                     alt=\"P\u00e1ginas de Deadpool para colorir e imprimir para crian\u00e7as\"\n                     src=\"https:\/\/www.justcolor.net\/criancas\/wp-content\/uploads\/sites\/26\/nggallery\/deadpool\/cache\/paginas-para-colorir-para-criancas-deadpool-95437.jpg-nggid046966-ngg0dyn-240x160x100-00f0w010c011r110f110r010t010.jpg\"\n                     loading=\"lazy\"\n                     width=\"250\"\n                     height=\"150\" \/>\n            <\/a>\n        <\/div>\n        <h2 class=\"gallery-grid-album-lig1\">\n            <a class=\"ngg-album-desc\"\n               title=\"P\u00e1ginas de Deadpool para colorir para crian\u00e7as\"\n               href=\"https:\/\/www.justcolor.net\/criancas\/paginas-para-colorir-super-herois\/deadpool\/\">\n                Deadpool            <\/a>\n        <\/h2>\n    <\/div>\n    <div class=\"gallery-grid-item\">\n        <div class=\"ngg-album-link\">\n            <a class=\"gallery_link\" href=\"https:\/\/www.justcolor.net\/criancas\/paginas-para-colorir-super-herois\/thanos\/\" title=\"P\u00e1ginas de Thanos para colorir e imprimir para crian\u00e7as\">\n                <img class=\"Thumb\"\n                     alt=\"P\u00e1ginas de Thanos para colorir e imprimir para crian\u00e7as\"\n                     src=\"https:\/\/www.justcolor.net\/criancas\/wp-content\/uploads\/sites\/26\/nggallery\/thanos\/cache\/paginas-para-colorir-para-criancas-thanos-88147.jpg-nggid047030-ngg0dyn-240x160x100-00f0w010c011r110f110r010t010.jpg\"\n                     loading=\"lazy\"\n                     width=\"250\"\n                     height=\"150\" \/>\n            <\/a>\n        <\/div>\n        <h2 class=\"gallery-grid-album-lig1\">\n            <a class=\"ngg-album-desc\"\n               title=\"P\u00e1ginas de Thanos para colorir para crian\u00e7as\"\n               href=\"https:\/\/www.justcolor.net\/criancas\/paginas-para-colorir-super-herois\/thanos\/\">\n                Thanos            <\/a>\n        <\/h2>\n    <\/div>\n    <div class=\"gallery-grid-item\">\n        <div class=\"ngg-album-link\">\n            <a class=\"gallery_link\" href=\"https:\/\/www.justcolor.net\/criancas\/paginas-para-colorir-super-herois\/hulk\/\" title=\"P\u00e1ginas de Hulk para colorir e imprimir para crian\u00e7as\">\n                <img class=\"Thumb\"\n                     alt=\"P\u00e1ginas de Hulk para colorir e imprimir para crian\u00e7as\"\n                     src=\"https:\/\/www.justcolor.net\/criancas\/wp-content\/uploads\/sites\/26\/nggallery\/hulk\/cache\/paginas-para-colorir-para-criancas-hulk-63934.jpg-nggid041192-ngg0dyn-240x160x100-00f0w010c011r110f110r010t010.jpg\"\n                     loading=\"lazy\"\n                     width=\"250\"\n                     height=\"150\" \/>\n            <\/a>\n        <\/div>\n        <h2 class=\"gallery-grid-album-lig1\">\n            <a class=\"ngg-album-desc\"\n               title=\"P\u00e1ginas de Hulk para colorir para crian\u00e7as\"\n               href=\"https:\/\/www.justcolor.net\/criancas\/paginas-para-colorir-super-herois\/hulk\/\">\n                Hulk            <\/a>\n        <\/h2>\n    <\/div>\n    <div class=\"gallery-grid-item\">\n        <div class=\"ngg-album-link\">\n            <a class=\"gallery_link\" href=\"https:\/\/www.justcolor.net\/criancas\/paginas-para-colorir-super-herois\/capitan-marvel\/\" title=\"P\u00e1ginas de Captain Marvel para colorir e imprimir para crian\u00e7as\">\n                <img class=\"Thumb\"\n                     alt=\"P\u00e1ginas de Captain Marvel para colorir e imprimir para crian\u00e7as\"\n                     src=\"https:\/\/www.justcolor.net\/criancas\/wp-content\/uploads\/sites\/26\/nggallery\/capitan-marvel\/cache\/paginas-para-colorir-para-criancas-captain-marvel-59433.jpg-nggid046959-ngg0dyn-240x160x100-00f0w010c011r110f110r010t010.jpg\"\n                     loading=\"lazy\"\n                     width=\"250\"\n                     height=\"150\" \/>\n            <\/a>\n        <\/div>\n        <h2 class=\"gallery-grid-album-lig1\">\n            <a class=\"ngg-album-desc\"\n               title=\"P\u00e1ginas de Captain Marvel para colorir para crian\u00e7as\"\n               href=\"https:\/\/www.justcolor.net\/criancas\/paginas-para-colorir-super-herois\/capitan-marvel\/\">\n                Captain Marvel            <\/a>\n        <\/h2>\n    <\/div>\n    <div class=\"gallery-grid-item\">\n        <div class=\"ngg-album-link\">\n            <a class=\"gallery_link\" href=\"https:\/\/www.justcolor.net\/criancas\/paginas-para-colorir-super-herois\/capitan-america\/\" title=\"P\u00e1ginas de Captain America para colorir e imprimir para crian\u00e7as\">\n                <img class=\"Thumb\"\n                     alt=\"P\u00e1ginas de Captain America para colorir e imprimir para crian\u00e7as\"\n                     src=\"https:\/\/www.justcolor.net\/criancas\/wp-content\/uploads\/sites\/26\/nggallery\/capitan-america\/cache\/paginas-para-colorir-para-criancas-captain-america-55488.jpg-nggid046977-ngg0dyn-240x160x100-00f0w010c011r110f110r010t010.jpg\"\n                     loading=\"lazy\"\n                     width=\"250\"\n                     height=\"150\" \/>\n            <\/a>\n        <\/div>\n        <h2 class=\"gallery-grid-album-lig1\">\n            <a class=\"ngg-album-desc\"\n               title=\"P\u00e1ginas de Captain America para colorir para crian\u00e7as\"\n               href=\"https:\/\/www.justcolor.net\/criancas\/paginas-para-colorir-super-herois\/capitan-america\/\">\n                Captain America            <\/a>\n        <\/h2>\n    <\/div>\n    <div class=\"gallery-grid-item\">\n        <div class=\"ngg-album-link\">\n            <a class=\"gallery_link\" href=\"https:\/\/www.justcolor.net\/criancas\/paginas-para-colorir-super-herois\/thor\/\" title=\"P\u00e1ginas de Thor para colorir e imprimir para crian\u00e7as\">\n                <img class=\"Thumb\"\n                     alt=\"P\u00e1ginas de Thor para colorir e imprimir para crian\u00e7as\"\n                     src=\"https:\/\/www.justcolor.net\/criancas\/wp-content\/uploads\/sites\/26\/nggallery\/thor\/cache\/paginas-para-colorir-para-criancas-thor-16872.gif-nggid042421-ngg0dyn-240x160x100-00f0w010c011r110f110r010t010.gif\"\n                     loading=\"lazy\"\n                     width=\"250\"\n                     height=\"150\" \/>\n            <\/a>\n        <\/div>\n        <h2 class=\"gallery-grid-album-lig1\">\n            <a class=\"ngg-album-desc\"\n               title=\"P\u00e1ginas de Thor para colorir para crian\u00e7as\"\n               href=\"https:\/\/www.justcolor.net\/criancas\/paginas-para-colorir-super-herois\/thor\/\">\n                Thor            <\/a>\n        <\/h2>\n    <\/div>\n    <div class=\"gallery-grid-item\">\n        <div class=\"ngg-album-link\">\n            <a class=\"gallery_link\" href=\"https:\/\/www.justcolor.net\/criancas\/paginas-para-colorir-super-herois\/pantera-negra\/\" title=\"P\u00e1ginas de Black Panther para colorir e imprimir para crian\u00e7as\">\n                <img class=\"Thumb\"\n                     alt=\"P\u00e1ginas de Black Panther para colorir e imprimir para crian\u00e7as\"\n                     src=\"https:\/\/www.justcolor.net\/criancas\/wp-content\/uploads\/sites\/26\/nggallery\/pantera-negra\/cache\/paginas-para-colorir-para-criancas-black-panther-69870.jpeg-nggid049147-ngg0dyn-240x160x100-00f0w010c011r110f110r010t010.jpeg\"\n                     loading=\"lazy\"\n                     width=\"250\"\n                     height=\"150\" \/>\n            <\/a>\n        <\/div>\n        <h2 class=\"gallery-grid-album-lig1\">\n            <a class=\"ngg-album-desc\"\n               title=\"P\u00e1ginas de Black Panther para colorir para crian\u00e7as\"\n               href=\"https:\/\/www.justcolor.net\/criancas\/paginas-para-colorir-super-herois\/pantera-negra\/\">\n                Black Panther            <\/a>\n        <\/h2>\n    <\/div>\n    <div class=\"gallery-grid-item\">\n        <div class=\"ngg-album-link\">\n            <a class=\"gallery_link\" href=\"https:\/\/www.justcolor.net\/criancas\/paginas-para-colorir-super-herois\/iron-man\/\" title=\"P\u00e1ginas de Iron Man para colorir e imprimir para crian\u00e7as\">\n                <img class=\"Thumb\"\n                     alt=\"P\u00e1ginas de Iron Man para colorir e imprimir para crian\u00e7as\"\n                     src=\"https:\/\/www.justcolor.net\/criancas\/wp-content\/uploads\/sites\/26\/nggallery\/iron-man\/cache\/paginas-para-colorir-para-criancas-iron-man-62448.jpg-nggid03302-ngg0dyn-240x160x100-00f0w010c011r110f110r010t010.jpg\"\n                     loading=\"lazy\"\n                     width=\"250\"\n                     height=\"150\" \/>\n            <\/a>\n        <\/div>\n        <h2 class=\"gallery-grid-album-lig1\">\n            <a class=\"ngg-album-desc\"\n               title=\"P\u00e1ginas de Iron Man para colorir para crian\u00e7as\"\n               href=\"https:\/\/www.justcolor.net\/criancas\/paginas-para-colorir-super-herois\/iron-man\/\">\n                Iron Man            <\/a>\n        <\/h2>\n    <\/div>\n    <div class=\"gallery-grid-item\">\n        <div class=\"ngg-album-link\">\n            <a class=\"gallery_link\" href=\"https:\/\/www.justcolor.net\/criancas\/paginas-para-colorir-super-herois\/avengers\/\" title=\"P\u00e1ginas de Avengers para colorir e imprimir para crian\u00e7as\">\n                <img class=\"Thumb\"\n                     alt=\"P\u00e1ginas de Avengers para colorir e imprimir para crian\u00e7as\"\n                     src=\"https:\/\/www.justcolor.net\/criancas\/wp-content\/uploads\/sites\/26\/nggallery\/avengers\/cache\/paginas-para-colorir-para-criancas-avengers-4106.jpg-nggid03319-ngg0dyn-240x160x100-00f0w010c011r110f110r010t010.jpg\"\n                     loading=\"lazy\"\n                     width=\"250\"\n                     height=\"150\" \/>\n            <\/a>\n        <\/div>\n        <h2 class=\"gallery-grid-album-lig1\">\n            <a class=\"ngg-album-desc\"\n               title=\"P\u00e1ginas de Avengers para colorir para crian\u00e7as\"\n               href=\"https:\/\/www.justcolor.net\/criancas\/paginas-para-colorir-super-herois\/avengers\/\">\n                Avengers            <\/a>\n        <\/h2>\n    <\/div>\n<br class=\"ngg-clear\"\/>\n<div class='ngg-clear'><\/div><\/div>\n\n","protected":false},"excerpt":{"rendered":"<p>A <b>Marvel<\/b> se consolidou tanto no mundo dos quadrinhos quanto no cinema.<br \/>\nDesde sua estreia nos quadrinhos, a franquia introduziu personagens ic\u00f4nicos como Homem-Aranha, Homem de Ferro e os X-Men, cativando gera\u00e7\u00f5es de leitores com narrativas ricas e complexas. A adapta\u00e7\u00e3o cinematogr\u00e1fica desses her\u00f3is impulsionou a Marvel para o cen\u00e1rio global, criando um universo cinematogr\u00e1fico interconectado que redefiniu o g\u00eanero dos super-her\u00f3is. Os filmes da Marvel, caracterizados por efeitos especiais espetaculares e atua\u00e7\u00f5es cativantes, estenderam o legado dos quadrinhos \u00e0s telonas, garantindo um lugar ineg\u00e1vel na cultura popular contempor\u00e2nea.<\/p>\n","protected":false},"author":1,"featured_media":0,"parent":0,"menu_order":0,"comment_status":"closed","ping_status":"closed","template":"","meta":{"ngg_post_thumbnail":0,"footnotes":""},"tags":[],"class_list":["post-28504","page","type-page","status-publish"],"_links":{"self":[{"href":"https:\/\/www.justcolor.net\/criancas\/wp-json\/wp\/v2\/pages\/28504","targetHints":{"allow":["GET"]}}],"collection":[{"href":"https:\/\/www.justcolor.net\/criancas\/wp-json\/wp\/v2\/pages"}],"about":[{"href":"https:\/\/www.justcolor.net\/criancas\/wp-json\/wp\/v2\/types\/page"}],"author":[{"embeddable":true,"href":"https:\/\/www.justcolor.net\/criancas\/wp-json\/wp\/v2\/users\/1"}],"replies":[{"embeddable":true,"href":"https:\/\/www.justcolor.net\/criancas\/wp-json\/wp\/v2\/comments?post=28504"}],"version-history":[{"count":0,"href":"https:\/\/www.justcolor.net\/criancas\/wp-json\/wp\/v2\/pages\/28504\/revisions"}],"wp:attachment":[{"href":"https:\/\/www.justcolor.net\/criancas\/wp-json\/wp\/v2\/media?parent=28504"}],"wp:term":[{"taxonomy":"post_tag","embeddable":true,"href":"https:\/\/www.justcolor.net\/criancas\/wp-json\/wp\/v2\/tags?post=28504"}],"curies":[{"name":"wp","href":"https:\/\/api.w.org\/{rel}","templated":true}]}}