{"id":30052,"date":"2025-01-03T17:04:29","date_gmt":"2025-01-03T16:04:29","guid":{"rendered":"https:\/\/www.justcolor.net\/criancas\/kaws\/"},"modified":"2025-01-03T17:22:04","modified_gmt":"2025-01-03T16:22:04","slug":"kaws","status":"publish","type":"page","link":"https:\/\/www.justcolor.net\/criancas\/trabalhos-de-arte\/kaws\/","title":{"rendered":"Kaws"},"content":{"rendered":"<p>no images were found<\/p>\n\n","protected":false},"excerpt":{"rendered":"<p><b>Kaws<\/b>, tamb\u00e9m conhecido como Brian Donnelly, \u00e9 um artista contempor\u00e2neo americano cujo trabalho \u00e9 fortemente influenciado pela cultura pop. Seu estilo \u00fanico mistura elementos de quadrinhos, grafite e publicidade para criar obras ic\u00f4nicas.<br \/>\nCom seus personagens ic\u00f4nicos como Kaws Companion e Kaws BFF, ele conquistou renome mundial e se estabeleceu como uma figura importante na cena art\u00edstica moderna.<\/p>\n","protected":false},"author":1,"featured_media":0,"parent":2442,"menu_order":0,"comment_status":"closed","ping_status":"closed","template":"","meta":{"ngg_post_thumbnail":0,"footnotes":""},"tags":[993],"class_list":{"0":"post-30052","1":"page","2":"type-page","3":"status-publish","5":"tag-gallery"},"_links":{"self":[{"href":"https:\/\/www.justcolor.net\/criancas\/wp-json\/wp\/v2\/pages\/30052","targetHints":{"allow":["GET"]}}],"collection":[{"href":"https:\/\/www.justcolor.net\/criancas\/wp-json\/wp\/v2\/pages"}],"about":[{"href":"https:\/\/www.justcolor.net\/criancas\/wp-json\/wp\/v2\/types\/page"}],"author":[{"embeddable":true,"href":"https:\/\/www.justcolor.net\/criancas\/wp-json\/wp\/v2\/users\/1"}],"replies":[{"embeddable":true,"href":"https:\/\/www.justcolor.net\/criancas\/wp-json\/wp\/v2\/comments?post=30052"}],"version-history":[{"count":0,"href":"https:\/\/www.justcolor.net\/criancas\/wp-json\/wp\/v2\/pages\/30052\/revisions"}],"up":[{"embeddable":true,"href":"https:\/\/www.justcolor.net\/criancas\/wp-json\/wp\/v2\/pages\/2442"}],"wp:attachment":[{"href":"https:\/\/www.justcolor.net\/criancas\/wp-json\/wp\/v2\/media?parent=30052"}],"wp:term":[{"taxonomy":"post_tag","embeddable":true,"href":"https:\/\/www.justcolor.net\/criancas\/wp-json\/wp\/v2\/tags?post=30052"}],"curies":[{"name":"wp","href":"https:\/\/api.w.org\/{rel}","templated":true}]}}