{"id":31303,"date":"2025-05-02T09:55:29","date_gmt":"2025-05-02T07:55:29","guid":{"rendered":"https:\/\/www.justcolor.net\/criancas\/cochon-dinde\/"},"modified":"2025-05-02T09:55:29","modified_gmt":"2025-05-02T07:55:29","slug":"guinea-pig","status":"publish","type":"page","link":"https:\/\/www.justcolor.net\/criancas\/paginas-para-colorir-animal\/guinea-pig\/","title":{"rendered":"Guinea pig"},"content":{"rendered":"<p>no images were found<\/p>\n\n","protected":false},"excerpt":{"rendered":"<p>O <strong>porquinho-da-\u00edndia<\/strong> \u00e9 um pequeno roedor dom\u00e9stico origin\u00e1rio dos Andes, apreciado por sua natureza soci\u00e1vel e apar\u00eancia ador\u00e1vel. Al\u00e9m de ser um \u00f3timo companheiro, o <strong>porquinho-da-\u00edndia<\/strong> \u00e9 frequentemente utilizado em pesquisas cient\u00edficas devido \u00e0s suas caracter\u00edsticas fisiol\u00f3gicas \u00fanicas.<br \/>\nAl\u00e9m de sua popularidade como animal de estima\u00e7\u00e3o, o <strong>porquinho-da-\u00edndia<\/strong> tamb\u00e9m desempenha um papel cultural importante em algumas regi\u00f5es do mundo.<\/p>\n","protected":false},"author":1,"featured_media":0,"parent":60,"menu_order":0,"comment_status":"closed","ping_status":"closed","template":"","meta":{"ngg_post_thumbnail":0,"footnotes":""},"tags":[993],"class_list":{"0":"post-31303","1":"page","2":"type-page","3":"status-publish","5":"tag-gallery"},"_links":{"self":[{"href":"https:\/\/www.justcolor.net\/criancas\/wp-json\/wp\/v2\/pages\/31303","targetHints":{"allow":["GET"]}}],"collection":[{"href":"https:\/\/www.justcolor.net\/criancas\/wp-json\/wp\/v2\/pages"}],"about":[{"href":"https:\/\/www.justcolor.net\/criancas\/wp-json\/wp\/v2\/types\/page"}],"author":[{"embeddable":true,"href":"https:\/\/www.justcolor.net\/criancas\/wp-json\/wp\/v2\/users\/1"}],"replies":[{"embeddable":true,"href":"https:\/\/www.justcolor.net\/criancas\/wp-json\/wp\/v2\/comments?post=31303"}],"version-history":[{"count":1,"href":"https:\/\/www.justcolor.net\/criancas\/wp-json\/wp\/v2\/pages\/31303\/revisions"}],"predecessor-version":[{"id":31314,"href":"https:\/\/www.justcolor.net\/criancas\/wp-json\/wp\/v2\/pages\/31303\/revisions\/31314"}],"up":[{"embeddable":true,"href":"https:\/\/www.justcolor.net\/criancas\/wp-json\/wp\/v2\/pages\/60"}],"wp:attachment":[{"href":"https:\/\/www.justcolor.net\/criancas\/wp-json\/wp\/v2\/media?parent=31303"}],"wp:term":[{"taxonomy":"post_tag","embeddable":true,"href":"https:\/\/www.justcolor.net\/criancas\/wp-json\/wp\/v2\/tags?post=31303"}],"curies":[{"name":"wp","href":"https:\/\/api.w.org\/{rel}","templated":true}]}}