{"id":31307,"date":"2025-05-02T09:55:29","date_gmt":"2025-05-02T07:55:29","guid":{"rendered":"https:\/\/www.justcolor.net\/criancas\/lisa-frank\/"},"modified":"2025-05-02T09:55:29","modified_gmt":"2025-05-02T07:55:29","slug":"lisa-frank","status":"publish","type":"page","link":"https:\/\/www.justcolor.net\/criancas\/coloracao-tematica\/lisa-frank\/","title":{"rendered":"Lisa Frank"},"content":{"rendered":"<p>no images were found<\/p>\n\n","protected":false},"excerpt":{"rendered":"<p>Desde a d\u00e9cada de 1980, <STRONG>Lisa Frank<\/STRONG> \u00e9 sin\u00f4nimo de um universo colorido e fantasioso que marcou a inf\u00e2ncia de muitos entusiastas de papelaria. A est\u00e9tica vibrante e alegre de <STRONG>Lisa Frank<\/STRONG> pode ser encontrada em uma gama de produtos que v\u00e3o desde adesivos at\u00e9 materiais escolares.<br \/>\nAt\u00e9 hoje, a influ\u00eancia de <STRONG>Lisa Frank<\/STRONG> continua a inspirar um sentimento de nostalgia e criatividade.<\/p>\n","protected":false},"author":1,"featured_media":0,"parent":66,"menu_order":0,"comment_status":"closed","ping_status":"closed","template":"","meta":{"ngg_post_thumbnail":0,"footnotes":""},"tags":[993],"class_list":{"0":"post-31307","1":"page","2":"type-page","3":"status-publish","5":"tag-gallery"},"_links":{"self":[{"href":"https:\/\/www.justcolor.net\/criancas\/wp-json\/wp\/v2\/pages\/31307","targetHints":{"allow":["GET"]}}],"collection":[{"href":"https:\/\/www.justcolor.net\/criancas\/wp-json\/wp\/v2\/pages"}],"about":[{"href":"https:\/\/www.justcolor.net\/criancas\/wp-json\/wp\/v2\/types\/page"}],"author":[{"embeddable":true,"href":"https:\/\/www.justcolor.net\/criancas\/wp-json\/wp\/v2\/users\/1"}],"replies":[{"embeddable":true,"href":"https:\/\/www.justcolor.net\/criancas\/wp-json\/wp\/v2\/comments?post=31307"}],"version-history":[{"count":1,"href":"https:\/\/www.justcolor.net\/criancas\/wp-json\/wp\/v2\/pages\/31307\/revisions"}],"predecessor-version":[{"id":31310,"href":"https:\/\/www.justcolor.net\/criancas\/wp-json\/wp\/v2\/pages\/31307\/revisions\/31310"}],"up":[{"embeddable":true,"href":"https:\/\/www.justcolor.net\/criancas\/wp-json\/wp\/v2\/pages\/66"}],"wp:attachment":[{"href":"https:\/\/www.justcolor.net\/criancas\/wp-json\/wp\/v2\/media?parent=31307"}],"wp:term":[{"taxonomy":"post_tag","embeddable":true,"href":"https:\/\/www.justcolor.net\/criancas\/wp-json\/wp\/v2\/tags?post=31307"}],"curies":[{"name":"wp","href":"https:\/\/api.w.org\/{rel}","templated":true}]}}