{"id":31753,"date":"2026-01-20T01:30:50","date_gmt":"2026-01-20T00:30:50","guid":{"rendered":"https:\/\/www.justcolor.net\/criancas\/?page_id=31753"},"modified":"2026-01-20T01:30:50","modified_gmt":"2026-01-20T00:30:50","slug":"k-culture","status":"publish","type":"page","link":"https:\/\/www.justcolor.net\/criancas\/k-culture\/","title":{"rendered":"K-Culture"},"content":{"rendered":"\n<div class=\"gallery-grid\">\n    <div class=\"gallery-grid-item\">\n        <div class=\"ngg-album-link\">\n            <a class=\"gallery_link\" href=\"https:\/\/www.justcolor.net\/criancas\/k-culture\/demon-slayer-k-pop\/\" title=\"P\u00e1ginas de Demon Slayer K-Pop para colorir e imprimir para crian\u00e7as\">\n                <img class=\"Thumb\"\n                     alt=\"P\u00e1ginas de Demon Slayer K-Pop para colorir e imprimir para crian\u00e7as\"\n                     src=\"https:\/\/www.justcolor.net\/criancas\/wp-content\/uploads\/sites\/26\/nggallery\/demon-slayer-k-pop\/thumbs\/thumbs_desenhos-para-colorir-para-criancas-k-pop-demon-hunters-21234.jpg\"\n                     loading=\"lazy\"\n                     width=\"250\"\n                     height=\"150\" \/>\n            <\/a>\n        <\/div>\n        <h2 class=\"gallery-grid-album-lig1\">\n            <a class=\"ngg-album-desc\"\n               title=\"P\u00e1ginas de Demon Slayer K-Pop para colorir para crian\u00e7as\"\n               href=\"https:\/\/www.justcolor.net\/criancas\/k-culture\/demon-slayer-k-pop\/\">\n                Demon Slayer K-Pop            <\/a>\n        <\/h2>\n    <\/div>\n    <div class=\"gallery-grid-item\">\n        <div class=\"ngg-album-link\">\n            <a class=\"gallery_link\" href=\"https:\/\/www.justcolor.net\/criancas\/k-culture\/hanbok\/\" title=\"P\u00e1ginas de Hanbok para colorir e imprimir para crian\u00e7as\">\n                <img class=\"Thumb\"\n                     alt=\"P\u00e1ginas de Hanbok para colorir e imprimir para crian\u00e7as\"\n                     src=\"https:\/\/www.justcolor.net\/criancas\/wp-content\/uploads\/sites\/26\/nggallery\/hanbok\/thumbs\/thumbs_desenhos-para-colorir-para-criancas-hanbok-30103.jpg\"\n                     loading=\"lazy\"\n                     width=\"250\"\n                     height=\"150\" \/>\n            <\/a>\n        <\/div>\n        <h2 class=\"gallery-grid-album-lig1\">\n            <a class=\"ngg-album-desc\"\n               title=\"P\u00e1ginas de Hanbok para colorir para crian\u00e7as\"\n               href=\"https:\/\/www.justcolor.net\/criancas\/k-culture\/hanbok\/\">\n                Hanbok            <\/a>\n        <\/h2>\n    <\/div>\n    <div class=\"gallery-grid-item\">\n        <div class=\"ngg-album-link\">\n            <a class=\"gallery_link\" href=\"https:\/\/www.justcolor.net\/criancas\/k-culture\/festivals-and-traditions\/\" title=\"P\u00e1ginas de Festivais e Tradi\u00e7\u00f5es coreanas para colorir e imprimir para crian\u00e7as\">\n                <img class=\"Thumb\"\n                     alt=\"P\u00e1ginas de Festivais e Tradi\u00e7\u00f5es coreanas para colorir e imprimir para crian\u00e7as\"\n                     src=\"https:\/\/www.justcolor.net\/criancas\/wp-content\/uploads\/sites\/26\/nggallery\/festivals-traditions\/thumbs\/thumbs_desenhos-para-colorir-para-criancas-festivals-traditions-87196.jpg\"\n                     loading=\"lazy\"\n                     width=\"250\"\n                     height=\"150\" \/>\n            <\/a>\n        <\/div>\n        <h2 class=\"gallery-grid-album-lig1\">\n            <a class=\"ngg-album-desc\"\n               title=\"P\u00e1ginas de Festivais e Tradi\u00e7\u00f5es coreanas para colorir para crian\u00e7as\"\n               href=\"https:\/\/www.justcolor.net\/criancas\/k-culture\/festivals-and-traditions\/\">\n                Festivais e Tradi\u00e7\u00f5es coreanas            <\/a>\n        <\/h2>\n    <\/div>\n    <div class=\"gallery-grid-item\">\n        <div class=\"ngg-album-link\">\n            <a class=\"gallery_link\" href=\"https:\/\/www.justcolor.net\/criancas\/k-culture\/alone\/\" title=\"P\u00e1ginas de Alone para colorir e imprimir para crian\u00e7as\">\n                <img class=\"Thumb\"\n                     alt=\"P\u00e1ginas de Alone para colorir e imprimir para crian\u00e7as\"\n                     src=\"https:\/\/www.justcolor.net\/criancas\/wp-content\/uploads\/sites\/26\/nggallery\/alone\/thumbs\/thumbs_desenhos-para-colorir-para-criancas-alone-40092.jpg\"\n                     loading=\"lazy\"\n                     width=\"250\"\n                     height=\"150\" \/>\n            <\/a>\n        <\/div>\n        <h2 class=\"gallery-grid-album-lig1\">\n            <a class=\"ngg-album-desc\"\n               title=\"P\u00e1ginas de Alone para colorir para crian\u00e7as\"\n               href=\"https:\/\/www.justcolor.net\/criancas\/k-culture\/alone\/\">\n                Alone            <\/a>\n        <\/h2>\n    <\/div>\n    <div class=\"gallery-grid-item\">\n        <div class=\"ngg-album-link\">\n            <a class=\"gallery_link\" href=\"https:\/\/www.justcolor.net\/criancas\/k-culture\/korean-food-culture\/\" title=\"P\u00e1ginas de Korean food culture para colorir e imprimir para crian\u00e7as\">\n                <img class=\"Thumb\"\n                     alt=\"P\u00e1ginas de Korean food culture para colorir e imprimir para crian\u00e7as\"\n                     src=\"https:\/\/www.justcolor.net\/criancas\/wp-content\/uploads\/sites\/26\/nggallery\/korean-food-culture\/thumbs\/thumbs_desenhos-para-colorir-para-criancas-cultura-alimentar-coreana-4723.jpg\"\n                     loading=\"lazy\"\n                     width=\"250\"\n                     height=\"150\" \/>\n            <\/a>\n        <\/div>\n        <h2 class=\"gallery-grid-album-lig1\">\n            <a class=\"ngg-album-desc\"\n               title=\"P\u00e1ginas de Korean food culture para colorir para crian\u00e7as\"\n               href=\"https:\/\/www.justcolor.net\/criancas\/k-culture\/korean-food-culture\/\">\n                Korean food culture            <\/a>\n        <\/h2>\n    <\/div>\n    <div class=\"gallery-grid-item\">\n        <div class=\"ngg-album-link\">\n            <a class=\"gallery_link\" href=\"https:\/\/www.justcolor.net\/criancas\/k-culture\/k-drama\/\" title=\"P\u00e1ginas de K-drama para colorir e imprimir para crian\u00e7as\">\n                <img class=\"Thumb\"\n                     alt=\"P\u00e1ginas de K-drama para colorir e imprimir para crian\u00e7as\"\n                     src=\"https:\/\/www.justcolor.net\/criancas\/wp-content\/uploads\/sites\/26\/nggallery\/k-drama\/thumbs\/thumbs_desenhos-para-colorir-para-criancas-k-drama-82942.jpg\"\n                     loading=\"lazy\"\n                     width=\"250\"\n                     height=\"150\" \/>\n            <\/a>\n        <\/div>\n        <h2 class=\"gallery-grid-album-lig1\">\n            <a class=\"ngg-album-desc\"\n               title=\"P\u00e1ginas de K-drama para colorir para crian\u00e7as\"\n               href=\"https:\/\/www.justcolor.net\/criancas\/k-culture\/k-drama\/\">\n                K-drama            <\/a>\n        <\/h2>\n    <\/div>\n    <div class=\"gallery-grid-item\">\n        <div class=\"ngg-album-link\">\n            <a class=\"gallery_link\" href=\"https:\/\/www.justcolor.net\/criancas\/k-culture\/k-pop\/\" title=\"P\u00e1ginas de K-pop para colorir e imprimir para crian\u00e7as\">\n                <img class=\"Thumb\"\n                     alt=\"P\u00e1ginas de K-pop para colorir e imprimir para crian\u00e7as\"\n                     src=\"https:\/\/www.justcolor.net\/criancas\/wp-content\/uploads\/sites\/26\/nggallery\/k-pop\/thumbs\/thumbs_desenhos-para-colorir-para-criancas-k-pop-62690.jpg\"\n                     loading=\"lazy\"\n                     width=\"250\"\n                     height=\"150\" \/>\n            <\/a>\n        <\/div>\n        <h2 class=\"gallery-grid-album-lig1\">\n            <a class=\"ngg-album-desc\"\n               title=\"P\u00e1ginas de K-pop para colorir para crian\u00e7as\"\n               href=\"https:\/\/www.justcolor.net\/criancas\/k-culture\/k-pop\/\">\n                K-pop            <\/a>\n        <\/h2>\n    <\/div>\n<br class=\"ngg-clear\"\/>\n<div class='ngg-clear'><\/div><\/div>\n\n","protected":false},"excerpt":{"rendered":"","protected":false},"author":1,"featured_media":0,"parent":0,"menu_order":0,"comment_status":"closed","ping_status":"closed","template":"","meta":{"ngg_post_thumbnail":0,"footnotes":""},"tags":[3423],"class_list":{"0":"post-31753","1":"page","2":"type-page","3":"status-publish","5":"tag-supergallery"},"_links":{"self":[{"href":"https:\/\/www.justcolor.net\/criancas\/wp-json\/wp\/v2\/pages\/31753","targetHints":{"allow":["GET"]}}],"collection":[{"href":"https:\/\/www.justcolor.net\/criancas\/wp-json\/wp\/v2\/pages"}],"about":[{"href":"https:\/\/www.justcolor.net\/criancas\/wp-json\/wp\/v2\/types\/page"}],"author":[{"embeddable":true,"href":"https:\/\/www.justcolor.net\/criancas\/wp-json\/wp\/v2\/users\/1"}],"replies":[{"embeddable":true,"href":"https:\/\/www.justcolor.net\/criancas\/wp-json\/wp\/v2\/comments?post=31753"}],"version-history":[{"count":10,"href":"https:\/\/www.justcolor.net\/criancas\/wp-json\/wp\/v2\/pages\/31753\/revisions"}],"predecessor-version":[{"id":31791,"href":"https:\/\/www.justcolor.net\/criancas\/wp-json\/wp\/v2\/pages\/31753\/revisions\/31791"}],"wp:attachment":[{"href":"https:\/\/www.justcolor.net\/criancas\/wp-json\/wp\/v2\/media?parent=31753"}],"wp:term":[{"taxonomy":"post_tag","embeddable":true,"href":"https:\/\/www.justcolor.net\/criancas\/wp-json\/wp\/v2\/tags?post=31753"}],"curies":[{"name":"wp","href":"https:\/\/api.w.org\/{rel}","templated":true}]}}