{"id":58,"date":"2013-09-25T09:53:44","date_gmt":"2013-09-25T08:53:44","guid":{"rendered":"https:\/\/www.justcolor.net\/criancas\/?page_id=58"},"modified":"2017-11-06T16:09:32","modified_gmt":"2017-11-06T15:09:32","slug":"coloracao-educacional","status":"publish","type":"page","link":"https:\/\/www.justcolor.net\/criancas\/coloracao-educacional\/","title":{"rendered":"Educativo"},"content":{"rendered":"<div class=\"gallery-grid\">\n    <div class=\"gallery-grid-item\">\n        <div class=\"ngg-album-link\">\n            <a class=\"gallery_link\" href=\"https:\/\/www.justcolor.net\/criancas\/coloracao-educacional\/alfabeto\/\" title=\"P\u00e1ginas de Alfabeto para colorir e imprimir para crian\u00e7as\">\n                <img class=\"Thumb\"\n                     alt=\"P\u00e1ginas de Alfabeto para colorir e imprimir para crian\u00e7as\"\n                     src=\"https:\/\/www.justcolor.net\/criancas\/wp-content\/uploads\/sites\/26\/nggallery\/alfabeto\/cache\/paginas-para-colorir-para-criancas-alfabeto-92463.jpg-nggid017-ngg0dyn-182x136-00f0w010c011r110f110r010t010.jpg\"\n                     loading=\"lazy\"\n                     width=\"250\"\n                     height=\"150\" \/>\n            <\/a>\n        <\/div>\n        <h2 class=\"gallery-grid-album-lig1\">\n            <a class=\"ngg-album-desc\"\n               title=\"P\u00e1ginas de Alfabeto para colorir para crian\u00e7as\"\n               href=\"https:\/\/www.justcolor.net\/criancas\/coloracao-educacional\/alfabeto\/\">\n                Alfabeto            <\/a>\n        <\/h2>\n    <\/div>\n    <div class=\"gallery-grid-item\">\n        <div class=\"ngg-album-link\">\n            <a class=\"gallery_link\" href=\"https:\/\/www.justcolor.net\/criancas\/coloracao-educacional\/arte-doodle\/\" title=\"P\u00e1ginas de Arte doodle para colorir e imprimir para crian\u00e7as\">\n                <img class=\"Thumb\"\n                     alt=\"P\u00e1ginas de Arte doodle para colorir e imprimir para crian\u00e7as\"\n                     src=\"https:\/\/www.justcolor.net\/criancas\/wp-content\/uploads\/sites\/26\/nggallery\/arte-doodle\/cache\/paginas-para-colorir-para-criancas-arte-doodle-18076.jpg-nggid045401-ngg0dyn-182x136-00f0w010c011r110f110r010t010.jpg\"\n                     loading=\"lazy\"\n                     width=\"250\"\n                     height=\"150\" \/>\n            <\/a>\n        <\/div>\n        <h2 class=\"gallery-grid-album-lig1\">\n            <a class=\"ngg-album-desc\"\n               title=\"P\u00e1ginas de Arte doodle para colorir para crian\u00e7as\"\n               href=\"https:\/\/www.justcolor.net\/criancas\/coloracao-educacional\/arte-doodle\/\">\n                Arte doodle            <\/a>\n        <\/h2>\n    <\/div>\n    <div class=\"gallery-grid-item\">\n        <div class=\"ngg-album-link\">\n            <a class=\"gallery_link\" href=\"https:\/\/www.justcolor.net\/criancas\/coloracao-educacional\/cities\/\" title=\"P\u00e1ginas de Cities para colorir e imprimir para crian\u00e7as\">\n                <img class=\"Thumb\"\n                     alt=\"P\u00e1ginas de Cities para colorir e imprimir para crian\u00e7as\"\n                     src=\"https:\/\/www.justcolor.net\/criancas\/wp-content\/uploads\/sites\/26\/nggallery\/cities\/cache\/desenhos-para-colorir-para-criancas-cidades-82035.jpg-nggid0511857-ngg0dyn-182x136-00f0w010c011r110f110r010t010.jpg\"\n                     loading=\"lazy\"\n                     width=\"250\"\n                     height=\"150\" \/>\n            <\/a>\n        <\/div>\n        <h2 class=\"gallery-grid-album-lig1\">\n            <a class=\"ngg-album-desc\"\n               title=\"P\u00e1ginas de Cities para colorir para crian\u00e7as\"\n               href=\"https:\/\/www.justcolor.net\/criancas\/coloracao-educacional\/cities\/\">\n                Cities            <\/a>\n        <\/h2>\n    <\/div>\n    <div class=\"gallery-grid-item\">\n        <div class=\"ngg-album-link\">\n            <a class=\"gallery_link\" href=\"https:\/\/www.justcolor.net\/criancas\/coloracao-educacional\/corpo-humano\/\" title=\"P\u00e1ginas de Corpo humano para colorir e imprimir para crian\u00e7as\">\n                <img class=\"Thumb\"\n                     alt=\"P\u00e1ginas de Corpo humano para colorir e imprimir para crian\u00e7as\"\n                     src=\"https:\/\/www.justcolor.net\/criancas\/wp-content\/uploads\/sites\/26\/nggallery\/corps-humain\/cache\/desenhos-para-colorir-para-criancas-corps-humain-69139.jpg-nggid0511355-ngg0dyn-182x136-00f0w010c011r110f110r010t010.jpg\"\n                     loading=\"lazy\"\n                     width=\"250\"\n                     height=\"150\" \/>\n            <\/a>\n        <\/div>\n        <h2 class=\"gallery-grid-album-lig1\">\n            <a class=\"ngg-album-desc\"\n               title=\"P\u00e1ginas de Corpo humano para colorir para crian\u00e7as\"\n               href=\"https:\/\/www.justcolor.net\/criancas\/coloracao-educacional\/corpo-humano\/\">\n                Corpo humano            <\/a>\n        <\/h2>\n    <\/div>\n    <div class=\"gallery-grid-item\">\n        <div class=\"ngg-album-link\">\n            <a class=\"gallery_link\" href=\"https:\/\/www.justcolor.net\/criancas\/coloracao-educacional\/country\/\" title=\"P\u00e1ginas de Country para colorir e imprimir para crian\u00e7as\">\n                <img class=\"Thumb\"\n                     alt=\"P\u00e1ginas de Country para colorir e imprimir para crian\u00e7as\"\n                     src=\"https:\/\/www.justcolor.net\/criancas\/wp-content\/uploads\/sites\/26\/nggallery\/country\/cache\/desenhos-para-colorir-para-criancas-pais-25345.jpg-nggid0511860-ngg0dyn-182x136-00f0w010c011r110f110r010t010.jpg\"\n                     loading=\"lazy\"\n                     width=\"250\"\n                     height=\"150\" \/>\n            <\/a>\n        <\/div>\n        <h2 class=\"gallery-grid-album-lig1\">\n            <a class=\"ngg-album-desc\"\n               title=\"P\u00e1ginas de Country para colorir para crian\u00e7as\"\n               href=\"https:\/\/www.justcolor.net\/criancas\/coloracao-educacional\/country\/\">\n                Country            <\/a>\n        <\/h2>\n    <\/div>\n    <div class=\"gallery-grid-item\">\n        <div class=\"ngg-album-link\">\n            <a class=\"gallery_link\" href=\"https:\/\/www.justcolor.net\/criancas\/coloracao-educacional\/figuras\/\" title=\"P\u00e1ginas de Figuras para colorir e imprimir para crian\u00e7as\">\n                <img class=\"Thumb\"\n                     alt=\"P\u00e1ginas de Figuras para colorir e imprimir para crian\u00e7as\"\n                     src=\"https:\/\/www.justcolor.net\/criancas\/wp-content\/uploads\/sites\/26\/nggallery\/figuras\/cache\/paginas-para-colorir-para-criancas-figuras-7782.jpg-nggid0272-ngg0dyn-182x136-00f0w010c011r110f110r010t010.jpg\"\n                     loading=\"lazy\"\n                     width=\"250\"\n                     height=\"150\" \/>\n            <\/a>\n        <\/div>\n        <h2 class=\"gallery-grid-album-lig1\">\n            <a class=\"ngg-album-desc\"\n               title=\"P\u00e1ginas de Figuras para colorir para crian\u00e7as\"\n               href=\"https:\/\/www.justcolor.net\/criancas\/coloracao-educacional\/figuras\/\">\n                Figuras            <\/a>\n        <\/h2>\n    <\/div>\n    <div class=\"gallery-grid-item\">\n        <div class=\"ngg-album-link\">\n            <a class=\"gallery_link\" href=\"https:\/\/www.justcolor.net\/criancas\/coloracao-educacional\/formas\/\" title=\"P\u00e1ginas de Formas para colorir e imprimir para crian\u00e7as\">\n                <img class=\"Thumb\"\n                     alt=\"P\u00e1ginas de Formas para colorir e imprimir para crian\u00e7as\"\n                     src=\"https:\/\/www.justcolor.net\/criancas\/wp-content\/uploads\/sites\/26\/nggallery\/formas\/cache\/paginas-para-colorir-para-criancas-formas-15628.gif-nggid0268-ngg0dyn-182x136-00f0w010c011r110f110r010t010.gif\"\n                     loading=\"lazy\"\n                     width=\"250\"\n                     height=\"150\" \/>\n            <\/a>\n        <\/div>\n        <h2 class=\"gallery-grid-album-lig1\">\n            <a class=\"ngg-album-desc\"\n               title=\"P\u00e1ginas de Formas para colorir para crian\u00e7as\"\n               href=\"https:\/\/www.justcolor.net\/criancas\/coloracao-educacional\/formas\/\">\n                Formas            <\/a>\n        <\/h2>\n    <\/div>\n    <div class=\"gallery-grid-item\">\n        <div class=\"ngg-album-link\">\n            <a class=\"gallery_link\" href=\"https:\/\/www.justcolor.net\/criancas\/coloracao-educacional\/frutas-e-vegetais\/\" title=\"P\u00e1ginas de Frutas e vegetais para colorir e imprimir para crian\u00e7as\">\n                <img class=\"Thumb\"\n                     alt=\"P\u00e1ginas de Frutas e vegetais para colorir e imprimir para crian\u00e7as\"\n                     src=\"https:\/\/www.justcolor.net\/criancas\/wp-content\/uploads\/sites\/26\/nggallery\/frutas-e-vegetais\/cache\/paginas-para-colorir-para-criancas-frutas-e-vegetais-75897.gif-nggid041132-ngg0dyn-182x136-00f0w010c011r110f110r010t010.gif\"\n                     loading=\"lazy\"\n                     width=\"250\"\n                     height=\"150\" \/>\n            <\/a>\n        <\/div>\n        <h2 class=\"gallery-grid-album-lig1\">\n            <a class=\"ngg-album-desc\"\n               title=\"P\u00e1ginas de Frutas e vegetais para colorir para crian\u00e7as\"\n               href=\"https:\/\/www.justcolor.net\/criancas\/coloracao-educacional\/frutas-e-vegetais\/\">\n                Frutas e vegetais            <\/a>\n        <\/h2>\n    <\/div>\n    <div class=\"gallery-grid-item\">\n        <div class=\"ngg-album-link\">\n            <a class=\"gallery_link\" href=\"https:\/\/www.justcolor.net\/criancas\/coloracao-educacional\/jogos-de-palavras\/\" title=\"P\u00e1ginas de Jogos de palavras para colorir e imprimir para crian\u00e7as\">\n                <img class=\"Thumb\"\n                     alt=\"P\u00e1ginas de Jogos de palavras para colorir e imprimir para crian\u00e7as\"\n                     src=\"https:\/\/www.justcolor.net\/criancas\/wp-content\/uploads\/sites\/26\/nggallery\/jogos-de-palavras\/cache\/paginas-para-colorir-para-criancas-jogos-de-palavras-56858.jpg-nggid03186-ngg0dyn-182x136-00f0w010c011r110f110r010t010.jpg\"\n                     loading=\"lazy\"\n                     width=\"250\"\n                     height=\"150\" \/>\n            <\/a>\n        <\/div>\n        <h2 class=\"gallery-grid-album-lig1\">\n            <a class=\"ngg-album-desc\"\n               title=\"P\u00e1ginas de Jogos de palavras para colorir para crian\u00e7as\"\n               href=\"https:\/\/www.justcolor.net\/criancas\/coloracao-educacional\/jogos-de-palavras\/\">\n                Jogos de palavras            <\/a>\n        <\/h2>\n    <\/div>\n    <div class=\"gallery-grid-item\">\n        <div class=\"ngg-album-link\">\n            <a class=\"gallery_link\" href=\"https:\/\/www.justcolor.net\/criancas\/coloracao-educacional\/labirintimos\/\" title=\"P\u00e1ginas de Labir\u00edntimos para colorir e imprimir para crian\u00e7as\">\n                <img class=\"Thumb\"\n                     alt=\"P\u00e1ginas de Labir\u00edntimos para colorir e imprimir para crian\u00e7as\"\n                     src=\"https:\/\/www.justcolor.net\/criancas\/wp-content\/uploads\/sites\/26\/nggallery\/labirintimos\/cache\/paginas-para-colorir-para-criancas-labirintimos-5293.jpg-nggid0276-ngg0dyn-182x136-00f0w010c011r110f110r010t010.jpg\"\n                     loading=\"lazy\"\n                     width=\"250\"\n                     height=\"150\" \/>\n            <\/a>\n        <\/div>\n        <h2 class=\"gallery-grid-album-lig1\">\n            <a class=\"ngg-album-desc\"\n               title=\"P\u00e1ginas de Labir\u00edntimos para colorir para crian\u00e7as\"\n               href=\"https:\/\/www.justcolor.net\/criancas\/coloracao-educacional\/labirintimos\/\">\n                Labir\u00edntimos            <\/a>\n        <\/h2>\n    <\/div>\n    <div class=\"gallery-grid-item\">\n        <div class=\"ngg-album-link\">\n            <a class=\"gallery_link\" href=\"https:\/\/www.justcolor.net\/criancas\/coloracao-educacional\/mandalas\/\" title=\"P\u00e1ginas de Mandalas para colorir e imprimir para crian\u00e7as\">\n                <img class=\"Thumb\"\n                     alt=\"P\u00e1ginas de Mandalas para colorir e imprimir para crian\u00e7as\"\n                     src=\"https:\/\/www.justcolor.net\/criancas\/wp-content\/uploads\/sites\/26\/nggallery\/mandalas\/cache\/paginas-para-colorir-para-criancas-mandalas-45824.gif-nggid03246-ngg0dyn-182x136-00f0w010c011r110f110r010t010.gif\"\n                     loading=\"lazy\"\n                     width=\"250\"\n                     height=\"150\" \/>\n            <\/a>\n        <\/div>\n        <h2 class=\"gallery-grid-album-lig1\">\n            <a class=\"ngg-album-desc\"\n               title=\"P\u00e1ginas de Mandalas para colorir para crian\u00e7as\"\n               href=\"https:\/\/www.justcolor.net\/criancas\/coloracao-educacional\/mandalas\/\">\n                Mandalas            <\/a>\n        <\/h2>\n    <\/div>\n    <div class=\"gallery-grid-item\">\n        <div class=\"ngg-album-link\">\n            <a class=\"gallery_link\" href=\"https:\/\/www.justcolor.net\/criancas\/coloracao-educacional\/outono\/\" title=\"P\u00e1ginas de Outono para colorir e imprimir para crian\u00e7as\">\n                <img class=\"Thumb\"\n                     alt=\"P\u00e1ginas de Outono para colorir e imprimir para crian\u00e7as\"\n                     src=\"https:\/\/www.justcolor.net\/criancas\/wp-content\/uploads\/sites\/26\/nggallery\/automne\/cache\/desenhos-para-colorir-para-criancas-automne-59486.jpg-nggid0511756-ngg0dyn-182x136-00f0w010c011r110f110r010t010.jpg\"\n                     loading=\"lazy\"\n                     width=\"250\"\n                     height=\"150\" \/>\n            <\/a>\n        <\/div>\n        <h2 class=\"gallery-grid-album-lig1\">\n            <a class=\"ngg-album-desc\"\n               title=\"P\u00e1ginas de Outono para colorir para crian\u00e7as\"\n               href=\"https:\/\/www.justcolor.net\/criancas\/coloracao-educacional\/outono\/\">\n                Outono            <\/a>\n        <\/h2>\n    <\/div>\n    <div class=\"gallery-grid-item\">\n        <div class=\"ngg-album-link\">\n            <a class=\"gallery_link\" href=\"https:\/\/www.justcolor.net\/criancas\/coloracao-educacional\/profissoes\/\" title=\"P\u00e1ginas de Profiss\u00f5es para colorir e imprimir para crian\u00e7as\">\n                <img class=\"Thumb\"\n                     alt=\"P\u00e1ginas de Profiss\u00f5es para colorir e imprimir para crian\u00e7as\"\n                     src=\"https:\/\/www.justcolor.net\/criancas\/wp-content\/uploads\/sites\/26\/nggallery\/profissoes\/cache\/desenhos-para-colorir-para-criancas-profissoes-97954.jpg-nggid0511542-ngg0dyn-182x136-00f0w010c011r110f110r010t010.jpg\"\n                     loading=\"lazy\"\n                     width=\"250\"\n                     height=\"150\" \/>\n            <\/a>\n        <\/div>\n        <h2 class=\"gallery-grid-album-lig1\">\n            <a class=\"ngg-album-desc\"\n               title=\"P\u00e1ginas de Profiss\u00f5es para colorir para crian\u00e7as\"\n               href=\"https:\/\/www.justcolor.net\/criancas\/coloracao-educacional\/profissoes\/\">\n                Profiss\u00f5es            <\/a>\n        <\/h2>\n    <\/div>\n    <div class=\"gallery-grid-item\">\n        <div class=\"ngg-album-link\">\n            <a class=\"gallery_link\" href=\"https:\/\/www.justcolor.net\/criancas\/coloracao-educacional\/paginas-para-colorir-magicas\/\" title=\"P\u00e1ginas de P\u00e1ginas para colorir m\u00e1gicas para colorir e imprimir para crian\u00e7as\">\n                <img class=\"Thumb\"\n                     alt=\"P\u00e1ginas de P\u00e1ginas para colorir m\u00e1gicas para colorir e imprimir para crian\u00e7as\"\n                     src=\"https:\/\/www.justcolor.net\/criancas\/wp-content\/uploads\/sites\/26\/nggallery\/paginas-para-colorir-magicas\/cache\/paginas-para-colorir-para-criancas-paginas-para-colorir-magicas-24735.jpg-nggid03180-ngg0dyn-182x136-00f0w010c011r110f110r010t010.jpg\"\n                     loading=\"lazy\"\n                     width=\"250\"\n                     height=\"150\" \/>\n            <\/a>\n        <\/div>\n        <h2 class=\"gallery-grid-album-lig1\">\n            <a class=\"ngg-album-desc\"\n               title=\"P\u00e1ginas de P\u00e1ginas para colorir m\u00e1gicas para colorir para crian\u00e7as\"\n               href=\"https:\/\/www.justcolor.net\/criancas\/coloracao-educacional\/paginas-para-colorir-magicas\/\">\n                P\u00e1ginas para colorir m\u00e1gicas            <\/a>\n        <\/h2>\n    <\/div>\n    <div class=\"gallery-grid-item\">\n        <div class=\"ngg-album-link\">\n            <a class=\"gallery_link\" href=\"https:\/\/www.justcolor.net\/criancas\/coloracao-educacional\/rosetas\/\" title=\"P\u00e1ginas de Rosetas para colorir e imprimir para crian\u00e7as\">\n                <img class=\"Thumb\"\n                     alt=\"P\u00e1ginas de Rosetas para colorir e imprimir para crian\u00e7as\"\n                     src=\"https:\/\/www.justcolor.net\/criancas\/wp-content\/uploads\/sites\/26\/nggallery\/rosetas\/cache\/paginas-para-colorir-para-criancas-rosetas-5514.png-nggid042644-ngg0dyn-182x136-00f0w010c011r110f110r010t010.png\"\n                     loading=\"lazy\"\n                     width=\"250\"\n                     height=\"150\" \/>\n            <\/a>\n        <\/div>\n        <h2 class=\"gallery-grid-album-lig1\">\n            <a class=\"ngg-album-desc\"\n               title=\"P\u00e1ginas de Rosetas para colorir para crian\u00e7as\"\n               href=\"https:\/\/www.justcolor.net\/criancas\/coloracao-educacional\/rosetas\/\">\n                Rosetas            <\/a>\n        <\/h2>\n    <\/div>\n    <div class=\"gallery-grid-item\">\n        <div class=\"ngg-album-link\">\n            <a class=\"gallery_link\" href=\"https:\/\/www.justcolor.net\/criancas\/coloracao-educacional\/semana-dos-dias\/\" title=\"P\u00e1ginas de Semana dos dias para colorir e imprimir para crian\u00e7as\">\n                <img class=\"Thumb\"\n                     alt=\"P\u00e1ginas de Semana dos dias para colorir e imprimir para crian\u00e7as\"\n                     src=\"https:\/\/www.justcolor.net\/criancas\/wp-content\/uploads\/sites\/26\/nggallery\/semana-dos-dias\/cache\/paginas-para-colorir-para-criancas-semana-dos-dias-97989.jpg-nggid041146-ngg0dyn-182x136-00f0w010c011r110f110r010t010.jpg\"\n                     loading=\"lazy\"\n                     width=\"250\"\n                     height=\"150\" \/>\n            <\/a>\n        <\/div>\n        <h2 class=\"gallery-grid-album-lig1\">\n            <a class=\"ngg-album-desc\"\n               title=\"P\u00e1ginas de Semana dos dias para colorir para crian\u00e7as\"\n               href=\"https:\/\/www.justcolor.net\/criancas\/coloracao-educacional\/semana-dos-dias\/\">\n                Semana dos dias            <\/a>\n        <\/h2>\n    <\/div>\n    <div class=\"gallery-grid-item\">\n        <div class=\"ngg-album-link\">\n            <a class=\"gallery_link\" href=\"https:\/\/www.justcolor.net\/criancas\/coloracao-educacional\/spring\/\" title=\"P\u00e1ginas de Spring para colorir e imprimir para crian\u00e7as\">\n                <img class=\"Thumb\"\n                     alt=\"P\u00e1ginas de Spring para colorir e imprimir para crian\u00e7as\"\n                     src=\"https:\/\/www.justcolor.net\/criancas\/wp-content\/uploads\/sites\/26\/nggallery\/spring\/cache\/desenhos-para-colorir-para-criancas-primavera-47858.jpg-nggid0511901-ngg0dyn-182x136-00f0w010c011r110f110r010t010.jpg\"\n                     loading=\"lazy\"\n                     width=\"250\"\n                     height=\"150\" \/>\n            <\/a>\n        <\/div>\n        <h2 class=\"gallery-grid-album-lig1\">\n            <a class=\"ngg-album-desc\"\n               title=\"P\u00e1ginas de Spring para colorir para crian\u00e7as\"\n               href=\"https:\/\/www.justcolor.net\/criancas\/coloracao-educacional\/spring\/\">\n                Spring            <\/a>\n        <\/h2>\n    <\/div>\n    <div class=\"gallery-grid-item\">\n        <div class=\"ngg-album-link\">\n            <a class=\"gallery_link\" href=\"https:\/\/www.justcolor.net\/criancas\/coloracao-educacional\/summer\/\" title=\"P\u00e1ginas de Summer para colorir e imprimir para crian\u00e7as\">\n                <img class=\"Thumb\"\n                     alt=\"P\u00e1ginas de Summer para colorir e imprimir para crian\u00e7as\"\n                     src=\"https:\/\/www.justcolor.net\/criancas\/wp-content\/uploads\/sites\/26\/nggallery\/summer\/cache\/desenhos-para-colorir-para-criancas-verao-96870.jpg-nggid0511919-ngg0dyn-182x136-00f0w010c011r110f110r010t010.jpg\"\n                     loading=\"lazy\"\n                     width=\"250\"\n                     height=\"150\" \/>\n            <\/a>\n        <\/div>\n        <h2 class=\"gallery-grid-album-lig1\">\n            <a class=\"ngg-album-desc\"\n               title=\"P\u00e1ginas de Summer para colorir para crian\u00e7as\"\n               href=\"https:\/\/www.justcolor.net\/criancas\/coloracao-educacional\/summer\/\">\n                Summer            <\/a>\n        <\/h2>\n    <\/div>\n    <div class=\"gallery-grid-item\">\n        <div class=\"ngg-album-link\">\n            <a class=\"gallery_link\" href=\"https:\/\/www.justcolor.net\/criancas\/coloracao-educacional\/winter\/\" title=\"P\u00e1ginas de Winter para colorir e imprimir para crian\u00e7as\">\n                <img class=\"Thumb\"\n                     alt=\"P\u00e1ginas de Winter para colorir e imprimir para crian\u00e7as\"\n                     src=\"https:\/\/www.justcolor.net\/criancas\/wp-content\/uploads\/sites\/26\/nggallery\/winter\/cache\/desenhos-para-colorir-para-criancas-winter-97331.jpg-nggid0511923-ngg0dyn-182x136-00f0w010c011r110f110r010t010.jpg\"\n                     loading=\"lazy\"\n                     width=\"250\"\n                     height=\"150\" \/>\n            <\/a>\n        <\/div>\n        <h2 class=\"gallery-grid-album-lig1\">\n            <a class=\"ngg-album-desc\"\n               title=\"P\u00e1ginas de Winter para colorir para crian\u00e7as\"\n               href=\"https:\/\/www.justcolor.net\/criancas\/coloracao-educacional\/winter\/\">\n                Winter            <\/a>\n        <\/h2>\n    <\/div>\n    <div class=\"gallery-grid-item\">\n        <div class=\"ngg-album-link\">\n            <a class=\"gallery_link\" href=\"https:\/\/www.justcolor.net\/criancas\/coloracao-educacional\/zentangle\/\" title=\"P\u00e1ginas de Zentangle para colorir e imprimir para crian\u00e7as\">\n                <img class=\"Thumb\"\n                     alt=\"P\u00e1ginas de Zentangle para colorir e imprimir para crian\u00e7as\"\n                     src=\"https:\/\/www.justcolor.net\/criancas\/wp-content\/uploads\/sites\/26\/nggallery\/zentangle\/cache\/paginas-para-colorir-para-criancas-zentangle-25218.jpg-nggid045417-ngg0dyn-182x136-00f0w010c011r110f110r010t010.jpg\"\n                     loading=\"lazy\"\n                     width=\"250\"\n                     height=\"150\" \/>\n            <\/a>\n        <\/div>\n        <h2 class=\"gallery-grid-album-lig1\">\n            <a class=\"ngg-album-desc\"\n               title=\"P\u00e1ginas de Zentangle para colorir para crian\u00e7as\"\n               href=\"https:\/\/www.justcolor.net\/criancas\/coloracao-educacional\/zentangle\/\">\n                Zentangle            <\/a>\n        <\/h2>\n    <\/div>\n<br class=\"ngg-clear\"\/>\n<div class='ngg-clear'><\/div><\/div>\n\n","protected":false},"excerpt":{"rendered":"<p>Descubra uma ampla variedade de <b>folhas para colorir para impress\u00e3o<\/b> projetadas para ajudar seus filhos a aprender todos os tipos de conceitos, como <b>formas, n\u00fameros, letras e dias da semana<\/b>.<br \/>\nNossa cole\u00e7\u00e3o tamb\u00e9m inclui <b>p\u00e1ginas m\u00e1gicas para colorir<\/b> onde seu filho pode combinar as cores com os n\u00fameros de cada \u00e1rea, tornando o aprendizado divertido e interativo.<\/p>\n<p>Explore nossa sele\u00e7\u00e3o de <b>desenhos Zentangle e Doodle<\/b> intrincados: perfeitos para crian\u00e7as mais velhas e adultos que gostam de relaxar atrav\u00e9s da express\u00e3o criativa.<br \/>\nEsteja voc\u00ea procurando <b>desenhos para impress\u00e3o<\/b> educativos ou relaxantes, voc\u00ea certamente encontrar\u00e1 algo para adorar!<\/p>\n","protected":false},"author":1,"featured_media":0,"parent":0,"menu_order":0,"comment_status":"closed","ping_status":"closed","template":"","meta":{"ngg_post_thumbnail":0,"footnotes":""},"tags":[26,54,136,212,215,255,319,338,348,360,375,3423],"class_list":{"0":"post-58","1":"page","2":"type-page","3":"status-publish","5":"tag-alphabet","6":"tag-artistique","7":"tag-chiffres","8":"tag-educatif","9":"tag-enfants","10":"tag-formes","11":"tag-jeux","12":"tag-lettres","13":"tag-ludique","14":"tag-mandalas","15":"tag-maternelle","16":"tag-supergallery"},"_links":{"self":[{"href":"https:\/\/www.justcolor.net\/criancas\/wp-json\/wp\/v2\/pages\/58","targetHints":{"allow":["GET"]}}],"collection":[{"href":"https:\/\/www.justcolor.net\/criancas\/wp-json\/wp\/v2\/pages"}],"about":[{"href":"https:\/\/www.justcolor.net\/criancas\/wp-json\/wp\/v2\/types\/page"}],"author":[{"embeddable":true,"href":"https:\/\/www.justcolor.net\/criancas\/wp-json\/wp\/v2\/users\/1"}],"replies":[{"embeddable":true,"href":"https:\/\/www.justcolor.net\/criancas\/wp-json\/wp\/v2\/comments?post=58"}],"version-history":[{"count":0,"href":"https:\/\/www.justcolor.net\/criancas\/wp-json\/wp\/v2\/pages\/58\/revisions"}],"wp:attachment":[{"href":"https:\/\/www.justcolor.net\/criancas\/wp-json\/wp\/v2\/media?parent=58"}],"wp:term":[{"taxonomy":"post_tag","embeddable":true,"href":"https:\/\/www.justcolor.net\/criancas\/wp-json\/wp\/v2\/tags?post=58"}],"curies":[{"name":"wp","href":"https:\/\/api.w.org\/{rel}","templated":true}]}}