{"id":988,"date":"2013-10-25T10:05:33","date_gmt":"2013-10-25T09:05:33","guid":{"rendered":"https:\/\/www.justcolor.net\/criancas\/?page_id=988"},"modified":"2017-11-06T16:11:37","modified_gmt":"2017-11-06T15:11:37","slug":"livros-e-quadrinhos","status":"publish","type":"page","link":"https:\/\/www.justcolor.net\/criancas\/livros-e-quadrinhos\/","title":{"rendered":"Personagens de livros e quadrinhos"},"content":{"rendered":"<div class=\"gallery-grid\">\n    <div class=\"gallery-grid-item\">\n        <div class=\"ngg-album-link\">\n            <a class=\"gallery_link\" href=\"https:\/\/www.justcolor.net\/criancas\/livros-e-quadrinhos\/asterix\/\" title=\"P\u00e1ginas de Asterix para colorir e imprimir para crian\u00e7as\">\n                <img class=\"Thumb\"\n                     alt=\"P\u00e1ginas de Asterix para colorir e imprimir para crian\u00e7as\"\n                     src=\"https:\/\/www.justcolor.net\/criancas\/wp-content\/uploads\/sites\/26\/nggallery\/asterix\/cache\/desenhos-para-colorir-para-criancas-asterix-79353.jpg-nggid0512130-ngg0dyn-182x136-00f0w010c011r110f110r010t010.jpg\"\n                     loading=\"lazy\"\n                     width=\"250\"\n                     height=\"150\" \/>\n            <\/a>\n        <\/div>\n        <h2 class=\"gallery-grid-album-lig1\">\n            <a class=\"ngg-album-desc\"\n               title=\"P\u00e1ginas de Asterix para colorir para crian\u00e7as\"\n               href=\"https:\/\/www.justcolor.net\/criancas\/livros-e-quadrinhos\/asterix\/\">\n                Asterix            <\/a>\n        <\/h2>\n    <\/div>\n    <div class=\"gallery-grid-item\">\n        <div class=\"ngg-album-link\">\n            <a class=\"gallery_link\" href=\"https:\/\/www.justcolor.net\/criancas\/livros-e-quadrinhos\/billy-e-buddy\/\" title=\"P\u00e1ginas de Billy e Buddy para colorir e imprimir para crian\u00e7as\">\n                <img class=\"Thumb\"\n                     alt=\"P\u00e1ginas de Billy e Buddy para colorir e imprimir para crian\u00e7as\"\n                     src=\"https:\/\/www.justcolor.net\/criancas\/wp-content\/uploads\/sites\/26\/nggallery\/billy-e-buddy\/cache\/paginas-para-colorir-para-criancas-billy-e-buddy-40305.jpg-nggid041445-ngg0dyn-182x136-00f0w010c011r110f110r010t010.jpg\"\n                     loading=\"lazy\"\n                     width=\"250\"\n                     height=\"150\" \/>\n            <\/a>\n        <\/div>\n        <h2 class=\"gallery-grid-album-lig1\">\n            <a class=\"ngg-album-desc\"\n               title=\"P\u00e1ginas de Billy e Buddy para colorir para crian\u00e7as\"\n               href=\"https:\/\/www.justcolor.net\/criancas\/livros-e-quadrinhos\/billy-e-buddy\/\">\n                Billy e Buddy            <\/a>\n        <\/h2>\n    <\/div>\n    <div class=\"gallery-grid-item\">\n        <div class=\"ngg-album-link\">\n            <a class=\"gallery_link\" href=\"https:\/\/www.justcolor.net\/criancas\/livros-e-quadrinhos\/cedric\/\" title=\"P\u00e1ginas de Cedric para colorir e imprimir para crian\u00e7as\">\n                <img class=\"Thumb\"\n                     alt=\"P\u00e1ginas de Cedric para colorir e imprimir para crian\u00e7as\"\n                     src=\"https:\/\/www.justcolor.net\/criancas\/wp-content\/uploads\/sites\/26\/nggallery\/cedric\/cache\/paginas-para-colorir-para-criancas-cedric-48760.jpg-nggid041477-ngg0dyn-182x136-00f0w010c011r110f110r010t010.jpg\"\n                     loading=\"lazy\"\n                     width=\"250\"\n                     height=\"150\" \/>\n            <\/a>\n        <\/div>\n        <h2 class=\"gallery-grid-album-lig1\">\n            <a class=\"ngg-album-desc\"\n               title=\"P\u00e1ginas de Cedric para colorir para crian\u00e7as\"\n               href=\"https:\/\/www.justcolor.net\/criancas\/livros-e-quadrinhos\/cedric\/\">\n                Cedric            <\/a>\n        <\/h2>\n    <\/div>\n    <div class=\"gallery-grid-item\">\n        <div class=\"ngg-album-link\">\n            <a class=\"gallery_link\" href=\"https:\/\/www.justcolor.net\/criancas\/livros-e-quadrinhos\/diddl\/\" title=\"P\u00e1ginas de Diddl para colorir e imprimir para crian\u00e7as\">\n                <img class=\"Thumb\"\n                     alt=\"P\u00e1ginas de Diddl para colorir e imprimir para crian\u00e7as\"\n                     src=\"https:\/\/www.justcolor.net\/criancas\/wp-content\/uploads\/sites\/26\/nggallery\/diddl\/cache\/paginas-para-colorir-para-criancas-diddl-34419.gif-nggid041473-ngg0dyn-182x136-00f0w010c011r110f110r010t010.gif\"\n                     loading=\"lazy\"\n                     width=\"250\"\n                     height=\"150\" \/>\n            <\/a>\n        <\/div>\n        <h2 class=\"gallery-grid-album-lig1\">\n            <a class=\"ngg-album-desc\"\n               title=\"P\u00e1ginas de Diddl para colorir para crian\u00e7as\"\n               href=\"https:\/\/www.justcolor.net\/criancas\/livros-e-quadrinhos\/diddl\/\">\n                Diddl            <\/a>\n        <\/h2>\n    <\/div>\n    <div class=\"gallery-grid-item\">\n        <div class=\"ngg-album-link\">\n            <a class=\"gallery_link\" href=\"https:\/\/www.justcolor.net\/criancas\/livros-e-quadrinhos\/ducobu\/\" title=\"P\u00e1ginas de Ducobu para colorir e imprimir para crian\u00e7as\">\n                <img class=\"Thumb\"\n                     alt=\"P\u00e1ginas de Ducobu para colorir e imprimir para crian\u00e7as\"\n                     src=\"https:\/\/www.justcolor.net\/criancas\/wp-content\/uploads\/sites\/26\/nggallery\/ducobu\/cache\/paginas-para-colorir-para-criancas-ducobu-97213.jpg-nggid041488-ngg0dyn-182x136-00f0w010c011r110f110r010t010.jpg\"\n                     loading=\"lazy\"\n                     width=\"250\"\n                     height=\"150\" \/>\n            <\/a>\n        <\/div>\n        <h2 class=\"gallery-grid-album-lig1\">\n            <a class=\"ngg-album-desc\"\n               title=\"P\u00e1ginas de Ducobu para colorir para crian\u00e7as\"\n               href=\"https:\/\/www.justcolor.net\/criancas\/livros-e-quadrinhos\/ducobu\/\">\n                Ducobu            <\/a>\n        <\/h2>\n    <\/div>\n    <div class=\"gallery-grid-item\">\n        <div class=\"ngg-album-link\">\n            <a class=\"gallery_link\" href=\"https:\/\/www.justcolor.net\/criancas\/livros-e-quadrinhos\/harry-potter\/\" title=\"P\u00e1ginas de Harry Potter para colorir e imprimir para crian\u00e7as\">\n                <img class=\"Thumb\"\n                     alt=\"P\u00e1ginas de Harry Potter para colorir e imprimir para crian\u00e7as\"\n                     src=\"https:\/\/www.justcolor.net\/criancas\/wp-content\/uploads\/sites\/26\/nggallery\/harry-potter\/cache\/paginas-para-colorir-para-criancas-harry-potter-94426.gif-nggid03716-ngg0dyn-182x136-00f0w010c011r110f110r010t010.gif\"\n                     loading=\"lazy\"\n                     width=\"250\"\n                     height=\"150\" \/>\n            <\/a>\n        <\/div>\n        <h2 class=\"gallery-grid-album-lig1\">\n            <a class=\"ngg-album-desc\"\n               title=\"P\u00e1ginas de Harry Potter para colorir para crian\u00e7as\"\n               href=\"https:\/\/www.justcolor.net\/criancas\/livros-e-quadrinhos\/harry-potter\/\">\n                Harry Potter            <\/a>\n        <\/h2>\n    <\/div>\n    <div class=\"gallery-grid-item\">\n        <div class=\"ngg-album-link\">\n            <a class=\"gallery_link\" href=\"https:\/\/www.justcolor.net\/criancas\/livros-e-quadrinhos\/kid-paddle\/\" title=\"P\u00e1ginas de Kid Paddle para colorir e imprimir para crian\u00e7as\">\n                <img class=\"Thumb\"\n                     alt=\"P\u00e1ginas de Kid Paddle para colorir e imprimir para crian\u00e7as\"\n                     src=\"https:\/\/www.justcolor.net\/criancas\/wp-content\/uploads\/sites\/26\/nggallery\/kid-paddle\/cache\/paginas-para-colorir-para-criancas-kid-paddle-60745.gif-nggid041578-ngg0dyn-182x136-00f0w010c011r110f110r010t010.gif\"\n                     loading=\"lazy\"\n                     width=\"250\"\n                     height=\"150\" \/>\n            <\/a>\n        <\/div>\n        <h2 class=\"gallery-grid-album-lig1\">\n            <a class=\"ngg-album-desc\"\n               title=\"P\u00e1ginas de Kid Paddle para colorir para crian\u00e7as\"\n               href=\"https:\/\/www.justcolor.net\/criancas\/livros-e-quadrinhos\/kid-paddle\/\">\n                Kid Paddle            <\/a>\n        <\/h2>\n    <\/div>\n    <div class=\"gallery-grid-item\">\n        <div class=\"ngg-album-link\">\n            <a class=\"gallery_link\" href=\"https:\/\/www.justcolor.net\/criancas\/livros-e-quadrinhos\/lucky-luke\/\" title=\"P\u00e1ginas de Lucky Luke para colorir e imprimir para crian\u00e7as\">\n                <img class=\"Thumb\"\n                     alt=\"P\u00e1ginas de Lucky Luke para colorir e imprimir para crian\u00e7as\"\n                     src=\"https:\/\/www.justcolor.net\/criancas\/wp-content\/uploads\/sites\/26\/nggallery\/lucky-luke\/cache\/paginas-para-colorir-para-criancas-lucky-luke-31188.jpg-nggid041353-ngg0dyn-182x136-00f0w010c011r110f110r010t010.jpg\"\n                     loading=\"lazy\"\n                     width=\"250\"\n                     height=\"150\" \/>\n            <\/a>\n        <\/div>\n        <h2 class=\"gallery-grid-album-lig1\">\n            <a class=\"ngg-album-desc\"\n               title=\"P\u00e1ginas de Lucky Luke para colorir para crian\u00e7as\"\n               href=\"https:\/\/www.justcolor.net\/criancas\/livros-e-quadrinhos\/lucky-luke\/\">\n                Lucky Luke            <\/a>\n        <\/h2>\n    <\/div>\n    <div class=\"gallery-grid-item\">\n        <div class=\"ngg-album-link\">\n            <a class=\"gallery_link\" href=\"https:\/\/www.justcolor.net\/criancas\/livros-e-quadrinhos\/marsupilami\/\" title=\"P\u00e1ginas de Marsupilami para colorir e imprimir para crian\u00e7as\">\n                <img class=\"Thumb\"\n                     alt=\"P\u00e1ginas de Marsupilami para colorir e imprimir para crian\u00e7as\"\n                     src=\"https:\/\/www.justcolor.net\/criancas\/wp-content\/uploads\/sites\/26\/nggallery\/marsupilami\/cache\/paginas-para-colorir-para-criancas-marsupilami-9002.jpg-nggid041604-ngg0dyn-182x136-00f0w010c011r110f110r010t010.jpg\"\n                     loading=\"lazy\"\n                     width=\"250\"\n                     height=\"150\" \/>\n            <\/a>\n        <\/div>\n        <h2 class=\"gallery-grid-album-lig1\">\n            <a class=\"ngg-album-desc\"\n               title=\"P\u00e1ginas de Marsupilami para colorir para crian\u00e7as\"\n               href=\"https:\/\/www.justcolor.net\/criancas\/livros-e-quadrinhos\/marsupilami\/\">\n                Marsupilami            <\/a>\n        <\/h2>\n    <\/div>\n    <div class=\"gallery-grid-item\">\n        <div class=\"ngg-album-link\">\n            <a class=\"gallery_link\" href=\"https:\/\/www.justcolor.net\/criancas\/livros-e-quadrinhos\/o-pequeno-nicolau\/\" title=\"P\u00e1ginas de O Pequeno Nicolau para colorir e imprimir para crian\u00e7as\">\n                <img class=\"Thumb\"\n                     alt=\"P\u00e1ginas de O Pequeno Nicolau para colorir e imprimir para crian\u00e7as\"\n                     src=\"https:\/\/www.justcolor.net\/criancas\/wp-content\/uploads\/sites\/26\/nggallery\/o-pequeno-nicolau\/cache\/paginas-para-colorir-para-criancas-o-pequeno-nicolau-84198.jpg-nggid041837-ngg0dyn-182x136-00f0w010c011r110f110r010t010.jpg\"\n                     loading=\"lazy\"\n                     width=\"250\"\n                     height=\"150\" \/>\n            <\/a>\n        <\/div>\n        <h2 class=\"gallery-grid-album-lig1\">\n            <a class=\"ngg-album-desc\"\n               title=\"P\u00e1ginas de O Pequeno Nicolau para colorir para crian\u00e7as\"\n               href=\"https:\/\/www.justcolor.net\/criancas\/livros-e-quadrinhos\/o-pequeno-nicolau\/\">\n                O Pequeno Nicolau            <\/a>\n        <\/h2>\n    <\/div>\n    <div class=\"gallery-grid-item\">\n        <div class=\"ngg-album-link\">\n            <a class=\"gallery_link\" href=\"https:\/\/www.justcolor.net\/criancas\/livros-e-quadrinhos\/o-gato-do-chapeu\/\" title=\"P\u00e1ginas de O gato do chap\u00e9u para colorir e imprimir para crian\u00e7as\">\n                <img class=\"Thumb\"\n                     alt=\"P\u00e1ginas de O gato do chap\u00e9u para colorir e imprimir para crian\u00e7as\"\n                     src=\"https:\/\/www.justcolor.net\/criancas\/wp-content\/uploads\/sites\/26\/nggallery\/o-gato-do-chapeu\/cache\/desenhos-para-colorir-para-criancas-o-gato-do-chapeu-35343.jpg-nggid0512026-ngg0dyn-182x136-00f0w010c011r110f110r010t010.jpg\"\n                     loading=\"lazy\"\n                     width=\"250\"\n                     height=\"150\" \/>\n            <\/a>\n        <\/div>\n        <h2 class=\"gallery-grid-album-lig1\">\n            <a class=\"ngg-album-desc\"\n               title=\"P\u00e1ginas de O gato do chap\u00e9u para colorir para crian\u00e7as\"\n               href=\"https:\/\/www.justcolor.net\/criancas\/livros-e-quadrinhos\/o-gato-do-chapeu\/\">\n                O gato do chap\u00e9u            <\/a>\n        <\/h2>\n    <\/div>\n    <div class=\"gallery-grid-item\">\n        <div class=\"ngg-album-link\">\n            <a class=\"gallery_link\" href=\"https:\/\/www.justcolor.net\/criancas\/livros-e-quadrinhos\/o-pequeno-principe\/\" title=\"P\u00e1ginas de O pequeno Pr\u00edncipe para colorir e imprimir para crian\u00e7as\">\n                <img class=\"Thumb\"\n                     alt=\"P\u00e1ginas de O pequeno Pr\u00edncipe para colorir e imprimir para crian\u00e7as\"\n                     src=\"https:\/\/www.justcolor.net\/criancas\/wp-content\/uploads\/sites\/26\/nggallery\/o-pequeno-principe\/cache\/paginas-para-colorir-para-criancas-o-pequeno-principe-13032.jpg-nggid041567-ngg0dyn-182x136-00f0w010c011r110f110r010t010.jpg\"\n                     loading=\"lazy\"\n                     width=\"250\"\n                     height=\"150\" \/>\n            <\/a>\n        <\/div>\n        <h2 class=\"gallery-grid-album-lig1\">\n            <a class=\"ngg-album-desc\"\n               title=\"P\u00e1ginas de O pequeno Pr\u00edncipe para colorir para crian\u00e7as\"\n               href=\"https:\/\/www.justcolor.net\/criancas\/livros-e-quadrinhos\/o-pequeno-principe\/\">\n                O pequeno Pr\u00edncipe            <\/a>\n        <\/h2>\n    <\/div>\n    <div class=\"gallery-grid-item\">\n        <div class=\"ngg-album-link\">\n            <a class=\"gallery_link\" href=\"https:\/\/www.justcolor.net\/criancas\/livros-e-quadrinhos\/os-smurfs\/\" title=\"P\u00e1ginas de Os Smurfs para colorir e imprimir para crian\u00e7as\">\n                <img class=\"Thumb\"\n                     alt=\"P\u00e1ginas de Os Smurfs para colorir e imprimir para crian\u00e7as\"\n                     src=\"https:\/\/www.justcolor.net\/criancas\/wp-content\/uploads\/sites\/26\/nggallery\/os-smurfs\/cache\/paginas-para-colorir-para-criancas-os-smurfs-80107.jpg-nggid03552-ngg0dyn-182x136-00f0w010c011r110f110r010t010.jpg\"\n                     loading=\"lazy\"\n                     width=\"250\"\n                     height=\"150\" \/>\n            <\/a>\n        <\/div>\n        <h2 class=\"gallery-grid-album-lig1\">\n            <a class=\"ngg-album-desc\"\n               title=\"P\u00e1ginas de Os Smurfs para colorir para crian\u00e7as\"\n               href=\"https:\/\/www.justcolor.net\/criancas\/livros-e-quadrinhos\/os-smurfs\/\">\n                Os Smurfs            <\/a>\n        <\/h2>\n    <\/div>\n    <div class=\"gallery-grid-item\">\n        <div class=\"ngg-album-link\">\n            <a class=\"gallery_link\" href=\"https:\/\/www.justcolor.net\/criancas\/livros-e-quadrinhos\/pedro-coelho\/\" title=\"P\u00e1ginas de Pedro Coelho para colorir e imprimir para crian\u00e7as\">\n                <img class=\"Thumb\"\n                     alt=\"P\u00e1ginas de Pedro Coelho para colorir e imprimir para crian\u00e7as\"\n                     src=\"https:\/\/www.justcolor.net\/criancas\/wp-content\/uploads\/sites\/26\/nggallery\/pedro-coelho\/thumbs\/thumbs_desenhos-para-colorir-para-criancas-pedro-coelho-21787.jpg\"\n                     loading=\"lazy\"\n                     width=\"250\"\n                     height=\"150\" \/>\n            <\/a>\n        <\/div>\n        <h2 class=\"gallery-grid-album-lig1\">\n            <a class=\"ngg-album-desc\"\n               title=\"P\u00e1ginas de Pedro Coelho para colorir para crian\u00e7as\"\n               href=\"https:\/\/www.justcolor.net\/criancas\/livros-e-quadrinhos\/pedro-coelho\/\">\n                Pedro Coelho            <\/a>\n        <\/h2>\n    <\/div>\n    <div class=\"gallery-grid-item\">\n        <div class=\"ngg-album-link\">\n            <a class=\"gallery_link\" href=\"https:\/\/www.justcolor.net\/criancas\/livros-e-quadrinhos\/pete-o-gato\/\" title=\"P\u00e1ginas de Pete, o Gato para colorir e imprimir para crian\u00e7as\">\n                <img class=\"Thumb\"\n                     alt=\"P\u00e1ginas de Pete, o Gato para colorir e imprimir para crian\u00e7as\"\n                     src=\"https:\/\/www.justcolor.net\/criancas\/wp-content\/uploads\/sites\/26\/nggallery\/pete-o-gato\/cache\/desenhos-para-colorir-para-criancas-pete-o-gato-967.jpg-nggid0512033-ngg0dyn-182x136-00f0w010c011r110f110r010t010.jpg\"\n                     loading=\"lazy\"\n                     width=\"250\"\n                     height=\"150\" \/>\n            <\/a>\n        <\/div>\n        <h2 class=\"gallery-grid-album-lig1\">\n            <a class=\"ngg-album-desc\"\n               title=\"P\u00e1ginas de Pete, o Gato para colorir para crian\u00e7as\"\n               href=\"https:\/\/www.justcolor.net\/criancas\/livros-e-quadrinhos\/pete-o-gato\/\">\n                Pete, o Gato            <\/a>\n        <\/h2>\n    <\/div>\n    <div class=\"gallery-grid-item\">\n        <div class=\"ngg-album-link\">\n            <a class=\"gallery_link\" href=\"https:\/\/www.justcolor.net\/criancas\/livros-e-quadrinhos\/professores\/\" title=\"P\u00e1ginas de Professores para colorir e imprimir para crian\u00e7as\">\n                <img class=\"Thumb\"\n                     alt=\"P\u00e1ginas de Professores para colorir e imprimir para crian\u00e7as\"\n                     src=\"https:\/\/www.justcolor.net\/criancas\/wp-content\/uploads\/sites\/26\/nggallery\/professores\/cache\/paginas-para-colorir-para-criancas-professores-46132.jpg-nggid041576-ngg0dyn-182x136-00f0w010c011r110f110r010t010.jpg\"\n                     loading=\"lazy\"\n                     width=\"250\"\n                     height=\"150\" \/>\n            <\/a>\n        <\/div>\n        <h2 class=\"gallery-grid-album-lig1\">\n            <a class=\"ngg-album-desc\"\n               title=\"P\u00e1ginas de Professores para colorir para crian\u00e7as\"\n               href=\"https:\/\/www.justcolor.net\/criancas\/livros-e-quadrinhos\/professores\/\">\n                Professores            <\/a>\n        <\/h2>\n    <\/div>\n    <div class=\"gallery-grid-item\">\n        <div class=\"ngg-album-link\">\n            <a class=\"gallery_link\" href=\"https:\/\/www.justcolor.net\/criancas\/livros-e-quadrinhos\/snoopy\/\" title=\"P\u00e1ginas de Snoopy para colorir e imprimir para crian\u00e7as\">\n                <img class=\"Thumb\"\n                     alt=\"P\u00e1ginas de Snoopy para colorir e imprimir para crian\u00e7as\"\n                     src=\"https:\/\/www.justcolor.net\/criancas\/wp-content\/uploads\/sites\/26\/nggallery\/snoopy\/cache\/paginas-para-colorir-para-criancas-snoopy-17948.jpeg-nggid049221-ngg0dyn-182x136-00f0w010c011r110f110r010t010.jpeg\"\n                     loading=\"lazy\"\n                     width=\"250\"\n                     height=\"150\" \/>\n            <\/a>\n        <\/div>\n        <h2 class=\"gallery-grid-album-lig1\">\n            <a class=\"ngg-album-desc\"\n               title=\"P\u00e1ginas de Snoopy para colorir para crian\u00e7as\"\n               href=\"https:\/\/www.justcolor.net\/criancas\/livros-e-quadrinhos\/snoopy\/\">\n                Snoopy            <\/a>\n        <\/h2>\n    <\/div>\n    <div class=\"gallery-grid-item\">\n        <div class=\"ngg-album-link\">\n            <a class=\"gallery_link\" href=\"https:\/\/www.justcolor.net\/criancas\/livros-e-quadrinhos\/tintin\/\" title=\"P\u00e1ginas de Tintin para colorir e imprimir para crian\u00e7as\">\n                <img class=\"Thumb\"\n                     alt=\"P\u00e1ginas de Tintin para colorir e imprimir para crian\u00e7as\"\n                     src=\"https:\/\/www.justcolor.net\/criancas\/wp-content\/uploads\/sites\/26\/nggallery\/tintin\/cache\/paginas-para-colorir-para-criancas-tintin-38660.jpg-nggid03852-ngg0dyn-182x136-00f0w010c011r110f110r010t010.jpg\"\n                     loading=\"lazy\"\n                     width=\"250\"\n                     height=\"150\" \/>\n            <\/a>\n        <\/div>\n        <h2 class=\"gallery-grid-album-lig1\">\n            <a class=\"ngg-album-desc\"\n               title=\"P\u00e1ginas de Tintin para colorir para crian\u00e7as\"\n               href=\"https:\/\/www.justcolor.net\/criancas\/livros-e-quadrinhos\/tintin\/\">\n                Tintin            <\/a>\n        <\/h2>\n    <\/div>\n    <div class=\"gallery-grid-item\">\n        <div class=\"ngg-album-link\">\n            <a class=\"gallery_link\" href=\"https:\/\/www.justcolor.net\/criancas\/livros-e-quadrinhos\/titeuf\/\" title=\"P\u00e1ginas de Titeuf para colorir e imprimir para crian\u00e7as\">\n                <img class=\"Thumb\"\n                     alt=\"P\u00e1ginas de Titeuf para colorir e imprimir para crian\u00e7as\"\n                     src=\"https:\/\/www.justcolor.net\/criancas\/wp-content\/uploads\/sites\/26\/nggallery\/titeuf\/cache\/paginas-para-colorir-para-criancas-titeuf-44887.gif-nggid03858-ngg0dyn-182x136-00f0w010c011r110f110r010t010.gif\"\n                     loading=\"lazy\"\n                     width=\"250\"\n                     height=\"150\" \/>\n            <\/a>\n        <\/div>\n        <h2 class=\"gallery-grid-album-lig1\">\n            <a class=\"ngg-album-desc\"\n               title=\"P\u00e1ginas de Titeuf para colorir para crian\u00e7as\"\n               href=\"https:\/\/www.justcolor.net\/criancas\/livros-e-quadrinhos\/titeuf\/\">\n                Titeuf            <\/a>\n        <\/h2>\n    <\/div>\n    <div class=\"gallery-grid-item\">\n        <div class=\"ngg-album-link\">\n            <a class=\"gallery_link\" href=\"https:\/\/www.justcolor.net\/criancas\/livros-e-quadrinhos\/urso-paddington\/\" title=\"P\u00e1ginas de Urso Paddington para colorir e imprimir para crian\u00e7as\">\n                <img class=\"Thumb\"\n                     alt=\"P\u00e1ginas de Urso Paddington para colorir e imprimir para crian\u00e7as\"\n                     src=\"https:\/\/www.justcolor.net\/criancas\/wp-content\/uploads\/sites\/26\/nggallery\/urso-paddington\/cache\/desenhos-para-colorir-para-criancas-urso-paddington-68832.jpeg-nggid0510637-ngg0dyn-182x136-00f0w010c011r110f110r010t010.jpeg\"\n                     loading=\"lazy\"\n                     width=\"250\"\n                     height=\"150\" \/>\n            <\/a>\n        <\/div>\n        <h2 class=\"gallery-grid-album-lig1\">\n            <a class=\"ngg-album-desc\"\n               title=\"P\u00e1ginas de Urso Paddington para colorir para crian\u00e7as\"\n               href=\"https:\/\/www.justcolor.net\/criancas\/livros-e-quadrinhos\/urso-paddington\/\">\n                Urso Paddington            <\/a>\n        <\/h2>\n    <\/div>\n    <div class=\"gallery-grid-item\">\n        <div class=\"ngg-album-link\">\n            <a class=\"gallery_link\" href=\"https:\/\/www.justcolor.net\/criancas\/livros-e-quadrinhos\/wings-of-fire\/\" title=\"P\u00e1ginas de Wings Of Fire para colorir e imprimir para crian\u00e7as\">\n                <img class=\"Thumb\"\n                     alt=\"P\u00e1ginas de Wings Of Fire para colorir e imprimir para crian\u00e7as\"\n                     src=\"https:\/\/www.justcolor.net\/criancas\/wp-content\/uploads\/sites\/26\/nggallery\/wings-of-fire\/cache\/desenhos-para-colorir-para-criancas-wings-of-fire-37601.jpg-nggid0511874-ngg0dyn-182x136-00f0w010c011r110f110r010t010.jpg\"\n                     loading=\"lazy\"\n                     width=\"250\"\n                     height=\"150\" \/>\n            <\/a>\n        <\/div>\n        <h2 class=\"gallery-grid-album-lig1\">\n            <a class=\"ngg-album-desc\"\n               title=\"P\u00e1ginas de Wings Of Fire para colorir para crian\u00e7as\"\n               href=\"https:\/\/www.justcolor.net\/criancas\/livros-e-quadrinhos\/wings-of-fire\/\">\n                Wings Of Fire            <\/a>\n        <\/h2>\n    <\/div>\n<br class=\"ngg-clear\"\/>\n<div class='ngg-clear'><\/div><\/div>\n\n\n\n","protected":false},"excerpt":{"rendered":"<p>Descubra nossa cole\u00e7\u00e3o de <b>p\u00e1ginas para colorir de personagens<\/b> inspiradas em livros e quadrinhos adorados! Do mundo m\u00e1gico de <b>Harry Potter<\/b> \u00e0s aventuras de <b>Ast\u00e9rix<\/b> e aos cativantes contos de <b>Le Petit Prince<\/b>, estas folhas para colorir d\u00e3o vida a personagens que capturaram a imagina\u00e7\u00e3o dos leitores por gera\u00e7\u00f5es.<\/p>\n<p>Os quadrinhos europeus (em particular a Fran\u00e7a e a B\u00e9lgica) t\u00eam uma tradi\u00e7\u00e3o rica, com personagens ic\u00f4nicos como <b>Tintin<\/b> e <b>Lucky Luke<\/b>, cujas aventuras emocionantes encantam o p\u00fablico h\u00e1 d\u00e9cadas. O mundo exc\u00eantrico dos <b>Schtroumpfs (Smurfs)<\/b> e as palha\u00e7adas humor\u00edsticas de <b>Le Petit Nicolas<\/b> oferecem infinitas oportunidades para divers\u00e3o criativa.<\/p>\n<p>Voc\u00ea tamb\u00e9m pode explorar as desventuras humor\u00edsticas de personagens como <b>Ducobu<\/b>, <b>C\u00e9dric<\/b> e <b>Titeuf<\/b>, ou desfrutar do charme l\u00fadico de <b>Boule et Bill <\/b> e o universo fant\u00e1stico do <b>Marsupilami<\/b>. Para quem gosta de um toque de nostalgia, personagens como <b>Snoopy<\/b> e <b>Diddl<\/b> certamente trar\u00e3o boas lembran\u00e7as.<\/p>\n","protected":false},"author":1,"featured_media":0,"parent":0,"menu_order":0,"comment_status":"closed","ping_status":"closed","template":"","meta":{"ngg_post_thumbnail":0,"footnotes":""},"tags":[3423],"class_list":{"0":"post-988","1":"page","2":"type-page","3":"status-publish","5":"tag-supergallery"},"_links":{"self":[{"href":"https:\/\/www.justcolor.net\/criancas\/wp-json\/wp\/v2\/pages\/988","targetHints":{"allow":["GET"]}}],"collection":[{"href":"https:\/\/www.justcolor.net\/criancas\/wp-json\/wp\/v2\/pages"}],"about":[{"href":"https:\/\/www.justcolor.net\/criancas\/wp-json\/wp\/v2\/types\/page"}],"author":[{"embeddable":true,"href":"https:\/\/www.justcolor.net\/criancas\/wp-json\/wp\/v2\/users\/1"}],"replies":[{"embeddable":true,"href":"https:\/\/www.justcolor.net\/criancas\/wp-json\/wp\/v2\/comments?post=988"}],"version-history":[{"count":0,"href":"https:\/\/www.justcolor.net\/criancas\/wp-json\/wp\/v2\/pages\/988\/revisions"}],"wp:attachment":[{"href":"https:\/\/www.justcolor.net\/criancas\/wp-json\/wp\/v2\/media?parent=988"}],"wp:term":[{"taxonomy":"post_tag","embeddable":true,"href":"https:\/\/www.justcolor.net\/criancas\/wp-json\/wp\/v2\/tags?post=988"}],"curies":[{"name":"wp","href":"https:\/\/api.w.org\/{rel}","templated":true}]}}