{"id":19385,"date":"2019-06-11T11:04:04","date_gmt":"2019-06-11T09:04:04","guid":{"rendered":"https:\/\/www.justcolor.net\/de\/de\/de\/de\/de\/de\/de\/de\/de\/de\/de\/de\/de\/de\/de\/de\/de\/de\/de\/de\/de\/de\/de\/de\/de\/de\/de\/de\/de\/de\/de\/de\/de\/de\/de\/de\/de\/de\/de\/de\/de\/de\/de\/de\/de\/de\/de\/de\/de\/de\/de\/de\/de\/de\/de\/de\/de\/de\/de\/de\/de\/de\/de\/de\/de\/de\/de\/de\/de\/de\/de\/de\/de\/de\/de\/de\/d"},"modified":"2019-06-11T13:52:42","modified_gmt":"2019-06-11T11:52:42","slug":"hgcreativearts","status":"publish","type":"page","link":"https:\/\/www.justcolor.net\/de\/kunstler\/hgcreativearts\/","title":{"rendered":"HGCreative Arts"},"content":{"rendered":"<p>no images were found<\/p>\n\n","protected":false},"excerpt":{"rendered":"<p>HGCreativeArts ist der Titel, der aus den Initialen des K\u00fcnstlernamens, Hilary Greenwald, gebildet wird. Ihre Kreationen sind absolut wunderbar und machen gro\u00dfen Spa\u00df beim Ausmalen! Finden Sie ihre Galerie auf ihrem <a href=\"https:\/\/www.deviantart.com\/hgcreations\" target=\"_blank\" rel=\"noopener noreferrer\">Deviant Art-Account<\/a>.<\/p>\n<p>Die Komplexit\u00e4t ihrer Kreationen bietet einen wirklich entspannenden Moment. Hilary liebt es, den Zentangle-Stil zu verwenden, um verschiedene Tiere zu erschaffen.<\/p>\n","protected":false},"author":4,"featured_media":19389,"parent":6155,"menu_order":0,"comment_status":"closed","ping_status":"closed","template":"","meta":{"ngg_post_thumbnail":0,"footnotes":""},"tags":[382],"class_list":{"0":"post-19385","1":"page","2":"type-page","3":"status-publish","4":"has-post-thumbnail","6":"tag-pgartist"},"_links":{"self":[{"href":"https:\/\/www.justcolor.net\/de\/wp-json\/wp\/v2\/pages\/19385","targetHints":{"allow":["GET"]}}],"collection":[{"href":"https:\/\/www.justcolor.net\/de\/wp-json\/wp\/v2\/pages"}],"about":[{"href":"https:\/\/www.justcolor.net\/de\/wp-json\/wp\/v2\/types\/page"}],"author":[{"embeddable":true,"href":"https:\/\/www.justcolor.net\/de\/wp-json\/wp\/v2\/users\/4"}],"replies":[{"embeddable":true,"href":"https:\/\/www.justcolor.net\/de\/wp-json\/wp\/v2\/comments?post=19385"}],"version-history":[{"count":0,"href":"https:\/\/www.justcolor.net\/de\/wp-json\/wp\/v2\/pages\/19385\/revisions"}],"up":[{"embeddable":true,"href":"https:\/\/www.justcolor.net\/de\/wp-json\/wp\/v2\/pages\/6155"}],"wp:featuredmedia":[{"embeddable":true,"href":"https:\/\/www.justcolor.net\/de\/wp-json\/wp\/v2\/media\/19389"}],"wp:attachment":[{"href":"https:\/\/www.justcolor.net\/de\/wp-json\/wp\/v2\/media?parent=19385"}],"wp:term":[{"taxonomy":"post_tag","embeddable":true,"href":"https:\/\/www.justcolor.net\/de\/wp-json\/wp\/v2\/tags?post=19385"}],"curies":[{"name":"wp","href":"https:\/\/api.w.org\/{rel}","templated":true}]}}