{"id":19523,"date":"2019-06-24T17:12:22","date_gmt":"2019-06-24T15:12:22","guid":{"rendered":"https:\/\/www.justcolor.net\/de\/de\/de\/de\/de\/de\/de\/de\/de\/de\/de\/de\/de\/de\/de\/de\/de\/de\/de\/de\/de\/de\/de\/de\/de\/de\/de\/de\/de\/de\/de\/de\/de\/de\/de\/de\/de\/de\/de\/de\/de\/de\/de\/de\/de\/de\/de\/de\/de\/de\/de\/de\/de\/de\/de\/de\/de\/de\/de\/de\/de\/de\/de\/de\/de\/de\/de\/de\/de\/de\/de\/de\/de\/de\/de\/de\/d"},"modified":"2019-07-25T16:52:37","modified_gmt":"2019-07-25T14:52:37","slug":"artfacts","status":"publish","type":"page","link":"https:\/\/www.justcolor.net\/de\/kunstler\/artfacts\/","title":{"rendered":"Art &amp; Facts"},"content":{"rendered":"<p>no images were found<\/p>\n\n","protected":false},"excerpt":{"rendered":"<p>Unsere Partnerk\u00fcnstlerin stellt sich vor: &#8222;<i>Leidenschaftlich f\u00fcr das Zeichnen sch\u00f6pfe ich meine Inspirationen aus der Welt um mich herum, indem ich nie zu lange in der Realit\u00e4t verweile. Meine Zeichnungen sind eine Mischung aus Realit\u00e4t und Science-Fiction, mit einem Bereich, der mich sehr inspiriert; die Welt der Kindheit, die ich auf humorvolle Weise gerne verunstalte. Ich zeichne, so weit ich zur\u00fcckdenken kann, und ich habe es immer gemocht, die mich umgebende Welt mit meinen Ideen zu interpretieren und sie auf Papier zu bringen.<\/i>&#8220;<\/p>\n<p>Entdecken Sie all ihre sch\u00f6nen Kreationen auf ihrer K\u00fcnstlerseite und auf ihrer <a href=\"https:\/\/www.facebook.com\/Art-facts-1682751212021627\/\" target=\"_blank\" rel=\"noopener noreferrer\">Facebook-Seite<\/a>!<\/p>\n","protected":false},"author":4,"featured_media":19524,"parent":6155,"menu_order":0,"comment_status":"closed","ping_status":"closed","template":"","meta":{"ngg_post_thumbnail":0,"footnotes":""},"tags":[382],"class_list":{"0":"post-19523","1":"page","2":"type-page","3":"status-publish","4":"has-post-thumbnail","6":"tag-pgartist"},"_links":{"self":[{"href":"https:\/\/www.justcolor.net\/de\/wp-json\/wp\/v2\/pages\/19523","targetHints":{"allow":["GET"]}}],"collection":[{"href":"https:\/\/www.justcolor.net\/de\/wp-json\/wp\/v2\/pages"}],"about":[{"href":"https:\/\/www.justcolor.net\/de\/wp-json\/wp\/v2\/types\/page"}],"author":[{"embeddable":true,"href":"https:\/\/www.justcolor.net\/de\/wp-json\/wp\/v2\/users\/4"}],"replies":[{"embeddable":true,"href":"https:\/\/www.justcolor.net\/de\/wp-json\/wp\/v2\/comments?post=19523"}],"version-history":[{"count":0,"href":"https:\/\/www.justcolor.net\/de\/wp-json\/wp\/v2\/pages\/19523\/revisions"}],"up":[{"embeddable":true,"href":"https:\/\/www.justcolor.net\/de\/wp-json\/wp\/v2\/pages\/6155"}],"wp:featuredmedia":[{"embeddable":true,"href":"https:\/\/www.justcolor.net\/de\/wp-json\/wp\/v2\/media\/19524"}],"wp:attachment":[{"href":"https:\/\/www.justcolor.net\/de\/wp-json\/wp\/v2\/media?parent=19523"}],"wp:term":[{"taxonomy":"post_tag","embeddable":true,"href":"https:\/\/www.justcolor.net\/de\/wp-json\/wp\/v2\/tags?post=19523"}],"curies":[{"name":"wp","href":"https:\/\/api.w.org\/{rel}","templated":true}]}}