{"id":22509185,"date":"2023-11-13T09:43:26","date_gmt":"2023-11-13T08:43:26","guid":{"rendered":"https:\/\/www.justcolor.net\/?page_id=22509185"},"modified":"2023-11-13T09:44:05","modified_gmt":"2023-11-13T08:44:05","slug":"top-tags","status":"publish","type":"page","link":"https:\/\/www.justcolor.net\/de\/top-tags\/","title":{"rendered":"Alle unsere komplexen Malvorlagen f\u00fcr Erwachsene nach Stichw\u00f6rtern sortiert"},"content":{"rendered":"","protected":false},"excerpt":{"rendered":"<p>Entdecke unsere komplexen Malvorlagen f\u00fcr Erwachsene, die nach Stichw\u00f6rtern organisiert sind. Hier findest du direkten Zugang zu Tausenden von detaillierten Zeichnungen, ideal f\u00fcr diejenigen, die herausfordernde Kunstwerke lieben. Egal ob du nach Tieren, Natur, ber\u00fchmten Charakteren oder spezifischen Themen wie &#8222;Frau&#8220; oder &#8222;Drache&#8220; suchst, st\u00f6bere durch unsere Sammlung und fang heute an zu malen.<\/p>\n","protected":false},"author":1,"featured_media":0,"parent":0,"menu_order":0,"comment_status":"closed","ping_status":"closed","template":"page-toptags.php","meta":{"ngg_post_thumbnail":0,"footnotes":""},"tags":[],"class_list":["post-22509185","page","type-page","status-publish"],"_links":{"self":[{"href":"https:\/\/www.justcolor.net\/de\/wp-json\/wp\/v2\/pages\/22509185","targetHints":{"allow":["GET"]}}],"collection":[{"href":"https:\/\/www.justcolor.net\/de\/wp-json\/wp\/v2\/pages"}],"about":[{"href":"https:\/\/www.justcolor.net\/de\/wp-json\/wp\/v2\/types\/page"}],"author":[{"embeddable":true,"href":"https:\/\/www.justcolor.net\/de\/wp-json\/wp\/v2\/users\/1"}],"replies":[{"embeddable":true,"href":"https:\/\/www.justcolor.net\/de\/wp-json\/wp\/v2\/comments?post=22509185"}],"version-history":[{"count":0,"href":"https:\/\/www.justcolor.net\/de\/wp-json\/wp\/v2\/pages\/22509185\/revisions"}],"wp:attachment":[{"href":"https:\/\/www.justcolor.net\/de\/wp-json\/wp\/v2\/media?parent=22509185"}],"wp:term":[{"taxonomy":"post_tag","embeddable":true,"href":"https:\/\/www.justcolor.net\/de\/wp-json\/wp\/v2\/tags?post=22509185"}],"curies":[{"name":"wp","href":"https:\/\/api.w.org\/{rel}","templated":true}]}}