{"id":6486,"date":"2016-04-28T17:35:34","date_gmt":"2016-04-28T16:35:34","guid":{"rendered":"https:\/\/www.justcolor.net\/de\/de\/de\/de\/de\/de\/de\/de\/de\/de\/de\/de\/de\/de\/de\/de\/de\/de\/de\/de\/de\/de\/de\/de\/de\/de\/de\/de\/de\/de\/de\/de\/de\/de\/de\/de\/de\/de\/de\/de\/de\/de\/de\/de\/de\/de\/de\/de\/de\/de\/de\/de\/de\/de\/de\/de\/de\/de\/de\/de\/de\/de\/de\/de\/de\/de\/de\/de\/de\/de\/de\/de\/de\/de\/de\/de\/d"},"modified":"2016-09-15T13:44:15","modified_gmt":"2016-09-15T12:44:15","slug":"geschichte","status":"publish","type":"page","link":"https:\/\/www.justcolor.net\/de\/geschichte\/","title":{"rendered":"Geschichte"},"content":{"rendered":"<div class=\"gallery-grid\">\n    <div class=\"gallery-grid-item\">\n        <div class=\"ngg-album-link\">\n            <a class=\"gallery_link\" href=\"https:\/\/www.justcolor.net\/de\/geschichte\/filmplakate\/\" title=\"Ausmalbilder von Filmplakate zum Ausdrucken und Ausmalen f\u00fcr Erwachsene\">\n                <img class=\"Thumb\"\n                     alt=\"Ausmalbilder von Filmplakate zum Ausdrucken und Ausmalen f\u00fcr Erwachsene\"\n                     src=\"https:\/\/www.justcolor.net\/de\/wp-content\/uploads\/sites\/5\/nggallery\/movie-posters\/cache\/malbuch-fur-erwachsene-filmplakate-13614.jpg-nggid03491-ngg0dyn-182x136-00f0w010c011r110f110r010t010.jpg\"\n                     loading=\"lazy\"\n                     width=\"250\"\n                     height=\"150\" \/>\n            <\/a>\n        <\/div>\n        <h2 class=\"gallery-grid-album-lig1\">\n            <a class=\"ngg-album-desc\"\n               title=\"Ausmalbilder von Filmplakate zum Ausmalen\"\n               href=\"https:\/\/www.justcolor.net\/de\/geschichte\/filmplakate\/\">\n                Filmplakate            <\/a>\n        <\/h2>\n    <\/div>\n    <div class=\"gallery-grid-item\">\n        <div class=\"ngg-album-link\">\n            <a class=\"gallery_link\" href=\"https:\/\/www.justcolor.net\/de\/geschichte\/fernsehserie\/\" title=\"Ausmalbilder von Fernsehserie zum Ausdrucken und Ausmalen f\u00fcr Erwachsene\">\n                <img class=\"Thumb\"\n                     alt=\"Ausmalbilder von Fernsehserie zum Ausdrucken und Ausmalen f\u00fcr Erwachsene\"\n                     src=\"https:\/\/www.justcolor.net\/de\/wp-content\/uploads\/sites\/5\/nggallery\/tv-series\/cache\/malbuch-fur-erwachsene-fernsehserie-80551.jpg-nggid03395-ngg0dyn-182x136-00f0w010c011r110f110r010t010.jpg\"\n                     loading=\"lazy\"\n                     width=\"250\"\n                     height=\"150\" \/>\n            <\/a>\n        <\/div>\n        <h2 class=\"gallery-grid-album-lig1\">\n            <a class=\"ngg-album-desc\"\n               title=\"Ausmalbilder von Fernsehserie zum Ausmalen\"\n               href=\"https:\/\/www.justcolor.net\/de\/geschichte\/fernsehserie\/\">\n                Fernsehserie            <\/a>\n        <\/h2>\n    <\/div>\n    <div class=\"gallery-grid-item\">\n        <div class=\"ngg-album-link\">\n            <a class=\"gallery_link\" href=\"https:\/\/www.justcolor.net\/de\/geschichte\/marchen\/\" title=\"Ausmalbilder von M\u00e4rchen zum Ausdrucken und Ausmalen f\u00fcr Erwachsene\">\n                <img class=\"Thumb\"\n                     alt=\"Ausmalbilder von M\u00e4rchen zum Ausdrucken und Ausmalen f\u00fcr Erwachsene\"\n                     src=\"https:\/\/www.justcolor.net\/de\/wp-content\/uploads\/sites\/5\/nggallery\/fairy-tales\/cache\/malbuch-fur-erwachsene-marchen-70560.jpg-nggid042052-ngg0dyn-182x136-00f0w010c011r110f110r010t010.jpg\"\n                     loading=\"lazy\"\n                     width=\"250\"\n                     height=\"150\" \/>\n            <\/a>\n        <\/div>\n        <h2 class=\"gallery-grid-album-lig1\">\n            <a class=\"ngg-album-desc\"\n               title=\"Ausmalbilder von M\u00e4rchen zum Ausmalen\"\n               href=\"https:\/\/www.justcolor.net\/de\/geschichte\/marchen\/\">\n                M\u00e4rchen            <\/a>\n        <\/h2>\n    <\/div>\n    <div class=\"gallery-grid-item\">\n        <div class=\"ngg-album-link\">\n            <a class=\"gallery_link\" href=\"https:\/\/www.justcolor.net\/de\/geschichte\/konige-und-koniginnen\/\" title=\"Ausmalbilder von K\u00f6nige und K\u00f6niginnen zum Ausdrucken und Ausmalen f\u00fcr Erwachsene\">\n                <img class=\"Thumb\"\n                     alt=\"Ausmalbilder von K\u00f6nige und K\u00f6niginnen zum Ausdrucken und Ausmalen f\u00fcr Erwachsene\"\n                     src=\"https:\/\/www.justcolor.net\/de\/wp-content\/uploads\/sites\/5\/nggallery\/kings-and-queens\/cache\/malbuch-fur-erwachsene-konige-und-koniginnen-39668.jpg-nggid041365-ngg0dyn-182x136-00f0w010c011r110f110r010t010.jpg\"\n                     loading=\"lazy\"\n                     width=\"250\"\n                     height=\"150\" \/>\n            <\/a>\n        <\/div>\n        <h2 class=\"gallery-grid-album-lig1\">\n            <a class=\"ngg-album-desc\"\n               title=\"Ausmalbilder von K\u00f6nige und K\u00f6niginnen zum Ausmalen\"\n               href=\"https:\/\/www.justcolor.net\/de\/geschichte\/konige-und-koniginnen\/\">\n                K\u00f6nige und K\u00f6niginnen            <\/a>\n        <\/h2>\n    <\/div>\n    <div class=\"gallery-grid-item\">\n        <div class=\"ngg-album-link\">\n            <a class=\"gallery_link\" href=\"https:\/\/www.justcolor.net\/de\/geschichte\/glasmalerei\/\" title=\"Ausmalbilder von Glasmalerei zum Ausdrucken und Ausmalen f\u00fcr Erwachsene\">\n                <img class=\"Thumb\"\n                     alt=\"Ausmalbilder von Glasmalerei zum Ausdrucken und Ausmalen f\u00fcr Erwachsene\"\n                     src=\"https:\/\/www.justcolor.net\/de\/wp-content\/uploads\/sites\/5\/nggallery\/vitraux\/cache\/malbuch-fur-erwachsene-glasmalerei-69483.jpg-nggid03290-ngg0dyn-182x136-00f0w010c011r110f110r010t010.jpg\"\n                     loading=\"lazy\"\n                     width=\"250\"\n                     height=\"150\" \/>\n            <\/a>\n        <\/div>\n        <h2 class=\"gallery-grid-album-lig1\">\n            <a class=\"ngg-album-desc\"\n               title=\"Ausmalbilder von Glasmalerei zum Ausmalen\"\n               href=\"https:\/\/www.justcolor.net\/de\/geschichte\/glasmalerei\/\">\n                Glasmalerei            <\/a>\n        <\/h2>\n    <\/div>\n    <div class=\"gallery-grid-item\">\n        <div class=\"ngg-album-link\">\n            <a class=\"gallery_link\" href=\"https:\/\/www.justcolor.net\/de\/geschichte\/mittelalter\/\" title=\"Ausmalbilder von Mittelalter zum Ausdrucken und Ausmalen f\u00fcr Erwachsene\">\n                <img class=\"Thumb\"\n                     alt=\"Ausmalbilder von Mittelalter zum Ausdrucken und Ausmalen f\u00fcr Erwachsene\"\n                     src=\"https:\/\/www.justcolor.net\/de\/wp-content\/uploads\/sites\/5\/nggallery\/middle-age\/cache\/malbuch-fur-erwachsene-mittelalter-84177.jpg-nggid041447-ngg0dyn-182x136-00f0w010c011r110f110r010t010.jpg\"\n                     loading=\"lazy\"\n                     width=\"250\"\n                     height=\"150\" \/>\n            <\/a>\n        <\/div>\n        <h2 class=\"gallery-grid-album-lig1\">\n            <a class=\"ngg-album-desc\"\n               title=\"Ausmalbilder von Mittelalter zum Ausmalen\"\n               href=\"https:\/\/www.justcolor.net\/de\/geschichte\/mittelalter\/\">\n                Mittelalter            <\/a>\n        <\/h2>\n    <\/div>\n    <div class=\"gallery-grid-item\">\n        <div class=\"ngg-album-link\">\n            <a class=\"gallery_link\" href=\"https:\/\/www.justcolor.net\/de\/geschichte\/mythen-legenden\/\" title=\"Ausmalbilder von Mythen &amp; Legenden zum Ausdrucken und Ausmalen f\u00fcr Erwachsene\">\n                <img class=\"Thumb\"\n                     alt=\"Ausmalbilder von Mythen &amp; Legenden zum Ausdrucken und Ausmalen f\u00fcr Erwachsene\"\n                     src=\"https:\/\/www.justcolor.net\/de\/wp-content\/uploads\/sites\/5\/nggallery\/myths-legends\/cache\/malbuch-fur-erwachsene-mythen-legenden-21095.jpg-nggid03392-ngg0dyn-182x136-00f0w010c011r110f110r010t010.jpg\"\n                     loading=\"lazy\"\n                     width=\"250\"\n                     height=\"150\" \/>\n            <\/a>\n        <\/div>\n        <h2 class=\"gallery-grid-album-lig1\">\n            <a class=\"ngg-album-desc\"\n               title=\"Ausmalbilder von Mythen &amp; Legenden zum Ausmalen\"\n               href=\"https:\/\/www.justcolor.net\/de\/geschichte\/mythen-legenden\/\">\n                Mythen & Legenden            <\/a>\n        <\/h2>\n    <\/div>\n    <div class=\"gallery-grid-item\">\n        <div class=\"ngg-album-link\">\n            <a class=\"gallery_link\" href=\"https:\/\/www.justcolor.net\/de\/geschichte\/drachen\/\" title=\"Ausmalbilder von Drachen zum Ausdrucken und Ausmalen f\u00fcr Erwachsene\">\n                <img class=\"Thumb\"\n                     alt=\"Ausmalbilder von Drachen zum Ausdrucken und Ausmalen f\u00fcr Erwachsene\"\n                     src=\"https:\/\/www.justcolor.net\/de\/wp-content\/uploads\/sites\/5\/nggallery\/dragons\/thumbs\/thumbs_malvorlagen-f\u00fcr-erwachsene-drachen-29201.jpg\"\n                     loading=\"lazy\"\n                     width=\"250\"\n                     height=\"150\" \/>\n            <\/a>\n        <\/div>\n        <h2 class=\"gallery-grid-album-lig1\">\n            <a class=\"ngg-album-desc\"\n               title=\"Ausmalbilder von Drachen zum Ausmalen\"\n               href=\"https:\/\/www.justcolor.net\/de\/geschichte\/drachen\/\">\n                Drachen            <\/a>\n        <\/h2>\n    <\/div>\n    <div class=\"gallery-grid-item\">\n        <div class=\"ngg-album-link\">\n            <a class=\"gallery_link\" href=\"https:\/\/www.justcolor.net\/de\/geschichte\/einhorner\/\" title=\"Ausmalbilder von Einh\u00f6rner zum Ausdrucken und Ausmalen f\u00fcr Erwachsene\">\n                <img class=\"Thumb\"\n                     alt=\"Ausmalbilder von Einh\u00f6rner zum Ausdrucken und Ausmalen f\u00fcr Erwachsene\"\n                     src=\"https:\/\/www.justcolor.net\/de\/wp-content\/uploads\/sites\/5\/nggallery\/unicorns\/cache\/malbuch-fur-erwachsene-einhorner-13576.jpg-nggid043847-ngg0dyn-182x136-00f0w010c011r110f110r010t010.jpg\"\n                     loading=\"lazy\"\n                     width=\"250\"\n                     height=\"150\" \/>\n            <\/a>\n        <\/div>\n        <h2 class=\"gallery-grid-album-lig1\">\n            <a class=\"ngg-album-desc\"\n               title=\"Ausmalbilder von Einh\u00f6rner zum Ausmalen\"\n               href=\"https:\/\/www.justcolor.net\/de\/geschichte\/einhorner\/\">\n                Einh\u00f6rner            <\/a>\n        <\/h2>\n    <\/div>\n    <div class=\"gallery-grid-item\">\n        <div class=\"ngg-album-link\">\n            <a class=\"gallery_link\" href=\"https:\/\/www.justcolor.net\/de\/geschichte\/meerjungfrauen\/\" title=\"Ausmalbilder von Meerjungfrauen zum Ausdrucken und Ausmalen f\u00fcr Erwachsene\">\n                <img class=\"Thumb\"\n                     alt=\"Ausmalbilder von Meerjungfrauen zum Ausdrucken und Ausmalen f\u00fcr Erwachsene\"\n                     src=\"https:\/\/www.justcolor.net\/de\/wp-content\/uploads\/sites\/5\/nggallery\/mermaids\/cache\/malbuch-fur-erwachsene-meerjungfrauen-82913.jpg-nggid043843-ngg0dyn-182x136-00f0w010c011r110f110r010t010.jpg\"\n                     loading=\"lazy\"\n                     width=\"250\"\n                     height=\"150\" \/>\n            <\/a>\n        <\/div>\n        <h2 class=\"gallery-grid-album-lig1\">\n            <a class=\"ngg-album-desc\"\n               title=\"Ausmalbilder von Meerjungfrauen zum Ausmalen\"\n               href=\"https:\/\/www.justcolor.net\/de\/geschichte\/meerjungfrauen\/\">\n                Meerjungfrauen            <\/a>\n        <\/h2>\n    <\/div>\n    <div class=\"gallery-grid-item\">\n        <div class=\"ngg-album-link\">\n            <a class=\"gallery_link\" href=\"https:\/\/www.justcolor.net\/de\/geschichte\/bucher-comics\/\" title=\"Ausmalbilder von B\u00fccher &amp; Comics zum Ausdrucken und Ausmalen f\u00fcr Erwachsene\">\n                <img class=\"Thumb\"\n                     alt=\"Ausmalbilder von B\u00fccher &amp; Comics zum Ausdrucken und Ausmalen f\u00fcr Erwachsene\"\n                     src=\"https:\/\/www.justcolor.net\/de\/wp-content\/uploads\/sites\/5\/nggallery\/livres-et-comics\/cache\/malbuch-fur-erwachsene-bucher-comics-55766.jpg-nggid0281-ngg0dyn-182x136-00f0w010c011r110f110r010t010.jpg\"\n                     loading=\"lazy\"\n                     width=\"250\"\n                     height=\"150\" \/>\n            <\/a>\n        <\/div>\n        <h2 class=\"gallery-grid-album-lig1\">\n            <a class=\"ngg-album-desc\"\n               title=\"Ausmalbilder von B\u00fccher &amp; Comics zum Ausmalen\"\n               href=\"https:\/\/www.justcolor.net\/de\/geschichte\/bucher-comics\/\">\n                B\u00fccher & Comics            <\/a>\n        <\/h2>\n    <\/div>\n    <div class=\"gallery-grid-item\">\n        <div class=\"ngg-album-link\">\n            <a class=\"gallery_link\" href=\"https:\/\/www.justcolor.net\/de\/geschichte\/mangas\/\" title=\"Ausmalbilder von Mangas zum Ausdrucken und Ausmalen f\u00fcr Erwachsene\">\n                <img class=\"Thumb\"\n                     alt=\"Ausmalbilder von Mangas zum Ausdrucken und Ausmalen f\u00fcr Erwachsene\"\n                     src=\"https:\/\/www.justcolor.net\/de\/wp-content\/uploads\/sites\/5\/nggallery\/mangas\/cache\/malbuch-fur-erwachsene-mangas-38622.jpg-nggid042097-ngg0dyn-182x136-00f0w010c011r110f110r010t010.jpg\"\n                     loading=\"lazy\"\n                     width=\"250\"\n                     height=\"150\" \/>\n            <\/a>\n        <\/div>\n        <h2 class=\"gallery-grid-album-lig1\">\n            <a class=\"ngg-album-desc\"\n               title=\"Ausmalbilder von Mangas zum Ausmalen\"\n               href=\"https:\/\/www.justcolor.net\/de\/geschichte\/mangas\/\">\n                Mangas            <\/a>\n        <\/h2>\n    <\/div>\n<br class=\"ngg-clear\"\/>\n<div class='ngg-clear'><\/div><\/div>\n\n","protected":false},"excerpt":{"rendered":"","protected":false},"author":1,"featured_media":6799,"parent":0,"menu_order":5,"comment_status":"closed","ping_status":"closed","template":"","meta":{"ngg_post_thumbnail":0,"footnotes":""},"tags":[402],"class_list":{"0":"post-6486","1":"page","2":"type-page","3":"status-publish","4":"has-post-thumbnail","6":"tag-supergallery"},"_links":{"self":[{"href":"https:\/\/www.justcolor.net\/de\/wp-json\/wp\/v2\/pages\/6486","targetHints":{"allow":["GET"]}}],"collection":[{"href":"https:\/\/www.justcolor.net\/de\/wp-json\/wp\/v2\/pages"}],"about":[{"href":"https:\/\/www.justcolor.net\/de\/wp-json\/wp\/v2\/types\/page"}],"author":[{"embeddable":true,"href":"https:\/\/www.justcolor.net\/de\/wp-json\/wp\/v2\/users\/1"}],"replies":[{"embeddable":true,"href":"https:\/\/www.justcolor.net\/de\/wp-json\/wp\/v2\/comments?post=6486"}],"version-history":[{"count":0,"href":"https:\/\/www.justcolor.net\/de\/wp-json\/wp\/v2\/pages\/6486\/revisions"}],"wp:featuredmedia":[{"embeddable":true,"href":"https:\/\/www.justcolor.net\/de\/wp-json\/wp\/v2\/media\/6799"}],"wp:attachment":[{"href":"https:\/\/www.justcolor.net\/de\/wp-json\/wp\/v2\/media?parent=6486"}],"wp:term":[{"taxonomy":"post_tag","embeddable":true,"href":"https:\/\/www.justcolor.net\/de\/wp-json\/wp\/v2\/tags?post=6486"}],"curies":[{"name":"wp","href":"https:\/\/api.w.org\/{rel}","templated":true}]}}