{"id":6487,"date":"2016-04-28T17:31:06","date_gmt":"2016-04-28T16:31:06","guid":{"rendered":"https:\/\/www.justcolor.net\/de\/de\/de\/de\/de\/de\/de\/de\/de\/de\/de\/de\/de\/de\/de\/de\/de\/de\/de\/de\/de\/de\/de\/de\/de\/de\/de\/de\/de\/de\/de\/de\/de\/de\/de\/de\/de\/de\/de\/de\/de\/de\/de\/de\/de\/de\/de\/de\/de\/de\/de\/de\/de\/de\/de\/de\/de\/de\/de\/de\/de\/de\/de\/de\/de\/de\/de\/de\/de\/de\/de\/de\/de\/de\/de\/de\/d"},"modified":"2018-02-12T10:40:25","modified_gmt":"2018-02-12T09:40:25","slug":"entspannung","status":"publish","type":"page","link":"https:\/\/www.justcolor.net\/de\/entspannung\/","title":{"rendered":"Entspannung"},"content":{"rendered":"<div class=\"gallery-grid\">\n    <div class=\"gallery-grid-item\">\n        <div class=\"ngg-album-link\">\n            <a class=\"gallery_link\" href=\"https:\/\/www.justcolor.net\/de\/entspannung\/anti-stress-zen\/\" title=\"Ausmalbilder Anti-stress \/ Zen zum Ausdrucken und Ausmalen f\u00fcr Erwachsene\">\n                <img class=\"Thumb\"\n                     alt=\"Ausmalbilder Anti-stress \/ Zen zum Ausdrucken und Ausmalen f\u00fcr Erwachsene\"\n                     src=\"https:\/\/www.justcolor.net\/de\/wp-content\/uploads\/sites\/5\/nggallery\/anti-stress\/cache\/malbuch-fur-erwachsene-anti-stress-zen-599.jpg-nggid0249-ngg0dyn-182x136-00f0w010c011r110f110r010t010.jpg\"\n                     loading=\"lazy\"\n                     width=\"250\"\n                     height=\"150\" \/>\n            <\/a>\n        <\/div>\n        <h2 class=\"gallery-grid-album-lig1\">\n            <a class=\"ngg-album-desc\"\n               title=\"Ausmalbilder Anti-stress \/ Zen zum Ausmalen\"\n               href=\"https:\/\/www.justcolor.net\/de\/entspannung\/anti-stress-zen\/\">\n                Anti-stress \/ Zen            <\/a>\n        <\/h2>\n    <\/div>\n    <div class=\"gallery-grid-item\">\n        <div class=\"ngg-album-link\">\n            <a class=\"gallery_link\" href=\"https:\/\/www.justcolor.net\/de\/entspannung\/traumfanger\/\" title=\"Ausmalbilder von Traumf\u00e4nger zum Ausdrucken und Ausmalen f\u00fcr Erwachsene\">\n                <img class=\"Thumb\"\n                     alt=\"Ausmalbilder von Traumf\u00e4nger zum Ausdrucken und Ausmalen f\u00fcr Erwachsene\"\n                     src=\"https:\/\/www.justcolor.net\/de\/wp-content\/uploads\/sites\/5\/nggallery\/dreamcatchers\/cache\/malbuch-fur-erwachsene-traumfanger-98764.jpg-nggid044760-ngg0dyn-182x136-00f0w010c011r110f110r010t010.jpg\"\n                     loading=\"lazy\"\n                     width=\"250\"\n                     height=\"150\" \/>\n            <\/a>\n        <\/div>\n        <h2 class=\"gallery-grid-album-lig1\">\n            <a class=\"ngg-album-desc\"\n               title=\"Ausmalbilder von Traumf\u00e4nger zum Ausmalen\"\n               href=\"https:\/\/www.justcolor.net\/de\/entspannung\/traumfanger\/\">\n                Traumf\u00e4nger            <\/a>\n        <\/h2>\n    <\/div>\n    <div class=\"gallery-grid-item\">\n        <div class=\"ngg-album-link\">\n            <a class=\"gallery_link\" href=\"https:\/\/www.justcolor.net\/de\/entspannung\/zentangle\/\" title=\"Ausmalbilder von Zentangle zum Ausdrucken und Ausmalen f\u00fcr Erwachsene\">\n                <img class=\"Thumb\"\n                     alt=\"Ausmalbilder von Zentangle zum Ausdrucken und Ausmalen f\u00fcr Erwachsene\"\n                     src=\"https:\/\/www.justcolor.net\/de\/wp-content\/uploads\/sites\/5\/nggallery\/zentangle\/thumbs\/thumbs_malbuch-fur-erwachsene-zentangle-45865.jpg\"\n                     loading=\"lazy\"\n                     width=\"250\"\n                     height=\"150\" \/>\n            <\/a>\n        <\/div>\n        <h2 class=\"gallery-grid-album-lig1\">\n            <a class=\"ngg-album-desc\"\n               title=\"Ausmalbilder von Zentangle zum Ausmalen\"\n               href=\"https:\/\/www.justcolor.net\/de\/entspannung\/zentangle\/\">\n                Zentangle            <\/a>\n        <\/h2>\n    <\/div>\n    <div class=\"gallery-grid-item\">\n        <div class=\"ngg-album-link\">\n            <a class=\"gallery_link\" href=\"https:\/\/www.justcolor.net\/de\/entspannung\/doodle-art-doodling\/\" title=\"Ausmalbilder von Doodle art \/ Doodling zum Ausdrucken und Ausmalen f\u00fcr Erwachsene\">\n                <img class=\"Thumb\"\n                     alt=\"Ausmalbilder von Doodle art \/ Doodling zum Ausdrucken und Ausmalen f\u00fcr Erwachsene\"\n                     src=\"https:\/\/www.justcolor.net\/de\/wp-content\/uploads\/sites\/5\/nggallery\/doodle-art-doodling\/cache\/malbuch-fur-erwachsene-gekritzelkunst-gekritzel-12261.jpg-nggid03923-ngg0dyn-182x136-00f0w010c011r110f110r010t010.jpg\"\n                     loading=\"lazy\"\n                     width=\"250\"\n                     height=\"150\" \/>\n            <\/a>\n        <\/div>\n        <h2 class=\"gallery-grid-album-lig1\">\n            <a class=\"ngg-album-desc\"\n               title=\"Ausmalbilder von Doodle art \/ Doodling zum Ausmalen\"\n               href=\"https:\/\/www.justcolor.net\/de\/entspannung\/doodle-art-doodling\/\">\n                Doodle art \/ Doodling            <\/a>\n        <\/h2>\n    <\/div>\n    <div class=\"gallery-grid-item\">\n        <div class=\"ngg-album-link\">\n            <a class=\"gallery_link\" href=\"https:\/\/www.justcolor.net\/de\/entspannung\/cupcakes\/\" title=\"Ausmalbilder von Cupcakes zum Ausdrucken und Ausmalen f\u00fcr Erwachsene\">\n                <img class=\"Thumb\"\n                     alt=\"Ausmalbilder von Cupcakes zum Ausdrucken und Ausmalen f\u00fcr Erwachsene\"\n                     src=\"https:\/\/www.justcolor.net\/de\/wp-content\/uploads\/sites\/5\/nggallery\/cup-cakes\/cache\/malbuch-fur-erwachsene-cupcakes-77403.jpg-nggid03321-ngg0dyn-182x136-00f0w010c011r110f110r010t010.jpg\"\n                     loading=\"lazy\"\n                     width=\"250\"\n                     height=\"150\" \/>\n            <\/a>\n        <\/div>\n        <h2 class=\"gallery-grid-album-lig1\">\n            <a class=\"ngg-album-desc\"\n               title=\"Ausmalbilder von Cupcakes zum Ausmalen\"\n               href=\"https:\/\/www.justcolor.net\/de\/entspannung\/cupcakes\/\">\n                Cupcakes            <\/a>\n        <\/h2>\n    <\/div>\n    <div class=\"gallery-grid-item\">\n        <div class=\"ngg-album-link\">\n            <a class=\"gallery_link\" href=\"https:\/\/www.justcolor.net\/de\/entspannung\/psychedelisch\/\" title=\"Ausmalbilder Psychedelisch zum Ausdrucken und Ausmalen f\u00fcr Erwachsene\">\n                <img class=\"Thumb\"\n                     alt=\"Ausmalbilder Psychedelisch zum Ausdrucken und Ausmalen f\u00fcr Erwachsene\"\n                     src=\"https:\/\/www.justcolor.net\/de\/wp-content\/uploads\/sites\/5\/nggallery\/psychedelic\/cache\/malbuch-fur-erwachsene-psychedelisch-98548.jpg-nggid03535-ngg0dyn-182x136-00f0w010c011r110f110r010t010.jpg\"\n                     loading=\"lazy\"\n                     width=\"250\"\n                     height=\"150\" \/>\n            <\/a>\n        <\/div>\n        <h2 class=\"gallery-grid-album-lig1\">\n            <a class=\"ngg-album-desc\"\n               title=\"Ausmalbilder Psychedelisch zum Ausmalen\"\n               href=\"https:\/\/www.justcolor.net\/de\/entspannung\/psychedelisch\/\">\n                Psychedelisch            <\/a>\n        <\/h2>\n    <\/div>\n    <div class=\"gallery-grid-item\">\n        <div class=\"ngg-album-link\">\n            <a class=\"gallery_link\" href=\"https:\/\/www.justcolor.net\/de\/entspannung\/1950s-pin-up\/\" title=\"Ausmalbilder von Pin-up der 50er Jahre zum Ausdrucken und Ausmalen f\u00fcr Erwachsene\">\n                <img class=\"Thumb\"\n                     alt=\"Ausmalbilder von Pin-up der 50er Jahre zum Ausdrucken und Ausmalen f\u00fcr Erwachsene\"\n                     src=\"https:\/\/www.justcolor.net\/de\/wp-content\/uploads\/sites\/5\/nggallery\/pin-up-50s\/thumbs\/thumbs_malvorlagen-f\u00fcr-erwachsene-pin-up-der-50er-jahre-65621.jpg\"\n                     loading=\"lazy\"\n                     width=\"250\"\n                     height=\"150\" \/>\n            <\/a>\n        <\/div>\n        <h2 class=\"gallery-grid-album-lig1\">\n            <a class=\"ngg-album-desc\"\n               title=\"Ausmalbilder von Pin-up der 50er Jahre zum Ausmalen\"\n               href=\"https:\/\/www.justcolor.net\/de\/entspannung\/1950s-pin-up\/\">\n                Pin-up der 50er Jahre            <\/a>\n        <\/h2>\n    <\/div>\n    <div class=\"gallery-grid-item\">\n        <div class=\"ngg-album-link\">\n            <a class=\"gallery_link\" href=\"https:\/\/www.justcolor.net\/de\/entspannung\/russische-puppen\/\" title=\"Ausmalbilder von Russische Puppen zum Ausdrucken und Ausmalen f\u00fcr Erwachsene\">\n                <img class=\"Thumb\"\n                     alt=\"Ausmalbilder von Russische Puppen zum Ausdrucken und Ausmalen f\u00fcr Erwachsene\"\n                     src=\"https:\/\/www.justcolor.net\/de\/wp-content\/uploads\/sites\/5\/nggallery\/russian-dolls\/cache\/malbuch-fur-erwachsene-russische-puppen-55129.jpg-nggid041200-ngg0dyn-182x136-00f0w010c011r110f110r010t010.jpg\"\n                     loading=\"lazy\"\n                     width=\"250\"\n                     height=\"150\" \/>\n            <\/a>\n        <\/div>\n        <h2 class=\"gallery-grid-album-lig1\">\n            <a class=\"ngg-album-desc\"\n               title=\"Ausmalbilder von Russische Puppen zum Ausmalen\"\n               href=\"https:\/\/www.justcolor.net\/de\/entspannung\/russische-puppen\/\">\n                Russische Puppen            <\/a>\n        <\/h2>\n    <\/div>\n    <div class=\"gallery-grid-item\">\n        <div class=\"ngg-album-link\">\n            <a class=\"gallery_link\" href=\"https:\/\/www.justcolor.net\/de\/entspannung\/ruckkehr-zur-kindheit\/\" title=\"Ausmalbilder R\u00fcckkehr zur Kindheit zum Ausdrucken und Ausmalen f\u00fcr Erwachsene\">\n                <img class=\"Thumb\"\n                     alt=\"Ausmalbilder R\u00fcckkehr zur Kindheit zum Ausdrucken und Ausmalen f\u00fcr Erwachsene\"\n                     src=\"https:\/\/www.justcolor.net\/de\/wp-content\/uploads\/sites\/5\/nggallery\/back-to-childhood\/cache\/malbuch-fur-erwachsene-ruckkehr-zur-kindheit-59381.jpg-nggid041187-ngg0dyn-182x136-00f0w010c011r110f110r010t010.jpg\"\n                     loading=\"lazy\"\n                     width=\"250\"\n                     height=\"150\" \/>\n            <\/a>\n        <\/div>\n        <h2 class=\"gallery-grid-album-lig1\">\n            <a class=\"ngg-album-desc\"\n               title=\"Ausmalbilder R\u00fcckkehr zur Kindheit zum Ausmalen\"\n               href=\"https:\/\/www.justcolor.net\/de\/entspannung\/ruckkehr-zur-kindheit\/\">\n                R\u00fcckkehr zur Kindheit            <\/a>\n        <\/h2>\n    <\/div>\n    <div class=\"gallery-grid-item\">\n        <div class=\"ngg-album-link\">\n            <a class=\"gallery_link\" href=\"https:\/\/www.justcolor.net\/de\/entspannung\/wunderschone-garten\/\" title=\"Ausmalbilder von Wundersch\u00f6ne G\u00e4rten zum Ausdrucken und Ausmalen f\u00fcr Erwachsene\">\n                <img class=\"Thumb\"\n                     alt=\"Ausmalbilder von Wundersch\u00f6ne G\u00e4rten zum Ausdrucken und Ausmalen f\u00fcr Erwachsene\"\n                     src=\"https:\/\/www.justcolor.net\/de\/wp-content\/uploads\/sites\/5\/nggallery\/wonderful-gardens\/thumbs\/thumbs_malvorlagen-f\u00fcr-erwachsene-wunderbare-garten-5278.jpg\"\n                     loading=\"lazy\"\n                     width=\"250\"\n                     height=\"150\" \/>\n            <\/a>\n        <\/div>\n        <h2 class=\"gallery-grid-album-lig1\">\n            <a class=\"ngg-album-desc\"\n               title=\"Ausmalbilder von Wundersch\u00f6ne G\u00e4rten zum Ausmalen\"\n               href=\"https:\/\/www.justcolor.net\/de\/entspannung\/wunderschone-garten\/\">\n                Wundersch\u00f6ne G\u00e4rten            <\/a>\n        <\/h2>\n    <\/div>\n    <div class=\"gallery-grid-item\">\n        <div class=\"ngg-album-link\">\n            <a class=\"gallery_link\" href=\"https:\/\/www.justcolor.net\/de\/entspannung\/vintage\/\" title=\"Ausmalbilder Vintage zum Ausdrucken und Ausmalen f\u00fcr Erwachsene\">\n                <img class=\"Thumb\"\n                     alt=\"Ausmalbilder Vintage zum Ausdrucken und Ausmalen f\u00fcr Erwachsene\"\n                     src=\"https:\/\/www.justcolor.net\/de\/wp-content\/uploads\/sites\/5\/nggallery\/vintage\/cache\/malbuch-fur-erwachsene-vintage-60009.jpg-nggid03262-ngg0dyn-182x136-00f0w010c011r110f110r010t010.jpg\"\n                     loading=\"lazy\"\n                     width=\"250\"\n                     height=\"150\" \/>\n            <\/a>\n        <\/div>\n        <h2 class=\"gallery-grid-album-lig1\">\n            <a class=\"ngg-album-desc\"\n               title=\"Ausmalbilder Vintage zum Ausmalen\"\n               href=\"https:\/\/www.justcolor.net\/de\/entspannung\/vintage\/\">\n                Vintage            <\/a>\n        <\/h2>\n    <\/div>\n    <div class=\"gallery-grid-item\">\n        <div class=\"ngg-album-link\">\n            <a class=\"gallery_link\" href=\"https:\/\/www.justcolor.net\/de\/entspannung\/nicht-klassifizierbar\/\" title=\"Ausmalbilder Nicht klassifizierbar zum Ausdrucken und Ausmalen f\u00fcr Erwachsene\">\n                <img class=\"Thumb\"\n                     alt=\"Ausmalbilder Nicht klassifizierbar zum Ausdrucken und Ausmalen f\u00fcr Erwachsene\"\n                     src=\"https:\/\/www.justcolor.net\/de\/wp-content\/uploads\/sites\/5\/nggallery\/inclassables\/cache\/malbuch-fur-erwachsene-nicht-klassifizierbar-39988.jpg-nggid03303-ngg0dyn-182x136-00f0w010c011r110f110r010t010.jpg\"\n                     loading=\"lazy\"\n                     width=\"250\"\n                     height=\"150\" \/>\n            <\/a>\n        <\/div>\n        <h2 class=\"gallery-grid-album-lig1\">\n            <a class=\"ngg-album-desc\"\n               title=\"Ausmalbilder Nicht klassifizierbar zum Ausmalen\"\n               href=\"https:\/\/www.justcolor.net\/de\/entspannung\/nicht-klassifizierbar\/\">\n                Nicht klassifizierbar            <\/a>\n        <\/h2>\n    <\/div>\n    <div class=\"gallery-grid-item\">\n        <div class=\"ngg-album-link\">\n            <a class=\"gallery_link\" href=\"https:\/\/www.justcolor.net\/de\/entspannung\/colorzen\/\" title=\"Ausmalbilder von Colorzen zum Ausdrucken und Ausmalen f\u00fcr Erwachsene\">\n                <img class=\"Thumb\"\n                     alt=\"Ausmalbilder von Colorzen zum Ausdrucken und Ausmalen f\u00fcr Erwachsene\"\n                     src=\"https:\/\/www.justcolor.net\/de\/wp-content\/uploads\/sites\/5\/nggallery\/colorzen\/cache\/malbuch-fur-erwachsene-colorzen-4850.jpg-nggid042133-ngg0dyn-182x136-00f0w010c011r110f110r010t010.jpg\"\n                     loading=\"lazy\"\n                     width=\"250\"\n                     height=\"150\" \/>\n            <\/a>\n        <\/div>\n        <h2 class=\"gallery-grid-album-lig1\">\n            <a class=\"ngg-album-desc\"\n               title=\"Ausmalbilder von Colorzen zum Ausmalen\"\n               href=\"https:\/\/www.justcolor.net\/de\/entspannung\/colorzen\/\">\n                Colorzen            <\/a>\n        <\/h2>\n    <\/div>\n    <div class=\"gallery-grid-item\">\n        <div class=\"ngg-album-link\">\n            <a class=\"gallery_link\" href=\"https:\/\/www.justcolor.net\/de\/entspannung\/keep-calm\/\" title=\"Ausmalbilder Keep Calm zum Ausdrucken und Ausmalen f\u00fcr Erwachsene\">\n                <img class=\"Thumb\"\n                     alt=\"Ausmalbilder Keep Calm zum Ausdrucken und Ausmalen f\u00fcr Erwachsene\"\n                     src=\"https:\/\/www.justcolor.net\/de\/wp-content\/uploads\/sites\/5\/nggallery\/keep-calm-and\/cache\/malbuch-fur-erwachsene-keep-calm-10850.jpg-nggid044108-ngg0dyn-182x136-00f0w010c011r110f110r010t010.jpg\"\n                     loading=\"lazy\"\n                     width=\"250\"\n                     height=\"150\" \/>\n            <\/a>\n        <\/div>\n        <h2 class=\"gallery-grid-album-lig1\">\n            <a class=\"ngg-album-desc\"\n               title=\"Ausmalbilder Keep Calm zum Ausmalen\"\n               href=\"https:\/\/www.justcolor.net\/de\/entspannung\/keep-calm\/\">\n                Keep Calm            <\/a>\n        <\/h2>\n    <\/div>\n    <div class=\"gallery-grid-item\">\n        <div class=\"ngg-album-link\">\n            <a class=\"gallery_link\" href=\"https:\/\/www.justcolor.net\/de\/entspannung\/zitate\/\" title=\"Ausmalbilder von Zitate zum Ausdrucken und Ausmalen f\u00fcr Erwachsene\">\n                <img class=\"Thumb\"\n                     alt=\"Ausmalbilder von Zitate zum Ausdrucken und Ausmalen f\u00fcr Erwachsene\"\n                     src=\"https:\/\/www.justcolor.net\/de\/wp-content\/uploads\/sites\/5\/nggallery\/quotes\/cache\/malbuch-fur-erwachsene-zitate-81633.jpg-nggid042535-ngg0dyn-182x136-00f0w010c011r110f110r010t010.jpg\"\n                     loading=\"lazy\"\n                     width=\"250\"\n                     height=\"150\" \/>\n            <\/a>\n        <\/div>\n        <h2 class=\"gallery-grid-album-lig1\">\n            <a class=\"ngg-album-desc\"\n               title=\"Ausmalbilder von Zitate zum Ausmalen\"\n               href=\"https:\/\/www.justcolor.net\/de\/entspannung\/zitate\/\">\n                Zitate            <\/a>\n        <\/h2>\n    <\/div>\n    <div class=\"gallery-grid-item\">\n        <div class=\"ngg-album-link\">\n            <a class=\"gallery_link\" href=\"https:\/\/www.justcolor.net\/de\/entspannung\/schimpfworter\/\" title=\"Ausmalbilder von Schimpfw\u00f6rter zum Ausdrucken und Ausmalen f\u00fcr Erwachsene\">\n                <img class=\"Thumb\"\n                     alt=\"Ausmalbilder von Schimpfw\u00f6rter zum Ausdrucken und Ausmalen f\u00fcr Erwachsene\"\n                     src=\"https:\/\/www.justcolor.net\/de\/wp-content\/uploads\/sites\/5\/nggallery\/swear-words\/cache\/malbuch-fur-erwachsene-schimpfworter-22992.jpg-nggid044518-ngg0dyn-182x136-00f0w010c011r110f110r010t010.jpg\"\n                     loading=\"lazy\"\n                     width=\"250\"\n                     height=\"150\" \/>\n            <\/a>\n        <\/div>\n        <h2 class=\"gallery-grid-album-lig1\">\n            <a class=\"ngg-album-desc\"\n               title=\"Ausmalbilder von Schimpfw\u00f6rter zum Ausmalen\"\n               href=\"https:\/\/www.justcolor.net\/de\/entspannung\/schimpfworter\/\">\n                Schimpfw\u00f6rter            <\/a>\n        <\/h2>\n    <\/div>\n<br class=\"ngg-clear\"\/>\n<div class='ngg-clear'><\/div><\/div>\n\n","protected":false},"excerpt":{"rendered":"","protected":false},"author":1,"featured_media":6794,"parent":0,"menu_order":1,"comment_status":"closed","ping_status":"closed","template":"","meta":{"ngg_post_thumbnail":0,"footnotes":""},"tags":[402],"class_list":{"0":"post-6487","1":"page","2":"type-page","3":"status-publish","4":"has-post-thumbnail","6":"tag-supergallery"},"_links":{"self":[{"href":"https:\/\/www.justcolor.net\/de\/wp-json\/wp\/v2\/pages\/6487","targetHints":{"allow":["GET"]}}],"collection":[{"href":"https:\/\/www.justcolor.net\/de\/wp-json\/wp\/v2\/pages"}],"about":[{"href":"https:\/\/www.justcolor.net\/de\/wp-json\/wp\/v2\/types\/page"}],"author":[{"embeddable":true,"href":"https:\/\/www.justcolor.net\/de\/wp-json\/wp\/v2\/users\/1"}],"replies":[{"embeddable":true,"href":"https:\/\/www.justcolor.net\/de\/wp-json\/wp\/v2\/comments?post=6487"}],"version-history":[{"count":0,"href":"https:\/\/www.justcolor.net\/de\/wp-json\/wp\/v2\/pages\/6487\/revisions"}],"wp:featuredmedia":[{"embeddable":true,"href":"https:\/\/www.justcolor.net\/de\/wp-json\/wp\/v2\/media\/6794"}],"wp:attachment":[{"href":"https:\/\/www.justcolor.net\/de\/wp-json\/wp\/v2\/media?parent=6487"}],"wp:term":[{"taxonomy":"post_tag","embeddable":true,"href":"https:\/\/www.justcolor.net\/de\/wp-json\/wp\/v2\/tags?post=6487"}],"curies":[{"name":"wp","href":"https:\/\/api.w.org\/{rel}","templated":true}]}}