{"id":7086,"date":"2016-06-06T12:04:26","date_gmt":"2016-06-06T11:04:26","guid":{"rendered":"https:\/\/www.justcolor.net\/de\/de\/de\/de\/de\/de\/de\/de\/de\/de\/de\/de\/de\/de\/de\/de\/de\/de\/de\/de\/de\/de\/de\/de\/de\/de\/de\/de\/de\/de\/de\/de\/de\/de\/de\/de\/de\/de\/de\/de\/de\/de\/de\/de\/de\/de\/de\/de\/de\/de\/de\/de\/de\/de\/de\/de\/de\/de\/de\/de\/de\/de\/de\/de\/de\/de\/de\/de\/de\/de\/de\/de\/de\/de\/de\/de\/d"},"modified":"2024-08-29T15:19:29","modified_gmt":"2024-08-29T13:19:29","slug":"new-hp","status":"publish","type":"page","link":"https:\/\/www.justcolor.net\/de\/","title":{"rendered":"Malvorlagen f\u00fcr Erwachsene: Gratis zum Herunterladen als PDF und Ausdrucken"},"content":{"rendered":"","protected":false},"excerpt":{"rendered":"<div class='no-ads'>\n<div class='supgal no-ads'>\n<div class='supgalimgtxt'><a href='https:\/\/www.justcolor.net\/de\/mandalas\/' title='Ausmalbilder Mandalas zum Ausdrucken und Ausmalen f\u00fcr Erwachsene'><img src='\/wp-content\/common\/images\/supergalleries\/relax_w.webp' alt='Ausmalbilder Mandalas zum Ausdrucken und Ausmalen f\u00fcr Erwachsene' class='supgalimg' width='354' height='159'><\/a><\/p>\n<h2 class='supgaltxt' style='font-size:22px'><a href='https:\/\/www.justcolor.net\/de\/mandalas\/' title='Ausmalbilder Mandalas zum Ausdrucken und Ausmalen f\u00fcr Erwachsene' style='color:white'>Mandalas<\/a><\/h2>\n<\/div>\n<div class='linkhp'>\n<div style='color:gray;padding-top:5px;'><a href='https:\/\/www.justcolor.net\/de\/mandalas\/' title='Ausmalbilder Mandalas zum Ausdrucken und Ausmalen f\u00fcr Erwachsene'>Komplexe Mandala-Malvorlagen in verschiedenen Stilen<\/a><\/div>\n<\/div>\n<\/div>\n<div class='supgal no-ads'>\n<div class='supgalimgtxt'><a href='https:\/\/www.justcolor.net\/de\/entspannung\/' title='Ausmalbilder Kunsttherapie zum Ausdrucken und Ausmalen f\u00fcr Erwachsene'><img src='\/wp-content\/common\/images\/supergalleries\/arttherapy_w.webp' alt='Ausmalbilder Kunsttherapie zum Ausdrucken und Ausmalen f\u00fcr Erwachsene' class='supgalimg' width='354' height='159'><\/a><\/p>\n<h2 class='supgaltxt' style='font-size:22px'><a href='https:\/\/www.justcolor.net\/de\/entspannung\/' title='Ausmalbilder Kunsttherapie zum Ausdrucken und Ausmalen f\u00fcr Erwachsene' style='color:white'>Kunsttherapie<\/a><\/h2>\n<\/div>\n<div class='linkhp'><a href='https:\/\/www.justcolor.net\/de\/entspannung\/anti-stress-zen\/' title='Ausmalbilder Anti-stress \/ Zen zum Ausdrucken und Ausmalen f\u00fcr Erwachsene'>Anti-stress \/ Zen<\/a>, <a href='https:\/\/www.justcolor.net\/de\/entspannung\/cupcakes\/' title='Ausmalbilder Cupcakes zum Ausdrucken und Ausmalen f\u00fcr Erwachsene'>Cupcakes<\/a>, <a href='https:\/\/www.justcolor.net\/de\/entspannung\/doodle-art-doodling\/' title='Ausmalbilder Doodle art \/ Doodling zum Ausdrucken und Ausmalen f\u00fcr Erwachsene'>Doodle art \/ Doodling<\/a>, <a href='https:\/\/www.justcolor.net\/de\/entspannung\/keep-calm\/' title='Ausmalbilder Keep Calm zum Ausdrucken und Ausmalen f\u00fcr Erwachsene'>Keep Calm<\/a>, <a href='https:\/\/www.justcolor.net\/de\/entspannung\/nicht-klassifizierbar\/' title='Ausmalbilder Nicht klassifizierbar zum Ausdrucken und Ausmalen f\u00fcr Erwachsene'>Nicht klassifizierbar<\/a>, <a href='https:\/\/www.justcolor.net\/de\/entspannung\/1950s-pin-up\/' title='Ausmalbilder Pin-up der 50er Jahre zum Ausdrucken und Ausmalen f\u00fcr Erwachsene'>Pin-up der 50er Jahre<\/a>, <a href='https:\/\/www.justcolor.net\/de\/entspannung\/psychedelisch\/' title='Ausmalbilder Psychedelisch zum Ausdrucken und Ausmalen f\u00fcr Erwachsene'>Psychedelisch<\/a>, <a href='https:\/\/www.justcolor.net\/de\/entspannung\/ruckkehr-zur-kindheit\/' title='Ausmalbilder R\u00fcckkehr zur Kindheit zum Ausdrucken und Ausmalen f\u00fcr Erwachsene'>R\u00fcckkehr zur Kindheit<\/a>, <a href='https:\/\/www.justcolor.net\/de\/entspannung\/russische-puppen\/' title='Ausmalbilder Russische Puppen zum Ausdrucken und Ausmalen f\u00fcr Erwachsene'>Russische Puppen<\/a>, <a href='https:\/\/www.justcolor.net\/de\/entspannung\/schimpfworter\/' title='Ausmalbilder Schimpfw\u00f6rter zum Ausdrucken und Ausmalen f\u00fcr Erwachsene'>Schimpfw\u00f6rter<\/a>, <a href='https:\/\/www.justcolor.net\/de\/entspannung\/traumfanger\/' title='Ausmalbilder Traumf\u00e4nger zum Ausdrucken und Ausmalen f\u00fcr Erwachsene'>Traumf\u00e4nger<\/a>, <a href='https:\/\/www.justcolor.net\/de\/entspannung\/vintage\/' title='Ausmalbilder Vintage zum Ausdrucken und Ausmalen f\u00fcr Erwachsene'>Vintage<\/a>, <a href='https:\/\/www.justcolor.net\/de\/entspannung\/wunderschone-garten\/' title='Ausmalbilder Wundersch\u00f6ne G\u00e4rten zum Ausdrucken und Ausmalen f\u00fcr Erwachsene'>Wundersch\u00f6ne G\u00e4rten<\/a>, <a href='https:\/\/www.justcolor.net\/de\/entspannung\/zentangle\/' title='Ausmalbilder Zentangle zum Ausdrucken und Ausmalen f\u00fcr Erwachsene'>Zentangle<\/a>, <a href='https:\/\/www.justcolor.net\/de\/entspannung\/zitate\/' title='Ausmalbilder Zitate zum Ausdrucken und Ausmalen f\u00fcr Erwachsene'>Zitate<\/a><\/div>\n<\/div>\n<div class='supgal no-ads'>\n<div class='supgalimgtxt'><a href='https:\/\/www.justcolor.net\/de\/besondere-anlasse\/' title='Ausmalbilder Besondere Ereignisse zum Ausdrucken und Ausmalen f\u00fcr Erwachsene'><img src='\/wp-content\/common\/images\/supergalleries\/events_w.webp' alt='Ausmalbilder Besondere Ereignisse zum Ausdrucken und Ausmalen f\u00fcr Erwachsene' class='supgalimg' width='354' height='159'><\/a><\/p>\n<h2 class='supgaltxt' style='font-size:22px'><a href='https:\/\/www.justcolor.net\/de\/besondere-anlasse\/' title='Ausmalbilder Besondere Ereignisse zum Ausdrucken und Ausmalen f\u00fcr Erwachsene' style='color:white'>Besondere Ereignisse<\/a><\/h2>\n<\/div>\n<div class='linkhp'><a href='https:\/\/www.justcolor.net\/de\/besondere-anlasse\/chinesisches-neujahr\/' title='Ausmalbilder Chinesisches Neujahr zum Ausdrucken und Ausmalen f\u00fcr Erwachsene'>Chinesisches Neujahr<\/a>, <a href='https:\/\/www.justcolor.net\/de\/besondere-anlasse\/el-dia-de-los-muertos\/' title='Ausmalbilder El Dia De Los Muertos zum Ausdrucken und Ausmalen f\u00fcr Erwachsene'>El Dia De Los Muertos<\/a>, <a href='https:\/\/www.justcolor.net\/de\/besondere-anlasse\/frohes-neues-jahr\/' title='Ausmalbilder Frohes neues Jahr zum Ausdrucken und Ausmalen f\u00fcr Erwachsene'>Frohes neues Jahr<\/a>, <a href='https:\/\/www.justcolor.net\/de\/besondere-anlasse\/halloween\/' title='Ausmalbilder Halloween zum Ausdrucken und Ausmalen f\u00fcr Erwachsene'>Halloween<\/a>, <a href='https:\/\/www.justcolor.net\/de\/besondere-anlasse\/karneval\/' title='Ausmalbilder Karneval zum Ausdrucken und Ausmalen f\u00fcr Erwachsene'>Karneval<\/a>, <a href='https:\/\/www.justcolor.net\/de\/besondere-anlasse\/ostern\/' title='Ausmalbilder Ostern zum Ausdrucken und Ausmalen f\u00fcr Erwachsene'>Ostern<\/a>, <a href='https:\/\/www.justcolor.net\/de\/besondere-anlasse\/sport-olympics\/' title='Ausmalbilder Sport \/ Olympics zum Ausdrucken und Ausmalen f\u00fcr Erwachsene'>Sport \/ Olympics<\/a>, <a href='https:\/\/www.justcolor.net\/de\/besondere-anlasse\/st-patrick-tag\/' title='Ausmalbilder St Patrick Tag zum Ausdrucken und Ausmalen f\u00fcr Erwachsene'>St Patrick Tag<\/a>, <a href='https:\/\/www.justcolor.net\/de\/besondere-anlasse\/tag-der-erde\/' title='Ausmalbilder Tag Der Erde zum Ausdrucken und Ausmalen f\u00fcr Erwachsene'>Tag Der Erde<\/a>, <a href='https:\/\/www.justcolor.net\/de\/besondere-anlasse\/thanksgiving\/' title='Ausmalbilder Thanksgiving zum Ausdrucken und Ausmalen f\u00fcr Erwachsene'>Thanksgiving<\/a>, <a href='https:\/\/www.justcolor.net\/de\/besondere-anlasse\/valentinstag\/' title='Ausmalbilder Valentinstag zum Ausdrucken und Ausmalen f\u00fcr Erwachsene'>Valentinstag<\/a>, <a href='https:\/\/www.justcolor.net\/de\/besondere-anlasse\/weihnachten\/' title='Ausmalbilder Weihnachten zum Ausdrucken und Ausmalen f\u00fcr Erwachsene'>Weihnachten<\/a><\/div>\n<\/div>\n<div class='supgal no-ads'>\n<div class='supgalimgtxt'><a href='https:\/\/www.justcolor.net\/de\/tiere\/' title='Ausmalbilder Tiere zum Ausdrucken und Ausmalen f\u00fcr Erwachsene'><img src='\/wp-content\/common\/images\/supergalleries\/animals_w.webp' alt='Ausmalbilder Tiere zum Ausdrucken und Ausmalen f\u00fcr Erwachsene' class='supgalimg' width='354' height='159'><\/a><\/p>\n<h2 class='supgaltxt' style='font-size:22px'><a href='https:\/\/www.justcolor.net\/de\/tiere\/' title='Ausmalbilder Tiere zum Ausdrucken und Ausmalen f\u00fcr Erwachsene' style='color:white'>Tiere<\/a><\/h2>\n<\/div>\n<div class='linkhp'><a href='https:\/\/www.justcolor.net\/de\/natur\/tiere\/monkeys\/' title='Ausmalbilder Affen zum Ausdrucken und Ausmalen f\u00fcr Erwachsene'>Affen<\/a>, <a href='https:\/\/www.justcolor.net\/de\/natur\/tiere\/baren\/' title='Ausmalbilder B\u00e4ren zum Ausdrucken und Ausmalen f\u00fcr Erwachsene'>B\u00e4ren<\/a>, <a href='https:\/\/www.justcolor.net\/de\/natur\/tiere\/chamaleons-und-eidechsen\/' title='Ausmalbilder Cham\u00e4leons Und Eidechsen zum Ausdrucken und Ausmalen f\u00fcr Erwachsene'>Cham\u00e4leons Und Eidechsen<\/a>, <a href='https:\/\/www.justcolor.net\/de\/natur\/tiere\/crocodile\/' title='Ausmalbilder Crocodile zum Ausdrucken und Ausmalen f\u00fcr Erwachsene'>Crocodile<\/a>, <a href='https:\/\/www.justcolor.net\/de\/natur\/tiere\/delfine\/' title='Ausmalbilder Delfine zum Ausdrucken und Ausmalen f\u00fcr Erwachsene'>Delfine<\/a>, <a href='https:\/\/www.justcolor.net\/de\/natur\/tiere\/eichhornchen-und-murmeltiere\/' title='Ausmalbilder Eichh\u00f6rnchen Und Murmeltiere zum Ausdrucken und Ausmalen f\u00fcr Erwachsene'>Eichh\u00f6rnchen Und Murmeltiere<\/a>, <a href='https:\/\/www.justcolor.net\/de\/natur\/tiere\/elefanten\/' title='Ausmalbilder Elefanten zum Ausdrucken und Ausmalen f\u00fcr Erwachsene'>Elefanten<\/a>, <a href='https:\/\/www.justcolor.net\/de\/natur\/tiere\/eulen\/' title='Ausmalbilder Eulen zum Ausdrucken und Ausmalen f\u00fcr Erwachsene'>Eulen<\/a>, <a href='https:\/\/www.justcolor.net\/de\/natur\/tiere\/faultiere\/' title='Ausmalbilder Faultiere zum Ausdrucken und Ausmalen f\u00fcr Erwachsene'>Faultiere<\/a>, <a href='https:\/\/www.justcolor.net\/de\/natur\/tiere\/fische\/' title='Ausmalbilder Fische zum Ausdrucken und Ausmalen f\u00fcr Erwachsene'>Fische<\/a>, <a href='https:\/\/www.justcolor.net\/de\/natur\/tiere\/flamingos\/' title='Ausmalbilder Flamingos zum Ausdrucken und Ausmalen f\u00fcr Erwachsene'>Flamingos<\/a>, <a href='https:\/\/www.justcolor.net\/de\/natur\/tiere\/frosche\/' title='Ausmalbilder Fr\u00f6sche zum Ausdrucken und Ausmalen f\u00fcr Erwachsene'>Fr\u00f6sche<\/a>, <a href='https:\/\/www.justcolor.net\/de\/natur\/tiere\/fuchse\/' title='Ausmalbilder F\u00fcchse zum Ausdrucken und Ausmalen f\u00fcr Erwachsene'>F\u00fcchse<\/a>, <a href='https:\/\/www.justcolor.net\/de\/natur\/tiere\/giraffen\/' title='Ausmalbilder Giraffen zum Ausdrucken und Ausmalen f\u00fcr Erwachsene'>Giraffen<\/a>, <a href='https:\/\/www.justcolor.net\/de\/natur\/tiere\/haie\/' title='Ausmalbilder Haie zum Ausdrucken und Ausmalen f\u00fcr Erwachsene'>Haie<\/a>, <a href='https:\/\/www.justcolor.net\/de\/natur\/tiere\/hunde\/' title='Ausmalbilder Hunde zum Ausdrucken und Ausmalen f\u00fcr Erwachsene'>Hunde<\/a>, <a href='https:\/\/www.justcolor.net\/de\/natur\/tiere\/kamele-dromedare\/' title='Ausmalbilder Kamele &#038; dromedare zum Ausdrucken und Ausmalen f\u00fcr Erwachsene'>Kamele &#038; dromedare<\/a>, <a href='https:\/\/www.justcolor.net\/de\/natur\/tiere\/kaninchen\/' title='Ausmalbilder Kaninchen zum Ausdrucken und Ausmalen f\u00fcr Erwachsene'>Kaninchen<\/a>, <a href='https:\/\/www.justcolor.net\/de\/natur\/tiere\/katzen\/' title='Ausmalbilder Katzen zum Ausdrucken und Ausmalen f\u00fcr Erwachsene'>Katzen<\/a>, <a href='https:\/\/www.justcolor.net\/de\/natur\/tiere\/kitze\/' title='Ausmalbilder Kitze zum Ausdrucken und Ausmalen f\u00fcr Erwachsene'>Kitze<\/a>, <a href='https:\/\/www.justcolor.net\/de\/natur\/tiere\/koalabaren\/' title='Ausmalbilder Koalab\u00e4ren zum Ausdrucken und Ausmalen f\u00fcr Erwachsene'>Koalab\u00e4ren<\/a>, <a href='https:\/\/www.justcolor.net\/de\/natur\/tiere\/kuhe\/' title='Ausmalbilder K\u00fche zum Ausdrucken und Ausmalen f\u00fcr Erwachsene'>K\u00fche<\/a> &#8230;<\/div>\n<\/div>\n<div class='supgal no-ads'>\n<div class='supgalimgtxt'><a href='https:\/\/www.justcolor.net\/de\/natur\/' title='Ausmalbilder Natur zum Ausdrucken und Ausmalen f\u00fcr Erwachsene'><img src='\/wp-content\/common\/images\/supergalleries\/nature_w.webp' alt='Ausmalbilder Natur zum Ausdrucken und Ausmalen f\u00fcr Erwachsene' class='supgalimg' width='354' height='159'><\/a><\/p>\n<h2 class='supgaltxt' style='font-size:22px'><a href='https:\/\/www.justcolor.net\/de\/natur\/' title='Ausmalbilder Natur zum Ausdrucken und Ausmalen f\u00fcr Erwachsene' style='color:white'>Natur<\/a><\/h2>\n<\/div>\n<div class='linkhp'><a href='https:\/\/www.justcolor.net\/de\/natur\/blumen-vegetation\/' title='Ausmalbilder Blumen &#038; Vegetation zum Ausdrucken und Ausmalen f\u00fcr Erwachsene'>Blumen &#038; Vegetation<\/a>, <a href='https:\/\/www.justcolor.net\/de\/natur\/dinosaurier\/' title='Ausmalbilder Dinosaurier zum Ausdrucken und Ausmalen f\u00fcr Erwachsene'>Dinosaurier<\/a>, <a href='https:\/\/www.justcolor.net\/de\/natur\/dschungel-wald\/' title='Ausmalbilder Dschungel &#038; Wald zum Ausdrucken und Ausmalen f\u00fcr Erwachsene'>Dschungel &#038; Wald<\/a>, <a href='https:\/\/www.justcolor.net\/de\/natur\/landschaften\/' title='Ausmalbilder Landschaften zum Ausdrucken und Ausmalen f\u00fcr Erwachsene'>Landschaften<\/a>, <a href='https:\/\/www.justcolor.net\/de\/natur\/schmetterlinge-und-insekten\/' title='Ausmalbilder Schmetterlinge und Insekten zum Ausdrucken und Ausmalen f\u00fcr Erwachsene'>Schmetterlinge und Insekten<\/a>, <a href='https:\/\/www.justcolor.net\/de\/natur\/wasserwelten\/' title='Ausmalbilder Wasserwelten zum Ausdrucken und Ausmalen f\u00fcr Erwachsene'>Wasserwelten<\/a><\/div>\n<\/div>\n<div class='supgal no-ads'>\n<div class='supgalimgtxt'><a href='https:\/\/www.justcolor.net\/de\/reisen\/' title='Ausmalbilder Reisen zum Ausdrucken und Ausmalen f\u00fcr Erwachsene'><img src='\/wp-content\/common\/images\/supergalleries\/travel_w.webp' alt='Ausmalbilder Reisen zum Ausdrucken und Ausmalen f\u00fcr Erwachsene' class='supgalimg' width='354' height='159'><\/a><\/p>\n<h2 class='supgaltxt' style='font-size:22px'><a href='https:\/\/www.justcolor.net\/de\/reisen\/' title='Ausmalbilder Reisen zum Ausdrucken und Ausmalen f\u00fcr Erwachsene' style='color:white'>Reisen<\/a><\/h2>\n<\/div>\n<div class='linkhp'><a href='https:\/\/www.justcolor.net\/de\/reisen\/afrika\/' title='Ausmalbilder Afrika zum Ausdrucken und Ausmalen f\u00fcr Erwachsene'>Afrika<\/a>, <a href='https:\/\/www.justcolor.net\/de\/reisen\/agypten-und-hieroglyphen\/' title='Ausmalbilder \u00c4gypten und Hieroglyphen zum Ausdrucken und Ausmalen f\u00fcr Erwachsene'>\u00c4gypten und Hieroglyphen<\/a>, <a href='https:\/\/www.justcolor.net\/de\/reisen\/altes-griechenland\/' title='Ausmalbilder Altes Griechenland zum Ausdrucken und Ausmalen f\u00fcr Erwachsene'>Altes Griechenland<\/a>, <a href='https:\/\/www.justcolor.net\/de\/reisen\/architektur-zuhause\/' title='Ausmalbilder Architektur, L\u00e4nder und St\u00e4dte zum Ausdrucken und Ausmalen f\u00fcr Erwachsene'>Architektur, L\u00e4nder und St\u00e4dte<\/a>, <a href='https:\/\/www.justcolor.net\/de\/reisen\/china-und-asien\/' title='Ausmalbilder China und Asien zum Ausdrucken und Ausmalen f\u00fcr Erwachsene'>China und Asien<\/a>, <a href='https:\/\/www.justcolor.net\/de\/reisen\/inder-von-amerika\/' title='Ausmalbilder Inder von Amerika zum Ausdrucken und Ausmalen f\u00fcr Erwachsene'>Inder von Amerika<\/a>, <a href='https:\/\/www.justcolor.net\/de\/reisen\/indien-bollywoood\/' title='Ausmalbilder Indien &#038; Bollywoood zum Ausdrucken und Ausmalen f\u00fcr Erwachsene'>Indien &#038; Bollywoood<\/a>, <a href='https:\/\/www.justcolor.net\/de\/reisen\/indonesia\/' title='Ausmalbilder Indonesia zum Ausdrucken und Ausmalen f\u00fcr Erwachsene'>Indonesia<\/a>, <a href='https:\/\/www.justcolor.net\/de\/reisen\/japan\/' title='Ausmalbilder Japan zum Ausdrucken und Ausmalen f\u00fcr Erwachsene'>Japan<\/a>, <a href='https:\/\/www.justcolor.net\/de\/reisen\/mayas-azteken-und-inkas\/' title='Ausmalbilder Mayas, Azteken und Inkas zum Ausdrucken und Ausmalen f\u00fcr Erwachsene'>Mayas, Azteken und Inkas<\/a>, <a href='https:\/\/www.justcolor.net\/de\/reisen\/new-york\/' title='Ausmalbilder New York zum Ausdrucken und Ausmalen f\u00fcr Erwachsene'>New York<\/a>, <a href='https:\/\/www.justcolor.net\/de\/reisen\/orientalisch\/' title='Ausmalbilder Orientalisch zum Ausdrucken und Ausmalen f\u00fcr Erwachsene'>Orientalisch<\/a>, <a href='https:\/\/www.justcolor.net\/de\/reisen\/paris\/' title='Ausmalbilder Paris zum Ausdrucken und Ausmalen f\u00fcr Erwachsene'>Paris<\/a>, <a href='https:\/\/www.justcolor.net\/de\/reisen\/tibet\/' title='Ausmalbilder Tibet zum Ausdrucken und Ausmalen f\u00fcr Erwachsene'>Tibet<\/a><\/div>\n<\/div>\n<div class='supgal no-ads'>\n<div class='supgalimgtxt'><a href='https:\/\/www.justcolor.net\/de\/kunst\/' title='Ausmalbilder Kunst zum Ausdrucken und Ausmalen f\u00fcr Erwachsene'><img src='\/wp-content\/common\/images\/supergalleries\/art_w.webp' alt='Ausmalbilder Kunst zum Ausdrucken und Ausmalen f\u00fcr Erwachsene' class='supgalimg' width='354' height='159'><\/a><\/p>\n<h2 class='supgaltxt' style='font-size:22px'><a href='https:\/\/www.justcolor.net\/de\/kunst\/' title='Ausmalbilder Kunst zum Ausdrucken und Ausmalen f\u00fcr Erwachsene' style='color:white'>Kunst<\/a><\/h2>\n<\/div>\n<div class='linkhp'><a href='https:\/\/www.justcolor.net\/de\/kunst\/art-brut\/' title='Ausmalbilder Art brut zum Ausdrucken und Ausmalen f\u00fcr Erwachsene'>Art brut<\/a>, <a href='https:\/\/www.justcolor.net\/de\/kunst\/art-deco\/' title='Ausmalbilder Art deco zum Ausdrucken und Ausmalen f\u00fcr Erwachsene'>Art deco<\/a>, <a href='https:\/\/www.justcolor.net\/de\/kunst\/art-nouveau\/' title='Ausmalbilder Art nouveau zum Ausdrucken und Ausmalen f\u00fcr Erwachsene'>Art nouveau<\/a>, <a href='https:\/\/www.justcolor.net\/de\/kunst\/arts-and-crafts\/' title='Ausmalbilder Arts and Crafts zum Ausdrucken und Ausmalen f\u00fcr Erwachsene'>Arts and Crafts<\/a>, <a href='https:\/\/www.justcolor.net\/de\/kunst\/azulejos\/' title='Ausmalbilder Azulejos zum Ausdrucken und Ausmalen f\u00fcr Erwachsene'>Azulejos<\/a>, <a href='https:\/\/www.justcolor.net\/de\/kunst\/graffiti-strassenkunst\/' title='Ausmalbilder Graffiti \/ Stra\u00dfenkunst zum Ausdrucken und Ausmalen f\u00fcr Erwachsene'>Graffiti \/ Stra\u00dfenkunst<\/a>, <a href='https:\/\/www.justcolor.net\/de\/kunst\/gravur\/' title='Ausmalbilder Gravur zum Ausdrucken und Ausmalen f\u00fcr Erwachsene'>Gravur<\/a>, <a href='https:\/\/www.justcolor.net\/de\/kunst\/keltische-kunst\/' title='Ausmalbilder Keltische Kunst zum Ausdrucken und Ausmalen f\u00fcr Erwachsene'>Keltische Kunst<\/a>, <a href='https:\/\/www.justcolor.net\/de\/kunst\/kunstwerk\/' title='Ausmalbilder Kunstwerk zum Ausdrucken und Ausmalen f\u00fcr Erwachsene'>Kunstwerk<\/a>, <a href='https:\/\/www.justcolor.net\/de\/kunst\/moorish-art\/' title='Ausmalbilder Maurische Kunst zum Ausdrucken und Ausmalen f\u00fcr Erwachsene'>Maurische Kunst<\/a>, <a href='https:\/\/www.justcolor.net\/de\/kunst\/modekleidung\/' title='Ausmalbilder Modekleidung zum Ausdrucken und Ausmalen f\u00fcr Erwachsene'>Modekleidung<\/a>, <a href='https:\/\/www.justcolor.net\/de\/kunst\/op-art\/' title='Ausmalbilder Op Art zum Ausdrucken und Ausmalen f\u00fcr Erwachsene'>Op Art<\/a>, <a href='https:\/\/www.justcolor.net\/de\/kunst\/pop-art\/' title='Ausmalbilder Pop art zum Ausdrucken und Ausmalen f\u00fcr Erwachsene'>Pop art<\/a>, <a href='https:\/\/www.justcolor.net\/de\/kunst\/tatoos\/' title='Ausmalbilder Tatoos zum Ausdrucken und Ausmalen f\u00fcr Erwachsene'>Tatoos<\/a><\/div>\n<\/div>\n<div class='supgal no-ads'>\n<div class='supgalimgtxt'><a href='https:\/\/www.justcolor.net\/de\/geschichte\/' title='Ausmalbilder Geschichte und Legenden zum Ausdrucken und Ausmalen f\u00fcr Erwachsene'><img src='\/wp-content\/common\/images\/supergalleries\/history_w.webp' alt='Ausmalbilder Geschichte und Legenden zum Ausdrucken und Ausmalen f\u00fcr Erwachsene' class='supgalimg' width='354' height='159'><\/a><\/p>\n<h2 class='supgaltxt' style='font-size:22px'><a href='https:\/\/www.justcolor.net\/de\/geschichte\/' title='Ausmalbilder Geschichte und Legenden zum Ausdrucken und Ausmalen f\u00fcr Erwachsene' style='color:white'>Geschichte und Legenden<\/a><\/h2>\n<\/div>\n<div class='linkhp'><a href='https:\/\/www.justcolor.net\/de\/geschichte\/bucher-comics\/' title='Ausmalbilder B\u00fccher &#038; Comics zum Ausdrucken und Ausmalen f\u00fcr Erwachsene'>B\u00fccher &#038; Comics<\/a>, <a href='https:\/\/www.justcolor.net\/de\/geschichte\/drachen\/' title='Ausmalbilder Drachen zum Ausdrucken und Ausmalen f\u00fcr Erwachsene'>Drachen<\/a>, <a href='https:\/\/www.justcolor.net\/de\/geschichte\/einhorner\/' title='Ausmalbilder Einh\u00f6rner zum Ausdrucken und Ausmalen f\u00fcr Erwachsene'>Einh\u00f6rner<\/a>, <a href='https:\/\/www.justcolor.net\/de\/geschichte\/fernsehserie\/' title='Ausmalbilder Fernsehserie zum Ausdrucken und Ausmalen f\u00fcr Erwachsene'>Fernsehserie<\/a>, <a href='https:\/\/www.justcolor.net\/de\/geschichte\/filmplakate\/' title='Ausmalbilder Filmplakate zum Ausdrucken und Ausmalen f\u00fcr Erwachsene'>Filmplakate<\/a>, <a href='https:\/\/www.justcolor.net\/de\/geschichte\/glasmalerei\/' title='Ausmalbilder Glasmalerei zum Ausdrucken und Ausmalen f\u00fcr Erwachsene'>Glasmalerei<\/a>, <a href='https:\/\/www.justcolor.net\/de\/geschichte\/konige-und-koniginnen\/' title='Ausmalbilder K\u00f6nige und K\u00f6niginnen zum Ausdrucken und Ausmalen f\u00fcr Erwachsene'>K\u00f6nige und K\u00f6niginnen<\/a>, <a href='https:\/\/www.justcolor.net\/de\/geschichte\/mangas\/' title='Ausmalbilder Mangas zum Ausdrucken und Ausmalen f\u00fcr Erwachsene'>Mangas<\/a>, <a href='https:\/\/www.justcolor.net\/de\/geschichte\/marchen\/' title='Ausmalbilder M\u00e4rchen zum Ausdrucken und Ausmalen f\u00fcr Erwachsene'>M\u00e4rchen<\/a>, <a href='https:\/\/www.justcolor.net\/de\/geschichte\/meerjungfrauen\/' title='Ausmalbilder Meerjungfrauen zum Ausdrucken und Ausmalen f\u00fcr Erwachsene'>Meerjungfrauen<\/a>, <a href='https:\/\/www.justcolor.net\/de\/geschichte\/mittelalter\/' title='Ausmalbilder Mittelalter zum Ausdrucken und Ausmalen f\u00fcr Erwachsene'>Mittelalter<\/a>, <a href='https:\/\/www.justcolor.net\/de\/geschichte\/mythen-legenden\/' title='Ausmalbilder Mythen &#038; Legenden zum Ausdrucken und Ausmalen f\u00fcr Erwachsene'>Mythen &#038; Legenden<\/a><\/div>\n<\/div>\n<\/div>\n","protected":false},"author":1,"featured_media":0,"parent":0,"menu_order":0,"comment_status":"closed","ping_status":"closed","template":"page-hp2.php","meta":{"ngg_post_thumbnail":0,"footnotes":""},"tags":[],"class_list":["post-7086","page","type-page","status-publish"],"_links":{"self":[{"href":"https:\/\/www.justcolor.net\/de\/wp-json\/wp\/v2\/pages\/7086","targetHints":{"allow":["GET"]}}],"collection":[{"href":"https:\/\/www.justcolor.net\/de\/wp-json\/wp\/v2\/pages"}],"about":[{"href":"https:\/\/www.justcolor.net\/de\/wp-json\/wp\/v2\/types\/page"}],"author":[{"embeddable":true,"href":"https:\/\/www.justcolor.net\/de\/wp-json\/wp\/v2\/users\/1"}],"replies":[{"embeddable":true,"href":"https:\/\/www.justcolor.net\/de\/wp-json\/wp\/v2\/comments?post=7086"}],"version-history":[{"count":0,"href":"https:\/\/www.justcolor.net\/de\/wp-json\/wp\/v2\/pages\/7086\/revisions"}],"wp:attachment":[{"href":"https:\/\/www.justcolor.net\/de\/wp-json\/wp\/v2\/media?parent=7086"}],"wp:term":[{"taxonomy":"post_tag","embeddable":true,"href":"https:\/\/www.justcolor.net\/de\/wp-json\/wp\/v2\/tags?post=7086"}],"curies":[{"name":"wp","href":"https:\/\/api.w.org\/{rel}","templated":true}]}}