{"id":7410,"date":"2016-06-14T15:40:07","date_gmt":"2016-06-14T14:40:07","guid":{"rendered":"https:\/\/www.justcolor.net\/de\/de\/de\/de\/de\/de\/de\/de\/de\/de\/de\/de\/de\/de\/de\/de\/de\/de\/de\/de\/de\/de\/de\/de\/de\/de\/de\/de\/de\/de\/de\/de\/de\/de\/de\/de\/de\/de\/de\/de\/de\/de\/de\/de\/de\/de\/de\/de\/de\/de\/de\/de\/de\/de\/de\/de\/de\/de\/de\/de\/de\/de\/de\/de\/de\/de\/de\/de\/de\/de\/de\/de\/de\/de\/de\/de\/d"},"modified":"2017-02-16T15:32:10","modified_gmt":"2017-02-16T14:32:10","slug":"artbe","status":"publish","type":"page","link":"https:\/\/www.justcolor.net\/de\/kunstler\/artbe\/","title":{"rendered":"Art&#038;Be"},"content":{"rendered":"<p>no images were found<\/p>\n\n","protected":false},"excerpt":{"rendered":"<p><b>Art &amp; Be<\/b> ist ihr \u00ab K\u00fcnstlername \u00bb. Es ist ein Anagramm ihres Nachnamens BERETTA, was \u00ab Kunst und Wohlbefinden \u00bb bedeutet. <b>Eine Definition ihrer Lebensphilosophie: Kunst des Seins und Sein als Kunst.<\/b><\/p>\n<p>Im Besitz eines Bachelorabschlusses in Multimedia und Digitaler Kunst begann sie als <b>Computer Graphics Designerin<\/b>. <b>Zeichnen und Illustration lernte sie in ihrer Freizeit<\/b>. Leidenschaftlich f\u00fcr Kunst, hat sie in den letzten Jahren in diesem Bereich gearbeitet. Sie verwendet gerne <b>geometrische Formen und sorgf\u00e4ltige Details f\u00fcr ihre Kreationen, die von ihrem t\u00e4glichen Leben inspiriert sind.<\/b><\/p>\n<p>Sie wechselt h\u00e4ufig ihren Arbeitstr\u00e4ger: Malerleinwand, Zeichnungen, digitale Illustrationen.<\/p>\n","protected":false},"author":1,"featured_media":7851,"parent":6155,"menu_order":0,"comment_status":"closed","ping_status":"closed","template":"","meta":{"ngg_post_thumbnail":0,"footnotes":""},"tags":[383,382],"class_list":{"0":"post-7410","1":"page","2":"type-page","3":"status-publish","4":"has-post-thumbnail","6":"tag-hpartist","7":"tag-pgartist"},"_links":{"self":[{"href":"https:\/\/www.justcolor.net\/de\/wp-json\/wp\/v2\/pages\/7410","targetHints":{"allow":["GET"]}}],"collection":[{"href":"https:\/\/www.justcolor.net\/de\/wp-json\/wp\/v2\/pages"}],"about":[{"href":"https:\/\/www.justcolor.net\/de\/wp-json\/wp\/v2\/types\/page"}],"author":[{"embeddable":true,"href":"https:\/\/www.justcolor.net\/de\/wp-json\/wp\/v2\/users\/1"}],"replies":[{"embeddable":true,"href":"https:\/\/www.justcolor.net\/de\/wp-json\/wp\/v2\/comments?post=7410"}],"version-history":[{"count":0,"href":"https:\/\/www.justcolor.net\/de\/wp-json\/wp\/v2\/pages\/7410\/revisions"}],"up":[{"embeddable":true,"href":"https:\/\/www.justcolor.net\/de\/wp-json\/wp\/v2\/pages\/6155"}],"wp:featuredmedia":[{"embeddable":true,"href":"https:\/\/www.justcolor.net\/de\/wp-json\/wp\/v2\/media\/7851"}],"wp:attachment":[{"href":"https:\/\/www.justcolor.net\/de\/wp-json\/wp\/v2\/media?parent=7410"}],"wp:term":[{"taxonomy":"post_tag","embeddable":true,"href":"https:\/\/www.justcolor.net\/de\/wp-json\/wp\/v2\/tags?post=7410"}],"curies":[{"name":"wp","href":"https:\/\/api.w.org\/{rel}","templated":true}]}}