{"id":9236,"date":"2017-02-09T11:42:21","date_gmt":"2017-02-09T10:42:21","guid":{"rendered":"https:\/\/www.justcolor.net\/de\/de\/de\/de\/de\/de\/de\/de\/de\/de\/de\/de\/de\/de\/de\/de\/de\/de\/de\/de\/de\/de\/de\/de\/de\/de\/de\/de\/de\/de\/de\/de\/de\/de\/de\/de\/de\/de\/de\/de\/de\/de\/de\/de\/de\/de\/de\/de\/de\/de\/de\/de\/de\/de\/de\/de\/de\/de\/de\/de\/de\/de\/de\/de\/de\/de\/de\/de\/de\/de\/de\/de\/de\/de\/de\/de\/d"},"modified":"2017-02-09T14:31:16","modified_gmt":"2017-02-09T13:31:16","slug":"fredericbrogard","status":"publish","type":"page","link":"https:\/\/www.justcolor.net\/de\/kunstler\/fredericbrogard\/","title":{"rendered":"Fr\u00e9d\u00e9ric Brogard"},"content":{"rendered":"<p>no images were found<\/p>\n\n","protected":false},"excerpt":{"rendered":"<p>Fr\u00e9d\u00e9ric Brogard zeichnet seit seiner <strong>Kindheit<\/strong> und hat k\u00fcrzlich sein &#8218;Auto-Business&#8216; BROGARD Design als <strong>Illustrator<\/strong> gegr\u00fcndet.<\/p>\n<p>Er f\u00fchlte sich schon immer von <strong>unordentlichen Zeichnungen<\/strong> angezogen, die B\u00fccher <strong>\u00abWo ist Walter?\u00bb<\/strong> waren seine Lieblingsb\u00fccher und k\u00f6nnten eine Inspiration f\u00fcr seine Zeichnungen sein.<\/p>\n<p>Wenn Sie mehr \u00fcber Fr\u00e9d\u00e9ric erfahren m\u00f6chten, k\u00f6nnen Sie seinen <strong><a href=\"http:\/\/www.facebook.com\/brogarddesign\">Facebook-Account<\/a><\/strong> oder seine <strong><a href=\"http:\/\/www.brogard-design.fr\">Firmenwebsite<\/a><\/strong> besuchen.<\/p>\n","protected":false},"author":229,"featured_media":9243,"parent":6155,"menu_order":0,"comment_status":"closed","ping_status":"closed","template":"","meta":{"ngg_post_thumbnail":0,"footnotes":""},"tags":[383,382],"class_list":{"0":"post-9236","1":"page","2":"type-page","3":"status-publish","4":"has-post-thumbnail","6":"tag-hpartist","7":"tag-pgartist"},"_links":{"self":[{"href":"https:\/\/www.justcolor.net\/de\/wp-json\/wp\/v2\/pages\/9236","targetHints":{"allow":["GET"]}}],"collection":[{"href":"https:\/\/www.justcolor.net\/de\/wp-json\/wp\/v2\/pages"}],"about":[{"href":"https:\/\/www.justcolor.net\/de\/wp-json\/wp\/v2\/types\/page"}],"author":[{"embeddable":true,"href":"https:\/\/www.justcolor.net\/de\/wp-json\/wp\/v2\/users\/229"}],"replies":[{"embeddable":true,"href":"https:\/\/www.justcolor.net\/de\/wp-json\/wp\/v2\/comments?post=9236"}],"version-history":[{"count":0,"href":"https:\/\/www.justcolor.net\/de\/wp-json\/wp\/v2\/pages\/9236\/revisions"}],"up":[{"embeddable":true,"href":"https:\/\/www.justcolor.net\/de\/wp-json\/wp\/v2\/pages\/6155"}],"wp:featuredmedia":[{"embeddable":true,"href":"https:\/\/www.justcolor.net\/de\/wp-json\/wp\/v2\/media\/9243"}],"wp:attachment":[{"href":"https:\/\/www.justcolor.net\/de\/wp-json\/wp\/v2\/media?parent=9236"}],"wp:term":[{"taxonomy":"post_tag","embeddable":true,"href":"https:\/\/www.justcolor.net\/de\/wp-json\/wp\/v2\/tags?post=9236"}],"curies":[{"name":"wp","href":"https:\/\/api.w.org\/{rel}","templated":true}]}}