{"id":11617,"date":"2018-07-08T14:22:37","date_gmt":"2018-07-08T12:22:37","guid":{"rendered":"https:\/\/www.coloriages-pour-enfants.net\/?page_id=11617"},"modified":"2024-04-08T16:40:36","modified_gmt":"2024-04-08T14:40:36","slug":"nouveaux-coloriages","status":"publish","type":"page","link":"https:\/\/www.justcolor.net\/enfants\/nouveaux-coloriages\/","title":{"rendered":"Nouveaux coloriages faciles pour enfants \u00e0 imprimer"},"content":{"rendered":"","protected":false},"excerpt":{"rendered":"<p>Voici les <b>derniers coloriages gratuits pour enfants<\/b> \u00e0 t\u00e9l\u00e9charger et imprimer que nous avons ajout\u00e9s sur le site.<\/p>\n","protected":false},"author":1,"featured_media":0,"parent":0,"menu_order":0,"comment_status":"closed","ping_status":"closed","template":"page-new.php","meta":{"ngg_post_thumbnail":0,"footnotes":""},"tags":[],"class_list":["post-11617","page","type-page","status-publish"],"_links":{"self":[{"href":"https:\/\/www.justcolor.net\/enfants\/wp-json\/wp\/v2\/pages\/11617","targetHints":{"allow":["GET"]}}],"collection":[{"href":"https:\/\/www.justcolor.net\/enfants\/wp-json\/wp\/v2\/pages"}],"about":[{"href":"https:\/\/www.justcolor.net\/enfants\/wp-json\/wp\/v2\/types\/page"}],"author":[{"embeddable":true,"href":"https:\/\/www.justcolor.net\/enfants\/wp-json\/wp\/v2\/users\/1"}],"replies":[{"embeddable":true,"href":"https:\/\/www.justcolor.net\/enfants\/wp-json\/wp\/v2\/comments?post=11617"}],"version-history":[{"count":0,"href":"https:\/\/www.justcolor.net\/enfants\/wp-json\/wp\/v2\/pages\/11617\/revisions"}],"wp:attachment":[{"href":"https:\/\/www.justcolor.net\/enfants\/wp-json\/wp\/v2\/media?parent=11617"}],"wp:term":[{"taxonomy":"post_tag","embeddable":true,"href":"https:\/\/www.justcolor.net\/enfants\/wp-json\/wp\/v2\/tags?post=11617"}],"curies":[{"name":"wp","href":"https:\/\/api.w.org\/{rel}","templated":true}]}}