{"id":1677,"date":"2013-11-20T10:29:39","date_gmt":"2013-11-20T09:29:39","guid":{"rendered":"https:\/\/www.coloriages-pour-enfants.net\/?page_id=1677"},"modified":"2024-10-26T13:15:40","modified_gmt":"2024-10-26T11:15:40","slug":"coloriages-films","status":"publish","type":"page","link":"https:\/\/www.justcolor.net\/enfants\/animation\/coloriages-films\/","title":{"rendered":"Personnages de Films"},"content":{"rendered":"<div class=\"gallery-grid\">\n    <div class=\"gallery-grid-item\">\n        <div class=\"ngg-album-link\">\n            <a class=\"gallery_link\" href=\"https:\/\/www.justcolor.net\/enfants\/animation\/coloriages-films\/arthur-et-les-minimoys\/\" title=\"Coloriages d&#039;Arthur et les Minimoys \u00e0 imprimer pour enfants\">\n                <img class=\"Thumb\"\n                     alt=\"Coloriages d&#039;Arthur et les Minimoys \u00e0 imprimer pour enfants\"\n                     src=\"https:\/\/www.justcolor.net\/enfants\/wp-content\/uploads\/sites\/11\/nggallery\/arthur\/cache\/coloriage-arthur-minimoys-2.gif-nggid041121-ngg0dyn-182x136-00f0w010c011r110f110r010t010.gif\"\n                     loading=\"lazy\"\n                     width=\"250\"\n                     height=\"150\" \/>\n            <\/a>\n        <\/div>\n        <h2 class=\"gallery-grid-album-lig1\">\n            <a class=\"ngg-album-desc\"\n               title=\"Coloriages d&#039;Arthur et les Minimoys \u00e0 imprimer\"\n               href=\"https:\/\/www.justcolor.net\/enfants\/animation\/coloriages-films\/arthur-et-les-minimoys\/\">\n                Arthur et les Minimoys            <\/a>\n        <\/h2>\n    <\/div>\n    <div class=\"gallery-grid-item\">\n        <div class=\"ngg-album-link\">\n            <a class=\"gallery_link\" href=\"https:\/\/www.justcolor.net\/enfants\/animation\/coloriages-films\/avatar\/\" title=\"Coloriages d&#039;Avatar \u00e0 imprimer pour enfants\">\n                <img class=\"Thumb\"\n                     alt=\"Coloriages d&#039;Avatar \u00e0 imprimer pour enfants\"\n                     src=\"https:\/\/www.justcolor.net\/enfants\/wp-content\/uploads\/sites\/11\/nggallery\/avatar\/cache\/coloriage-film-avatar-00003.jpeg-nggid048837-ngg0dyn-182x136-00f0w010c011r110f110r010t010.jpeg\"\n                     loading=\"lazy\"\n                     width=\"250\"\n                     height=\"150\" \/>\n            <\/a>\n        <\/div>\n        <h2 class=\"gallery-grid-album-lig1\">\n            <a class=\"ngg-album-desc\"\n               title=\"Coloriages d&#039;Avatar \u00e0 imprimer\"\n               href=\"https:\/\/www.justcolor.net\/enfants\/animation\/coloriages-films\/avatar\/\">\n                Avatar            <\/a>\n        <\/h2>\n    <\/div>\n    <div class=\"gallery-grid-item\">\n        <div class=\"ngg-album-link\">\n            <a class=\"gallery_link\" href=\"https:\/\/www.justcolor.net\/enfants\/animation\/coloriages-films\/beetlejuice\/\" title=\"Coloriages de Beetlejuice \u00e0 imprimer pour enfants\">\n                <img class=\"Thumb\"\n                     alt=\"Coloriages de Beetlejuice \u00e0 imprimer pour enfants\"\n                     src=\"https:\/\/www.justcolor.net\/enfants\/wp-content\/uploads\/sites\/11\/nggallery\/beetlejuice\/cache\/coloriage-enfants-beetlejuice-100003.jpeg-nggid0510380-ngg0dyn-182x136-00f0w010c011r110f110r010t010.jpeg\"\n                     loading=\"lazy\"\n                     width=\"250\"\n                     height=\"150\" \/>\n            <\/a>\n        <\/div>\n        <h2 class=\"gallery-grid-album-lig1\">\n            <a class=\"ngg-album-desc\"\n               title=\"Coloriages de Beetlejuice \u00e0 imprimer\"\n               href=\"https:\/\/www.justcolor.net\/enfants\/animation\/coloriages-films\/beetlejuice\/\">\n                Beetlejuice            <\/a>\n        <\/h2>\n    <\/div>\n    <div class=\"gallery-grid-item\">\n        <div class=\"ngg-album-link\">\n            <a class=\"gallery_link\" href=\"https:\/\/www.justcolor.net\/enfants\/animation\/coloriages-films\/hocus-pocus\/\" title=\"Coloriages d&#039;Hocus Pocus \u00e0 imprimer pour enfants\">\n                <img class=\"Thumb\"\n                     alt=\"Coloriages d&#039;Hocus Pocus \u00e0 imprimer pour enfants\"\n                     src=\"https:\/\/www.justcolor.net\/enfants\/wp-content\/uploads\/sites\/11\/nggallery\/hocus-pocus\/cache\/coloriage-hocus-pocus-00002.jpeg-nggid049741-ngg0dyn-182x136-00f0w010c011r110f110r010t010.jpeg\"\n                     loading=\"lazy\"\n                     width=\"250\"\n                     height=\"150\" \/>\n            <\/a>\n        <\/div>\n        <h2 class=\"gallery-grid-album-lig1\">\n            <a class=\"ngg-album-desc\"\n               title=\"Coloriages d&#039;Hocus Pocus \u00e0 imprimer\"\n               href=\"https:\/\/www.justcolor.net\/enfants\/animation\/coloriages-films\/hocus-pocus\/\">\n                Hocus Pocus            <\/a>\n        <\/h2>\n    <\/div>\n    <div class=\"gallery-grid-item\">\n        <div class=\"ngg-album-link\">\n            <a class=\"gallery_link\" href=\"https:\/\/www.justcolor.net\/enfants\/animation\/coloriages-films\/hunger-games\/\" title=\"Coloriages d&#039;Hunger games \u00e0 imprimer pour enfants\">\n                <img class=\"Thumb\"\n                     alt=\"Coloriages d&#039;Hunger games \u00e0 imprimer pour enfants\"\n                     src=\"https:\/\/www.justcolor.net\/enfants\/wp-content\/uploads\/sites\/11\/nggallery\/hunger-games\/cache\/coloriage-hunger-games-1.gif-nggid042157-ngg0dyn-182x136-00f0w010c011r110f110r010t010.gif\"\n                     loading=\"lazy\"\n                     width=\"250\"\n                     height=\"150\" \/>\n            <\/a>\n        <\/div>\n        <h2 class=\"gallery-grid-album-lig1\">\n            <a class=\"ngg-album-desc\"\n               title=\"Coloriages d&#039;Hunger games \u00e0 imprimer\"\n               href=\"https:\/\/www.justcolor.net\/enfants\/animation\/coloriages-films\/hunger-games\/\">\n                Hunger games            <\/a>\n        <\/h2>\n    <\/div>\n    <div class=\"gallery-grid-item\">\n        <div class=\"ngg-album-link\">\n            <a class=\"gallery_link\" href=\"https:\/\/www.justcolor.net\/enfants\/animation\/coloriages-films\/indiana-jones\/\" title=\"Coloriages d&#039;Indiana Jones \u00e0 imprimer pour enfants\">\n                <img class=\"Thumb\"\n                     alt=\"Coloriages d&#039;Indiana Jones \u00e0 imprimer pour enfants\"\n                     src=\"https:\/\/www.justcolor.net\/enfants\/wp-content\/uploads\/sites\/11\/nggallery\/indiana-jones\/cache\/coloriage-enfant-indiana-jones-simple.jpg-nggid048756-ngg0dyn-182x136-00f0w010c011r110f110r010t010.jpg\"\n                     loading=\"lazy\"\n                     width=\"250\"\n                     height=\"150\" \/>\n            <\/a>\n        <\/div>\n        <h2 class=\"gallery-grid-album-lig1\">\n            <a class=\"ngg-album-desc\"\n               title=\"Coloriages d&#039;Indiana Jones \u00e0 imprimer\"\n               href=\"https:\/\/www.justcolor.net\/enfants\/animation\/coloriages-films\/indiana-jones\/\">\n                Indiana Jones            <\/a>\n        <\/h2>\n    <\/div>\n    <div class=\"gallery-grid-item\">\n        <div class=\"ngg-album-link\">\n            <a class=\"gallery_link\" href=\"https:\/\/www.justcolor.net\/enfants\/animation\/coloriages-films\/king-kong\/\" title=\"Coloriages de King Kong \u00e0 imprimer pour enfants\">\n                <img class=\"Thumb\"\n                     alt=\"Coloriages de King Kong \u00e0 imprimer pour enfants\"\n                     src=\"https:\/\/www.justcolor.net\/enfants\/wp-content\/uploads\/sites\/11\/nggallery\/king-kong\/cache\/coloriage-enfants-gorille-ville-12345.jpg-nggid0511692-ngg0dyn-182x136-00f0w010c011r110f110r010t010.jpg\"\n                     loading=\"lazy\"\n                     width=\"250\"\n                     height=\"150\" \/>\n            <\/a>\n        <\/div>\n        <h2 class=\"gallery-grid-album-lig1\">\n            <a class=\"ngg-album-desc\"\n               title=\"Coloriages de King Kong \u00e0 imprimer\"\n               href=\"https:\/\/www.justcolor.net\/enfants\/animation\/coloriages-films\/king-kong\/\">\n                King Kong            <\/a>\n        <\/h2>\n    <\/div>\n    <div class=\"gallery-grid-item\">\n        <div class=\"ngg-album-link\">\n            <a class=\"gallery_link\" href=\"https:\/\/www.justcolor.net\/enfants\/animation\/coloriages-films\/coloriage-bilbo-hobbit\/\" title=\"Coloriages de Le Hobbit \u00e0 imprimer pour enfants\">\n                <img class=\"Thumb\"\n                     alt=\"Coloriages de Le Hobbit \u00e0 imprimer pour enfants\"\n                     src=\"https:\/\/www.justcolor.net\/enfants\/wp-content\/uploads\/sites\/11\/nggallery\/hobbit\/cache\/coloriage-hobbit-bilbo.jpg-nggid044340-ngg0dyn-182x136-00f0w010c011r110f110r010t010.jpg\"\n                     loading=\"lazy\"\n                     width=\"250\"\n                     height=\"150\" \/>\n            <\/a>\n        <\/div>\n        <h2 class=\"gallery-grid-album-lig1\">\n            <a class=\"ngg-album-desc\"\n               title=\"Coloriages de Le Hobbit \u00e0 imprimer\"\n               href=\"https:\/\/www.justcolor.net\/enfants\/animation\/coloriages-films\/coloriage-bilbo-hobbit\/\">\n                Le Hobbit            <\/a>\n        <\/h2>\n    <\/div>\n    <div class=\"gallery-grid-item\">\n        <div class=\"ngg-album-link\">\n            <a class=\"gallery_link\" href=\"https:\/\/www.justcolor.net\/enfants\/animation\/coloriages-films\/le-magicien-doz\/\" title=\"Coloriages de Le Magicien d&#039;Oz \u00e0 imprimer pour enfants\">\n                <img class=\"Thumb\"\n                     alt=\"Coloriages de Le Magicien d&#039;Oz \u00e0 imprimer pour enfants\"\n                     src=\"https:\/\/www.justcolor.net\/enfants\/wp-content\/uploads\/sites\/11\/nggallery\/le-magicien-doz\/cache\/coloriage-enfants-aventure-merveilles-67890.jpg-nggid0511787-ngg0dyn-182x136-00f0w010c011r110f110r010t010.jpg\"\n                     loading=\"lazy\"\n                     width=\"250\"\n                     height=\"150\" \/>\n            <\/a>\n        <\/div>\n        <h2 class=\"gallery-grid-album-lig1\">\n            <a class=\"ngg-album-desc\"\n               title=\"Coloriages de Le Magicien d&#039;Oz \u00e0 imprimer\"\n               href=\"https:\/\/www.justcolor.net\/enfants\/animation\/coloriages-films\/le-magicien-doz\/\">\n                Le Magicien d'Oz            <\/a>\n        <\/h2>\n    <\/div>\n    <div class=\"gallery-grid-item\">\n        <div class=\"ngg-album-link\">\n            <a class=\"gallery_link\" href=\"https:\/\/www.justcolor.net\/enfants\/animation\/coloriages-films\/le-retour-de-mary-poppins\/\" title=\"Coloriages Le retour de Mary Poppins \u00e0 imprimer pour enfants\">\n                <img class=\"Thumb\"\n                     alt=\"Coloriages Le retour de Mary Poppins \u00e0 imprimer pour enfants\"\n                     src=\"https:\/\/www.justcolor.net\/enfants\/wp-content\/uploads\/sites\/11\/nggallery\/mary-poppins-returns\/cache\/coloriage-retour-de-mary-poppins-7.png-nggid047002-ngg0dyn-182x136-00f0w010c011r110f110r010t010.png\"\n                     loading=\"lazy\"\n                     width=\"250\"\n                     height=\"150\" \/>\n            <\/a>\n        <\/div>\n        <h2 class=\"gallery-grid-album-lig1\">\n            <a class=\"ngg-album-desc\"\n               title=\"Coloriages Le retour de Mary Poppins \u00e0 imprimer\"\n               href=\"https:\/\/www.justcolor.net\/enfants\/animation\/coloriages-films\/le-retour-de-mary-poppins\/\">\n                Le retour de Mary Poppins            <\/a>\n        <\/h2>\n    <\/div>\n    <div class=\"gallery-grid-item\">\n        <div class=\"ngg-album-link\">\n            <a class=\"gallery_link\" href=\"https:\/\/www.justcolor.net\/enfants\/animation\/coloriages-films\/coloriage-seigneur-anneaux\/\" title=\"Coloriages de Le seigneur des anneaux \u00e0 imprimer pour enfants\">\n                <img class=\"Thumb\"\n                     alt=\"Coloriages de Le seigneur des anneaux \u00e0 imprimer pour enfants\"\n                     src=\"https:\/\/www.justcolor.net\/enfants\/wp-content\/uploads\/sites\/11\/nggallery\/seigneur\/cache\/coloriage-seigneur-des-anneaux-aragorn.gif-nggid044342-ngg0dyn-182x136-00f0w010c011r110f110r010t010.gif\"\n                     loading=\"lazy\"\n                     width=\"250\"\n                     height=\"150\" \/>\n            <\/a>\n        <\/div>\n        <h2 class=\"gallery-grid-album-lig1\">\n            <a class=\"ngg-album-desc\"\n               title=\"Coloriages de Le seigneur des anneaux \u00e0 imprimer\"\n               href=\"https:\/\/www.justcolor.net\/enfants\/animation\/coloriages-films\/coloriage-seigneur-anneaux\/\">\n                Le seigneur des anneaux            <\/a>\n        <\/h2>\n    <\/div>\n    <div class=\"gallery-grid-item\">\n        <div class=\"ngg-album-link\">\n            <a class=\"gallery_link\" href=\"https:\/\/www.justcolor.net\/enfants\/animation\/coloriages-films\/malefique-disney-belle-bois-dormant\/\" title=\"Coloriages de Mal\u00e9fique (La belle au bois dormant) (Disney) \u00e0 imprimer pour enfants\">\n                <img class=\"Thumb\"\n                     alt=\"Coloriages de Mal\u00e9fique (La belle au bois dormant) (Disney) \u00e0 imprimer pour enfants\"\n                     src=\"https:\/\/www.justcolor.net\/enfants\/wp-content\/uploads\/sites\/11\/nggallery\/malefique-la-belle-au-bois-dormant\/cache\/coloriage-malefique-disney-sorciere.jpg-nggid044652-ngg0dyn-182x136-00f0w010c011r110f110r010t010.jpg\"\n                     loading=\"lazy\"\n                     width=\"250\"\n                     height=\"150\" \/>\n            <\/a>\n        <\/div>\n        <h2 class=\"gallery-grid-album-lig1\">\n            <a class=\"ngg-album-desc\"\n               title=\"Coloriages de Mal\u00e9fique (La belle au bois dormant) (Disney) \u00e0 imprimer\"\n               href=\"https:\/\/www.justcolor.net\/enfants\/animation\/coloriages-films\/malefique-disney-belle-bois-dormant\/\">\n                Mal\u00e9fique (La belle au bois dormant) (Disney)            <\/a>\n        <\/h2>\n    <\/div>\n    <div class=\"gallery-grid-item\">\n        <div class=\"ngg-album-link\">\n            <a class=\"gallery_link\" href=\"https:\/\/www.justcolor.net\/enfants\/animation\/coloriages-films\/maman-jai-rate-lavion\/\" title=\"Coloriages de Maman j&#039;ai rat\u00e9 l&#039;avion \u00e0 imprimer pour enfants\">\n                <img class=\"Thumb\"\n                     alt=\"Coloriages de Maman j&#039;ai rat\u00e9 l&#039;avion \u00e0 imprimer pour enfants\"\n                     src=\"https:\/\/www.justcolor.net\/enfants\/wp-content\/uploads\/sites\/11\/nggallery\/maman-jai-rate-lavion\/cache\/coloriage-maman-j-ai-rate-l-avion-00006.jpeg-nggid0510700-ngg0dyn-182x136-00f0w010c011r110f110r010t010.jpeg\"\n                     loading=\"lazy\"\n                     width=\"250\"\n                     height=\"150\" \/>\n            <\/a>\n        <\/div>\n        <h2 class=\"gallery-grid-album-lig1\">\n            <a class=\"ngg-album-desc\"\n               title=\"Coloriages de Maman j&#039;ai rat\u00e9 l&#039;avion \u00e0 imprimer\"\n               href=\"https:\/\/www.justcolor.net\/enfants\/animation\/coloriages-films\/maman-jai-rate-lavion\/\">\n                Maman j'ai rat\u00e9 l'avion            <\/a>\n        <\/h2>\n    <\/div>\n    <div class=\"gallery-grid-item\">\n        <div class=\"ngg-album-link\">\n            <a class=\"gallery_link\" href=\"https:\/\/www.justcolor.net\/enfants\/animation\/coloriages-films-animations-disney-pixar\/mary-poppins\/\" title=\"Coloriages de Mary Poppins \u00e0 imprimer pour enfants\">\n                <img class=\"Thumb\"\n                     alt=\"Coloriages de Mary Poppins \u00e0 imprimer pour enfants\"\n                     src=\"https:\/\/www.justcolor.net\/enfants\/wp-content\/uploads\/sites\/11\/nggallery\/mary-poppins\/cache\/coloriage-mary-poppins-1.jpg-nggid046996-ngg0dyn-182x136-00f0w010c011r110f110r010t010.jpg\"\n                     loading=\"lazy\"\n                     width=\"250\"\n                     height=\"150\" \/>\n            <\/a>\n        <\/div>\n        <h2 class=\"gallery-grid-album-lig1\">\n            <a class=\"ngg-album-desc\"\n               title=\"Coloriages de Mary Poppins \u00e0 imprimer\"\n               href=\"https:\/\/www.justcolor.net\/enfants\/animation\/coloriages-films-animations-disney-pixar\/mary-poppins\/\">\n                Mary Poppins            <\/a>\n        <\/h2>\n    <\/div>\n    <div class=\"gallery-grid-item\">\n        <div class=\"ngg-album-link\">\n            <a class=\"gallery_link\" href=\"https:\/\/www.justcolor.net\/enfants\/animation\/coloriages-films\/pirates-des-caraibes\/\" title=\"Coloriages de Pirates des cara\u00efbes \u00e0 imprimer pour enfants\">\n                <img class=\"Thumb\"\n                     alt=\"Coloriages de Pirates des cara\u00efbes \u00e0 imprimer pour enfants\"\n                     src=\"https:\/\/www.justcolor.net\/enfants\/wp-content\/uploads\/sites\/11\/nggallery\/pirates-des-caraibes\/cache\/coloriage-enfant-pirates-caraibes-jack-sparrow-10.jpg-nggid047250-ngg0dyn-182x136-00f0w010c011r110f110r010t010.jpg\"\n                     loading=\"lazy\"\n                     width=\"250\"\n                     height=\"150\" \/>\n            <\/a>\n        <\/div>\n        <h2 class=\"gallery-grid-album-lig1\">\n            <a class=\"ngg-album-desc\"\n               title=\"Coloriages de Pirates des cara\u00efbes \u00e0 imprimer\"\n               href=\"https:\/\/www.justcolor.net\/enfants\/animation\/coloriages-films\/pirates-des-caraibes\/\">\n                Pirates des cara\u00efbes            <\/a>\n        <\/h2>\n    <\/div>\n    <div class=\"gallery-grid-item\">\n        <div class=\"ngg-album-link\">\n            <a class=\"gallery_link\" href=\"https:\/\/www.justcolor.net\/enfants\/animation\/coloriages-films\/space-jam\/\" title=\"Coloriages de Space Jam \u00e0 imprimer pour enfants\">\n                <img class=\"Thumb\"\n                     alt=\"Coloriages de Space Jam \u00e0 imprimer pour enfants\"\n                     src=\"https:\/\/www.justcolor.net\/enfants\/wp-content\/uploads\/sites\/11\/nggallery\/space-jam\/cache\/coloriage-space-jam-00003.jpeg-nggid0510745-ngg0dyn-182x136-00f0w010c011r110f110r010t010.jpeg\"\n                     loading=\"lazy\"\n                     width=\"250\"\n                     height=\"150\" \/>\n            <\/a>\n        <\/div>\n        <h2 class=\"gallery-grid-album-lig1\">\n            <a class=\"ngg-album-desc\"\n               title=\"Coloriages de Space Jam \u00e0 imprimer\"\n               href=\"https:\/\/www.justcolor.net\/enfants\/animation\/coloriages-films\/space-jam\/\">\n                Space Jam            <\/a>\n        <\/h2>\n    <\/div>\n    <div class=\"gallery-grid-item\">\n        <div class=\"ngg-album-link\">\n            <a class=\"gallery_link\" href=\"https:\/\/www.justcolor.net\/enfants\/animation\/coloriages-films\/star-trek\/\" title=\"Coloriages de Star Trek \u00e0 imprimer pour enfants\">\n                <img class=\"Thumb\"\n                     alt=\"Coloriages de Star Trek \u00e0 imprimer pour enfants\"\n                     src=\"https:\/\/www.justcolor.net\/enfants\/wp-content\/uploads\/sites\/11\/nggallery\/star-trek\/cache\/coloriage-star-trek-00004.jpeg-nggid049894-ngg0dyn-182x136-00f0w010c011r110f110r010t010.jpeg\"\n                     loading=\"lazy\"\n                     width=\"250\"\n                     height=\"150\" \/>\n            <\/a>\n        <\/div>\n        <h2 class=\"gallery-grid-album-lig1\">\n            <a class=\"ngg-album-desc\"\n               title=\"Coloriages de Star Trek \u00e0 imprimer\"\n               href=\"https:\/\/www.justcolor.net\/enfants\/animation\/coloriages-films\/star-trek\/\">\n                Star Trek            <\/a>\n        <\/h2>\n    <\/div>\n    <div class=\"gallery-grid-item\">\n        <div class=\"ngg-album-link\">\n            <a class=\"gallery_link\" href=\"https:\/\/www.justcolor.net\/enfants\/animation\/coloriages-films\/star-wars\/\" title=\"Coloriages de Star Wars \u00e0 imprimer pour enfants\">\n                <img class=\"Thumb\"\n                     alt=\"Coloriages de Star Wars \u00e0 imprimer pour enfants\"\n                     src=\"https:\/\/www.justcolor.net\/enfants\/wp-content\/uploads\/sites\/11\/nggallery\/star-wars\/cache\/coloriage-star-wars-anakin-skywalker-13.jpg-nggid041798-ngg0dyn-182x136-00f0w010c011r110f110r010t010.jpg\"\n                     loading=\"lazy\"\n                     width=\"250\"\n                     height=\"150\" \/>\n            <\/a>\n        <\/div>\n        <h2 class=\"gallery-grid-album-lig1\">\n            <a class=\"ngg-album-desc\"\n               title=\"Coloriages de Star Wars \u00e0 imprimer\"\n               href=\"https:\/\/www.justcolor.net\/enfants\/animation\/coloriages-films\/star-wars\/\">\n                Star Wars            <\/a>\n        <\/h2>\n    <\/div>\n    <div class=\"gallery-grid-item\">\n        <div class=\"ngg-album-link\">\n            <a class=\"gallery_link\" href=\"https:\/\/www.justcolor.net\/enfants\/animation\/coloriages-films\/tron\/\" title=\"Coloriages de Tron \u00e0 imprimer pour enfants\">\n                <img class=\"Thumb\"\n                     alt=\"Coloriages de Tron \u00e0 imprimer pour enfants\"\n                     src=\"https:\/\/www.justcolor.net\/enfants\/wp-content\/uploads\/sites\/11\/nggallery\/tron\/cache\/00002.jpg-nggid042396-ngg0dyn-182x136-00f0w010c011r110f110r010t010.jpg\"\n                     loading=\"lazy\"\n                     width=\"250\"\n                     height=\"150\" \/>\n            <\/a>\n        <\/div>\n        <h2 class=\"gallery-grid-album-lig1\">\n            <a class=\"ngg-album-desc\"\n               title=\"Coloriages de Tron \u00e0 imprimer\"\n               href=\"https:\/\/www.justcolor.net\/enfants\/animation\/coloriages-films\/tron\/\">\n                Tron            <\/a>\n        <\/h2>\n    <\/div>\n    <div class=\"gallery-grid-item\">\n        <div class=\"ngg-album-link\">\n            <a class=\"gallery_link\" href=\"https:\/\/www.justcolor.net\/enfants\/animation\/coloriages-films\/wicked\/\" title=\"Coloriages de Wicked \u00e0 imprimer pour enfants\">\n                <img class=\"Thumb\"\n                     alt=\"Coloriages de Wicked \u00e0 imprimer pour enfants\"\n                     src=\"https:\/\/www.justcolor.net\/enfants\/wp-content\/uploads\/sites\/11\/nggallery\/wicked\/cache\/coloriage-wicked-4.jpeg-nggid0510576-ngg0dyn-182x136-00f0w010c011r110f110r010t010.jpeg\"\n                     loading=\"lazy\"\n                     width=\"250\"\n                     height=\"150\" \/>\n            <\/a>\n        <\/div>\n        <h2 class=\"gallery-grid-album-lig1\">\n            <a class=\"ngg-album-desc\"\n               title=\"Coloriages de Wicked \u00e0 imprimer\"\n               href=\"https:\/\/www.justcolor.net\/enfants\/animation\/coloriages-films\/wicked\/\">\n                Wicked            <\/a>\n        <\/h2>\n    <\/div>\n    <div class=\"gallery-grid-item\">\n        <div class=\"ngg-album-link\">\n            <a class=\"gallery_link\" href=\"https:\/\/www.justcolor.net\/enfants\/animation\/coloriages-films\/willy-wonka\/\" title=\"Coloriages de Willy Wonka \u00e0 imprimer pour enfants\">\n                <img class=\"Thumb\"\n                     alt=\"Coloriages de Willy Wonka \u00e0 imprimer pour enfants\"\n                     src=\"https:\/\/www.justcolor.net\/enfants\/wp-content\/uploads\/sites\/11\/nggallery\/willy-wonka\/cache\/coloriage-enfants-monde-magique-confiseries-98765.jpg-nggid0511632-ngg0dyn-182x136-00f0w010c011r110f110r010t010.jpg\"\n                     loading=\"lazy\"\n                     width=\"250\"\n                     height=\"150\" \/>\n            <\/a>\n        <\/div>\n        <h2 class=\"gallery-grid-album-lig1\">\n            <a class=\"ngg-album-desc\"\n               title=\"Coloriages de Willy Wonka \u00e0 imprimer\"\n               href=\"https:\/\/www.justcolor.net\/enfants\/animation\/coloriages-films\/willy-wonka\/\">\n                Willy Wonka            <\/a>\n        <\/h2>\n    <\/div>\n<br class=\"ngg-clear\"\/>\n<div class='ngg-clear'><\/div><\/div>\n\n\n\n","protected":false},"excerpt":{"rendered":"<p>Voici quelques <b>coloriages pour enfants inspir\u00e9s de films c\u00e9l\u00e8bres<\/b>, mettant en vedette une vari\u00e9t\u00e9 de personnages et de sc\u00e8nes bien-aim\u00e9s. Que vous aimiez les batailles \u00e9piques de <b>Star Wars<\/b>, le monde magique du <b>Seigneur des Anneaux<\/b> et de <b>Le Hobbit<\/b>, ou les aventures palpitantes d&rsquo;<b>Indiana Jones<\/b>, vous trouverez de nombreuses <b>images imprimables<\/b> pour stimuler leur imagination.<\/p>\n<p>Notre collection comprend \u00e9galement des personnages hauts en couleur d&rsquo;<b>Avatar<\/b>, les sorci\u00e8res envo\u00fbtantes de <b>Hocus Pocus<\/b> et les contes enchanteurs de <b>Mary Poppins<\/b> et <b>Mal\u00e9fique<\/b>.<\/p>\n<p>Plongez dans l&rsquo;aventure en haute mer avec <b>Pirates des Cara\u00efbes<\/b> ou explorez des royaumes futuristes avec <b>Tron<\/b> et <b>Star Trek<\/b>. Avec autant d&rsquo;<b>images imprimables<\/b> parmi lesquelles choisir, il y en a pour tous les cin\u00e9philes !<\/p>\n","protected":false},"author":1,"featured_media":0,"parent":1001,"menu_order":0,"comment_status":"closed","ping_status":"closed","template":"","meta":{"ngg_post_thumbnail":0,"footnotes":""},"tags":[3423],"class_list":{"0":"post-1677","1":"page","2":"type-page","3":"status-publish","5":"tag-supergallery"},"_links":{"self":[{"href":"https:\/\/www.justcolor.net\/enfants\/wp-json\/wp\/v2\/pages\/1677","targetHints":{"allow":["GET"]}}],"collection":[{"href":"https:\/\/www.justcolor.net\/enfants\/wp-json\/wp\/v2\/pages"}],"about":[{"href":"https:\/\/www.justcolor.net\/enfants\/wp-json\/wp\/v2\/types\/page"}],"author":[{"embeddable":true,"href":"https:\/\/www.justcolor.net\/enfants\/wp-json\/wp\/v2\/users\/1"}],"replies":[{"embeddable":true,"href":"https:\/\/www.justcolor.net\/enfants\/wp-json\/wp\/v2\/comments?post=1677"}],"version-history":[{"count":0,"href":"https:\/\/www.justcolor.net\/enfants\/wp-json\/wp\/v2\/pages\/1677\/revisions"}],"up":[{"embeddable":true,"href":"https:\/\/www.justcolor.net\/enfants\/wp-json\/wp\/v2\/pages\/1001"}],"wp:attachment":[{"href":"https:\/\/www.justcolor.net\/enfants\/wp-json\/wp\/v2\/media?parent=1677"}],"wp:term":[{"taxonomy":"post_tag","embeddable":true,"href":"https:\/\/www.justcolor.net\/enfants\/wp-json\/wp\/v2\/tags?post=1677"}],"curies":[{"name":"wp","href":"https:\/\/api.w.org\/{rel}","templated":true}]}}