{"id":1793,"date":"2013-12-06T15:40:03","date_gmt":"2013-12-06T14:40:03","guid":{"rendered":"https:\/\/www.coloriages-pour-enfants.net\/?page_id=1793"},"modified":"2017-02-06T11:49:54","modified_gmt":"2017-02-06T10:49:54","slug":"coloriages-sapin-noel","status":"publish","type":"page","link":"https:\/\/www.justcolor.net\/enfants\/evenements\/coloriages-noel\/coloriages-sapin-noel\/","title":{"rendered":"Sapin de No\u00ebl"},"content":{"rendered":"<p>no images were found<\/p>\n\n","protected":false},"excerpt":{"rendered":"<p>Pour introduire cette galerie de coloriages d&rsquo;arbres de No\u00ebl, nous avons trouv\u00e9 cette jolie citation datant de 2004, de Jean-Paul II : <i>\u00ab\u00a0En hiver, le sapin toujours vert devient la marque de la vie qui ne meurt pas. C&rsquo;est habituellement au pied de l&rsquo;arbre de No\u00ebl d\u00e9cor\u00e9 que sont d\u00e9pos\u00e9s les cadeaux. [&#8230;] Le message du sapin de No\u00ebl est donc que la vie reste verte et qu&rsquo;elle est un don, non mat\u00e9riel mais d&rsquo;elle-m\u00eame, dans l&rsquo;amiti\u00e9 et l&rsquo;affection, dans l&rsquo;entraide fraternelle et le pardon, dans le partage et l&rsquo;\u00e9coute de l&rsquo;autre. \u00ab\u00a0<\/i><\/p>\n<p><b>D\u00e9couvrez tous nos <a title=\"Coloriages No\u00ebl\" href=\"https:\/\/www.coloriages-pour-enfants.net\/evenements\/coloriages-noel\/\"><strong>Coloriages de No\u00ebl<\/strong><\/a> ici<\/b><\/p>\n","protected":false},"author":1,"featured_media":0,"parent":144,"menu_order":0,"comment_status":"closed","ping_status":"closed","template":"","meta":{"ngg_post_thumbnail":0,"footnotes":""},"tags":[238,993,413,446,588],"class_list":{"0":"post-1793","1":"page","2":"type-page","3":"status-publish","5":"tag-fetes","6":"tag-gallery","7":"tag-noel","8":"tag-pere-noel","9":"tag-traditions"},"_links":{"self":[{"href":"https:\/\/www.justcolor.net\/enfants\/wp-json\/wp\/v2\/pages\/1793","targetHints":{"allow":["GET"]}}],"collection":[{"href":"https:\/\/www.justcolor.net\/enfants\/wp-json\/wp\/v2\/pages"}],"about":[{"href":"https:\/\/www.justcolor.net\/enfants\/wp-json\/wp\/v2\/types\/page"}],"author":[{"embeddable":true,"href":"https:\/\/www.justcolor.net\/enfants\/wp-json\/wp\/v2\/users\/1"}],"replies":[{"embeddable":true,"href":"https:\/\/www.justcolor.net\/enfants\/wp-json\/wp\/v2\/comments?post=1793"}],"version-history":[{"count":0,"href":"https:\/\/www.justcolor.net\/enfants\/wp-json\/wp\/v2\/pages\/1793\/revisions"}],"up":[{"embeddable":true,"href":"https:\/\/www.justcolor.net\/enfants\/wp-json\/wp\/v2\/pages\/144"}],"wp:attachment":[{"href":"https:\/\/www.justcolor.net\/enfants\/wp-json\/wp\/v2\/media?parent=1793"}],"wp:term":[{"taxonomy":"post_tag","embeddable":true,"href":"https:\/\/www.justcolor.net\/enfants\/wp-json\/wp\/v2\/tags?post=1793"}],"curies":[{"name":"wp","href":"https:\/\/api.w.org\/{rel}","templated":true}]}}