{"id":2442,"date":"2014-03-05T10:20:56","date_gmt":"2014-03-05T09:20:56","guid":{"rendered":"https:\/\/www.coloriages-pour-enfants.net\/?page_id=2442"},"modified":"2024-10-26T13:13:09","modified_gmt":"2024-10-26T11:13:09","slug":"art","status":"publish","type":"page","link":"https:\/\/www.justcolor.net\/enfants\/art\/","title":{"rendered":"Art"},"content":{"rendered":"<div class=\"gallery-grid\">\n    <div class=\"gallery-grid-item\">\n        <div class=\"ngg-album-link\">\n            <a class=\"gallery_link\" href=\"https:\/\/www.justcolor.net\/enfants\/art\/coloriage-andy-warhol\/\" title=\"Coloriages d&#039;Andy Warhol \u00e0 imprimer pour enfants\">\n                <img class=\"Thumb\"\n                     alt=\"Coloriages d&#039;Andy Warhol \u00e0 imprimer pour enfants\"\n                     src=\"https:\/\/www.justcolor.net\/enfants\/wp-content\/uploads\/sites\/11\/nggallery\/andy-warhol\/cache\/coloriage-enfant-warhol-3.jpg-nggid046852-ngg0dyn-182x136-00f0w010c011r110f110r010t010.jpg\"\n                     loading=\"lazy\"\n                     width=\"250\"\n                     height=\"150\" \/>\n            <\/a>\n        <\/div>\n        <h2 class=\"gallery-grid-album-lig1\">\n            <a class=\"ngg-album-desc\"\n               title=\"Coloriages d&#039;Andy Warhol \u00e0 imprimer pour enfants\"\n               href=\"https:\/\/www.justcolor.net\/enfants\/art\/coloriage-andy-warhol\/\">\n                Andy Warhol            <\/a>\n        <\/h2>\n    <\/div>\n    <div class=\"gallery-grid-item\">\n        <div class=\"ngg-album-link\">\n            <a class=\"gallery_link\" href=\"https:\/\/www.justcolor.net\/enfants\/coloriages-educatifs\/art-deco\/\" title=\"Coloriages d&#039;Art D\u00e9co \u00e0 imprimer pour enfants\">\n                <img class=\"Thumb\"\n                     alt=\"Coloriages d&#039;Art D\u00e9co \u00e0 imprimer pour enfants\"\n                     src=\"https:\/\/www.justcolor.net\/enfants\/wp-content\/uploads\/sites\/11\/nggallery\/art-deco\/cache\/coloriage-enfant-art-deco-952938.jpeg-nggid0511404-ngg0dyn-182x136-00f0w010c011r110f110r010t010.jpeg\"\n                     loading=\"lazy\"\n                     width=\"250\"\n                     height=\"150\" \/>\n            <\/a>\n        <\/div>\n        <h2 class=\"gallery-grid-album-lig1\">\n            <a class=\"ngg-album-desc\"\n               title=\"Coloriages d&#039;Art D\u00e9co \u00e0 imprimer pour enfants\"\n               href=\"https:\/\/www.justcolor.net\/enfants\/coloriages-educatifs\/art-deco\/\">\n                Art D\u00e9co            <\/a>\n        <\/h2>\n    <\/div>\n    <div class=\"gallery-grid-item\">\n        <div class=\"ngg-album-link\">\n            <a class=\"gallery_link\" href=\"https:\/\/www.justcolor.net\/enfants\/coloriages-educatifs\/art-nouveau\/\" title=\"Coloriages d&#039;Art Nouveau \u00e0 imprimer pour enfants\">\n                <img class=\"Thumb\"\n                     alt=\"Coloriages d&#039;Art Nouveau \u00e0 imprimer pour enfants\"\n                     src=\"https:\/\/www.justcolor.net\/enfants\/wp-content\/uploads\/sites\/11\/nggallery\/art-nouveau\/cache\/coloriage-femme-style-art-nouveau.jpg-nggid047970-ngg0dyn-182x136-00f0w010c011r110f110r010t010.jpg\"\n                     loading=\"lazy\"\n                     width=\"250\"\n                     height=\"150\" \/>\n            <\/a>\n        <\/div>\n        <h2 class=\"gallery-grid-album-lig1\">\n            <a class=\"ngg-album-desc\"\n               title=\"Coloriages d&#039;Art Nouveau \u00e0 imprimer pour enfants\"\n               href=\"https:\/\/www.justcolor.net\/enfants\/coloriages-educatifs\/art-nouveau\/\">\n                Art Nouveau            <\/a>\n        <\/h2>\n    <\/div>\n    <div class=\"gallery-grid-item\">\n        <div class=\"ngg-album-link\">\n            <a class=\"gallery_link\" href=\"https:\/\/www.justcolor.net\/enfants\/art\/coloriage-monet\/\" title=\"Coloriages de Claude Monet \u00e0 imprimer pour enfants\">\n                <img class=\"Thumb\"\n                     alt=\"Coloriages de Claude Monet \u00e0 imprimer pour enfants\"\n                     src=\"https:\/\/www.justcolor.net\/enfants\/wp-content\/uploads\/sites\/11\/nggallery\/monet\/cache\/coloriage-monet.jpg-nggid044356-ngg0dyn-182x136-00f0w010c011r110f110r010t010.jpg\"\n                     loading=\"lazy\"\n                     width=\"250\"\n                     height=\"150\" \/>\n            <\/a>\n        <\/div>\n        <h2 class=\"gallery-grid-album-lig1\">\n            <a class=\"ngg-album-desc\"\n               title=\"Coloriages de Claude Monet \u00e0 imprimer pour enfants\"\n               href=\"https:\/\/www.justcolor.net\/enfants\/art\/coloriage-monet\/\">\n                Claude Monet            <\/a>\n        <\/h2>\n    <\/div>\n    <div class=\"gallery-grid-item\">\n        <div class=\"ngg-album-link\">\n            <a class=\"gallery_link\" href=\"https:\/\/www.justcolor.net\/enfants\/art\/coloriage-velasquez\/\" title=\"Coloriages de Diego V\u00e9lasquez \u00e0 imprimer pour enfants\">\n                <img class=\"Thumb\"\n                     alt=\"Coloriages de Diego V\u00e9lasquez \u00e0 imprimer pour enfants\"\n                     src=\"https:\/\/www.justcolor.net\/enfants\/wp-content\/uploads\/sites\/11\/nggallery\/velasquez\/cache\/coloriage-velasquez.jpg-nggid044347-ngg0dyn-182x136-00f0w010c011r110f110r010t010.jpg\"\n                     loading=\"lazy\"\n                     width=\"250\"\n                     height=\"150\" \/>\n            <\/a>\n        <\/div>\n        <h2 class=\"gallery-grid-album-lig1\">\n            <a class=\"ngg-album-desc\"\n               title=\"Coloriages de Diego V\u00e9lasquez \u00e0 imprimer pour enfants\"\n               href=\"https:\/\/www.justcolor.net\/enfants\/art\/coloriage-velasquez\/\">\n                Diego V\u00e9lasquez            <\/a>\n        <\/h2>\n    <\/div>\n    <div class=\"gallery-grid-item\">\n        <div class=\"ngg-album-link\">\n            <a class=\"gallery_link\" href=\"https:\/\/www.justcolor.net\/enfants\/art\/fernand-leger\/\" title=\"Coloriages de Fernand L\u00e9ger \u00e0 imprimer pour enfants\">\n                <img class=\"Thumb\"\n                     alt=\"Coloriages de Fernand L\u00e9ger \u00e0 imprimer pour enfants\"\n                     src=\"https:\/\/www.justcolor.net\/enfants\/wp-content\/uploads\/sites\/11\/nggallery\/fernand-leger\/cache\/coloriage-fernand-leger-cirque-1950.jpg-nggid047975-ngg0dyn-182x136-00f0w010c011r110f110r010t010.jpg\"\n                     loading=\"lazy\"\n                     width=\"250\"\n                     height=\"150\" \/>\n            <\/a>\n        <\/div>\n        <h2 class=\"gallery-grid-album-lig1\">\n            <a class=\"ngg-album-desc\"\n               title=\"Coloriages de Fernand L\u00e9ger \u00e0 imprimer pour enfants\"\n               href=\"https:\/\/www.justcolor.net\/enfants\/art\/fernand-leger\/\">\n                Fernand L\u00e9ger            <\/a>\n        <\/h2>\n    <\/div>\n    <div class=\"gallery-grid-item\">\n        <div class=\"ngg-album-link\">\n            <a class=\"gallery_link\" href=\"https:\/\/www.justcolor.net\/enfants\/art\/frida-kahlo\/\" title=\"Coloriages de Frida Kahlo \u00e0 imprimer pour enfants\">\n                <img class=\"Thumb\"\n                     alt=\"Coloriages de Frida Kahlo \u00e0 imprimer pour enfants\"\n                     src=\"https:\/\/www.justcolor.net\/enfants\/wp-content\/uploads\/sites\/11\/nggallery\/frida-kahlo\/cache\/coloriage-enfant-frida-kahlo-feuilles.jpg-nggid047986-ngg0dyn-182x136-00f0w010c011r110f110r010t010.jpg\"\n                     loading=\"lazy\"\n                     width=\"250\"\n                     height=\"150\" \/>\n            <\/a>\n        <\/div>\n        <h2 class=\"gallery-grid-album-lig1\">\n            <a class=\"ngg-album-desc\"\n               title=\"Coloriages de Frida Kahlo \u00e0 imprimer pour enfants\"\n               href=\"https:\/\/www.justcolor.net\/enfants\/art\/frida-kahlo\/\">\n                Frida Kahlo            <\/a>\n        <\/h2>\n    <\/div>\n    <div class=\"gallery-grid-item\">\n        <div class=\"ngg-album-link\">\n            <a class=\"gallery_link\" href=\"https:\/\/www.justcolor.net\/enfants\/art\/coloriage-gustav-klimt\/\" title=\"Coloriages de Gustav Klimt \u00e0 imprimer pour enfants\">\n                <img class=\"Thumb\"\n                     alt=\"Coloriages de Gustav Klimt \u00e0 imprimer pour enfants\"\n                     src=\"https:\/\/www.justcolor.net\/enfants\/wp-content\/uploads\/sites\/11\/nggallery\/klimt\/cache\/coloriage-enfant-klimt-4.jpg-nggid046842-ngg0dyn-182x136-00f0w010c011r110f110r010t010.jpg\"\n                     loading=\"lazy\"\n                     width=\"250\"\n                     height=\"150\" \/>\n            <\/a>\n        <\/div>\n        <h2 class=\"gallery-grid-album-lig1\">\n            <a class=\"ngg-album-desc\"\n               title=\"Coloriages de Gustav Klimt \u00e0 imprimer pour enfants\"\n               href=\"https:\/\/www.justcolor.net\/enfants\/art\/coloriage-gustav-klimt\/\">\n                Gustav Klimt            <\/a>\n        <\/h2>\n    <\/div>\n    <div class=\"gallery-grid-item\">\n        <div class=\"ngg-album-link\">\n            <a class=\"gallery_link\" href=\"https:\/\/www.justcolor.net\/enfants\/art\/henri-matisse\/\" title=\"Coloriages d&#039;Henri Matisse \u00e0 imprimer pour enfants\">\n                <img class=\"Thumb\"\n                     alt=\"Coloriages d&#039;Henri Matisse \u00e0 imprimer pour enfants\"\n                     src=\"https:\/\/www.justcolor.net\/enfants\/wp-content\/uploads\/sites\/11\/nggallery\/henri-matisse\/cache\/coloriage-matisse-deux-jeunes-femmes.jpg-nggid047982-ngg0dyn-182x136-00f0w010c011r110f110r010t010.jpg\"\n                     loading=\"lazy\"\n                     width=\"250\"\n                     height=\"150\" \/>\n            <\/a>\n        <\/div>\n        <h2 class=\"gallery-grid-album-lig1\">\n            <a class=\"ngg-album-desc\"\n               title=\"Coloriages d&#039;Henri Matisse \u00e0 imprimer pour enfants\"\n               href=\"https:\/\/www.justcolor.net\/enfants\/art\/henri-matisse\/\">\n                Henri Matisse            <\/a>\n        <\/h2>\n    <\/div>\n    <div class=\"gallery-grid-item\">\n        <div class=\"ngg-album-link\">\n            <a class=\"gallery_link\" href=\"https:\/\/www.justcolor.net\/enfants\/art\/joan-miro\/\" title=\"Coloriages de Joan Miro \u00e0 imprimer pour enfants\">\n                <img class=\"Thumb\"\n                     alt=\"Coloriages de Joan Miro \u00e0 imprimer pour enfants\"\n                     src=\"https:\/\/www.justcolor.net\/enfants\/wp-content\/uploads\/sites\/11\/nggallery\/joan-miro\/cache\/coloriage-joan-miro-le-coq.jpg-nggid047983-ngg0dyn-182x136-00f0w010c011r110f110r010t010.jpg\"\n                     loading=\"lazy\"\n                     width=\"250\"\n                     height=\"150\" \/>\n            <\/a>\n        <\/div>\n        <h2 class=\"gallery-grid-album-lig1\">\n            <a class=\"ngg-album-desc\"\n               title=\"Coloriages de Joan Miro \u00e0 imprimer pour enfants\"\n               href=\"https:\/\/www.justcolor.net\/enfants\/art\/joan-miro\/\">\n                Joan Miro            <\/a>\n        <\/h2>\n    <\/div>\n    <div class=\"gallery-grid-item\">\n        <div class=\"ngg-album-link\">\n            <a class=\"gallery_link\" href=\"https:\/\/www.justcolor.net\/enfants\/art\/vermeer\/\" title=\"Coloriages de Johannes Vermeer \u00e0 imprimer pour enfants\">\n                <img class=\"Thumb\"\n                     alt=\"Coloriages de Johannes Vermeer \u00e0 imprimer pour enfants\"\n                     src=\"https:\/\/www.justcolor.net\/enfants\/wp-content\/uploads\/sites\/11\/nggallery\/vermeer\/cache\/coloriage-vermeer-jeune-fille-perle.gif-nggid044376-ngg0dyn-182x136-00f0w010c011r110f110r010t010.gif\"\n                     loading=\"lazy\"\n                     width=\"250\"\n                     height=\"150\" \/>\n            <\/a>\n        <\/div>\n        <h2 class=\"gallery-grid-album-lig1\">\n            <a class=\"ngg-album-desc\"\n               title=\"Coloriages de Johannes Vermeer \u00e0 imprimer pour enfants\"\n               href=\"https:\/\/www.justcolor.net\/enfants\/art\/vermeer\/\">\n                Johannes Vermeer            <\/a>\n        <\/h2>\n    <\/div>\n    <div class=\"gallery-grid-item\">\n        <div class=\"ngg-album-link\">\n            <a class=\"gallery_link\" href=\"https:\/\/www.justcolor.net\/enfants\/art\/coloriage-leonard-vinci-joconde-etc\/\" title=\"Coloriages de L\u00e9onard de Vinci \u00e0 imprimer pour enfants\">\n                <img class=\"Thumb\"\n                     alt=\"Coloriages de L\u00e9onard de Vinci \u00e0 imprimer pour enfants\"\n                     src=\"https:\/\/www.justcolor.net\/enfants\/wp-content\/uploads\/sites\/11\/nggallery\/vinci\/cache\/coloriage-mona-lisa.jpg-nggid044377-ngg0dyn-182x136-00f0w010c011r110f110r010t010.jpg\"\n                     loading=\"lazy\"\n                     width=\"250\"\n                     height=\"150\" \/>\n            <\/a>\n        <\/div>\n        <h2 class=\"gallery-grid-album-lig1\">\n            <a class=\"ngg-album-desc\"\n               title=\"Coloriages de L\u00e9onard de Vinci \u00e0 imprimer pour enfants\"\n               href=\"https:\/\/www.justcolor.net\/enfants\/art\/coloriage-leonard-vinci-joconde-etc\/\">\n                L\u00e9onard de Vinci            <\/a>\n        <\/h2>\n    <\/div>\n    <div class=\"gallery-grid-item\">\n        <div class=\"ngg-album-link\">\n            <a class=\"gallery_link\" href=\"https:\/\/www.justcolor.net\/enfants\/art\/picasso\/\" title=\"Coloriages de Pablo Picasso \u00e0 imprimer pour enfants\">\n                <img class=\"Thumb\"\n                     alt=\"Coloriages de Pablo Picasso \u00e0 imprimer pour enfants\"\n                     src=\"https:\/\/www.justcolor.net\/enfants\/wp-content\/uploads\/sites\/11\/nggallery\/picasso\/cache\/coloriage-picaso-autoportrait.jpg-nggid044368-ngg0dyn-182x136-00f0w010c011r110f110r010t010.jpg\"\n                     loading=\"lazy\"\n                     width=\"250\"\n                     height=\"150\" \/>\n            <\/a>\n        <\/div>\n        <h2 class=\"gallery-grid-album-lig1\">\n            <a class=\"ngg-album-desc\"\n               title=\"Coloriages de Pablo Picasso \u00e0 imprimer pour enfants\"\n               href=\"https:\/\/www.justcolor.net\/enfants\/art\/picasso\/\">\n                Pablo Picasso            <\/a>\n        <\/h2>\n    <\/div>\n    <div class=\"gallery-grid-item\">\n        <div class=\"ngg-album-link\">\n            <a class=\"gallery_link\" href=\"https:\/\/www.justcolor.net\/enfants\/art\/coloriage-cezanne\/\" title=\"Coloriages de Paul C\u00e9zanne \u00e0 imprimer pour enfants\">\n                <img class=\"Thumb\"\n                     alt=\"Coloriages de Paul C\u00e9zanne \u00e0 imprimer pour enfants\"\n                     src=\"https:\/\/www.justcolor.net\/enfants\/wp-content\/uploads\/sites\/11\/nggallery\/cezanne\/cache\/coloriage-cezanne-nature-morte.gif-nggid044369-ngg0dyn-182x136-00f0w010c011r110f110r010t010.gif\"\n                     loading=\"lazy\"\n                     width=\"250\"\n                     height=\"150\" \/>\n            <\/a>\n        <\/div>\n        <h2 class=\"gallery-grid-album-lig1\">\n            <a class=\"ngg-album-desc\"\n               title=\"Coloriages de Paul C\u00e9zanne \u00e0 imprimer pour enfants\"\n               href=\"https:\/\/www.justcolor.net\/enfants\/art\/coloriage-cezanne\/\">\n                Paul C\u00e9zanne            <\/a>\n        <\/h2>\n    <\/div>\n    <div class=\"gallery-grid-item\">\n        <div class=\"ngg-album-link\">\n            <a class=\"gallery_link\" href=\"https:\/\/www.justcolor.net\/enfants\/art\/gaughin\/\" title=\"Coloriages de Paul Gauguin \u00e0 imprimer pour enfants\">\n                <img class=\"Thumb\"\n                     alt=\"Coloriages de Paul Gauguin \u00e0 imprimer pour enfants\"\n                     src=\"https:\/\/www.justcolor.net\/enfants\/wp-content\/uploads\/sites\/11\/nggallery\/gaughin\/cache\/coloriage-gauguin-femme-tahitienne.jpg-nggid044360-ngg0dyn-182x136-00f0w010c011r110f110r010t010.jpg\"\n                     loading=\"lazy\"\n                     width=\"250\"\n                     height=\"150\" \/>\n            <\/a>\n        <\/div>\n        <h2 class=\"gallery-grid-album-lig1\">\n            <a class=\"ngg-album-desc\"\n               title=\"Coloriages de Paul Gauguin \u00e0 imprimer pour enfants\"\n               href=\"https:\/\/www.justcolor.net\/enfants\/art\/gaughin\/\">\n                Paul Gauguin            <\/a>\n        <\/h2>\n    <\/div>\n    <div class=\"gallery-grid-item\">\n        <div class=\"ngg-album-link\">\n            <a class=\"gallery_link\" href=\"https:\/\/www.justcolor.net\/enfants\/art\/renoir\/\" title=\"Coloriages de Pierre-Auguste Renoir \u00e0 imprimer pour enfants\">\n                <img class=\"Thumb\"\n                     alt=\"Coloriages de Pierre-Auguste Renoir \u00e0 imprimer pour enfants\"\n                     src=\"https:\/\/www.justcolor.net\/enfants\/wp-content\/uploads\/sites\/11\/nggallery\/renoir\/cache\/coloriage-renoir.jpg-nggid044352-ngg0dyn-182x136-00f0w010c011r110f110r010t010.jpg\"\n                     loading=\"lazy\"\n                     width=\"250\"\n                     height=\"150\" \/>\n            <\/a>\n        <\/div>\n        <h2 class=\"gallery-grid-album-lig1\">\n            <a class=\"ngg-album-desc\"\n               title=\"Coloriages de Pierre-Auguste Renoir \u00e0 imprimer pour enfants\"\n               href=\"https:\/\/www.justcolor.net\/enfants\/art\/renoir\/\">\n                Pierre-Auguste Renoir            <\/a>\n        <\/h2>\n    <\/div>\n    <div class=\"gallery-grid-item\">\n        <div class=\"ngg-album-link\">\n            <a class=\"gallery_link\" href=\"https:\/\/www.justcolor.net\/enfants\/art\/coloriage-roy-lichtenstein\/\" title=\"Coloriages de Roy Lichtenstein \u00e0 imprimer pour enfants\">\n                <img class=\"Thumb\"\n                     alt=\"Coloriages de Roy Lichtenstein \u00e0 imprimer pour enfants\"\n                     src=\"https:\/\/www.justcolor.net\/enfants\/wp-content\/uploads\/sites\/11\/nggallery\/roy-lichtenstein\/cache\/coloriage-enfant-roy-lichtenstein-4.jpg-nggid046846-ngg0dyn-182x136-00f0w010c011r110f110r010t010.jpg\"\n                     loading=\"lazy\"\n                     width=\"250\"\n                     height=\"150\" \/>\n            <\/a>\n        <\/div>\n        <h2 class=\"gallery-grid-album-lig1\">\n            <a class=\"ngg-album-desc\"\n               title=\"Coloriages de Roy Lichtenstein \u00e0 imprimer pour enfants\"\n               href=\"https:\/\/www.justcolor.net\/enfants\/art\/coloriage-roy-lichtenstein\/\">\n                Roy Lichtenstein            <\/a>\n        <\/h2>\n    <\/div>\n    <div class=\"gallery-grid-item\">\n        <div class=\"ngg-album-link\">\n            <a class=\"gallery_link\" href=\"https:\/\/www.justcolor.net\/enfants\/art\/coloriage-salvador-dali\/\" title=\"Coloriages de Salvador Dal\u00ed \u00e0 imprimer pour enfants\">\n                <img class=\"Thumb\"\n                     alt=\"Coloriages de Salvador Dal\u00ed \u00e0 imprimer pour enfants\"\n                     src=\"https:\/\/www.justcolor.net\/enfants\/wp-content\/uploads\/sites\/11\/nggallery\/dali\/cache\/coloriage-enfant-dali-2.jpg-nggid046840-ngg0dyn-182x136-00f0w010c011r110f110r010t010.jpg\"\n                     loading=\"lazy\"\n                     width=\"250\"\n                     height=\"150\" \/>\n            <\/a>\n        <\/div>\n        <h2 class=\"gallery-grid-album-lig1\">\n            <a class=\"ngg-album-desc\"\n               title=\"Coloriages de Salvador Dal\u00ed \u00e0 imprimer pour enfants\"\n               href=\"https:\/\/www.justcolor.net\/enfants\/art\/coloriage-salvador-dali\/\">\n                Salvador Dal\u00ed            <\/a>\n        <\/h2>\n    <\/div>\n    <div class=\"gallery-grid-item\">\n        <div class=\"ngg-album-link\">\n            <a class=\"gallery_link\" href=\"https:\/\/www.justcolor.net\/enfants\/art\/shy-guy\/\" title=\"Coloriages de Shy Guy \u00e0 imprimer pour enfants\">\n                <img class=\"Thumb\"\n                     alt=\"Coloriages de Shy Guy \u00e0 imprimer pour enfants\"\n                     src=\"https:\/\/www.justcolor.net\/enfants\/wp-content\/uploads\/sites\/11\/nggallery\/shy-guy\/cache\/coloriage-enfant-shy-guy-530645.jpeg-nggid0512247-ngg0dyn-182x136-00f0w010c011r110f110r010t010.jpeg\"\n                     loading=\"lazy\"\n                     width=\"250\"\n                     height=\"150\" \/>\n            <\/a>\n        <\/div>\n        <h2 class=\"gallery-grid-album-lig1\">\n            <a class=\"ngg-album-desc\"\n               title=\"Coloriages de Shy Guy \u00e0 imprimer pour enfants\"\n               href=\"https:\/\/www.justcolor.net\/enfants\/art\/shy-guy\/\">\n                Shy Guy            <\/a>\n        <\/h2>\n    <\/div>\n    <div class=\"gallery-grid-item\">\n        <div class=\"ngg-album-link\">\n            <a class=\"gallery_link\" href=\"https:\/\/www.justcolor.net\/enfants\/art\/coloriage-van-gogh\/\" title=\"Coloriages de Vincent Van Gogh \u00e0 imprimer pour enfants\">\n                <img class=\"Thumb\"\n                     alt=\"Coloriages de Vincent Van Gogh \u00e0 imprimer pour enfants\"\n                     src=\"https:\/\/www.justcolor.net\/enfants\/wp-content\/uploads\/sites\/11\/nggallery\/vangogh\/cache\/coloriage-van-gogh-autoportrait.gif-nggid044372-ngg0dyn-182x136-00f0w010c011r110f110r010t010.gif\"\n                     loading=\"lazy\"\n                     width=\"250\"\n                     height=\"150\" \/>\n            <\/a>\n        <\/div>\n        <h2 class=\"gallery-grid-album-lig1\">\n            <a class=\"ngg-album-desc\"\n               title=\"Coloriages de Vincent Van Gogh \u00e0 imprimer pour enfants\"\n               href=\"https:\/\/www.justcolor.net\/enfants\/art\/coloriage-van-gogh\/\">\n                Vincent Van Gogh            <\/a>\n        <\/h2>\n    <\/div>\n    <div class=\"gallery-grid-item\">\n        <div class=\"ngg-album-link\">\n            <a class=\"gallery_link\" href=\"https:\/\/www.justcolor.net\/enfants\/art\/coloriage-manet\/\" title=\"Coloriages de \u00c9douard Manet \u00e0 imprimer pour enfants\">\n                <img class=\"Thumb\"\n                     alt=\"Coloriages de \u00c9douard Manet \u00e0 imprimer pour enfants\"\n                     src=\"https:\/\/www.justcolor.net\/enfants\/wp-content\/uploads\/sites\/11\/nggallery\/manet\/cache\/coloriage-manet-2.gif-nggid044358-ngg0dyn-182x136-00f0w010c011r110f110r010t010.gif\"\n                     loading=\"lazy\"\n                     width=\"250\"\n                     height=\"150\" \/>\n            <\/a>\n        <\/div>\n        <h2 class=\"gallery-grid-album-lig1\">\n            <a class=\"ngg-album-desc\"\n               title=\"Coloriages de \u00c9douard Manet \u00e0 imprimer pour enfants\"\n               href=\"https:\/\/www.justcolor.net\/enfants\/art\/coloriage-manet\/\">\n                \u00c9douard Manet            <\/a>\n        <\/h2>\n    <\/div>\n<br class=\"ngg-clear\"\/>\n<div class='ngg-clear'><\/div><\/div>\n\n\n\n","protected":false},"excerpt":{"rendered":"<p>aites d\u00e9couvrir \u00e0 vos enfants les grands ma\u00eetres de l&rsquo;art avec nos <b>coloriages imprimables<\/b> ! De l&rsquo;\u00e9l\u00e9gant <b>impressionnisme<\/b> de <b>Monet et Renoir<\/b> au vibrant <b>pop art<\/b> de <b>Warhol et Lichtenstein<\/b>, notre collection couvre une grande vari\u00e9t\u00e9 de styles et d\u2019\u00e9poques. Vous trouverez \u00e9galement des coloriages d&rsquo;\u0153uvres ou d&rsquo;artistes moins connus, mais tout aussi int\u00e9ressants.<\/p>\n<p>Explorez les dessins raffin\u00e9s de l&rsquo;<b>Art Nouveau et de l&rsquo;Art D\u00e9co<\/b>, ou laissez-les s&rsquo;aventurer dans les mondes surr\u00e9alistes de <b>Dal\u00ed<\/b> et les expressions audacieuses de <b>Frida Kahlo<\/b>.<\/p>\n<p>Chaque galerie propose des <b>images imprimables uniques<\/b> qui invitent les enfants, et m\u00eame les adultes, \u00e0 d\u00e9couvrir le monde de l&rsquo;art de mani\u00e8re ludique et cr\u00e9ative. Le but de ces coloriages est de d\u00e9velopper la culture artistique de chacun tout en s\u2019amusant. Il ne vous reste plus qu&rsquo;\u00e0 choisir le chef-d&rsquo;\u0153uvre qu&rsquo;ils vont colorier !<\/p>\n","protected":false},"author":1,"featured_media":0,"parent":0,"menu_order":0,"comment_status":"closed","ping_status":"closed","template":"","meta":{"ngg_post_thumbnail":0,"footnotes":""},"tags":[3423],"class_list":{"0":"post-2442","1":"page","2":"type-page","3":"status-publish","5":"tag-supergallery"},"_links":{"self":[{"href":"https:\/\/www.justcolor.net\/enfants\/wp-json\/wp\/v2\/pages\/2442","targetHints":{"allow":["GET"]}}],"collection":[{"href":"https:\/\/www.justcolor.net\/enfants\/wp-json\/wp\/v2\/pages"}],"about":[{"href":"https:\/\/www.justcolor.net\/enfants\/wp-json\/wp\/v2\/types\/page"}],"author":[{"embeddable":true,"href":"https:\/\/www.justcolor.net\/enfants\/wp-json\/wp\/v2\/users\/1"}],"replies":[{"embeddable":true,"href":"https:\/\/www.justcolor.net\/enfants\/wp-json\/wp\/v2\/comments?post=2442"}],"version-history":[{"count":0,"href":"https:\/\/www.justcolor.net\/enfants\/wp-json\/wp\/v2\/pages\/2442\/revisions"}],"wp:attachment":[{"href":"https:\/\/www.justcolor.net\/enfants\/wp-json\/wp\/v2\/media?parent=2442"}],"wp:term":[{"taxonomy":"post_tag","embeddable":true,"href":"https:\/\/www.justcolor.net\/enfants\/wp-json\/wp\/v2\/tags?post=2442"}],"curies":[{"name":"wp","href":"https:\/\/api.w.org\/{rel}","templated":true}]}}