{"id":26298,"date":"2023-08-30T07:57:26","date_gmt":"2023-08-30T05:57:26","guid":{"rendered":"https:\/\/www.coloriages-pour-enfants.net\/?page_id=26298"},"modified":"2024-10-26T13:09:33","modified_gmt":"2024-10-26T11:09:33","slug":"evenements","status":"publish","type":"page","link":"https:\/\/www.justcolor.net\/enfants\/evenements\/","title":{"rendered":"\u00c9v\u00e9nements"},"content":{"rendered":"\n<div class=\"gallery-grid\">\n    <div class=\"gallery-grid-item\">\n        <div class=\"ngg-album-link\">\n            <a class=\"gallery_link\" href=\"https:\/\/www.justcolor.net\/enfants\/evenements\/4-juillet\/\" title=\"Coloriages de 4 Juillet \u00e0 imprimer pour enfants\">\n                <img class=\"Thumb\"\n                     alt=\"Coloriages de 4 Juillet \u00e0 imprimer pour enfants\"\n                     src=\"https:\/\/www.justcolor.net\/enfants\/wp-content\/uploads\/sites\/11\/nggallery\/4-juillet\/cache\/coloriage-enfants-fete-feux-artifice-45678.jpg-nggid0511718-ngg0dyn-182x136-00f0w010c011r110f110r010t010.jpg\"\n                     loading=\"lazy\"\n                     width=\"250\"\n                     height=\"150\" \/>\n            <\/a>\n        <\/div>\n        <h2 class=\"gallery-grid-album-lig1\">\n            <a class=\"ngg-album-desc\"\n               title=\"Coloriages de 4 Juillet \u00e0 imprimer pour enfants\"\n               href=\"https:\/\/www.justcolor.net\/enfants\/evenements\/4-juillet\/\">\n                4 Juillet            <\/a>\n        <\/h2>\n    <\/div>\n    <div class=\"gallery-grid-item\">\n        <div class=\"ngg-album-link\">\n            <a class=\"gallery_link\" href=\"https:\/\/www.justcolor.net\/enfants\/evenements\/coloriages-anniversaire\/\" title=\"Coloriages d&#039;Anniversaires \u00e0 imprimer pour enfants\">\n                <img class=\"Thumb\"\n                     alt=\"Coloriages d&#039;Anniversaires \u00e0 imprimer pour enfants\"\n                     src=\"https:\/\/www.justcolor.net\/enfants\/wp-content\/uploads\/sites\/11\/nggallery\/anniversaires\/cache\/coloriage-anniversaire-4.gif-nggid03379-ngg0dyn-182x136-00f0w010c011r110f110r010t010.gif\"\n                     loading=\"lazy\"\n                     width=\"250\"\n                     height=\"150\" \/>\n            <\/a>\n        <\/div>\n        <h2 class=\"gallery-grid-album-lig1\">\n            <a class=\"ngg-album-desc\"\n               title=\"Coloriages d&#039;Anniversaires \u00e0 imprimer pour enfants\"\n               href=\"https:\/\/www.justcolor.net\/enfants\/evenements\/coloriages-anniversaire\/\">\n                Anniversaires            <\/a>\n        <\/h2>\n    <\/div>\n    <div class=\"gallery-grid-item\">\n        <div class=\"ngg-album-link\">\n            <a class=\"gallery_link\" href=\"https:\/\/www.justcolor.net\/enfants\/evenements\/coloriages-carnaval\/\" title=\"Coloriages de Carnaval \u00e0 imprimer pour enfants\">\n                <img class=\"Thumb\"\n                     alt=\"Coloriages de Carnaval \u00e0 imprimer pour enfants\"\n                     src=\"https:\/\/www.justcolor.net\/enfants\/wp-content\/uploads\/sites\/11\/nggallery\/carnaval\/cache\/coloriage-carnaval-5.jpg-nggid041461-ngg0dyn-182x136-00f0w010c011r110f110r010t010.jpg\"\n                     loading=\"lazy\"\n                     width=\"250\"\n                     height=\"150\" \/>\n            <\/a>\n        <\/div>\n        <h2 class=\"gallery-grid-album-lig1\">\n            <a class=\"ngg-album-desc\"\n               title=\"Coloriages de Carnaval \u00e0 imprimer pour enfants\"\n               href=\"https:\/\/www.justcolor.net\/enfants\/evenements\/coloriages-carnaval\/\">\n                Carnaval            <\/a>\n        <\/h2>\n    <\/div>\n    <div class=\"gallery-grid-item\">\n        <div class=\"ngg-album-link\">\n            <a class=\"gallery_link\" href=\"https:\/\/www.justcolor.net\/enfants\/evenements\/cinco-de-mayo\/\" title=\"Coloriages de Cinco De Mayo \u00e0 imprimer pour enfants\">\n                <img class=\"Thumb\"\n                     alt=\"Coloriages de Cinco De Mayo \u00e0 imprimer pour enfants\"\n                     src=\"https:\/\/www.justcolor.net\/enfants\/wp-content\/uploads\/sites\/11\/nggallery\/cinco-de-mayo\/cache\/coloriage-enfants-fete-mexicain-12345.jpg-nggid0511935-ngg0dyn-182x136-00f0w010c011r110f110r010t010.jpg\"\n                     loading=\"lazy\"\n                     width=\"250\"\n                     height=\"150\" \/>\n            <\/a>\n        <\/div>\n        <h2 class=\"gallery-grid-album-lig1\">\n            <a class=\"ngg-album-desc\"\n               title=\"Coloriages de Cinco De Mayo \u00e0 imprimer pour enfants\"\n               href=\"https:\/\/www.justcolor.net\/enfants\/evenements\/cinco-de-mayo\/\">\n                Cinco De Mayo            <\/a>\n        <\/h2>\n    <\/div>\n    <div class=\"gallery-grid-item\">\n        <div class=\"ngg-album-link\">\n            <a class=\"gallery_link\" href=\"https:\/\/www.justcolor.net\/enfants\/thematiques\/coloriage-dias-de-los-muertos-jour-morts\/\" title=\"Coloriages de D\u00edas de los muertos (Le jour des morts) \u00e0 imprimer pour enfants\">\n                <img class=\"Thumb\"\n                     alt=\"Coloriages de D\u00edas de los muertos (Le jour des morts) \u00e0 imprimer pour enfants\"\n                     src=\"https:\/\/www.justcolor.net\/enfants\/wp-content\/uploads\/sites\/11\/nggallery\/dia-de-los-muertos-le-jour-des-morts\/cache\/coloriage-dia-de-los-muertos-1.jpg-nggid046022-ngg0dyn-182x136-00f0w010c011r110f110r010t010.jpg\"\n                     loading=\"lazy\"\n                     width=\"250\"\n                     height=\"150\" \/>\n            <\/a>\n        <\/div>\n        <h2 class=\"gallery-grid-album-lig1\">\n            <a class=\"ngg-album-desc\"\n               title=\"Coloriages de D\u00edas de los muertos (Le jour des morts) \u00e0 imprimer pour enfants\"\n               href=\"https:\/\/www.justcolor.net\/enfants\/thematiques\/coloriage-dias-de-los-muertos-jour-morts\/\">\n                D\u00edas de los muertos (Le jour des morts)            <\/a>\n        <\/h2>\n    <\/div>\n    <div class=\"gallery-grid-item\">\n        <div class=\"ngg-album-link\">\n            <a class=\"gallery_link\" href=\"https:\/\/www.justcolor.net\/enfants\/evenements\/fete-des-grands-parents\/\" title=\"Coloriages de F\u00eate des grands parents \u00e0 imprimer pour enfants\">\n                <img class=\"Thumb\"\n                     alt=\"Coloriages de F\u00eate des grands parents \u00e0 imprimer pour enfants\"\n                     src=\"https:\/\/www.justcolor.net\/enfants\/wp-content\/uploads\/sites\/11\/nggallery\/fete-des-grands-parents\/cache\/coloring-grandparents-day-4.jpg-nggid047269-ngg0dyn-182x136-00f0w010c011r110f110r010t010.jpg\"\n                     loading=\"lazy\"\n                     width=\"250\"\n                     height=\"150\" \/>\n            <\/a>\n        <\/div>\n        <h2 class=\"gallery-grid-album-lig1\">\n            <a class=\"ngg-album-desc\"\n               title=\"Coloriages de F\u00eate des grands parents \u00e0 imprimer pour enfants\"\n               href=\"https:\/\/www.justcolor.net\/enfants\/evenements\/fete-des-grands-parents\/\">\n                F\u00eate des grands parents            <\/a>\n        <\/h2>\n    <\/div>\n    <div class=\"gallery-grid-item\">\n        <div class=\"ngg-album-link\">\n            <a class=\"gallery_link\" href=\"https:\/\/www.justcolor.net\/enfants\/evenements\/fete-des-lanternes\/\" title=\"Coloriages de F\u00eate des lanternes \u00e0 imprimer pour enfants\">\n                <img class=\"Thumb\"\n                     alt=\"Coloriages de F\u00eate des lanternes \u00e0 imprimer pour enfants\"\n                     src=\"https:\/\/www.justcolor.net\/enfants\/wp-content\/uploads\/sites\/11\/nggallery\/fete-des-lanternes\/cache\/coloriage-enfants-lanternes-nuit-39482.jpg-nggid0511801-ngg0dyn-182x136-00f0w010c011r110f110r010t010.jpg\"\n                     loading=\"lazy\"\n                     width=\"250\"\n                     height=\"150\" \/>\n            <\/a>\n        <\/div>\n        <h2 class=\"gallery-grid-album-lig1\">\n            <a class=\"ngg-album-desc\"\n               title=\"Coloriages de F\u00eate des lanternes \u00e0 imprimer pour enfants\"\n               href=\"https:\/\/www.justcolor.net\/enfants\/evenements\/fete-des-lanternes\/\">\n                F\u00eate des lanternes            <\/a>\n        <\/h2>\n    <\/div>\n    <div class=\"gallery-grid-item\">\n        <div class=\"ngg-album-link\">\n            <a class=\"gallery_link\" href=\"https:\/\/www.justcolor.net\/enfants\/evenements\/fete-des-meres\/\" title=\"Coloriages de F\u00eate des m\u00e8res \u00e0 imprimer pour enfants\">\n                <img class=\"Thumb\"\n                     alt=\"Coloriages de F\u00eate des m\u00e8res \u00e0 imprimer pour enfants\"\n                     src=\"https:\/\/www.justcolor.net\/enfants\/wp-content\/uploads\/sites\/11\/nggallery\/fete-des-meres\/cache\/coloriage-adulte-mandala-fete-meres-par-allan.jpg-nggid047268-ngg0dyn-182x136-00f0w010c011r110f110r010t010.jpg\"\n                     loading=\"lazy\"\n                     width=\"250\"\n                     height=\"150\" \/>\n            <\/a>\n        <\/div>\n        <h2 class=\"gallery-grid-album-lig1\">\n            <a class=\"ngg-album-desc\"\n               title=\"Coloriages de F\u00eate des m\u00e8res \u00e0 imprimer pour enfants\"\n               href=\"https:\/\/www.justcolor.net\/enfants\/evenements\/fete-des-meres\/\">\n                F\u00eate des m\u00e8res            <\/a>\n        <\/h2>\n    <\/div>\n    <div class=\"gallery-grid-item\">\n        <div class=\"ngg-album-link\">\n            <a class=\"gallery_link\" href=\"https:\/\/www.justcolor.net\/enfants\/evenements\/fete-des-peres\/\" title=\"Coloriages de F\u00eate des p\u00e8res \u00e0 imprimer pour enfants\">\n                <img class=\"Thumb\"\n                     alt=\"Coloriages de F\u00eate des p\u00e8res \u00e0 imprimer pour enfants\"\n                     src=\"https:\/\/www.justcolor.net\/enfants\/wp-content\/uploads\/sites\/11\/nggallery\/fete-des-peres\/cache\/coloriage-adulte-fete-des-peres-zentangle-rachel.jpg-nggid047267-ngg0dyn-182x136-00f0w010c011r110f110r010t010.jpg\"\n                     loading=\"lazy\"\n                     width=\"250\"\n                     height=\"150\" \/>\n            <\/a>\n        <\/div>\n        <h2 class=\"gallery-grid-album-lig1\">\n            <a class=\"ngg-album-desc\"\n               title=\"Coloriages de F\u00eate des p\u00e8res \u00e0 imprimer pour enfants\"\n               href=\"https:\/\/www.justcolor.net\/enfants\/evenements\/fete-des-peres\/\">\n                F\u00eate des p\u00e8res            <\/a>\n        <\/h2>\n    <\/div>\n    <div class=\"gallery-grid-item\">\n        <div class=\"ngg-album-link\">\n            <a class=\"gallery_link\" href=\"https:\/\/www.justcolor.net\/enfants\/evenements\/coloriages-halloween\/\" title=\"Coloriages d&#039;Halloween \u00e0 imprimer pour enfants\">\n                <img class=\"Thumb\"\n                     alt=\"Coloriages d&#039;Halloween \u00e0 imprimer pour enfants\"\n                     src=\"https:\/\/www.justcolor.net\/enfants\/wp-content\/uploads\/sites\/11\/nggallery\/coloriages-halloween\/cache\/halloween-4.jpg-nggid0230-ngg0dyn-182x136-00f0w010c011r110f110r010t010.jpg\"\n                     loading=\"lazy\"\n                     width=\"250\"\n                     height=\"150\" \/>\n            <\/a>\n        <\/div>\n        <h2 class=\"gallery-grid-album-lig1\">\n            <a class=\"ngg-album-desc\"\n               title=\"Coloriages d&#039;Halloween \u00e0 imprimer pour enfants\"\n               href=\"https:\/\/www.justcolor.net\/enfants\/evenements\/coloriages-halloween\/\">\n                Halloween            <\/a>\n        <\/h2>\n    <\/div>\n    <div class=\"gallery-grid-item\">\n        <div class=\"ngg-album-link\">\n            <a class=\"gallery_link\" href=\"https:\/\/www.justcolor.net\/enfants\/evenements\/jeux-olympiques-sports\/\" title=\"Coloriages de Jeux Olympiques \u00e0 imprimer pour enfants\">\n                <img class=\"Thumb\"\n                     alt=\"Coloriages de Jeux Olympiques \u00e0 imprimer pour enfants\"\n                     src=\"https:\/\/www.justcolor.net\/enfants\/wp-content\/uploads\/sites\/11\/nggallery\/jeux-olympiques\/cache\/coloriage-jeux-olympiques-rio-2016-anneaux-olympiques.jpg-nggid045480-ngg0dyn-182x136-00f0w010c011r110f110r010t010.jpg\"\n                     loading=\"lazy\"\n                     width=\"250\"\n                     height=\"150\" \/>\n            <\/a>\n        <\/div>\n        <h2 class=\"gallery-grid-album-lig1\">\n            <a class=\"ngg-album-desc\"\n               title=\"Coloriages de Jeux Olympiques \u00e0 imprimer pour enfants\"\n               href=\"https:\/\/www.justcolor.net\/enfants\/evenements\/jeux-olympiques-sports\/\">\n                Jeux Olympiques            <\/a>\n        <\/h2>\n    <\/div>\n    <div class=\"gallery-grid-item\">\n        <div class=\"ngg-album-link\">\n            <a class=\"gallery_link\" href=\"https:\/\/www.justcolor.net\/enfants\/evenements\/jour-pluvieux\/\" title=\"Coloriages de Jour pluvieux \u00e0 imprimer pour enfants\">\n                <img class=\"Thumb\"\n                     alt=\"Coloriages de Jour pluvieux \u00e0 imprimer pour enfants\"\n                     src=\"https:\/\/www.justcolor.net\/enfants\/wp-content\/uploads\/sites\/11\/nggallery\/jour-pluvieux\/cache\/coloriage-enfant-chat-fenetre-48213.jpg-nggid0512046-ngg0dyn-182x136-00f0w010c011r110f110r010t010.jpg\"\n                     loading=\"lazy\"\n                     width=\"250\"\n                     height=\"150\" \/>\n            <\/a>\n        <\/div>\n        <h2 class=\"gallery-grid-album-lig1\">\n            <a class=\"ngg-album-desc\"\n               title=\"Coloriages de Jour pluvieux \u00e0 imprimer pour enfants\"\n               href=\"https:\/\/www.justcolor.net\/enfants\/evenements\/jour-pluvieux\/\">\n                Jour pluvieux            <\/a>\n        <\/h2>\n    <\/div>\n    <div class=\"gallery-grid-item\">\n        <div class=\"ngg-album-link\">\n            <a class=\"gallery_link\" href=\"https:\/\/www.justcolor.net\/enfants\/evenements\/memorial-day\/\" title=\"Coloriages de Memorial Day \u00e0 imprimer pour enfants\">\n                <img class=\"Thumb\"\n                     alt=\"Coloriages de Memorial Day \u00e0 imprimer pour enfants\"\n                     src=\"https:\/\/www.justcolor.net\/enfants\/wp-content\/uploads\/sites\/11\/nggallery\/memorial-day\/cache\/coloriage-enfants-famille-souvenir-54321.jpg-nggid0512029-ngg0dyn-182x136-00f0w010c011r110f110r010t010.jpg\"\n                     loading=\"lazy\"\n                     width=\"250\"\n                     height=\"150\" \/>\n            <\/a>\n        <\/div>\n        <h2 class=\"gallery-grid-album-lig1\">\n            <a class=\"ngg-album-desc\"\n               title=\"Coloriages de Memorial Day \u00e0 imprimer pour enfants\"\n               href=\"https:\/\/www.justcolor.net\/enfants\/evenements\/memorial-day\/\">\n                Memorial Day            <\/a>\n        <\/h2>\n    <\/div>\n    <div class=\"gallery-grid-item\">\n        <div class=\"ngg-album-link\">\n            <a class=\"gallery_link\" href=\"https:\/\/www.justcolor.net\/enfants\/evenements\/coloriages-nouvel-an-bonne-annee\/\" title=\"Coloriages de Nouvel An - Bonne ann\u00e9e \u00e0 imprimer pour enfants\">\n                <img class=\"Thumb\"\n                     alt=\"Coloriages de Nouvel An - Bonne ann\u00e9e \u00e0 imprimer pour enfants\"\n                     src=\"https:\/\/www.justcolor.net\/enfants\/wp-content\/uploads\/sites\/11\/nggallery\/nouvel-an-bonee-annee\/thumbs\/thumbs_coloriage-nouvel-an-bonne-annee.jpg\"\n                     loading=\"lazy\"\n                     width=\"250\"\n                     height=\"150\" \/>\n            <\/a>\n        <\/div>\n        <h2 class=\"gallery-grid-album-lig1\">\n            <a class=\"ngg-album-desc\"\n               title=\"Coloriages de Nouvel An - Bonne ann\u00e9e \u00e0 imprimer pour enfants\"\n               href=\"https:\/\/www.justcolor.net\/enfants\/evenements\/coloriages-nouvel-an-bonne-annee\/\">\n                Nouvel An - Bonne ann\u00e9e            <\/a>\n        <\/h2>\n    <\/div>\n    <div class=\"gallery-grid-item\">\n        <div class=\"ngg-album-link\">\n            <a class=\"gallery_link\" href=\"https:\/\/www.justcolor.net\/enfants\/evenements\/coloriages-nouvel-an-chinois\/\" title=\"Coloriages de Nouvel an Chinois \u00e0 imprimer pour enfants\">\n                <img class=\"Thumb\"\n                     alt=\"Coloriages de Nouvel an Chinois \u00e0 imprimer pour enfants\"\n                     src=\"https:\/\/www.justcolor.net\/enfants\/wp-content\/uploads\/sites\/11\/nggallery\/nouvel-an-chinois\/cache\/coloriage-nouvel-an-chinois-3.jpg-nggid042546-ngg0dyn-182x136-00f0w010c011r110f110r010t010.jpg\"\n                     loading=\"lazy\"\n                     width=\"250\"\n                     height=\"150\" \/>\n            <\/a>\n        <\/div>\n        <h2 class=\"gallery-grid-album-lig1\">\n            <a class=\"ngg-album-desc\"\n               title=\"Coloriages de Nouvel an Chinois \u00e0 imprimer pour enfants\"\n               href=\"https:\/\/www.justcolor.net\/enfants\/evenements\/coloriages-nouvel-an-chinois\/\">\n                Nouvel an Chinois            <\/a>\n        <\/h2>\n    <\/div>\n    <div class=\"gallery-grid-item\">\n        <div class=\"ngg-album-link\">\n            <a class=\"gallery_link\" href=\"https:\/\/www.justcolor.net\/enfants\/evenements\/coloriages-noel\/\" title=\"Coloriages de No\u00ebl \u00e0 imprimer pour enfants\">\n                <img class=\"Thumb\"\n                     alt=\"Coloriages de No\u00ebl \u00e0 imprimer pour enfants\"\n                     src=\"https:\/\/www.justcolor.net\/enfants\/wp-content\/uploads\/sites\/11\/nggallery\/noel\/cache\/coloriage-enfants-papa-noel-cartoon-AlexBannykh.jpg-nggid048319-ngg0dyn-182x136-00f0w010c011r110f110r010t010.jpg\"\n                     loading=\"lazy\"\n                     width=\"250\"\n                     height=\"150\" \/>\n            <\/a>\n        <\/div>\n        <h2 class=\"gallery-grid-album-lig1\">\n            <a class=\"ngg-album-desc\"\n               title=\"Coloriages de No\u00ebl \u00e0 imprimer pour enfants\"\n               href=\"https:\/\/www.justcolor.net\/enfants\/evenements\/coloriages-noel\/\">\n                No\u00ebl            <\/a>\n        <\/h2>\n    <\/div>\n    <div class=\"gallery-grid-item\">\n        <div class=\"ngg-album-link\">\n            <a class=\"gallery_link\" href=\"https:\/\/www.justcolor.net\/enfants\/evenements\/coloriages-paques\/\" title=\"Coloriages de P\u00e2ques \u00e0 imprimer pour enfants\">\n                <img class=\"Thumb\"\n                     alt=\"Coloriages de P\u00e2ques \u00e0 imprimer pour enfants\"\n                     src=\"https:\/\/www.justcolor.net\/enfants\/wp-content\/uploads\/sites\/11\/nggallery\/paques\/cache\/coloriage-paques-3.png-nggid03545-ngg0dyn-182x136-00f0w010c011r110f110r010t010.png\"\n                     loading=\"lazy\"\n                     width=\"250\"\n                     height=\"150\" \/>\n            <\/a>\n        <\/div>\n        <h2 class=\"gallery-grid-album-lig1\">\n            <a class=\"ngg-album-desc\"\n               title=\"Coloriages de P\u00e2ques \u00e0 imprimer pour enfants\"\n               href=\"https:\/\/www.justcolor.net\/enfants\/evenements\/coloriages-paques\/\">\n                P\u00e2ques            <\/a>\n        <\/h2>\n    <\/div>\n    <div class=\"gallery-grid-item\">\n        <div class=\"ngg-album-link\">\n            <a class=\"gallery_link\" href=\"https:\/\/www.justcolor.net\/enfants\/evenements\/rentree-des-classes\/\" title=\"Coloriages de Rentr\u00e9e des classes \u00e0 imprimer pour enfants\">\n                <img class=\"Thumb\"\n                     alt=\"Coloriages de Rentr\u00e9e des classes \u00e0 imprimer pour enfants\"\n                     src=\"https:\/\/www.justcolor.net\/enfants\/wp-content\/uploads\/sites\/11\/nggallery\/rentree\/cache\/coloriage-rentree-des-classes-3.jpg-nggid041678-ngg0dyn-182x136-00f0w010c011r110f110r010t010.jpg\"\n                     loading=\"lazy\"\n                     width=\"250\"\n                     height=\"150\" \/>\n            <\/a>\n        <\/div>\n        <h2 class=\"gallery-grid-album-lig1\">\n            <a class=\"ngg-album-desc\"\n               title=\"Coloriages de Rentr\u00e9e des classes \u00e0 imprimer pour enfants\"\n               href=\"https:\/\/www.justcolor.net\/enfants\/evenements\/rentree-des-classes\/\">\n                Rentr\u00e9e des classes            <\/a>\n        <\/h2>\n    <\/div>\n    <div class=\"gallery-grid-item\">\n        <div class=\"ngg-album-link\">\n            <a class=\"gallery_link\" href=\"https:\/\/www.justcolor.net\/enfants\/evenements\/coloriages-saint-valentin\/\" title=\"Coloriages de Saint Valentin \u00e0 imprimer pour enfants\">\n                <img class=\"Thumb\"\n                     alt=\"Coloriages de Saint Valentin \u00e0 imprimer pour enfants\"\n                     src=\"https:\/\/www.justcolor.net\/enfants\/wp-content\/uploads\/sites\/11\/nggallery\/saint-valentin\/cache\/21pk2x0f.jpg-nggid042415-ngg0dyn-182x136-00f0w010c011r110f110r010t010.jpg\"\n                     loading=\"lazy\"\n                     width=\"250\"\n                     height=\"150\" \/>\n            <\/a>\n        <\/div>\n        <h2 class=\"gallery-grid-album-lig1\">\n            <a class=\"ngg-album-desc\"\n               title=\"Coloriages de Saint Valentin \u00e0 imprimer pour enfants\"\n               href=\"https:\/\/www.justcolor.net\/enfants\/evenements\/coloriages-saint-valentin\/\">\n                Saint Valentin            <\/a>\n        <\/h2>\n    <\/div>\n    <div class=\"gallery-grid-item\">\n        <div class=\"ngg-album-link\">\n            <a class=\"gallery_link\" href=\"https:\/\/www.justcolor.net\/enfants\/evenements\/thanksgiving\/\" title=\"Coloriages de Thanksgiving \u00e0 imprimer pour enfants\">\n                <img class=\"Thumb\"\n                     alt=\"Coloriages de Thanksgiving \u00e0 imprimer pour enfants\"\n                     src=\"https:\/\/www.justcolor.net\/enfants\/wp-content\/uploads\/sites\/11\/nggallery\/thanksgiving\/cache\/coloriage-facile-thanksgiving-corne-abandonce.jpg-nggid046774-ngg0dyn-182x136-00f0w010c011r110f110r010t010.jpg\"\n                     loading=\"lazy\"\n                     width=\"250\"\n                     height=\"150\" \/>\n            <\/a>\n        <\/div>\n        <h2 class=\"gallery-grid-album-lig1\">\n            <a class=\"ngg-album-desc\"\n               title=\"Coloriages de Thanksgiving \u00e0 imprimer pour enfants\"\n               href=\"https:\/\/www.justcolor.net\/enfants\/evenements\/thanksgiving\/\">\n                Thanksgiving            <\/a>\n        <\/h2>\n    <\/div>\n<br class=\"ngg-clear\"\/>\n<div class='ngg-clear'><\/div><\/div>\n\n","protected":false},"excerpt":{"rendered":"<p>D\u00e9couvrez nos <b>coloriages<\/b> d\u00e9di\u00e9s aux principaux \u00e9v\u00e9nements de l&rsquo;ann\u00e9e, tels que <b>No\u00ebl, Halloween et Thanksgiving<\/b>, ainsi qu&rsquo;\u00e0 des occasions sp\u00e9ciales comme la <b>F\u00eate des m\u00e8res, la F\u00eate des p\u00e8res et la F\u00eate des grands-parents<\/b>. Ces moments sont id\u00e9aux pour rassembler les familles, c\u00e9l\u00e9brer et s&rsquo;amuser ensemble.<\/p>\n<p>Pour <b>No\u00ebl<\/b>, explorez une large s\u00e9lection de <b>coloriages<\/b> mettant en sc\u00e8ne le P\u00e8re No\u00ebl, des sapins et des d\u00e9corations festives. Les enfants pourront s&rsquo;adonner \u00e0 des activit\u00e9s de coloriage qui capturent la magie et la joie de cette p\u00e9riode. Pour <b>Thanksgiving<\/b>, retrouvez des coloriages illustrant des dindes, des citrouilles et des sc\u00e8nes familiales, symboles de cette f\u00eate chaleureuse.<\/p>\n<p>\u00c0 l&rsquo;occasion de la <b>F\u00eate des m\u00e8res<\/b> et de la <b>F\u00eate des p\u00e8res<\/b>, les enfants peuvent exprimer leur amour et leur gratitude en r\u00e9alisant des \u0153uvres color\u00e9es et personnalis\u00e9es. Choisissez parmi des coloriages de fleurs, de c\u0153urs et d&rsquo;autres motifs sp\u00e9cialement con\u00e7us pour ces journ\u00e9es sp\u00e9ciales.<\/p>\n<p>Notre collection comprend \u00e9galement des <b>coloriages<\/b> pour des \u00e9v\u00e9nements tels que la <b>rentr\u00e9e scolaire, les anniversaires, le carnaval, le Nouvel An chinois, P\u00e2ques et la Saint-Valentin<\/b>. Chaque th\u00e8me propose des dessins amusants, adapt\u00e9s \u00e0 l&rsquo;ambiance de chaque c\u00e9l\u00e9bration.<\/p>\n<p>Que ce soit pour la joie festive de No\u00ebl, le frisson d&rsquo;Halloween ou la convivialit\u00e9 de Thanksgiving, vous trouverez les <b>coloriages<\/b> parfaits pour apporter du bonheur \u00e0 chaque f\u00eate. Quelle que soit l&rsquo;occasion, notre collection est con\u00e7ue pour rendre chaque journ\u00e9e encore plus sp\u00e9ciale gr\u00e2ce \u00e0 des activit\u00e9s cr\u00e9atives et divertissantes pour les enfants.<\/p>\n","protected":false},"author":1,"featured_media":0,"parent":0,"menu_order":0,"comment_status":"closed","ping_status":"closed","template":"","meta":{"ngg_post_thumbnail":0,"footnotes":""},"tags":[3423],"class_list":{"0":"post-26298","1":"page","2":"type-page","3":"status-publish","5":"tag-supergallery"},"_links":{"self":[{"href":"https:\/\/www.justcolor.net\/enfants\/wp-json\/wp\/v2\/pages\/26298","targetHints":{"allow":["GET"]}}],"collection":[{"href":"https:\/\/www.justcolor.net\/enfants\/wp-json\/wp\/v2\/pages"}],"about":[{"href":"https:\/\/www.justcolor.net\/enfants\/wp-json\/wp\/v2\/types\/page"}],"author":[{"embeddable":true,"href":"https:\/\/www.justcolor.net\/enfants\/wp-json\/wp\/v2\/users\/1"}],"replies":[{"embeddable":true,"href":"https:\/\/www.justcolor.net\/enfants\/wp-json\/wp\/v2\/comments?post=26298"}],"version-history":[{"count":0,"href":"https:\/\/www.justcolor.net\/enfants\/wp-json\/wp\/v2\/pages\/26298\/revisions"}],"wp:attachment":[{"href":"https:\/\/www.justcolor.net\/enfants\/wp-json\/wp\/v2\/media?parent=26298"}],"wp:term":[{"taxonomy":"post_tag","embeddable":true,"href":"https:\/\/www.justcolor.net\/enfants\/wp-json\/wp\/v2\/tags?post=26298"}],"curies":[{"name":"wp","href":"https:\/\/api.w.org\/{rel}","templated":true}]}}