{"id":27880,"date":"2024-01-02T14:36:03","date_gmt":"2024-01-02T13:36:03","guid":{"rendered":"https:\/\/www.coloriages-pour-enfants.net\/?page_id=27880"},"modified":"2024-10-26T13:11:38","modified_gmt":"2024-10-26T11:11:38","slug":"religions","status":"publish","type":"page","link":"https:\/\/www.justcolor.net\/enfants\/religions\/","title":{"rendered":"Religions"},"content":{"rendered":"\n<div class=\"gallery-grid\">\n    <div class=\"gallery-grid-item\">\n        <div class=\"ngg-album-link\">\n            <a class=\"gallery_link\" href=\"https:\/\/www.justcolor.net\/enfants\/religions\/coloriage-judaisme\/\" title=\"Coloriages de Juda\u00efsme \u00e0 imprimer pour enfants\">\n                <img class=\"Thumb\"\n                     alt=\"Coloriages de Juda\u00efsme \u00e0 imprimer pour enfants\"\n                     src=\"https:\/\/www.justcolor.net\/enfants\/wp-content\/uploads\/sites\/11\/nggallery\/judaisme\/cache\/coloriage-enfant-judaisme-00006.jpeg-nggid049071-ngg0dyn-240x160x100-00f0w010c011r110f110r010t010.jpeg\"\n                     loading=\"lazy\"\n                     width=\"250\"\n                     height=\"150\" \/>\n            <\/a>\n        <\/div>\n        <h2 class=\"gallery-grid-album-lig1\">\n            <a class=\"ngg-album-desc\"\n               title=\"Coloriages de Juda\u00efsme \u00e0 imprimer\"\n               href=\"https:\/\/www.justcolor.net\/enfants\/religions\/coloriage-judaisme\/\">\n                Juda\u00efsme            <\/a>\n        <\/h2>\n    <\/div>\n    <div class=\"gallery-grid-item\">\n        <div class=\"ngg-album-link\">\n            <a class=\"gallery_link\" href=\"https:\/\/www.justcolor.net\/enfants\/religions\/coloriage-islam\/\" title=\"Coloriages d&#039;Islam \u00e0 imprimer pour enfants\">\n                <img class=\"Thumb\"\n                     alt=\"Coloriages d&#039;Islam \u00e0 imprimer pour enfants\"\n                     src=\"https:\/\/www.justcolor.net\/enfants\/wp-content\/uploads\/sites\/11\/nggallery\/islam\/cache\/coloriage-enfant-islam-00001.jpeg-nggid049065-ngg0dyn-240x160x100-00f0w010c011r110f110r010t010.jpeg\"\n                     loading=\"lazy\"\n                     width=\"250\"\n                     height=\"150\" \/>\n            <\/a>\n        <\/div>\n        <h2 class=\"gallery-grid-album-lig1\">\n            <a class=\"ngg-album-desc\"\n               title=\"Coloriages d&#039;Islam \u00e0 imprimer\"\n               href=\"https:\/\/www.justcolor.net\/enfants\/religions\/coloriage-islam\/\">\n                Islam            <\/a>\n        <\/h2>\n    <\/div>\n    <div class=\"gallery-grid-item\">\n        <div class=\"ngg-album-link\">\n            <a class=\"gallery_link\" href=\"https:\/\/www.justcolor.net\/enfants\/religions\/coloriage-hindouisme\/\" title=\"Coloriages d&#039;Hindouisme \u00e0 imprimer pour enfants\">\n                <img class=\"Thumb\"\n                     alt=\"Coloriages d&#039;Hindouisme \u00e0 imprimer pour enfants\"\n                     src=\"https:\/\/www.justcolor.net\/enfants\/wp-content\/uploads\/sites\/11\/nggallery\/hindouisme\/cache\/coloriage-enfant-hindouisme-00001.jpeg-nggid049079-ngg0dyn-240x160x100-00f0w010c011r110f110r010t010.jpeg\"\n                     loading=\"lazy\"\n                     width=\"250\"\n                     height=\"150\" \/>\n            <\/a>\n        <\/div>\n        <h2 class=\"gallery-grid-album-lig1\">\n            <a class=\"ngg-album-desc\"\n               title=\"Coloriages d&#039;Hindouisme \u00e0 imprimer\"\n               href=\"https:\/\/www.justcolor.net\/enfants\/religions\/coloriage-hindouisme\/\">\n                Hindouisme            <\/a>\n        <\/h2>\n    <\/div>\n    <div class=\"gallery-grid-item\">\n        <div class=\"ngg-album-link\">\n            <a class=\"gallery_link\" href=\"https:\/\/www.justcolor.net\/enfants\/religions\/coloriage-bouddhisme\/\" title=\"Coloriages de Bouddhisme \u00e0 imprimer pour enfants\">\n                <img class=\"Thumb\"\n                     alt=\"Coloriages de Bouddhisme \u00e0 imprimer pour enfants\"\n                     src=\"https:\/\/www.justcolor.net\/enfants\/wp-content\/uploads\/sites\/11\/nggallery\/bouddhisme\/cache\/coloriage-enfant-boudhisme-00002.jpeg-nggid049081-ngg0dyn-240x160x100-00f0w010c011r110f110r010t010.jpeg\"\n                     loading=\"lazy\"\n                     width=\"250\"\n                     height=\"150\" \/>\n            <\/a>\n        <\/div>\n        <h2 class=\"gallery-grid-album-lig1\">\n            <a class=\"ngg-album-desc\"\n               title=\"Coloriages de Bouddhisme \u00e0 imprimer\"\n               href=\"https:\/\/www.justcolor.net\/enfants\/religions\/coloriage-bouddhisme\/\">\n                Bouddhisme            <\/a>\n        <\/h2>\n    <\/div>\n    <div class=\"gallery-grid-item\">\n        <div class=\"ngg-album-link\">\n            <a class=\"gallery_link\" href=\"https:\/\/www.justcolor.net\/enfants\/religions\/coloriage-christianisme\/\" title=\"Coloriages de Christianisme \u00e0 imprimer pour enfants\">\n                <img class=\"Thumb\"\n                     alt=\"Coloriages de Christianisme \u00e0 imprimer pour enfants\"\n                     src=\"https:\/\/www.justcolor.net\/enfants\/wp-content\/uploads\/sites\/11\/nggallery\/christianisme\/cache\/coloriage-enfant-christianisme-00005.jpeg-nggid049058-ngg0dyn-240x160x100-00f0w010c011r110f110r010t010.jpeg\"\n                     loading=\"lazy\"\n                     width=\"250\"\n                     height=\"150\" \/>\n            <\/a>\n        <\/div>\n        <h2 class=\"gallery-grid-album-lig1\">\n            <a class=\"ngg-album-desc\"\n               title=\"Coloriages de Christianisme \u00e0 imprimer\"\n               href=\"https:\/\/www.justcolor.net\/enfants\/religions\/coloriage-christianisme\/\">\n                Christianisme            <\/a>\n        <\/h2>\n    <\/div>\n<br class=\"ngg-clear\"\/>\n<div class='ngg-clear'><\/div><\/div>\n\n","protected":false},"excerpt":{"rendered":"<p>Les religions constituent un aspect essentiel de la diversit\u00e9 culturelle et spirituelle de l\u2019humanit\u00e9, fa\u00e7onnant les croyances, les valeurs et les pratiques de millions de personnes tout au long de l\u2019histoire. Elles offrent des r\u00e9ponses aux questions les plus profondes de la vie et fournissent un cadre moral et \u00e9thique qui guide les actions et les choix des individus et des communaut\u00e9s.<\/p>\n<p>Dans notre collection de <b>coloriages li\u00e9s aux principales religions du monde<\/b>, vous pouvez explorer le riche symbolisme et les traditions de confessions telles que le <b>juda\u00efsme, l&rsquo;islam, l&rsquo;hindouisme, le bouddhisme<\/b> et le <b>christianisme<\/b>. Ces <b>coloriages<\/b> ne sont pas seulement des activit\u00e9s cr\u00e9atives ; ils sont aussi un moyen d&rsquo;en apprendre davantage sur diff\u00e9rentes pratiques religieuses, symboles sacr\u00e9s et enseignements spirituels.<\/p>\n<p>Par exemple, d\u00e9couvrez l&rsquo;\u00e9toile de David et les menorahs qui repr\u00e9sentent l&rsquo;h\u00e9ritage du <b>juda\u00efsme<\/b>, ou les belles mosqu\u00e9es et calligraphies associ\u00e9es \u00e0 l&rsquo;<b>islam<\/b>. Explorez les mandalas complexes et les divinit\u00e9s de l&rsquo;<b>hindouisme<\/b>, l&rsquo;imagerie sereine du Bouddha et de la fleur de lotus dans le <b>bouddhisme<\/b>, ainsi que les croix et les \u00e9glises qui symbolisent le <b>christianisme<\/b>.<\/p>\n<p>Ces <b>coloriages imprimables<\/b> offrent une merveilleuse occasion d\u2019appr\u00e9cier la diversit\u00e9 des traditions spirituelles du monde et d\u2019initier les jeunes esprits aux valeurs de tol\u00e9rance, de respect et de compr\u00e9hension. Que vous souhaitiez explorer votre propre foi ou en apprendre davantage sur les autres, ces <b>coloriages<\/b> vous invitent \u00e0 vous lancer dans un voyage color\u00e9 \u00e0 travers la riche mosa\u00efque de croyances du monde.<\/p>\n","protected":false},"author":1,"featured_media":0,"parent":0,"menu_order":0,"comment_status":"closed","ping_status":"closed","template":"","meta":{"ngg_post_thumbnail":0,"footnotes":""},"tags":[3423],"class_list":{"0":"post-27880","1":"page","2":"type-page","3":"status-publish","5":"tag-supergallery"},"_links":{"self":[{"href":"https:\/\/www.justcolor.net\/enfants\/wp-json\/wp\/v2\/pages\/27880","targetHints":{"allow":["GET"]}}],"collection":[{"href":"https:\/\/www.justcolor.net\/enfants\/wp-json\/wp\/v2\/pages"}],"about":[{"href":"https:\/\/www.justcolor.net\/enfants\/wp-json\/wp\/v2\/types\/page"}],"author":[{"embeddable":true,"href":"https:\/\/www.justcolor.net\/enfants\/wp-json\/wp\/v2\/users\/1"}],"replies":[{"embeddable":true,"href":"https:\/\/www.justcolor.net\/enfants\/wp-json\/wp\/v2\/comments?post=27880"}],"version-history":[{"count":0,"href":"https:\/\/www.justcolor.net\/enfants\/wp-json\/wp\/v2\/pages\/27880\/revisions"}],"wp:attachment":[{"href":"https:\/\/www.justcolor.net\/enfants\/wp-json\/wp\/v2\/media?parent=27880"}],"wp:term":[{"taxonomy":"post_tag","embeddable":true,"href":"https:\/\/www.justcolor.net\/enfants\/wp-json\/wp\/v2\/tags?post=27880"}],"curies":[{"name":"wp","href":"https:\/\/api.w.org\/{rel}","templated":true}]}}