{"id":28504,"date":"2024-01-17T11:17:50","date_gmt":"2024-01-17T10:17:50","guid":{"rendered":"https:\/\/www.coloriages-pour-enfants.net\/?page_id=28504"},"modified":"2024-01-17T11:35:12","modified_gmt":"2024-01-17T10:35:12","slug":"marvel","status":"publish","type":"page","link":"https:\/\/www.justcolor.net\/enfants\/marvel\/","title":{"rendered":"Coloriages <b>Marvel<\/b>"},"content":{"rendered":"\n<div class=\"gallery-grid\">\n    <div class=\"gallery-grid-item\">\n        <div class=\"ngg-album-link\">\n            <a class=\"gallery_link\" href=\"https:\/\/www.justcolor.net\/enfants\/super-heros-marvel-comics\/venom\/\" title=\"Coloriages de Venom \u00e0 imprimer pour enfants\">\n                <img class=\"Thumb\"\n                     alt=\"Coloriages de Venom \u00e0 imprimer pour enfants\"\n                     src=\"https:\/\/www.justcolor.net\/enfants\/wp-content\/uploads\/sites\/11\/nggallery\/venom\/cache\/coloriage-enfants-venom-spiderman-100.jpg-nggid048702-ngg0dyn-240x160x100-00f0w010c011r110f110r010t010.jpg\"\n                     loading=\"lazy\"\n                     width=\"250\"\n                     height=\"150\" \/>\n            <\/a>\n        <\/div>\n        <h2 class=\"gallery-grid-album-lig1\">\n            <a class=\"ngg-album-desc\"\n               title=\"Coloriages de Venom \u00e0 imprimer\"\n               href=\"https:\/\/www.justcolor.net\/enfants\/super-heros-marvel-comics\/venom\/\">\n                Venom            <\/a>\n        <\/h2>\n    <\/div>\n    <div class=\"gallery-grid-item\">\n        <div class=\"ngg-album-link\">\n            <a class=\"gallery_link\" href=\"https:\/\/www.justcolor.net\/enfants\/animation\/coloriages-films-animation-dreamworks\/spider-man-new-generation\/\" title=\"Coloriages de Spider-Man : New Generation \u00e0 imprimer pour enfants\">\n                <img class=\"Thumb\"\n                     alt=\"Coloriages de Spider-Man : New Generation \u00e0 imprimer pour enfants\"\n                     src=\"https:\/\/www.justcolor.net\/enfants\/wp-content\/uploads\/sites\/11\/nggallery\/spider-man-new-generation\/cache\/coloriage-enfant-spider-man-into-the-spiederverse-empire-state.jpg-nggid048584-ngg0dyn-240x160x100-00f0w010c011r110f110r010t010.jpg\"\n                     loading=\"lazy\"\n                     width=\"250\"\n                     height=\"150\" \/>\n            <\/a>\n        <\/div>\n        <h2 class=\"gallery-grid-album-lig1\">\n            <a class=\"ngg-album-desc\"\n               title=\"Coloriages de Spider-Man : New Generation \u00e0 imprimer\"\n               href=\"https:\/\/www.justcolor.net\/enfants\/animation\/coloriages-films-animation-dreamworks\/spider-man-new-generation\/\">\n                Spider-Man : New Generation            <\/a>\n        <\/h2>\n    <\/div>\n    <div class=\"gallery-grid-item\">\n        <div class=\"ngg-album-link\">\n            <a class=\"gallery_link\" href=\"https:\/\/www.justcolor.net\/enfants\/animation\/coloriages-films-animation-dreamworks\/spider-man-across-the-spider-verse\/\" title=\"Coloriages de Spider-Man : Across the Spider-Verse \u00e0 imprimer pour enfants\">\n                <img class=\"Thumb\"\n                     alt=\"Coloriages de Spider-Man : Across the Spider-Verse \u00e0 imprimer pour enfants\"\n                     src=\"https:\/\/www.justcolor.net\/enfants\/wp-content\/uploads\/sites\/11\/nggallery\/spider-man-across-the-spider-verse\/cache\/coloriage-enfant-spider-man-across-the-spiederverse-mike-gwen.jpg-nggid048600-ngg0dyn-240x160x100-00f0w010c011r110f110r010t010.jpg\"\n                     loading=\"lazy\"\n                     width=\"250\"\n                     height=\"150\" \/>\n            <\/a>\n        <\/div>\n        <h2 class=\"gallery-grid-album-lig1\">\n            <a class=\"ngg-album-desc\"\n               title=\"Coloriages de Spider-Man : Across the Spider-Verse \u00e0 imprimer\"\n               href=\"https:\/\/www.justcolor.net\/enfants\/animation\/coloriages-films-animation-dreamworks\/spider-man-across-the-spider-verse\/\">\n                Spider-Man : Across the Spider-Verse            <\/a>\n        <\/h2>\n    <\/div>\n    <div class=\"gallery-grid-item\">\n        <div class=\"ngg-album-link\">\n            <a class=\"gallery_link\" href=\"https:\/\/www.justcolor.net\/enfants\/super-heros-marvel-comics\/coloriage-spiderman\/\" title=\"Coloriages de Spider-Man \u00e0 imprimer pour enfants\">\n                <img class=\"Thumb\"\n                     alt=\"Coloriages de Spider-Man \u00e0 imprimer pour enfants\"\n                     src=\"https:\/\/www.justcolor.net\/enfants\/wp-content\/uploads\/sites\/11\/nggallery\/spiderman\/cache\/coloriage-spiderman-4.gif-nggid03273-ngg0dyn-240x160x100-00f0w010c011r110f110r010t010.gif\"\n                     loading=\"lazy\"\n                     width=\"250\"\n                     height=\"150\" \/>\n            <\/a>\n        <\/div>\n        <h2 class=\"gallery-grid-album-lig1\">\n            <a class=\"ngg-album-desc\"\n               title=\"Coloriages de Spider-Man \u00e0 imprimer\"\n               href=\"https:\/\/www.justcolor.net\/enfants\/super-heros-marvel-comics\/coloriage-spiderman\/\">\n                Spider-Man            <\/a>\n        <\/h2>\n    <\/div>\n    <div class=\"gallery-grid-item\">\n        <div class=\"ngg-album-link\">\n            <a class=\"gallery_link\" href=\"https:\/\/www.justcolor.net\/enfants\/super-heros-marvel-comics\/x-men\/\" title=\"Coloriages de X Men \u00e0 imprimer pour enfants\">\n                <img class=\"Thumb\"\n                     alt=\"Coloriages de X Men \u00e0 imprimer pour enfants\"\n                     src=\"https:\/\/www.justcolor.net\/enfants\/wp-content\/uploads\/sites\/11\/nggallery\/x-men\/cache\/coloriage-x-men-2.jpg-nggid041282-ngg0dyn-240x160x100-00f0w010c011r110f110r010t010.jpg\"\n                     loading=\"lazy\"\n                     width=\"250\"\n                     height=\"150\" \/>\n            <\/a>\n        <\/div>\n        <h2 class=\"gallery-grid-album-lig1\">\n            <a class=\"ngg-album-desc\"\n               title=\"Coloriages de X Men \u00e0 imprimer\"\n               href=\"https:\/\/www.justcolor.net\/enfants\/super-heros-marvel-comics\/x-men\/\">\n                X Men            <\/a>\n        <\/h2>\n    <\/div>\n    <div class=\"gallery-grid-item\">\n        <div class=\"ngg-album-link\">\n            <a class=\"gallery_link\" href=\"https:\/\/www.justcolor.net\/enfants\/super-heros-marvel-comics\/ant-man\/\" title=\"Coloriages d&#039;Ant-man \u00e0 imprimer pour enfants\">\n                <img class=\"Thumb\"\n                     alt=\"Coloriages d&#039;Ant-man \u00e0 imprimer pour enfants\"\n                     src=\"https:\/\/www.justcolor.net\/enfants\/wp-content\/uploads\/sites\/11\/nggallery\/ant-man\/cache\/coloriage-ant-man-2.jpg-nggid046950-ngg0dyn-240x160x100-00f0w010c011r110f110r010t010.jpg\"\n                     loading=\"lazy\"\n                     width=\"250\"\n                     height=\"150\" \/>\n            <\/a>\n        <\/div>\n        <h2 class=\"gallery-grid-album-lig1\">\n            <a class=\"ngg-album-desc\"\n               title=\"Coloriages d&#039;Ant-man \u00e0 imprimer\"\n               href=\"https:\/\/www.justcolor.net\/enfants\/super-heros-marvel-comics\/ant-man\/\">\n                Ant-man            <\/a>\n        <\/h2>\n    <\/div>\n    <div class=\"gallery-grid-item\">\n        <div class=\"ngg-album-link\">\n            <a class=\"gallery_link\" href=\"https:\/\/www.justcolor.net\/enfants\/super-heros-marvel-comics\/les-gardiens-de-la-galaxie\/\" title=\"Coloriages de Les Gardiens de la Galaxie \u00e0 imprimer pour enfants\">\n                <img class=\"Thumb\"\n                     alt=\"Coloriages de Les Gardiens de la Galaxie \u00e0 imprimer pour enfants\"\n                     src=\"https:\/\/www.justcolor.net\/enfants\/wp-content\/uploads\/sites\/11\/nggallery\/guardians\/cache\/coloriage-gardiens-de-la-galaxie-11.jpg-nggid047014-ngg0dyn-240x160x100-00f0w010c011r110f110r010t010.jpg\"\n                     loading=\"lazy\"\n                     width=\"250\"\n                     height=\"150\" \/>\n            <\/a>\n        <\/div>\n        <h2 class=\"gallery-grid-album-lig1\">\n            <a class=\"ngg-album-desc\"\n               title=\"Coloriages de Les Gardiens de la Galaxie \u00e0 imprimer\"\n               href=\"https:\/\/www.justcolor.net\/enfants\/super-heros-marvel-comics\/les-gardiens-de-la-galaxie\/\">\n                Les Gardiens de la Galaxie            <\/a>\n        <\/h2>\n    <\/div>\n    <div class=\"gallery-grid-item\">\n        <div class=\"ngg-album-link\">\n            <a class=\"gallery_link\" href=\"https:\/\/www.justcolor.net\/enfants\/super-heros-marvel-comics\/deadpool\/\" title=\"Coloriages de Deadpool \u00e0 imprimer pour enfants\">\n                <img class=\"Thumb\"\n                     alt=\"Coloriages de Deadpool \u00e0 imprimer pour enfants\"\n                     src=\"https:\/\/www.justcolor.net\/enfants\/wp-content\/uploads\/sites\/11\/nggallery\/deadpool\/cache\/coloriage-deadpool-2.jpg-nggid046966-ngg0dyn-240x160x100-00f0w010c011r110f110r010t010.jpg\"\n                     loading=\"lazy\"\n                     width=\"250\"\n                     height=\"150\" \/>\n            <\/a>\n        <\/div>\n        <h2 class=\"gallery-grid-album-lig1\">\n            <a class=\"ngg-album-desc\"\n               title=\"Coloriages de Deadpool \u00e0 imprimer\"\n               href=\"https:\/\/www.justcolor.net\/enfants\/super-heros-marvel-comics\/deadpool\/\">\n                Deadpool            <\/a>\n        <\/h2>\n    <\/div>\n    <div class=\"gallery-grid-item\">\n        <div class=\"ngg-album-link\">\n            <a class=\"gallery_link\" href=\"https:\/\/www.justcolor.net\/enfants\/super-heros-marvel-comics\/thanos\/\" title=\"Coloriages de Thanos \u00e0 imprimer pour enfants\">\n                <img class=\"Thumb\"\n                     alt=\"Coloriages de Thanos \u00e0 imprimer pour enfants\"\n                     src=\"https:\/\/www.justcolor.net\/enfants\/wp-content\/uploads\/sites\/11\/nggallery\/thanos\/cache\/coloriage-thanos-3.jpg-nggid047030-ngg0dyn-240x160x100-00f0w010c011r110f110r010t010.jpg\"\n                     loading=\"lazy\"\n                     width=\"250\"\n                     height=\"150\" \/>\n            <\/a>\n        <\/div>\n        <h2 class=\"gallery-grid-album-lig1\">\n            <a class=\"ngg-album-desc\"\n               title=\"Coloriages de Thanos \u00e0 imprimer\"\n               href=\"https:\/\/www.justcolor.net\/enfants\/super-heros-marvel-comics\/thanos\/\">\n                Thanos            <\/a>\n        <\/h2>\n    <\/div>\n    <div class=\"gallery-grid-item\">\n        <div class=\"ngg-album-link\">\n            <a class=\"gallery_link\" href=\"https:\/\/www.justcolor.net\/enfants\/super-heros-marvel-comics\/hulk\/\" title=\"Coloriages d&#039;Hulk \u00e0 imprimer pour enfants\">\n                <img class=\"Thumb\"\n                     alt=\"Coloriages d&#039;Hulk \u00e0 imprimer pour enfants\"\n                     src=\"https:\/\/www.justcolor.net\/enfants\/wp-content\/uploads\/sites\/11\/nggallery\/hulk\/cache\/coloriage-hulk-5.jpg-nggid041192-ngg0dyn-240x160x100-00f0w010c011r110f110r010t010.jpg\"\n                     loading=\"lazy\"\n                     width=\"250\"\n                     height=\"150\" \/>\n            <\/a>\n        <\/div>\n        <h2 class=\"gallery-grid-album-lig1\">\n            <a class=\"ngg-album-desc\"\n               title=\"Coloriages d&#039;Hulk \u00e0 imprimer\"\n               href=\"https:\/\/www.justcolor.net\/enfants\/super-heros-marvel-comics\/hulk\/\">\n                Hulk            <\/a>\n        <\/h2>\n    <\/div>\n    <div class=\"gallery-grid-item\">\n        <div class=\"ngg-album-link\">\n            <a class=\"gallery_link\" href=\"https:\/\/www.justcolor.net\/enfants\/super-heros-marvel-comics\/captain-marvel\/\" title=\"Coloriages de Captain Marvel \u00e0 imprimer pour enfants\">\n                <img class=\"Thumb\"\n                     alt=\"Coloriages de Captain Marvel \u00e0 imprimer pour enfants\"\n                     src=\"https:\/\/www.justcolor.net\/enfants\/wp-content\/uploads\/sites\/11\/nggallery\/captain-marvel\/cache\/coloriage-captain-marvel-1.jpg-nggid046959-ngg0dyn-240x160x100-00f0w010c011r110f110r010t010.jpg\"\n                     loading=\"lazy\"\n                     width=\"250\"\n                     height=\"150\" \/>\n            <\/a>\n        <\/div>\n        <h2 class=\"gallery-grid-album-lig1\">\n            <a class=\"ngg-album-desc\"\n               title=\"Coloriages de Captain Marvel \u00e0 imprimer\"\n               href=\"https:\/\/www.justcolor.net\/enfants\/super-heros-marvel-comics\/captain-marvel\/\">\n                Captain Marvel            <\/a>\n        <\/h2>\n    <\/div>\n    <div class=\"gallery-grid-item\">\n        <div class=\"ngg-album-link\">\n            <a class=\"gallery_link\" href=\"https:\/\/www.justcolor.net\/enfants\/super-heros-marvel-comics\/captain-america\/\" title=\"Coloriages de Captain America \u00e0 imprimer pour enfants\">\n                <img class=\"Thumb\"\n                     alt=\"Coloriages de Captain America \u00e0 imprimer pour enfants\"\n                     src=\"https:\/\/www.justcolor.net\/enfants\/wp-content\/uploads\/sites\/11\/nggallery\/captain-america\/cache\/coloriage-captain-america-8.jpg-nggid046977-ngg0dyn-240x160x100-00f0w010c011r110f110r010t010.jpg\"\n                     loading=\"lazy\"\n                     width=\"250\"\n                     height=\"150\" \/>\n            <\/a>\n        <\/div>\n        <h2 class=\"gallery-grid-album-lig1\">\n            <a class=\"ngg-album-desc\"\n               title=\"Coloriages de Captain America \u00e0 imprimer\"\n               href=\"https:\/\/www.justcolor.net\/enfants\/super-heros-marvel-comics\/captain-america\/\">\n                Captain America            <\/a>\n        <\/h2>\n    <\/div>\n    <div class=\"gallery-grid-item\">\n        <div class=\"ngg-album-link\">\n            <a class=\"gallery_link\" href=\"https:\/\/www.justcolor.net\/enfants\/super-heros-marvel-comics\/coloriages-thor\/\" title=\"Coloriages de Thor \u00e0 imprimer pour enfants\">\n                <img class=\"Thumb\"\n                     alt=\"Coloriages de Thor \u00e0 imprimer pour enfants\"\n                     src=\"https:\/\/www.justcolor.net\/enfants\/wp-content\/uploads\/sites\/11\/nggallery\/thor\/cache\/thor06.gif-nggid042421-ngg0dyn-240x160x100-00f0w010c011r110f110r010t010.gif\"\n                     loading=\"lazy\"\n                     width=\"250\"\n                     height=\"150\" \/>\n            <\/a>\n        <\/div>\n        <h2 class=\"gallery-grid-album-lig1\">\n            <a class=\"ngg-album-desc\"\n               title=\"Coloriages de Thor \u00e0 imprimer\"\n               href=\"https:\/\/www.justcolor.net\/enfants\/super-heros-marvel-comics\/coloriages-thor\/\">\n                Thor            <\/a>\n        <\/h2>\n    <\/div>\n    <div class=\"gallery-grid-item\">\n        <div class=\"ngg-album-link\">\n            <a class=\"gallery_link\" href=\"https:\/\/www.justcolor.net\/enfants\/super-heros-marvel-comics\/black-panther\/\" title=\"Coloriages de Black Panther \u00e0 imprimer pour enfants\">\n                <img class=\"Thumb\"\n                     alt=\"Coloriages de Black Panther \u00e0 imprimer pour enfants\"\n                     src=\"https:\/\/www.justcolor.net\/enfants\/wp-content\/uploads\/sites\/11\/nggallery\/black-panther\/cache\/coloriage-black-panther-00891.jpeg-nggid049147-ngg0dyn-240x160x100-00f0w010c011r110f110r010t010.jpeg\"\n                     loading=\"lazy\"\n                     width=\"250\"\n                     height=\"150\" \/>\n            <\/a>\n        <\/div>\n        <h2 class=\"gallery-grid-album-lig1\">\n            <a class=\"ngg-album-desc\"\n               title=\"Coloriages de Black Panther \u00e0 imprimer\"\n               href=\"https:\/\/www.justcolor.net\/enfants\/super-heros-marvel-comics\/black-panther\/\">\n                Black Panther            <\/a>\n        <\/h2>\n    <\/div>\n    <div class=\"gallery-grid-item\">\n        <div class=\"ngg-album-link\">\n            <a class=\"gallery_link\" href=\"https:\/\/www.justcolor.net\/enfants\/super-heros-marvel-comics\/coloriage-iron-man\/\" title=\"Coloriages d&#039;Iron man \u00e0 imprimer pour enfants\">\n                <img class=\"Thumb\"\n                     alt=\"Coloriages d&#039;Iron man \u00e0 imprimer pour enfants\"\n                     src=\"https:\/\/www.justcolor.net\/enfants\/wp-content\/uploads\/sites\/11\/nggallery\/iron-man\/cache\/coloriage-iron-man-11.jpg-nggid03302-ngg0dyn-240x160x100-00f0w010c011r110f110r010t010.jpg\"\n                     loading=\"lazy\"\n                     width=\"250\"\n                     height=\"150\" \/>\n            <\/a>\n        <\/div>\n        <h2 class=\"gallery-grid-album-lig1\">\n            <a class=\"ngg-album-desc\"\n               title=\"Coloriages d&#039;Iron man \u00e0 imprimer\"\n               href=\"https:\/\/www.justcolor.net\/enfants\/super-heros-marvel-comics\/coloriage-iron-man\/\">\n                Iron man            <\/a>\n        <\/h2>\n    <\/div>\n    <div class=\"gallery-grid-item\">\n        <div class=\"ngg-album-link\">\n            <a class=\"gallery_link\" href=\"https:\/\/www.justcolor.net\/enfants\/super-heros-marvel-comics\/coloriage-avengers\/\" title=\"Coloriages d&#039;Avengers \u00e0 imprimer pour enfants\">\n                <img class=\"Thumb\"\n                     alt=\"Coloriages d&#039;Avengers \u00e0 imprimer pour enfants\"\n                     src=\"https:\/\/www.justcolor.net\/enfants\/wp-content\/uploads\/sites\/11\/nggallery\/avengers\/cache\/coloriage-comics-avengers-14.jpg-nggid03319-ngg0dyn-240x160x100-00f0w010c011r110f110r010t010.jpg\"\n                     loading=\"lazy\"\n                     width=\"250\"\n                     height=\"150\" \/>\n            <\/a>\n        <\/div>\n        <h2 class=\"gallery-grid-album-lig1\">\n            <a class=\"ngg-album-desc\"\n               title=\"Coloriages d&#039;Avengers \u00e0 imprimer\"\n               href=\"https:\/\/www.justcolor.net\/enfants\/super-heros-marvel-comics\/coloriage-avengers\/\">\n                Avengers            <\/a>\n        <\/h2>\n    <\/div>\n<br class=\"ngg-clear\"\/>\n<div class='ngg-clear'><\/div><\/div>\n\n","protected":false},"excerpt":{"rendered":"<p><b>Marvel<\/b> s&rsquo;est impos\u00e9 \u00e0 la fois dans l&rsquo;univers des Comics et du cin\u00e9ma.<br \/>\nDepuis ses d\u00e9buts dans les comics, la franchise a introduit des personnages embl\u00e9matiques tels que Spider-Man, Iron Man et les X-Men, captivant des g\u00e9n\u00e9rations de lecteurs avec des r\u00e9cits riches et complexes. L&rsquo;adaptation cin\u00e9matographique de ces h\u00e9ros a propuls\u00e9 Marvel sur la sc\u00e8ne mondiale, cr\u00e9ant un univers cin\u00e9matographique interconnect\u00e9 qui a red\u00e9fini le genre super-h\u00e9ro\u00efque. Les films Marvel, caract\u00e9ris\u00e9s par des effets sp\u00e9ciaux spectaculaires et des performances captivantes, ont su \u00e9tendre l&rsquo;h\u00e9ritage des comics au grand \u00e9cran, assurant ainsi une place ind\u00e9niable dans la culture populaire contemporaine.<\/p>\n","protected":false},"author":1,"featured_media":0,"parent":0,"menu_order":0,"comment_status":"closed","ping_status":"closed","template":"","meta":{"ngg_post_thumbnail":0,"footnotes":""},"tags":[],"class_list":["post-28504","page","type-page","status-publish"],"_links":{"self":[{"href":"https:\/\/www.justcolor.net\/enfants\/wp-json\/wp\/v2\/pages\/28504","targetHints":{"allow":["GET"]}}],"collection":[{"href":"https:\/\/www.justcolor.net\/enfants\/wp-json\/wp\/v2\/pages"}],"about":[{"href":"https:\/\/www.justcolor.net\/enfants\/wp-json\/wp\/v2\/types\/page"}],"author":[{"embeddable":true,"href":"https:\/\/www.justcolor.net\/enfants\/wp-json\/wp\/v2\/users\/1"}],"replies":[{"embeddable":true,"href":"https:\/\/www.justcolor.net\/enfants\/wp-json\/wp\/v2\/comments?post=28504"}],"version-history":[{"count":0,"href":"https:\/\/www.justcolor.net\/enfants\/wp-json\/wp\/v2\/pages\/28504\/revisions"}],"wp:attachment":[{"href":"https:\/\/www.justcolor.net\/enfants\/wp-json\/wp\/v2\/media?parent=28504"}],"wp:term":[{"taxonomy":"post_tag","embeddable":true,"href":"https:\/\/www.justcolor.net\/enfants\/wp-json\/wp\/v2\/tags?post=28504"}],"curies":[{"name":"wp","href":"https:\/\/api.w.org\/{rel}","templated":true}]}}