{"id":30052,"date":"2025-01-03T17:04:29","date_gmt":"2025-01-03T16:04:29","guid":{"rendered":"https:\/\/www.justcolor.net\/enfants\/kaws\/"},"modified":"2025-01-03T17:22:04","modified_gmt":"2025-01-03T16:22:04","slug":"kaws","status":"publish","type":"page","link":"https:\/\/www.justcolor.net\/enfants\/art\/kaws\/","title":{"rendered":"Kaws"},"content":{"rendered":"<p>no images were found<\/p>\n\n","protected":false},"excerpt":{"rendered":"<p><b>Kaws<\/b>, \u00e9galement connu sous le nom de Brian Donnelly, est un artiste contemporain am\u00e9ricain dont le travail est fortement influenc\u00e9 par la culture pop. Son style unique m\u00e9lange des \u00e9l\u00e9ments de la bande dessin\u00e9e, du graffiti et de la publicit\u00e9 pour cr\u00e9er des \u0153uvres embl\u00e9matiques.<br \/>\nAvec ses personnages embl\u00e9matiques tels que Kaws Companion et Kaws BFF, il a acquis une renomm\u00e9e mondiale et s&rsquo;est impos\u00e9 comme une figure incontournable de la sc\u00e8ne artistique moderne.<\/p>\n","protected":false},"author":1,"featured_media":0,"parent":2442,"menu_order":0,"comment_status":"closed","ping_status":"closed","template":"","meta":{"ngg_post_thumbnail":0,"footnotes":""},"tags":[993],"class_list":{"0":"post-30052","1":"page","2":"type-page","3":"status-publish","5":"tag-gallery"},"_links":{"self":[{"href":"https:\/\/www.justcolor.net\/enfants\/wp-json\/wp\/v2\/pages\/30052","targetHints":{"allow":["GET"]}}],"collection":[{"href":"https:\/\/www.justcolor.net\/enfants\/wp-json\/wp\/v2\/pages"}],"about":[{"href":"https:\/\/www.justcolor.net\/enfants\/wp-json\/wp\/v2\/types\/page"}],"author":[{"embeddable":true,"href":"https:\/\/www.justcolor.net\/enfants\/wp-json\/wp\/v2\/users\/1"}],"replies":[{"embeddable":true,"href":"https:\/\/www.justcolor.net\/enfants\/wp-json\/wp\/v2\/comments?post=30052"}],"version-history":[{"count":0,"href":"https:\/\/www.justcolor.net\/enfants\/wp-json\/wp\/v2\/pages\/30052\/revisions"}],"up":[{"embeddable":true,"href":"https:\/\/www.justcolor.net\/enfants\/wp-json\/wp\/v2\/pages\/2442"}],"wp:attachment":[{"href":"https:\/\/www.justcolor.net\/enfants\/wp-json\/wp\/v2\/media?parent=30052"}],"wp:term":[{"taxonomy":"post_tag","embeddable":true,"href":"https:\/\/www.justcolor.net\/enfants\/wp-json\/wp\/v2\/tags?post=30052"}],"curies":[{"name":"wp","href":"https:\/\/api.w.org\/{rel}","templated":true}]}}