{"id":30067,"date":"2025-01-03T17:07:02","date_gmt":"2025-01-03T16:07:02","guid":{"rendered":"https:\/\/www.justcolor.net\/enfants\/lisa-frank\/"},"modified":"2025-01-03T17:28:25","modified_gmt":"2025-01-03T16:28:25","slug":"lisa-frank","status":"publish","type":"page","link":"https:\/\/www.justcolor.net\/enfants\/art\/lisa-frank\/","title":{"rendered":"Lisa Frank"},"content":{"rendered":"<p>no images were found<\/p>\n\n","protected":false},"excerpt":{"rendered":"<p><b>Lisa Frank Inc.<\/b>, fond\u00e9e en 1979 par Lisa Frank, est une entreprise priv\u00e9e sp\u00e9cialis\u00e9e dans des designs color\u00e9s, notamment sur des fournitures scolaires et des autocollants. Apr\u00e8s des \u00e9tudes d&rsquo;art \u00e0 l&rsquo;Universit\u00e9 de l&rsquo;Arizona, Lisa Frank a lanc\u00e9 une ligne de bijoux en plastique, Sticky Fingers, qui l\u2019a inspir\u00e9e \u00e0 cr\u00e9er des autocollants color\u00e9s.<br \/>\nCes derniers, int\u00e9grant ses personnages originaux, ont propuls\u00e9 la marque. D\u00e8s 1987, la soci\u00e9t\u00e9 \u00e9largit son offre avec des fournitures scolaires, devenant extr\u00eamement populaire gr\u00e2ce \u00e0 des personnages embl\u00e9matiques comme Panda Painter et au slogan \u00ab\u00a0You Gotta Have It\u00a0\u00bb.<\/p>\n","protected":false},"author":1,"featured_media":0,"parent":2442,"menu_order":0,"comment_status":"closed","ping_status":"closed","template":"","meta":{"ngg_post_thumbnail":0,"footnotes":""},"tags":[993],"class_list":{"0":"post-30067","1":"page","2":"type-page","3":"status-publish","5":"tag-gallery"},"_links":{"self":[{"href":"https:\/\/www.justcolor.net\/enfants\/wp-json\/wp\/v2\/pages\/30067","targetHints":{"allow":["GET"]}}],"collection":[{"href":"https:\/\/www.justcolor.net\/enfants\/wp-json\/wp\/v2\/pages"}],"about":[{"href":"https:\/\/www.justcolor.net\/enfants\/wp-json\/wp\/v2\/types\/page"}],"author":[{"embeddable":true,"href":"https:\/\/www.justcolor.net\/enfants\/wp-json\/wp\/v2\/users\/1"}],"replies":[{"embeddable":true,"href":"https:\/\/www.justcolor.net\/enfants\/wp-json\/wp\/v2\/comments?post=30067"}],"version-history":[{"count":0,"href":"https:\/\/www.justcolor.net\/enfants\/wp-json\/wp\/v2\/pages\/30067\/revisions"}],"up":[{"embeddable":true,"href":"https:\/\/www.justcolor.net\/enfants\/wp-json\/wp\/v2\/pages\/2442"}],"wp:attachment":[{"href":"https:\/\/www.justcolor.net\/enfants\/wp-json\/wp\/v2\/media?parent=30067"}],"wp:term":[{"taxonomy":"post_tag","embeddable":true,"href":"https:\/\/www.justcolor.net\/enfants\/wp-json\/wp\/v2\/tags?post=30067"}],"curies":[{"name":"wp","href":"https:\/\/api.w.org\/{rel}","templated":true}]}}