{"id":31303,"date":"2025-05-02T09:45:38","date_gmt":"2025-05-02T07:45:38","guid":{"rendered":"https:\/\/www.justcolor.net\/enfants\/cochon-dinde\/"},"modified":"2025-05-02T09:49:17","modified_gmt":"2025-05-02T07:49:17","slug":"cochon-dinde-2","status":"publish","type":"page","link":"https:\/\/www.justcolor.net\/enfants\/coloriages-animaux\/cochon-dinde-2\/","title":{"rendered":"Cochon d&rsquo;Inde"},"content":{"rendered":"<p>no images were found<\/p>\n\n","protected":false},"excerpt":{"rendered":"<p>Le <STRONG>Cochon d&rsquo;Inde<\/STRONG> est un petit rongeur domestique originaire des Andes, appr\u00e9ci\u00e9 pour sa nature sociable et son allure adorable. En plus d&rsquo;\u00eatre un compagnon de choix, le <STRONG>Cochon d&rsquo;Inde<\/STRONG> est souvent utilis\u00e9 dans la recherche scientifique en raison de ses caract\u00e9ristiques physiologiques uniques.<br \/>\nAu-del\u00e0 de sa popularit\u00e9 comme animal de compagnie, le <STRONG>Cochon d&rsquo;Inde<\/STRONG> joue \u00e9galement un r\u00f4le culturel important dans certaines r\u00e9gions du monde.<\/p>\n","protected":false},"author":1,"featured_media":0,"parent":60,"menu_order":0,"comment_status":"closed","ping_status":"closed","template":"","meta":{"ngg_post_thumbnail":0,"footnotes":""},"tags":[993],"class_list":{"0":"post-31303","1":"page","2":"type-page","3":"status-publish","5":"tag-gallery"},"_links":{"self":[{"href":"https:\/\/www.justcolor.net\/enfants\/wp-json\/wp\/v2\/pages\/31303","targetHints":{"allow":["GET"]}}],"collection":[{"href":"https:\/\/www.justcolor.net\/enfants\/wp-json\/wp\/v2\/pages"}],"about":[{"href":"https:\/\/www.justcolor.net\/enfants\/wp-json\/wp\/v2\/types\/page"}],"author":[{"embeddable":true,"href":"https:\/\/www.justcolor.net\/enfants\/wp-json\/wp\/v2\/users\/1"}],"replies":[{"embeddable":true,"href":"https:\/\/www.justcolor.net\/enfants\/wp-json\/wp\/v2\/comments?post=31303"}],"version-history":[{"count":1,"href":"https:\/\/www.justcolor.net\/enfants\/wp-json\/wp\/v2\/pages\/31303\/revisions"}],"predecessor-version":[{"id":31314,"href":"https:\/\/www.justcolor.net\/enfants\/wp-json\/wp\/v2\/pages\/31303\/revisions\/31314"}],"up":[{"embeddable":true,"href":"https:\/\/www.justcolor.net\/enfants\/wp-json\/wp\/v2\/pages\/60"}],"wp:attachment":[{"href":"https:\/\/www.justcolor.net\/enfants\/wp-json\/wp\/v2\/media?parent=31303"}],"wp:term":[{"taxonomy":"post_tag","embeddable":true,"href":"https:\/\/www.justcolor.net\/enfants\/wp-json\/wp\/v2\/tags?post=31303"}],"curies":[{"name":"wp","href":"https:\/\/api.w.org\/{rel}","templated":true}]}}