{"id":58,"date":"2013-09-25T09:53:44","date_gmt":"2013-09-25T08:53:44","guid":{"rendered":"https:\/\/www.coloriages-pour-enfants.net\/?page_id=58"},"modified":"2024-10-26T13:13:32","modified_gmt":"2024-10-26T11:13:32","slug":"coloriages-educatifs","status":"publish","type":"page","link":"https:\/\/www.justcolor.net\/enfants\/coloriages-educatifs\/","title":{"rendered":"Activit\u00e9s \u00e9ducatives et cr\u00e9atives"},"content":{"rendered":"<div class=\"gallery-grid\">\n    <div class=\"gallery-grid-item\">\n        <div class=\"ngg-album-link\">\n            <a class=\"gallery_link\" href=\"https:\/\/www.justcolor.net\/enfants\/coloriages-educatifs\/coloriages-alphabet\/\" title=\"Coloriages d&#039;Alphabet \u00e0 imprimer pour enfants\">\n                <img class=\"Thumb\"\n                     alt=\"Coloriages d&#039;Alphabet \u00e0 imprimer pour enfants\"\n                     src=\"https:\/\/www.justcolor.net\/enfants\/wp-content\/uploads\/sites\/11\/nggallery\/alphabet\/cache\/a2f86d3c.jpg-nggid017-ngg0dyn-182x136-00f0w010c011r110f110r010t010.jpg\"\n                     loading=\"lazy\"\n                     width=\"250\"\n                     height=\"150\" \/>\n            <\/a>\n        <\/div>\n        <h2 class=\"gallery-grid-album-lig1\">\n            <a class=\"ngg-album-desc\"\n               title=\"Coloriages d&#039;Alphabet \u00e0 imprimer\"\n               href=\"https:\/\/www.justcolor.net\/enfants\/coloriages-educatifs\/coloriages-alphabet\/\">\n                Alphabet            <\/a>\n        <\/h2>\n    <\/div>\n    <div class=\"gallery-grid-item\">\n        <div class=\"ngg-album-link\">\n            <a class=\"gallery_link\" href=\"https:\/\/www.justcolor.net\/enfants\/coloriages-educatifs\/automne\/\" title=\"Coloriages d&#039;Automne \u00e0 imprimer pour enfants\">\n                <img class=\"Thumb\"\n                     alt=\"Coloriages d&#039;Automne \u00e0 imprimer pour enfants\"\n                     src=\"https:\/\/www.justcolor.net\/enfants\/wp-content\/uploads\/sites\/11\/nggallery\/automne\/cache\/coloriage-enfants-parc-citrouilles-12345.jpg-nggid0511756-ngg0dyn-182x136-00f0w010c011r110f110r010t010.jpg\"\n                     loading=\"lazy\"\n                     width=\"250\"\n                     height=\"150\" \/>\n            <\/a>\n        <\/div>\n        <h2 class=\"gallery-grid-album-lig1\">\n            <a class=\"ngg-album-desc\"\n               title=\"Coloriages d&#039;Automne \u00e0 imprimer\"\n               href=\"https:\/\/www.justcolor.net\/enfants\/coloriages-educatifs\/automne\/\">\n                Automne            <\/a>\n        <\/h2>\n    <\/div>\n    <div class=\"gallery-grid-item\">\n        <div class=\"ngg-album-link\">\n            <a class=\"gallery_link\" href=\"https:\/\/www.justcolor.net\/enfants\/coloriages-educatifs\/coloriages-chiffres\/\" title=\"Coloriages de Chiffres \u00e0 imprimer pour enfants\">\n                <img class=\"Thumb\"\n                     alt=\"Coloriages de Chiffres \u00e0 imprimer pour enfants\"\n                     src=\"https:\/\/www.justcolor.net\/enfants\/wp-content\/uploads\/sites\/11\/nggallery\/chiffres\/cache\/24chiffres.jpg-nggid0272-ngg0dyn-182x136-00f0w010c011r110f110r010t010.jpg\"\n                     loading=\"lazy\"\n                     width=\"250\"\n                     height=\"150\" \/>\n            <\/a>\n        <\/div>\n        <h2 class=\"gallery-grid-album-lig1\">\n            <a class=\"ngg-album-desc\"\n               title=\"Coloriages de Chiffres \u00e0 imprimer\"\n               href=\"https:\/\/www.justcolor.net\/enfants\/coloriages-educatifs\/coloriages-chiffres\/\">\n                Chiffres            <\/a>\n        <\/h2>\n    <\/div>\n    <div class=\"gallery-grid-item\">\n        <div class=\"ngg-album-link\">\n            <a class=\"gallery_link\" href=\"https:\/\/www.justcolor.net\/enfants\/coloriages-educatifs\/coloriages-magiques-2\/\" title=\"Coloriages de Coloriages Magiques \u00e0 imprimer pour enfants\">\n                <img class=\"Thumb\"\n                     alt=\"Coloriages de Coloriages Magiques \u00e0 imprimer pour enfants\"\n                     src=\"https:\/\/www.justcolor.net\/enfants\/wp-content\/uploads\/sites\/11\/nggallery\/coloriages-magiques\/cache\/coloriage-magique-7.jpg-nggid03180-ngg0dyn-182x136-00f0w010c011r110f110r010t010.jpg\"\n                     loading=\"lazy\"\n                     width=\"250\"\n                     height=\"150\" \/>\n            <\/a>\n        <\/div>\n        <h2 class=\"gallery-grid-album-lig1\">\n            <a class=\"ngg-album-desc\"\n               title=\"Coloriages de Coloriages Magiques \u00e0 imprimer\"\n               href=\"https:\/\/www.justcolor.net\/enfants\/coloriages-educatifs\/coloriages-magiques-2\/\">\n                Coloriages Magiques            <\/a>\n        <\/h2>\n    <\/div>\n    <div class=\"gallery-grid-item\">\n        <div class=\"ngg-album-link\">\n            <a class=\"gallery_link\" href=\"https:\/\/www.justcolor.net\/enfants\/coloriages-educatifs\/corps-humain\/\" title=\"Coloriages de Corps humain \u00e0 imprimer pour enfants\">\n                <img class=\"Thumb\"\n                     alt=\"Coloriages de Corps humain \u00e0 imprimer pour enfants\"\n                     src=\"https:\/\/www.justcolor.net\/enfants\/wp-content\/uploads\/sites\/11\/nggallery\/corps-humain\/cache\/coloriage-enfant-corps-humain-248660.jpg-nggid0511355-ngg0dyn-182x136-00f0w010c011r110f110r010t010.jpg\"\n                     loading=\"lazy\"\n                     width=\"250\"\n                     height=\"150\" \/>\n            <\/a>\n        <\/div>\n        <h2 class=\"gallery-grid-album-lig1\">\n            <a class=\"ngg-album-desc\"\n               title=\"Coloriages de Corps humain \u00e0 imprimer\"\n               href=\"https:\/\/www.justcolor.net\/enfants\/coloriages-educatifs\/corps-humain\/\">\n                Corps humain            <\/a>\n        <\/h2>\n    <\/div>\n    <div class=\"gallery-grid-item\">\n        <div class=\"ngg-album-link\">\n            <a class=\"gallery_link\" href=\"https:\/\/www.justcolor.net\/enfants\/coloriages-educatifs\/doodle-art-gribouillage-doodling\/\" title=\"Coloriages de Doodle Art \u00e0 imprimer pour enfants\">\n                <img class=\"Thumb\"\n                     alt=\"Coloriages de Doodle Art \u00e0 imprimer pour enfants\"\n                     src=\"https:\/\/www.justcolor.net\/enfants\/wp-content\/uploads\/sites\/11\/nggallery\/doodle-art\/cache\/coloriage-gribouillage-doodle-art-10.jpg-nggid045401-ngg0dyn-182x136-00f0w010c011r110f110r010t010.jpg\"\n                     loading=\"lazy\"\n                     width=\"250\"\n                     height=\"150\" \/>\n            <\/a>\n        <\/div>\n        <h2 class=\"gallery-grid-album-lig1\">\n            <a class=\"ngg-album-desc\"\n               title=\"Coloriages de Doodle Art \u00e0 imprimer\"\n               href=\"https:\/\/www.justcolor.net\/enfants\/coloriages-educatifs\/doodle-art-gribouillage-doodling\/\">\n                Doodle Art            <\/a>\n        <\/h2>\n    <\/div>\n    <div class=\"gallery-grid-item\">\n        <div class=\"ngg-album-link\">\n            <a class=\"gallery_link\" href=\"https:\/\/www.justcolor.net\/enfants\/coloriages-educatifs\/coloriages-formes\/\" title=\"Coloriages de Formes \u00e0 imprimer pour enfants\">\n                <img class=\"Thumb\"\n                     alt=\"Coloriages de Formes \u00e0 imprimer pour enfants\"\n                     src=\"https:\/\/www.justcolor.net\/enfants\/wp-content\/uploads\/sites\/11\/nggallery\/formes\/cache\/activimprcolo5.gif-nggid0268-ngg0dyn-182x136-00f0w010c011r110f110r010t010.gif\"\n                     loading=\"lazy\"\n                     width=\"250\"\n                     height=\"150\" \/>\n            <\/a>\n        <\/div>\n        <h2 class=\"gallery-grid-album-lig1\">\n            <a class=\"ngg-album-desc\"\n               title=\"Coloriages de Formes \u00e0 imprimer\"\n               href=\"https:\/\/www.justcolor.net\/enfants\/coloriages-educatifs\/coloriages-formes\/\">\n                Formes            <\/a>\n        <\/h2>\n    <\/div>\n    <div class=\"gallery-grid-item\">\n        <div class=\"ngg-album-link\">\n            <a class=\"gallery_link\" href=\"https:\/\/www.justcolor.net\/enfants\/coloriages-educatifs\/coloriages-fruits-legumes\/\" title=\"Coloriages de Fruits et l\u00e9gumes \u00e0 imprimer pour enfants\">\n                <img class=\"Thumb\"\n                     alt=\"Coloriages de Fruits et l\u00e9gumes \u00e0 imprimer pour enfants\"\n                     src=\"https:\/\/www.justcolor.net\/enfants\/wp-content\/uploads\/sites\/11\/nggallery\/fruits-et-legumes\/cache\/coloriage-fruits-legumes-1.gif-nggid041132-ngg0dyn-182x136-00f0w010c011r110f110r010t010.gif\"\n                     loading=\"lazy\"\n                     width=\"250\"\n                     height=\"150\" \/>\n            <\/a>\n        <\/div>\n        <h2 class=\"gallery-grid-album-lig1\">\n            <a class=\"ngg-album-desc\"\n               title=\"Coloriages de Fruits et l\u00e9gumes \u00e0 imprimer\"\n               href=\"https:\/\/www.justcolor.net\/enfants\/coloriages-educatifs\/coloriages-fruits-legumes\/\">\n                Fruits et l\u00e9gumes            <\/a>\n        <\/h2>\n    <\/div>\n    <div class=\"gallery-grid-item\">\n        <div class=\"ngg-album-link\">\n            <a class=\"gallery_link\" href=\"https:\/\/www.justcolor.net\/enfants\/coloriages-educatifs\/hiver\/\" title=\"Coloriages d&#039;Hiver \u00e0 imprimer pour enfants\">\n                <img class=\"Thumb\"\n                     alt=\"Coloriages d&#039;Hiver \u00e0 imprimer pour enfants\"\n                     src=\"https:\/\/www.justcolor.net\/enfants\/wp-content\/uploads\/sites\/11\/nggallery\/hiver\/cache\/coloriage-enfants-neige-bataille-43218.jpg-nggid0511923-ngg0dyn-182x136-00f0w010c011r110f110r010t010.jpg\"\n                     loading=\"lazy\"\n                     width=\"250\"\n                     height=\"150\" \/>\n            <\/a>\n        <\/div>\n        <h2 class=\"gallery-grid-album-lig1\">\n            <a class=\"ngg-album-desc\"\n               title=\"Coloriages d&#039;Hiver \u00e0 imprimer\"\n               href=\"https:\/\/www.justcolor.net\/enfants\/coloriages-educatifs\/hiver\/\">\n                Hiver            <\/a>\n        <\/h2>\n    <\/div>\n    <div class=\"gallery-grid-item\">\n        <div class=\"ngg-album-link\">\n            <a class=\"gallery_link\" href=\"https:\/\/www.justcolor.net\/enfants\/coloriages-educatifs\/jeux-mots\/\" title=\"Coloriages de Jeux de mots \u00e0 imprimer pour enfants\">\n                <img class=\"Thumb\"\n                     alt=\"Coloriages de Jeux de mots \u00e0 imprimer pour enfants\"\n                     src=\"https:\/\/www.justcolor.net\/enfants\/wp-content\/uploads\/sites\/11\/nggallery\/jeux-de-mots\/cache\/jeux_mots.jpg-nggid03186-ngg0dyn-182x136-00f0w010c011r110f110r010t010.jpg\"\n                     loading=\"lazy\"\n                     width=\"250\"\n                     height=\"150\" \/>\n            <\/a>\n        <\/div>\n        <h2 class=\"gallery-grid-album-lig1\">\n            <a class=\"ngg-album-desc\"\n               title=\"Coloriages de Jeux de mots \u00e0 imprimer\"\n               href=\"https:\/\/www.justcolor.net\/enfants\/coloriages-educatifs\/jeux-mots\/\">\n                Jeux de mots            <\/a>\n        <\/h2>\n    <\/div>\n    <div class=\"gallery-grid-item\">\n        <div class=\"ngg-album-link\">\n            <a class=\"gallery_link\" href=\"https:\/\/www.justcolor.net\/enfants\/coloriages-educatifs\/coloriages-jours-semaine\/\" title=\"Coloriages de Jours semaine \u00e0 imprimer pour enfants\">\n                <img class=\"Thumb\"\n                     alt=\"Coloriages de Jours semaine \u00e0 imprimer pour enfants\"\n                     src=\"https:\/\/www.justcolor.net\/enfants\/wp-content\/uploads\/sites\/11\/nggallery\/jours-semaine\/cache\/coloriage-jours-semaine-1.jpg-nggid041146-ngg0dyn-182x136-00f0w010c011r110f110r010t010.jpg\"\n                     loading=\"lazy\"\n                     width=\"250\"\n                     height=\"150\" \/>\n            <\/a>\n        <\/div>\n        <h2 class=\"gallery-grid-album-lig1\">\n            <a class=\"ngg-album-desc\"\n               title=\"Coloriages de Jours semaine \u00e0 imprimer\"\n               href=\"https:\/\/www.justcolor.net\/enfants\/coloriages-educatifs\/coloriages-jours-semaine\/\">\n                Jours semaine            <\/a>\n        <\/h2>\n    <\/div>\n    <div class=\"gallery-grid-item\">\n        <div class=\"ngg-album-link\">\n            <a class=\"gallery_link\" href=\"https:\/\/www.justcolor.net\/enfants\/coloriages-educatifs\/labyrinthes-a-colorier\/\" title=\"Coloriages de Labyrinthes \u00e0 imprimer pour enfants\">\n                <img class=\"Thumb\"\n                     alt=\"Coloriages de Labyrinthes \u00e0 imprimer pour enfants\"\n                     src=\"https:\/\/www.justcolor.net\/enfants\/wp-content\/uploads\/sites\/11\/nggallery\/labyrinthes\/cache\/jeu_pere_noel_labyrinthe_noel_gratuit_imprimer.jpg-nggid0276-ngg0dyn-182x136-00f0w010c011r110f110r010t010.jpg\"\n                     loading=\"lazy\"\n                     width=\"250\"\n                     height=\"150\" \/>\n            <\/a>\n        <\/div>\n        <h2 class=\"gallery-grid-album-lig1\">\n            <a class=\"ngg-album-desc\"\n               title=\"Coloriages de Labyrinthes \u00e0 imprimer\"\n               href=\"https:\/\/www.justcolor.net\/enfants\/coloriages-educatifs\/labyrinthes-a-colorier\/\">\n                Labyrinthes            <\/a>\n        <\/h2>\n    <\/div>\n    <div class=\"gallery-grid-item\">\n        <div class=\"ngg-album-link\">\n            <a class=\"gallery_link\" href=\"https:\/\/www.justcolor.net\/enfants\/coloriages-educatifs\/coloriages-mandalas\/\" title=\"Coloriages de Mandalas \u00e0 imprimer pour enfants\">\n                <img class=\"Thumb\"\n                     alt=\"Coloriages de Mandalas \u00e0 imprimer pour enfants\"\n                     src=\"https:\/\/www.justcolor.net\/enfants\/wp-content\/uploads\/sites\/11\/nggallery\/mandalas\/cache\/mandala-1.gif-nggid03246-ngg0dyn-182x136-00f0w010c011r110f110r010t010.gif\"\n                     loading=\"lazy\"\n                     width=\"250\"\n                     height=\"150\" \/>\n            <\/a>\n        <\/div>\n        <h2 class=\"gallery-grid-album-lig1\">\n            <a class=\"ngg-album-desc\"\n               title=\"Coloriages de Mandalas \u00e0 imprimer\"\n               href=\"https:\/\/www.justcolor.net\/enfants\/coloriages-educatifs\/coloriages-mandalas\/\">\n                Mandalas            <\/a>\n        <\/h2>\n    <\/div>\n    <div class=\"gallery-grid-item\">\n        <div class=\"ngg-album-link\">\n            <a class=\"gallery_link\" href=\"https:\/\/www.justcolor.net\/enfants\/coloriages-educatifs\/metiers\/\" title=\"Coloriages de M\u00e9tiers \u00e0 imprimer pour enfants\">\n                <img class=\"Thumb\"\n                     alt=\"Coloriages de M\u00e9tiers \u00e0 imprimer pour enfants\"\n                     src=\"https:\/\/www.justcolor.net\/enfants\/wp-content\/uploads\/sites\/11\/nggallery\/metier\/cache\/coloriage-enfant-metier-571470.jpg-nggid0511542-ngg0dyn-182x136-00f0w010c011r110f110r010t010.jpg\"\n                     loading=\"lazy\"\n                     width=\"250\"\n                     height=\"150\" \/>\n            <\/a>\n        <\/div>\n        <h2 class=\"gallery-grid-album-lig1\">\n            <a class=\"ngg-album-desc\"\n               title=\"Coloriages de M\u00e9tiers \u00e0 imprimer\"\n               href=\"https:\/\/www.justcolor.net\/enfants\/coloriages-educatifs\/metiers\/\">\n                M\u00e9tiers            <\/a>\n        <\/h2>\n    <\/div>\n    <div class=\"gallery-grid-item\">\n        <div class=\"ngg-album-link\">\n            <a class=\"gallery_link\" href=\"https:\/\/www.justcolor.net\/enfants\/coloriages-educatifs\/pays\/\" title=\"Coloriages de Pays \u00e0 imprimer pour enfants\">\n                <img class=\"Thumb\"\n                     alt=\"Coloriages de Pays \u00e0 imprimer pour enfants\"\n                     src=\"https:\/\/www.justcolor.net\/enfants\/wp-content\/uploads\/sites\/11\/nggallery\/pays\/cache\/coloriage-enfants-tucan-plage-49382.jpg-nggid0511860-ngg0dyn-182x136-00f0w010c011r110f110r010t010.jpg\"\n                     loading=\"lazy\"\n                     width=\"250\"\n                     height=\"150\" \/>\n            <\/a>\n        <\/div>\n        <h2 class=\"gallery-grid-album-lig1\">\n            <a class=\"ngg-album-desc\"\n               title=\"Coloriages de Pays \u00e0 imprimer\"\n               href=\"https:\/\/www.justcolor.net\/enfants\/coloriages-educatifs\/pays\/\">\n                Pays            <\/a>\n        <\/h2>\n    <\/div>\n    <div class=\"gallery-grid-item\">\n        <div class=\"ngg-album-link\">\n            <a class=\"gallery_link\" href=\"https:\/\/www.justcolor.net\/enfants\/coloriages-educatifs\/printemps\/\" title=\"Coloriages de Printemps \u00e0 imprimer pour enfants\">\n                <img class=\"Thumb\"\n                     alt=\"Coloriages de Printemps \u00e0 imprimer pour enfants\"\n                     src=\"https:\/\/www.justcolor.net\/enfants\/wp-content\/uploads\/sites\/11\/nggallery\/printemps\/cache\/coloriage-enfants-lapin-fleurs-67823.jpg-nggid0511901-ngg0dyn-182x136-00f0w010c011r110f110r010t010.jpg\"\n                     loading=\"lazy\"\n                     width=\"250\"\n                     height=\"150\" \/>\n            <\/a>\n        <\/div>\n        <h2 class=\"gallery-grid-album-lig1\">\n            <a class=\"ngg-album-desc\"\n               title=\"Coloriages de Printemps \u00e0 imprimer\"\n               href=\"https:\/\/www.justcolor.net\/enfants\/coloriages-educatifs\/printemps\/\">\n                Printemps            <\/a>\n        <\/h2>\n    <\/div>\n    <div class=\"gallery-grid-item\">\n        <div class=\"ngg-album-link\">\n            <a class=\"gallery_link\" href=\"https:\/\/www.justcolor.net\/enfants\/coloriages-educatifs\/rosaces\/\" title=\"Coloriages de Rosaces \u00e0 imprimer pour enfants\">\n                <img class=\"Thumb\"\n                     alt=\"Coloriages de Rosaces \u00e0 imprimer pour enfants\"\n                     src=\"https:\/\/www.justcolor.net\/enfants\/wp-content\/uploads\/sites\/11\/nggallery\/rosaces\/cache\/coloriage-rosace-3.png-nggid042644-ngg0dyn-182x136-00f0w010c011r110f110r010t010.png\"\n                     loading=\"lazy\"\n                     width=\"250\"\n                     height=\"150\" \/>\n            <\/a>\n        <\/div>\n        <h2 class=\"gallery-grid-album-lig1\">\n            <a class=\"ngg-album-desc\"\n               title=\"Coloriages de Rosaces \u00e0 imprimer\"\n               href=\"https:\/\/www.justcolor.net\/enfants\/coloriages-educatifs\/rosaces\/\">\n                Rosaces            <\/a>\n        <\/h2>\n    <\/div>\n    <div class=\"gallery-grid-item\">\n        <div class=\"ngg-album-link\">\n            <a class=\"gallery_link\" href=\"https:\/\/www.justcolor.net\/enfants\/coloriages-educatifs\/villes\/\" title=\"Coloriages de Villes \u00e0 imprimer pour enfants\">\n                <img class=\"Thumb\"\n                     alt=\"Coloriages de Villes \u00e0 imprimer pour enfants\"\n                     src=\"https:\/\/www.justcolor.net\/enfants\/wp-content\/uploads\/sites\/11\/nggallery\/villes\/cache\/coloriage-enfants-statue-liberte-gratte-ciel-67890.jpg-nggid0511857-ngg0dyn-182x136-00f0w010c011r110f110r010t010.jpg\"\n                     loading=\"lazy\"\n                     width=\"250\"\n                     height=\"150\" \/>\n            <\/a>\n        <\/div>\n        <h2 class=\"gallery-grid-album-lig1\">\n            <a class=\"ngg-album-desc\"\n               title=\"Coloriages de Villes \u00e0 imprimer\"\n               href=\"https:\/\/www.justcolor.net\/enfants\/coloriages-educatifs\/villes\/\">\n                Villes            <\/a>\n        <\/h2>\n    <\/div>\n    <div class=\"gallery-grid-item\">\n        <div class=\"ngg-album-link\">\n            <a class=\"gallery_link\" href=\"https:\/\/www.justcolor.net\/enfants\/coloriages-educatifs\/zentangle\/\" title=\"Coloriages de Zentangle \u00e0 imprimer pour enfants\">\n                <img class=\"Thumb\"\n                     alt=\"Coloriages de Zentangle \u00e0 imprimer pour enfants\"\n                     src=\"https:\/\/www.justcolor.net\/enfants\/wp-content\/uploads\/sites\/11\/nggallery\/zentangle\/cache\/zentangle-a-colorier-baleine-par-meggichka.jpg-nggid045417-ngg0dyn-182x136-00f0w010c011r110f110r010t010.jpg\"\n                     loading=\"lazy\"\n                     width=\"250\"\n                     height=\"150\" \/>\n            <\/a>\n        <\/div>\n        <h2 class=\"gallery-grid-album-lig1\">\n            <a class=\"ngg-album-desc\"\n               title=\"Coloriages de Zentangle \u00e0 imprimer\"\n               href=\"https:\/\/www.justcolor.net\/enfants\/coloriages-educatifs\/zentangle\/\">\n                Zentangle            <\/a>\n        <\/h2>\n    <\/div>\n    <div class=\"gallery-grid-item\">\n        <div class=\"ngg-album-link\">\n            <a class=\"gallery_link\" href=\"https:\/\/www.justcolor.net\/enfants\/coloriages-educatifs\/ete\/\" title=\"Coloriages de \u00c9t\u00e9 \u00e0 imprimer pour enfants\">\n                <img class=\"Thumb\"\n                     alt=\"Coloriages de \u00c9t\u00e9 \u00e0 imprimer pour enfants\"\n                     src=\"https:\/\/www.justcolor.net\/enfants\/wp-content\/uploads\/sites\/11\/nggallery\/ete\/cache\/coloriage-enfants-plage-glaces-78924.jpg-nggid0511919-ngg0dyn-182x136-00f0w010c011r110f110r010t010.jpg\"\n                     loading=\"lazy\"\n                     width=\"250\"\n                     height=\"150\" \/>\n            <\/a>\n        <\/div>\n        <h2 class=\"gallery-grid-album-lig1\">\n            <a class=\"ngg-album-desc\"\n               title=\"Coloriages de \u00c9t\u00e9 \u00e0 imprimer\"\n               href=\"https:\/\/www.justcolor.net\/enfants\/coloriages-educatifs\/ete\/\">\n                \u00c9t\u00e9            <\/a>\n        <\/h2>\n    <\/div>\n<br class=\"ngg-clear\"\/>\n<div class='ngg-clear'><\/div><\/div>\n\n","protected":false},"excerpt":{"rendered":"<p>D\u00e9couvrez une large gamme de <b>coloriages \u00e9ducatifs imprimables<\/b> con\u00e7us pour aider vos enfants \u00e0 apprendre toutes sortes de concepts tels que <b>les formes, les chiffres, les lettres et les jours de la semaine<\/b>. Notre collection comprend \u00e9galement des <b>coloriages magiques<\/b> o\u00f9 votre enfant peut associer les couleurs aux chiffres de chaque zone, rendant l&rsquo;apprentissage \u00e0 la fois amusant et interactif.<\/p>\n<p>D\u00e9couvrez notre s\u00e9lection de <b>dessins Zentangle et Doodle<\/b> complexes, parfaits pour les enfants plus \u00e2g\u00e9s et les adultes qui aiment se d\u00e9tendre gr\u00e2ce \u00e0 l&rsquo;expression cr\u00e9ative. Que vous recherchiez des <b>dessins imprimables<\/b> \u00e9ducatifs ou relaxants, vous trouverez certainement de quoi satisfaire toutes vos envies de coloriage !<\/p>\n","protected":false},"author":1,"featured_media":0,"parent":0,"menu_order":0,"comment_status":"closed","ping_status":"closed","template":"","meta":{"ngg_post_thumbnail":0,"footnotes":""},"tags":[3423],"class_list":{"0":"post-58","1":"page","2":"type-page","3":"status-publish","5":"tag-supergallery"},"_links":{"self":[{"href":"https:\/\/www.justcolor.net\/enfants\/wp-json\/wp\/v2\/pages\/58","targetHints":{"allow":["GET"]}}],"collection":[{"href":"https:\/\/www.justcolor.net\/enfants\/wp-json\/wp\/v2\/pages"}],"about":[{"href":"https:\/\/www.justcolor.net\/enfants\/wp-json\/wp\/v2\/types\/page"}],"author":[{"embeddable":true,"href":"https:\/\/www.justcolor.net\/enfants\/wp-json\/wp\/v2\/users\/1"}],"replies":[{"embeddable":true,"href":"https:\/\/www.justcolor.net\/enfants\/wp-json\/wp\/v2\/comments?post=58"}],"version-history":[{"count":0,"href":"https:\/\/www.justcolor.net\/enfants\/wp-json\/wp\/v2\/pages\/58\/revisions"}],"wp:attachment":[{"href":"https:\/\/www.justcolor.net\/enfants\/wp-json\/wp\/v2\/media?parent=58"}],"wp:term":[{"taxonomy":"post_tag","embeddable":true,"href":"https:\/\/www.justcolor.net\/enfants\/wp-json\/wp\/v2\/tags?post=58"}],"curies":[{"name":"wp","href":"https:\/\/api.w.org\/{rel}","templated":true}]}}