{"id":988,"date":"2013-10-25T10:05:33","date_gmt":"2013-10-25T09:05:33","guid":{"rendered":"https:\/\/www.coloriages-pour-enfants.net\/?page_id=988"},"modified":"2024-10-26T13:14:42","modified_gmt":"2024-10-26T11:14:42","slug":"coloriages-livres-et-bandes-dessinees","status":"publish","type":"page","link":"https:\/\/www.justcolor.net\/enfants\/coloriages-livres-et-bandes-dessinees\/","title":{"rendered":"Personnages de Livres et Bandes dessin\u00e9es"},"content":{"rendered":"<div class=\"gallery-grid\">\n    <div class=\"gallery-grid-item\">\n        <div class=\"ngg-album-link\">\n            <a class=\"gallery_link\" href=\"https:\/\/www.justcolor.net\/enfants\/coloriages-livres-et-bandes-dessinees\/coloriages-asterix-obelix\/\" title=\"Coloriages d&#039;Ast\u00e9rix \u00e0 imprimer pour enfants\">\n                <img class=\"Thumb\"\n                     alt=\"Coloriages d&#039;Ast\u00e9rix \u00e0 imprimer pour enfants\"\n                     src=\"https:\/\/www.justcolor.net\/enfants\/wp-content\/uploads\/sites\/11\/nggallery\/asterix\/cache\/coloriage-enfant-asterix-394261.jpg-nggid0512130-ngg0dyn-182x136-00f0w010c011r110f110r010t010.jpg\"\n                     loading=\"lazy\"\n                     width=\"250\"\n                     height=\"150\" \/>\n            <\/a>\n        <\/div>\n        <h2 class=\"gallery-grid-album-lig1\">\n            <a class=\"ngg-album-desc\"\n               title=\"Coloriages d&#039;Ast\u00e9rix \u00e0 imprimer\"\n               href=\"https:\/\/www.justcolor.net\/enfants\/coloriages-livres-et-bandes-dessinees\/coloriages-asterix-obelix\/\">\n                Ast\u00e9rix            <\/a>\n        <\/h2>\n    <\/div>\n    <div class=\"gallery-grid-item\">\n        <div class=\"ngg-album-link\">\n            <a class=\"gallery_link\" href=\"https:\/\/www.justcolor.net\/enfants\/coloriages-livres-et-bandes-dessinees\/boule-et-bill\/\" title=\"Coloriages de Boulle et Bill \u00e0 imprimer pour enfants\">\n                <img class=\"Thumb\"\n                     alt=\"Coloriages de Boulle et Bill \u00e0 imprimer pour enfants\"\n                     src=\"https:\/\/www.justcolor.net\/enfants\/wp-content\/uploads\/sites\/11\/nggallery\/boule-et-bill\/cache\/coloriage-boule-et-bill-6.jpg-nggid041445-ngg0dyn-182x136-00f0w010c011r110f110r010t010.jpg\"\n                     loading=\"lazy\"\n                     width=\"250\"\n                     height=\"150\" \/>\n            <\/a>\n        <\/div>\n        <h2 class=\"gallery-grid-album-lig1\">\n            <a class=\"ngg-album-desc\"\n               title=\"Coloriages de Boulle et Bill \u00e0 imprimer\"\n               href=\"https:\/\/www.justcolor.net\/enfants\/coloriages-livres-et-bandes-dessinees\/boule-et-bill\/\">\n                Boulle et Bill            <\/a>\n        <\/h2>\n    <\/div>\n    <div class=\"gallery-grid-item\">\n        <div class=\"ngg-album-link\">\n            <a class=\"gallery_link\" href=\"https:\/\/www.justcolor.net\/enfants\/coloriages-livres-et-bandes-dessinees\/cedric\/\" title=\"Coloriages de C\u00e9dric \u00e0 imprimer pour enfants\">\n                <img class=\"Thumb\"\n                     alt=\"Coloriages de C\u00e9dric \u00e0 imprimer pour enfants\"\n                     src=\"https:\/\/www.justcolor.net\/enfants\/wp-content\/uploads\/sites\/11\/nggallery\/cedric\/cache\/coloriage-cedric-8.jpg-nggid041477-ngg0dyn-182x136-00f0w010c011r110f110r010t010.jpg\"\n                     loading=\"lazy\"\n                     width=\"250\"\n                     height=\"150\" \/>\n            <\/a>\n        <\/div>\n        <h2 class=\"gallery-grid-album-lig1\">\n            <a class=\"ngg-album-desc\"\n               title=\"Coloriages de C\u00e9dric \u00e0 imprimer\"\n               href=\"https:\/\/www.justcolor.net\/enfants\/coloriages-livres-et-bandes-dessinees\/cedric\/\">\n                C\u00e9dric            <\/a>\n        <\/h2>\n    <\/div>\n    <div class=\"gallery-grid-item\">\n        <div class=\"ngg-album-link\">\n            <a class=\"gallery_link\" href=\"https:\/\/www.justcolor.net\/enfants\/coloriages-livres-et-bandes-dessinees\/diddl\/\" title=\"Coloriages de Diddl \u00e0 imprimer pour enfants\">\n                <img class=\"Thumb\"\n                     alt=\"Coloriages de Diddl \u00e0 imprimer pour enfants\"\n                     src=\"https:\/\/www.justcolor.net\/enfants\/wp-content\/uploads\/sites\/11\/nggallery\/diddl\/cache\/coloriage_diddl-2.gif-nggid041473-ngg0dyn-182x136-00f0w010c011r110f110r010t010.gif\"\n                     loading=\"lazy\"\n                     width=\"250\"\n                     height=\"150\" \/>\n            <\/a>\n        <\/div>\n        <h2 class=\"gallery-grid-album-lig1\">\n            <a class=\"ngg-album-desc\"\n               title=\"Coloriages de Diddl \u00e0 imprimer\"\n               href=\"https:\/\/www.justcolor.net\/enfants\/coloriages-livres-et-bandes-dessinees\/diddl\/\">\n                Diddl            <\/a>\n        <\/h2>\n    <\/div>\n    <div class=\"gallery-grid-item\">\n        <div class=\"ngg-album-link\">\n            <a class=\"gallery_link\" href=\"https:\/\/www.justcolor.net\/enfants\/coloriages-livres-et-bandes-dessinees\/eleve-ducobu\/\" title=\"Coloriages de Ducobu \u00e0 imprimer pour enfants\">\n                <img class=\"Thumb\"\n                     alt=\"Coloriages de Ducobu \u00e0 imprimer pour enfants\"\n                     src=\"https:\/\/www.justcolor.net\/enfants\/wp-content\/uploads\/sites\/11\/nggallery\/ducobu\/cache\/coloriage-ducobu-1.jpg-nggid041488-ngg0dyn-182x136-00f0w010c011r110f110r010t010.jpg\"\n                     loading=\"lazy\"\n                     width=\"250\"\n                     height=\"150\" \/>\n            <\/a>\n        <\/div>\n        <h2 class=\"gallery-grid-album-lig1\">\n            <a class=\"ngg-album-desc\"\n               title=\"Coloriages de Ducobu \u00e0 imprimer\"\n               href=\"https:\/\/www.justcolor.net\/enfants\/coloriages-livres-et-bandes-dessinees\/eleve-ducobu\/\">\n                Ducobu            <\/a>\n        <\/h2>\n    <\/div>\n    <div class=\"gallery-grid-item\">\n        <div class=\"ngg-album-link\">\n            <a class=\"gallery_link\" href=\"https:\/\/www.justcolor.net\/enfants\/coloriages-livres-et-bandes-dessinees\/harry-potter\/\" title=\"Coloriages d&#039;Harry Potter \u00e0 imprimer pour enfants\">\n                <img class=\"Thumb\"\n                     alt=\"Coloriages d&#039;Harry Potter \u00e0 imprimer pour enfants\"\n                     src=\"https:\/\/www.justcolor.net\/enfants\/wp-content\/uploads\/sites\/11\/nggallery\/harry-potter\/cache\/coloriages-harry-potter-5.gif-nggid03716-ngg0dyn-182x136-00f0w010c011r110f110r010t010.gif\"\n                     loading=\"lazy\"\n                     width=\"250\"\n                     height=\"150\" \/>\n            <\/a>\n        <\/div>\n        <h2 class=\"gallery-grid-album-lig1\">\n            <a class=\"ngg-album-desc\"\n               title=\"Coloriages d&#039;Harry Potter \u00e0 imprimer\"\n               href=\"https:\/\/www.justcolor.net\/enfants\/coloriages-livres-et-bandes-dessinees\/harry-potter\/\">\n                Harry Potter            <\/a>\n        <\/h2>\n    <\/div>\n    <div class=\"gallery-grid-item\">\n        <div class=\"ngg-album-link\">\n            <a class=\"gallery_link\" href=\"https:\/\/www.justcolor.net\/enfants\/coloriages-livres-et-bandes-dessinees\/kid-paddle\/\" title=\"Coloriages de Kid Paddle \u00e0 imprimer pour enfants\">\n                <img class=\"Thumb\"\n                     alt=\"Coloriages de Kid Paddle \u00e0 imprimer pour enfants\"\n                     src=\"https:\/\/www.justcolor.net\/enfants\/wp-content\/uploads\/sites\/11\/nggallery\/kid-paddle\/cache\/coloriage-kid-paddle-8.gif-nggid041578-ngg0dyn-182x136-00f0w010c011r110f110r010t010.gif\"\n                     loading=\"lazy\"\n                     width=\"250\"\n                     height=\"150\" \/>\n            <\/a>\n        <\/div>\n        <h2 class=\"gallery-grid-album-lig1\">\n            <a class=\"ngg-album-desc\"\n               title=\"Coloriages de Kid Paddle \u00e0 imprimer\"\n               href=\"https:\/\/www.justcolor.net\/enfants\/coloriages-livres-et-bandes-dessinees\/kid-paddle\/\">\n                Kid Paddle            <\/a>\n        <\/h2>\n    <\/div>\n    <div class=\"gallery-grid-item\">\n        <div class=\"ngg-album-link\">\n            <a class=\"gallery_link\" href=\"https:\/\/www.justcolor.net\/enfants\/coloriages-livres-et-bandes-dessinees\/lours-paddington\/\" title=\"Coloriages de L&#039;Ours Paddington \u00e0 imprimer pour enfants\">\n                <img class=\"Thumb\"\n                     alt=\"Coloriages de L&#039;Ours Paddington \u00e0 imprimer pour enfants\"\n                     src=\"https:\/\/www.justcolor.net\/enfants\/wp-content\/uploads\/sites\/11\/nggallery\/lours-paddington\/cache\/coloriage-ours-paddington-3.jpeg-nggid0510637-ngg0dyn-182x136-00f0w010c011r110f110r010t010.jpeg\"\n                     loading=\"lazy\"\n                     width=\"250\"\n                     height=\"150\" \/>\n            <\/a>\n        <\/div>\n        <h2 class=\"gallery-grid-album-lig1\">\n            <a class=\"ngg-album-desc\"\n               title=\"Coloriages de L&#039;Ours Paddington \u00e0 imprimer\"\n               href=\"https:\/\/www.justcolor.net\/enfants\/coloriages-livres-et-bandes-dessinees\/lours-paddington\/\">\n                L'Ours Paddington            <\/a>\n        <\/h2>\n    <\/div>\n    <div class=\"gallery-grid-item\">\n        <div class=\"ngg-album-link\">\n            <a class=\"gallery_link\" href=\"https:\/\/www.justcolor.net\/enfants\/coloriages-livres-et-bandes-dessinees\/le-chat-chapeaute\/\" title=\"Coloriages de Le Chat chapeaut\u00e9 \u00e0 imprimer pour enfants\">\n                <img class=\"Thumb\"\n                     alt=\"Coloriages de Le Chat chapeaut\u00e9 \u00e0 imprimer pour enfants\"\n                     src=\"https:\/\/www.justcolor.net\/enfants\/wp-content\/uploads\/sites\/11\/nggallery\/le-chat-chapeaute\/cache\/coloriage-enfant-chat-jongleur-desordre-56789.jpg-nggid0512026-ngg0dyn-182x136-00f0w010c011r110f110r010t010.jpg\"\n                     loading=\"lazy\"\n                     width=\"250\"\n                     height=\"150\" \/>\n            <\/a>\n        <\/div>\n        <h2 class=\"gallery-grid-album-lig1\">\n            <a class=\"ngg-album-desc\"\n               title=\"Coloriages de Le Chat chapeaut\u00e9 \u00e0 imprimer\"\n               href=\"https:\/\/www.justcolor.net\/enfants\/coloriages-livres-et-bandes-dessinees\/le-chat-chapeaute\/\">\n                Le Chat chapeaut\u00e9            <\/a>\n        <\/h2>\n    <\/div>\n    <div class=\"gallery-grid-item\">\n        <div class=\"ngg-album-link\">\n            <a class=\"gallery_link\" href=\"https:\/\/www.justcolor.net\/enfants\/coloriages-livres-et-bandes-dessinees\/le-petit-nicolas\/\" title=\"Coloriages de Le Petit Nicolas \u00e0 imprimer pour enfants\">\n                <img class=\"Thumb\"\n                     alt=\"Coloriages de Le Petit Nicolas \u00e0 imprimer pour enfants\"\n                     src=\"https:\/\/www.justcolor.net\/enfants\/wp-content\/uploads\/sites\/11\/nggallery\/petit-nicolas\/cache\/coloriage-le-petit-nicolas-3.jpg-nggid041837-ngg0dyn-182x136-00f0w010c011r110f110r010t010.jpg\"\n                     loading=\"lazy\"\n                     width=\"250\"\n                     height=\"150\" \/>\n            <\/a>\n        <\/div>\n        <h2 class=\"gallery-grid-album-lig1\">\n            <a class=\"ngg-album-desc\"\n               title=\"Coloriages de Le Petit Nicolas \u00e0 imprimer\"\n               href=\"https:\/\/www.justcolor.net\/enfants\/coloriages-livres-et-bandes-dessinees\/le-petit-nicolas\/\">\n                Le Petit Nicolas            <\/a>\n        <\/h2>\n    <\/div>\n    <div class=\"gallery-grid-item\">\n        <div class=\"ngg-album-link\">\n            <a class=\"gallery_link\" href=\"https:\/\/www.justcolor.net\/enfants\/coloriages-livres-et-bandes-dessinees\/petit-prince\/\" title=\"Coloriages de Le petit Prince \u00e0 imprimer pour enfants\">\n                <img class=\"Thumb\"\n                     alt=\"Coloriages de Le petit Prince \u00e0 imprimer pour enfants\"\n                     src=\"https:\/\/www.justcolor.net\/enfants\/wp-content\/uploads\/sites\/11\/nggallery\/le-petit-prince\/cache\/coloriage-le-petit-prince-6.jpg-nggid041567-ngg0dyn-182x136-00f0w010c011r110f110r010t010.jpg\"\n                     loading=\"lazy\"\n                     width=\"250\"\n                     height=\"150\" \/>\n            <\/a>\n        <\/div>\n        <h2 class=\"gallery-grid-album-lig1\">\n            <a class=\"ngg-album-desc\"\n               title=\"Coloriages de Le petit Prince \u00e0 imprimer\"\n               href=\"https:\/\/www.justcolor.net\/enfants\/coloriages-livres-et-bandes-dessinees\/petit-prince\/\">\n                Le petit Prince            <\/a>\n        <\/h2>\n    <\/div>\n    <div class=\"gallery-grid-item\">\n        <div class=\"ngg-album-link\">\n            <a class=\"gallery_link\" href=\"https:\/\/www.justcolor.net\/enfants\/coloriages-livres-et-bandes-dessinees\/les-profs\/\" title=\"Coloriages de Les Profs \u00e0 imprimer pour enfants\">\n                <img class=\"Thumb\"\n                     alt=\"Coloriages de Les Profs \u00e0 imprimer pour enfants\"\n                     src=\"https:\/\/www.justcolor.net\/enfants\/wp-content\/uploads\/sites\/11\/nggallery\/les-profs\/cache\/coloriage-les-profs-3.jpg-nggid041576-ngg0dyn-182x136-00f0w010c011r110f110r010t010.jpg\"\n                     loading=\"lazy\"\n                     width=\"250\"\n                     height=\"150\" \/>\n            <\/a>\n        <\/div>\n        <h2 class=\"gallery-grid-album-lig1\">\n            <a class=\"ngg-album-desc\"\n               title=\"Coloriages de Les Profs \u00e0 imprimer\"\n               href=\"https:\/\/www.justcolor.net\/enfants\/coloriages-livres-et-bandes-dessinees\/les-profs\/\">\n                Les Profs            <\/a>\n        <\/h2>\n    <\/div>\n    <div class=\"gallery-grid-item\">\n        <div class=\"ngg-album-link\">\n            <a class=\"gallery_link\" href=\"https:\/\/www.justcolor.net\/enfants\/coloriages-livres-et-bandes-dessinees\/schtroumpfs\/\" title=\"Coloriages de Les Schtroumpfs \u00e0 imprimer pour enfants\">\n                <img class=\"Thumb\"\n                     alt=\"Coloriages de Les Schtroumpfs \u00e0 imprimer pour enfants\"\n                     src=\"https:\/\/www.justcolor.net\/enfants\/wp-content\/uploads\/sites\/11\/nggallery\/les-schtroumpfs\/cache\/coloriage_schtroumpf-1.jpg-nggid03552-ngg0dyn-182x136-00f0w010c011r110f110r010t010.jpg\"\n                     loading=\"lazy\"\n                     width=\"250\"\n                     height=\"150\" \/>\n            <\/a>\n        <\/div>\n        <h2 class=\"gallery-grid-album-lig1\">\n            <a class=\"ngg-album-desc\"\n               title=\"Coloriages de Les Schtroumpfs \u00e0 imprimer\"\n               href=\"https:\/\/www.justcolor.net\/enfants\/coloriages-livres-et-bandes-dessinees\/schtroumpfs\/\">\n                Les Schtroumpfs            <\/a>\n        <\/h2>\n    <\/div>\n    <div class=\"gallery-grid-item\">\n        <div class=\"ngg-album-link\">\n            <a class=\"gallery_link\" href=\"https:\/\/www.justcolor.net\/enfants\/coloriages-livres-et-bandes-dessinees\/lucky-luke\/\" title=\"Coloriages de Lucky Luke \u00e0 imprimer pour enfants\">\n                <img class=\"Thumb\"\n                     alt=\"Coloriages de Lucky Luke \u00e0 imprimer pour enfants\"\n                     src=\"https:\/\/www.justcolor.net\/enfants\/wp-content\/uploads\/sites\/11\/nggallery\/lucky-luke\/cache\/coloriage-lucky-luke-2.jpg-nggid041353-ngg0dyn-182x136-00f0w010c011r110f110r010t010.jpg\"\n                     loading=\"lazy\"\n                     width=\"250\"\n                     height=\"150\" \/>\n            <\/a>\n        <\/div>\n        <h2 class=\"gallery-grid-album-lig1\">\n            <a class=\"ngg-album-desc\"\n               title=\"Coloriages de Lucky Luke \u00e0 imprimer\"\n               href=\"https:\/\/www.justcolor.net\/enfants\/coloriages-livres-et-bandes-dessinees\/lucky-luke\/\">\n                Lucky Luke            <\/a>\n        <\/h2>\n    <\/div>\n    <div class=\"gallery-grid-item\">\n        <div class=\"ngg-album-link\">\n            <a class=\"gallery_link\" href=\"https:\/\/www.justcolor.net\/enfants\/coloriages-livres-et-bandes-dessinees\/marsupilami\/\" title=\"Coloriages de Marsupilami \u00e0 imprimer pour enfants\">\n                <img class=\"Thumb\"\n                     alt=\"Coloriages de Marsupilami \u00e0 imprimer pour enfants\"\n                     src=\"https:\/\/www.justcolor.net\/enfants\/wp-content\/uploads\/sites\/11\/nggallery\/marsupilami\/cache\/coloriage-marsupilami-4.jpg-nggid041604-ngg0dyn-182x136-00f0w010c011r110f110r010t010.jpg\"\n                     loading=\"lazy\"\n                     width=\"250\"\n                     height=\"150\" \/>\n            <\/a>\n        <\/div>\n        <h2 class=\"gallery-grid-album-lig1\">\n            <a class=\"ngg-album-desc\"\n               title=\"Coloriages de Marsupilami \u00e0 imprimer\"\n               href=\"https:\/\/www.justcolor.net\/enfants\/coloriages-livres-et-bandes-dessinees\/marsupilami\/\">\n                Marsupilami            <\/a>\n        <\/h2>\n    <\/div>\n    <div class=\"gallery-grid-item\">\n        <div class=\"ngg-album-link\">\n            <a class=\"gallery_link\" href=\"https:\/\/www.justcolor.net\/enfants\/coloriages-livres-et-bandes-dessinees\/pete-le-chat\/\" title=\"Coloriages de Pete le Chat \u00e0 imprimer pour enfants\">\n                <img class=\"Thumb\"\n                     alt=\"Coloriages de Pete le Chat \u00e0 imprimer pour enfants\"\n                     src=\"https:\/\/www.justcolor.net\/enfants\/wp-content\/uploads\/sites\/11\/nggallery\/pete-le-chat\/cache\/coloriage-enfants-chat-skateur-67824.jpg-nggid0512033-ngg0dyn-182x136-00f0w010c011r110f110r010t010.jpg\"\n                     loading=\"lazy\"\n                     width=\"250\"\n                     height=\"150\" \/>\n            <\/a>\n        <\/div>\n        <h2 class=\"gallery-grid-album-lig1\">\n            <a class=\"ngg-album-desc\"\n               title=\"Coloriages de Pete le Chat \u00e0 imprimer\"\n               href=\"https:\/\/www.justcolor.net\/enfants\/coloriages-livres-et-bandes-dessinees\/pete-le-chat\/\">\n                Pete le Chat            <\/a>\n        <\/h2>\n    <\/div>\n    <div class=\"gallery-grid-item\">\n        <div class=\"ngg-album-link\">\n            <a class=\"gallery_link\" href=\"https:\/\/www.justcolor.net\/enfants\/coloriages-livres-et-bandes-dessinees\/pierre-lapin\/\" title=\"Coloriages de Pierre Lapin \u00e0 imprimer pour enfants\">\n                <img class=\"Thumb\"\n                     alt=\"Coloriages de Pierre Lapin \u00e0 imprimer pour enfants\"\n                     src=\"https:\/\/www.justcolor.net\/enfants\/wp-content\/uploads\/sites\/11\/nggallery\/pierre-lapin\/thumbs\/thumbs_coloriage-pierre-lapin-jardin-78241.jpg\"\n                     loading=\"lazy\"\n                     width=\"250\"\n                     height=\"150\" \/>\n            <\/a>\n        <\/div>\n        <h2 class=\"gallery-grid-album-lig1\">\n            <a class=\"ngg-album-desc\"\n               title=\"Coloriages de Pierre Lapin \u00e0 imprimer\"\n               href=\"https:\/\/www.justcolor.net\/enfants\/coloriages-livres-et-bandes-dessinees\/pierre-lapin\/\">\n                Pierre Lapin            <\/a>\n        <\/h2>\n    <\/div>\n    <div class=\"gallery-grid-item\">\n        <div class=\"ngg-album-link\">\n            <a class=\"gallery_link\" href=\"https:\/\/www.justcolor.net\/enfants\/coloriages-livres-et-bandes-dessinees\/snoopy\/\" title=\"Coloriages de Snoopy \u00e0 imprimer pour enfants\">\n                <img class=\"Thumb\"\n                     alt=\"Coloriages de Snoopy \u00e0 imprimer pour enfants\"\n                     src=\"https:\/\/www.justcolor.net\/enfants\/wp-content\/uploads\/sites\/11\/nggallery\/snoopy\/cache\/coloriage-enfants-snoopy-00002.jpeg-nggid049221-ngg0dyn-182x136-00f0w010c011r110f110r010t010.jpeg\"\n                     loading=\"lazy\"\n                     width=\"250\"\n                     height=\"150\" \/>\n            <\/a>\n        <\/div>\n        <h2 class=\"gallery-grid-album-lig1\">\n            <a class=\"ngg-album-desc\"\n               title=\"Coloriages de Snoopy \u00e0 imprimer\"\n               href=\"https:\/\/www.justcolor.net\/enfants\/coloriages-livres-et-bandes-dessinees\/snoopy\/\">\n                Snoopy            <\/a>\n        <\/h2>\n    <\/div>\n    <div class=\"gallery-grid-item\">\n        <div class=\"ngg-album-link\">\n            <a class=\"gallery_link\" href=\"https:\/\/www.justcolor.net\/enfants\/coloriages-livres-et-bandes-dessinees\/coloriages-tintin\/\" title=\"Coloriages de Tintin \u00e0 imprimer pour enfants\">\n                <img class=\"Thumb\"\n                     alt=\"Coloriages de Tintin \u00e0 imprimer pour enfants\"\n                     src=\"https:\/\/www.justcolor.net\/enfants\/wp-content\/uploads\/sites\/11\/nggallery\/tintin\/cache\/disegno-di-tin-tin-e-milou-da-colorare.jpg-nggid03852-ngg0dyn-182x136-00f0w010c011r110f110r010t010.jpg\"\n                     loading=\"lazy\"\n                     width=\"250\"\n                     height=\"150\" \/>\n            <\/a>\n        <\/div>\n        <h2 class=\"gallery-grid-album-lig1\">\n            <a class=\"ngg-album-desc\"\n               title=\"Coloriages de Tintin \u00e0 imprimer\"\n               href=\"https:\/\/www.justcolor.net\/enfants\/coloriages-livres-et-bandes-dessinees\/coloriages-tintin\/\">\n                Tintin            <\/a>\n        <\/h2>\n    <\/div>\n    <div class=\"gallery-grid-item\">\n        <div class=\"ngg-album-link\">\n            <a class=\"gallery_link\" href=\"https:\/\/www.justcolor.net\/enfants\/coloriages-livres-et-bandes-dessinees\/titeuf\/\" title=\"Coloriages de Titeuf \u00e0 imprimer pour enfants\">\n                <img class=\"Thumb\"\n                     alt=\"Coloriages de Titeuf \u00e0 imprimer pour enfants\"\n                     src=\"https:\/\/www.justcolor.net\/enfants\/wp-content\/uploads\/sites\/11\/nggallery\/titeuf\/cache\/coloriage-titeuf-1.gif-nggid03858-ngg0dyn-182x136-00f0w010c011r110f110r010t010.gif\"\n                     loading=\"lazy\"\n                     width=\"250\"\n                     height=\"150\" \/>\n            <\/a>\n        <\/div>\n        <h2 class=\"gallery-grid-album-lig1\">\n            <a class=\"ngg-album-desc\"\n               title=\"Coloriages de Titeuf \u00e0 imprimer\"\n               href=\"https:\/\/www.justcolor.net\/enfants\/coloriages-livres-et-bandes-dessinees\/titeuf\/\">\n                Titeuf            <\/a>\n        <\/h2>\n    <\/div>\n    <div class=\"gallery-grid-item\">\n        <div class=\"ngg-album-link\">\n            <a class=\"gallery_link\" href=\"https:\/\/www.justcolor.net\/enfants\/coloriages-livres-et-bandes-dessinees\/wings-of-fire\/\" title=\"Coloriages de Wings Of Fire \u00e0 imprimer pour enfants\">\n                <img class=\"Thumb\"\n                     alt=\"Coloriages de Wings Of Fire \u00e0 imprimer pour enfants\"\n                     src=\"https:\/\/www.justcolor.net\/enfants\/wp-content\/uploads\/sites\/11\/nggallery\/wings-of-fire\/cache\/coloriage-enfants-dragon-arbre-54321.jpg-nggid0511874-ngg0dyn-182x136-00f0w010c011r110f110r010t010.jpg\"\n                     loading=\"lazy\"\n                     width=\"250\"\n                     height=\"150\" \/>\n            <\/a>\n        <\/div>\n        <h2 class=\"gallery-grid-album-lig1\">\n            <a class=\"ngg-album-desc\"\n               title=\"Coloriages de Wings Of Fire \u00e0 imprimer\"\n               href=\"https:\/\/www.justcolor.net\/enfants\/coloriages-livres-et-bandes-dessinees\/wings-of-fire\/\">\n                Wings Of Fire            <\/a>\n        <\/h2>\n    <\/div>\n<br class=\"ngg-clear\"\/>\n<div class='ngg-clear'><\/div><\/div>\n\n\n\n","protected":false},"excerpt":{"rendered":"<p>D\u00e9couvrez notre collection de <b>pages \u00e0 colorier de personnages<\/b> inspir\u00e9es de livres et de bandes dessin\u00e9es bien-aim\u00e9s\u00a0! Du monde magique de <b>Harry Potter<\/b> aux aventures d&rsquo;<b>Ast\u00e9rix<\/b> en passant par les contes attachants du <b>Le Petit Prince<\/b>, ces feuilles de coloriage donnent vie \u00e0 des personnages qui ont captiv\u00e9 l\u2019imagination des lecteurs depuis des g\u00e9n\u00e9rations.<\/p>\n<p>La bande dessin\u00e9e europ\u00e9enne (France et Belgique notamment) a une riche tradition, avec des personnages embl\u00e9matiques comme <b>Tintin<\/b> et <b>Lucky Luke<\/b> dont les aventures palpitantes ravissent le public depuis des d\u00e9cennies. Le monde fantaisiste des <b>Schtroumpfs (Schtroumpfs)<\/b> et les pitreries humoristiques du <b>Le Petit Nicolas<\/b> offrent des possibilit\u00e9s infinies de plaisir cr\u00e9atif.<\/p>\n<p>Vous pourrez \u00e9galement d\u00e9couvrir les m\u00e9saventures humoristiques de personnages comme <b>Ducobu<\/b>, <b>C\u00e9dric<\/b> et <b>Titeuf<\/b>, ou profiter du charme ludique de <b>Boule et Bill <\/b> et l&rsquo;univers fantastique du <b>Marsupilami<\/b>. Pour ceux qui aiment une touche de nostalgie, des personnages comme <b>Snoopy<\/b> et <b>Diddl<\/b> rappelleront \u00e0 coup s\u00fbr de bons souvenirs.<\/p>\n","protected":false},"author":1,"featured_media":0,"parent":0,"menu_order":0,"comment_status":"closed","ping_status":"closed","template":"","meta":{"ngg_post_thumbnail":0,"footnotes":""},"tags":[3423],"class_list":{"0":"post-988","1":"page","2":"type-page","3":"status-publish","5":"tag-supergallery"},"_links":{"self":[{"href":"https:\/\/www.justcolor.net\/enfants\/wp-json\/wp\/v2\/pages\/988","targetHints":{"allow":["GET"]}}],"collection":[{"href":"https:\/\/www.justcolor.net\/enfants\/wp-json\/wp\/v2\/pages"}],"about":[{"href":"https:\/\/www.justcolor.net\/enfants\/wp-json\/wp\/v2\/types\/page"}],"author":[{"embeddable":true,"href":"https:\/\/www.justcolor.net\/enfants\/wp-json\/wp\/v2\/users\/1"}],"replies":[{"embeddable":true,"href":"https:\/\/www.justcolor.net\/enfants\/wp-json\/wp\/v2\/comments?post=988"}],"version-history":[{"count":0,"href":"https:\/\/www.justcolor.net\/enfants\/wp-json\/wp\/v2\/pages\/988\/revisions"}],"wp:attachment":[{"href":"https:\/\/www.justcolor.net\/enfants\/wp-json\/wp\/v2\/media?parent=988"}],"wp:term":[{"taxonomy":"post_tag","embeddable":true,"href":"https:\/\/www.justcolor.net\/enfants\/wp-json\/wp\/v2\/tags?post=988"}],"curies":[{"name":"wp","href":"https:\/\/api.w.org\/{rel}","templated":true}]}}