{"id":22509185,"date":"2023-11-13T09:43:26","date_gmt":"2023-11-13T08:43:26","guid":{"rendered":"https:\/\/www.justcolor.net\/?page_id=22509185"},"modified":"2023-11-13T09:44:05","modified_gmt":"2023-11-13T08:44:05","slug":"top-tags","status":"publish","type":"page","link":"https:\/\/www.justcolor.net\/es\/top-tags\/","title":{"rendered":"Todas nuestras p\u00e1ginas de colorear complejas para adultos clasificadas por palabras clave"},"content":{"rendered":"","protected":false},"excerpt":{"rendered":"<p>Explora nuestras p\u00e1ginas de colorear complejas para adultos organizadas por palabras clave. Aqu\u00ed encontrar\u00e1s acceso directo a miles de dibujos detallados, perfectos para aquellos que disfrutan del arte desafiante. Ya sea que busques animales, naturaleza, personajes famosos o temas espec\u00edficos como \u00abmujer\u00bb o \u00abdrag\u00f3n\u00bb, navega por nuestra colecci\u00f3n y empieza a colorear hoy.<\/p>\n","protected":false},"author":1,"featured_media":0,"parent":0,"menu_order":0,"comment_status":"closed","ping_status":"closed","template":"page-toptags.php","meta":{"ngg_post_thumbnail":0,"footnotes":""},"tags":[],"class_list":["post-22509185","page","type-page","status-publish"],"_links":{"self":[{"href":"https:\/\/www.justcolor.net\/es\/wp-json\/wp\/v2\/pages\/22509185","targetHints":{"allow":["GET"]}}],"collection":[{"href":"https:\/\/www.justcolor.net\/es\/wp-json\/wp\/v2\/pages"}],"about":[{"href":"https:\/\/www.justcolor.net\/es\/wp-json\/wp\/v2\/types\/page"}],"author":[{"embeddable":true,"href":"https:\/\/www.justcolor.net\/es\/wp-json\/wp\/v2\/users\/1"}],"replies":[{"embeddable":true,"href":"https:\/\/www.justcolor.net\/es\/wp-json\/wp\/v2\/comments?post=22509185"}],"version-history":[{"count":0,"href":"https:\/\/www.justcolor.net\/es\/wp-json\/wp\/v2\/pages\/22509185\/revisions"}],"wp:attachment":[{"href":"https:\/\/www.justcolor.net\/es\/wp-json\/wp\/v2\/media?parent=22509185"}],"wp:term":[{"taxonomy":"post_tag","embeddable":true,"href":"https:\/\/www.justcolor.net\/es\/wp-json\/wp\/v2\/tags?post=22509185"}],"curies":[{"name":"wp","href":"https:\/\/api.w.org\/{rel}","templated":true}]}}