{"id":6483,"date":"2016-04-28T17:31:56","date_gmt":"2016-04-28T16:31:56","guid":{"rendered":"https:\/\/www.justcolor.net\/es\/es\/es\/es\/es\/es\/es\/es\/es\/es\/es\/es\/es\/es\/es\/es\/es\/es\/es\/es\/es\/es\/es\/es\/es\/es\/es\/es\/es\/es\/es\/es\/es\/es\/es\/es\/es\/es\/es\/es\/es\/es\/es\/es\/es\/es\/es\/es\/es\/es\/es\/es\/es\/es\/es\/es\/es\/es\/es\/es\/es\/es\/es\/es\/es\/es\/es\/es\/es\/es\/es\/es\/es\/es\/es\/es\/e"},"modified":"2018-02-12T09:41:26","modified_gmt":"2018-02-12T08:41:26","slug":"viajes","status":"publish","type":"page","link":"https:\/\/www.justcolor.net\/es\/viajes\/","title":{"rendered":"Viajes"},"content":{"rendered":"<div class=\"gallery-grid\">\n    <div class=\"gallery-grid-item\">\n        <div class=\"ngg-album-link\">\n            <a class=\"gallery_link\" href=\"https:\/\/www.justcolor.net\/es\/viajes\/africa\/\" title=\"P\u00e1ginas de \u00c1frica para imprimir para adultos\">\n                <img class=\"Thumb\"\n                     alt=\"P\u00e1ginas de \u00c1frica para imprimir para adultos\"\n                     src=\"https:\/\/www.justcolor.net\/es\/wp-content\/uploads\/sites\/3\/nggallery\/africa\/cache\/colorear-para-adultos-africa-59549.jpg-nggid044660-ngg0dyn-182x136-00f0w010c011r110f110r010t010.jpg\"\n                     loading=\"lazy\"\n                     width=\"250\"\n                     height=\"150\" \/>\n            <\/a>\n        <\/div>\n        <h2 class=\"gallery-grid-album-lig1\">\n            <a class=\"ngg-album-desc\"\n               title=\"P\u00e1ginas de \u00c1frica  para imprimir\"\n               href=\"https:\/\/www.justcolor.net\/es\/viajes\/africa\/\">\n                \u00c1frica            <\/a>\n        <\/h2>\n    <\/div>\n    <div class=\"gallery-grid-item\">\n        <div class=\"ngg-album-link\">\n            <a class=\"gallery_link\" href=\"https:\/\/www.justcolor.net\/es\/viajes\/architecture-home\/\" title=\"P\u00e1ginas de Arquitectura, pa\u00edses y ciudades para imprimir para adultos\">\n                <img class=\"Thumb\"\n                     alt=\"P\u00e1ginas de Arquitectura, pa\u00edses y ciudades para imprimir para adultos\"\n                     src=\"https:\/\/www.justcolor.net\/es\/wp-content\/uploads\/sites\/3\/nggallery\/architecture-home\/cache\/colorear-para-adultos-architecture-home-46012.jpg-nggid044694-ngg0dyn-182x136-00f0w010c011r110f110r010t010.jpg\"\n                     loading=\"lazy\"\n                     width=\"250\"\n                     height=\"150\" \/>\n            <\/a>\n        <\/div>\n        <h2 class=\"gallery-grid-album-lig1\">\n            <a class=\"ngg-album-desc\"\n               title=\"P\u00e1ginas de Arquitectura, pa\u00edses y ciudades  para imprimir\"\n               href=\"https:\/\/www.justcolor.net\/es\/viajes\/architecture-home\/\">\n                Arquitectura, pa\u00edses y ciudades            <\/a>\n        <\/h2>\n    <\/div>\n    <div class=\"gallery-grid-item\">\n        <div class=\"ngg-album-link\">\n            <a class=\"gallery_link\" href=\"https:\/\/www.justcolor.net\/es\/viajes\/china-asia\/\" title=\"P\u00e1ginas de China &amp; Asia para imprimir para adultos\">\n                <img class=\"Thumb\"\n                     alt=\"P\u00e1ginas de China &amp; Asia para imprimir para adultos\"\n                     src=\"https:\/\/www.justcolor.net\/es\/wp-content\/uploads\/sites\/3\/nggallery\/china-asia\/cache\/colorear-para-adultos-china-asia-49277.jpg-nggid03402-ngg0dyn-182x136-00f0w010c011r110f110r010t010.jpg\"\n                     loading=\"lazy\"\n                     width=\"250\"\n                     height=\"150\" \/>\n            <\/a>\n        <\/div>\n        <h2 class=\"gallery-grid-album-lig1\">\n            <a class=\"ngg-album-desc\"\n               title=\"P\u00e1ginas de China &amp; Asia  para imprimir\"\n               href=\"https:\/\/www.justcolor.net\/es\/viajes\/china-asia\/\">\n                China & Asia            <\/a>\n        <\/h2>\n    <\/div>\n    <div class=\"gallery-grid-item\">\n        <div class=\"ngg-album-link\">\n            <a class=\"gallery_link\" href=\"https:\/\/www.justcolor.net\/es\/viajes\/egipto-y-jeroglificos\/\" title=\"P\u00e1ginas de Egipto y Jerogl\u00edficos para imprimir para adultos\">\n                <img class=\"Thumb\"\n                     alt=\"P\u00e1ginas de Egipto y Jerogl\u00edficos para imprimir para adultos\"\n                     src=\"https:\/\/www.justcolor.net\/es\/wp-content\/uploads\/sites\/3\/nggallery\/egypte-et-hieroglyphes\/cache\/colorear-para-adultos-egipto-y-jeroglificos-75437.jpg-nggid03144-ngg0dyn-182x136-00f0w010c011r110f110r010t010.jpg\"\n                     loading=\"lazy\"\n                     width=\"250\"\n                     height=\"150\" \/>\n            <\/a>\n        <\/div>\n        <h2 class=\"gallery-grid-album-lig1\">\n            <a class=\"ngg-album-desc\"\n               title=\"P\u00e1ginas de Egipto y Jerogl\u00edficos  para imprimir\"\n               href=\"https:\/\/www.justcolor.net\/es\/viajes\/egipto-y-jeroglificos\/\">\n                Egipto y Jerogl\u00edficos            <\/a>\n        <\/h2>\n    <\/div>\n    <div class=\"gallery-grid-item\">\n        <div class=\"ngg-album-link\">\n            <a class=\"gallery_link\" href=\"https:\/\/www.justcolor.net\/es\/viajes\/india-y-bollywood\/\" title=\"P\u00e1ginas de India y Bollywood para imprimir para adultos\">\n                <img class=\"Thumb\"\n                     alt=\"P\u00e1ginas de India y Bollywood para imprimir para adultos\"\n                     src=\"https:\/\/www.justcolor.net\/es\/wp-content\/uploads\/sites\/3\/nggallery\/bollywood\/cache\/colorear-para-adultos-india-y-bollywood-51883.gif-nggid0251-ngg0dyn-182x136-00f0w010c011r110f110r010t010.gif\"\n                     loading=\"lazy\"\n                     width=\"250\"\n                     height=\"150\" \/>\n            <\/a>\n        <\/div>\n        <h2 class=\"gallery-grid-album-lig1\">\n            <a class=\"ngg-album-desc\"\n               title=\"P\u00e1ginas de India y Bollywood  para imprimir\"\n               href=\"https:\/\/www.justcolor.net\/es\/viajes\/india-y-bollywood\/\">\n                India y Bollywood            <\/a>\n        <\/h2>\n    <\/div>\n    <div class=\"gallery-grid-item\">\n        <div class=\"ngg-album-link\">\n            <a class=\"gallery_link\" href=\"https:\/\/www.justcolor.net\/es\/viajes\/indonesia\/\" title=\"P\u00e1ginas de Indonesia para imprimir para adultos\">\n                <img class=\"Thumb\"\n                     alt=\"P\u00e1ginas de Indonesia para imprimir para adultos\"\n                     src=\"https:\/\/www.justcolor.net\/es\/wp-content\/uploads\/sites\/3\/nggallery\/indonesia\/cache\/colorear-para-adultos-indonesia-33053.jpg-nggid045117-ngg0dyn-182x136-00f0w010c011r110f110r010t010.jpg\"\n                     loading=\"lazy\"\n                     width=\"250\"\n                     height=\"150\" \/>\n            <\/a>\n        <\/div>\n        <h2 class=\"gallery-grid-album-lig1\">\n            <a class=\"ngg-album-desc\"\n               title=\"P\u00e1ginas de Indonesia  para imprimir\"\n               href=\"https:\/\/www.justcolor.net\/es\/viajes\/indonesia\/\">\n                Indonesia            <\/a>\n        <\/h2>\n    <\/div>\n    <div class=\"gallery-grid-item\">\n        <div class=\"ngg-album-link\">\n            <a class=\"gallery_link\" href=\"https:\/\/www.justcolor.net\/es\/viajes\/india-de-america\/\" title=\"P\u00e1ginas de India de Am\u00e9rica para imprimir para adultos\">\n                <img class=\"Thumb\"\n                     alt=\"P\u00e1ginas de India de Am\u00e9rica para imprimir para adultos\"\n                     src=\"https:\/\/www.justcolor.net\/es\/wp-content\/uploads\/sites\/3\/nggallery\/native-americans\/cache\/colorear-para-adultos-india-de-america-73279.jpg-nggid041263-ngg0dyn-182x136-00f0w010c011r110f110r010t010.jpg\"\n                     loading=\"lazy\"\n                     width=\"250\"\n                     height=\"150\" \/>\n            <\/a>\n        <\/div>\n        <h2 class=\"gallery-grid-album-lig1\">\n            <a class=\"ngg-album-desc\"\n               title=\"P\u00e1ginas de India de Am\u00e9rica  para imprimir\"\n               href=\"https:\/\/www.justcolor.net\/es\/viajes\/india-de-america\/\">\n                India de Am\u00e9rica            <\/a>\n        <\/h2>\n    <\/div>\n    <div class=\"gallery-grid-item\">\n        <div class=\"ngg-album-link\">\n            <a class=\"gallery_link\" href=\"https:\/\/www.justcolor.net\/es\/viajes\/south-korea\/\" title=\"P\u00e1ginas de Corea del Sur para imprimir para adultos\">\n                <img class=\"Thumb\"\n                     alt=\"P\u00e1ginas de Corea del Sur para imprimir para adultos\"\n                     src=\"https:\/\/www.justcolor.net\/es\/wp-content\/uploads\/sites\/3\/nggallery\/south-korea\/thumbs\/thumbs_dibujos-para-colorear-para-adultos-south-korea-25076.jpg\"\n                     loading=\"lazy\"\n                     width=\"250\"\n                     height=\"150\" \/>\n            <\/a>\n        <\/div>\n        <h2 class=\"gallery-grid-album-lig1\">\n            <a class=\"ngg-album-desc\"\n               title=\"P\u00e1ginas de Corea del Sur  para imprimir\"\n               href=\"https:\/\/www.justcolor.net\/es\/viajes\/south-korea\/\">\n                Corea del Sur            <\/a>\n        <\/h2>\n    <\/div>\n    <div class=\"gallery-grid-item\">\n        <div class=\"ngg-album-link\">\n            <a class=\"gallery_link\" href=\"https:\/\/www.justcolor.net\/es\/viajes\/japon\/\" title=\"P\u00e1ginas de Jap\u00f3n para imprimir para adultos\">\n                <img class=\"Thumb\"\n                     alt=\"P\u00e1ginas de Jap\u00f3n para imprimir para adultos\"\n                     src=\"https:\/\/www.justcolor.net\/es\/wp-content\/uploads\/sites\/3\/nggallery\/japan\/thumbs\/thumbs_colorear-para-adultos-japon-86621.jpg\"\n                     loading=\"lazy\"\n                     width=\"250\"\n                     height=\"150\" \/>\n            <\/a>\n        <\/div>\n        <h2 class=\"gallery-grid-album-lig1\">\n            <a class=\"ngg-album-desc\"\n               title=\"P\u00e1ginas de Jap\u00f3n  para imprimir\"\n               href=\"https:\/\/www.justcolor.net\/es\/viajes\/japon\/\">\n                Jap\u00f3n            <\/a>\n        <\/h2>\n    <\/div>\n    <div class=\"gallery-grid-item\">\n        <div class=\"ngg-album-link\">\n            <a class=\"gallery_link\" href=\"https:\/\/www.justcolor.net\/es\/viajes\/mayas-aztecas-e-incas\/\" title=\"P\u00e1ginas de Mayas, Aztecas e Incas para imprimir para adultos\">\n                <img class=\"Thumb\"\n                     alt=\"P\u00e1ginas de Mayas, Aztecas e Incas para imprimir para adultos\"\n                     src=\"https:\/\/www.justcolor.net\/es\/wp-content\/uploads\/sites\/3\/nggallery\/mayans-aztecs-and-incas\/cache\/colorear-para-adultos-mayas-aztecas-e-incas-29967.jpg-nggid041277-ngg0dyn-182x136-00f0w010c011r110f110r010t010.jpg\"\n                     loading=\"lazy\"\n                     width=\"250\"\n                     height=\"150\" \/>\n            <\/a>\n        <\/div>\n        <h2 class=\"gallery-grid-album-lig1\">\n            <a class=\"ngg-album-desc\"\n               title=\"P\u00e1ginas de Mayas, Aztecas e Incas  para imprimir\"\n               href=\"https:\/\/www.justcolor.net\/es\/viajes\/mayas-aztecas-e-incas\/\">\n                Mayas, Aztecas e Incas            <\/a>\n        <\/h2>\n    <\/div>\n    <div class=\"gallery-grid-item\">\n        <div class=\"ngg-album-link\">\n            <a class=\"gallery_link\" href=\"https:\/\/www.justcolor.net\/es\/viajes\/new-york\/\" title=\"P\u00e1ginas de New York para imprimir para adultos\">\n                <img class=\"Thumb\"\n                     alt=\"P\u00e1ginas de New York para imprimir para adultos\"\n                     src=\"https:\/\/www.justcolor.net\/es\/wp-content\/uploads\/sites\/3\/nggallery\/new-york\/cache\/colorear-para-adultos-new-york-27440.jpg-nggid044570-ngg0dyn-182x136-00f0w010c011r110f110r010t010.jpg\"\n                     loading=\"lazy\"\n                     width=\"250\"\n                     height=\"150\" \/>\n            <\/a>\n        <\/div>\n        <h2 class=\"gallery-grid-album-lig1\">\n            <a class=\"ngg-album-desc\"\n               title=\"P\u00e1ginas de New York  para imprimir\"\n               href=\"https:\/\/www.justcolor.net\/es\/viajes\/new-york\/\">\n                New York            <\/a>\n        <\/h2>\n    <\/div>\n    <div class=\"gallery-grid-item\">\n        <div class=\"ngg-album-link\">\n            <a class=\"gallery_link\" href=\"https:\/\/www.justcolor.net\/es\/viajes\/paris\/\" title=\"P\u00e1ginas de Paris para imprimir para adultos\">\n                <img class=\"Thumb\"\n                     alt=\"P\u00e1ginas de Paris para imprimir para adultos\"\n                     src=\"https:\/\/www.justcolor.net\/es\/wp-content\/uploads\/sites\/3\/nggallery\/paris\/thumbs\/thumbs_colorear-para-adultos-paris-75667.jpg\"\n                     loading=\"lazy\"\n                     width=\"250\"\n                     height=\"150\" \/>\n            <\/a>\n        <\/div>\n        <h2 class=\"gallery-grid-album-lig1\">\n            <a class=\"ngg-album-desc\"\n               title=\"P\u00e1ginas de Paris  para imprimir\"\n               href=\"https:\/\/www.justcolor.net\/es\/viajes\/paris\/\">\n                Paris            <\/a>\n        <\/h2>\n    <\/div>\n    <div class=\"gallery-grid-item\">\n        <div class=\"ngg-album-link\">\n            <a class=\"gallery_link\" href=\"https:\/\/www.justcolor.net\/es\/viajes\/este-y-1001-noches\/\" title=\"P\u00e1ginas de Este y 1001 Noches para imprimir para adultos\">\n                <img class=\"Thumb\"\n                     alt=\"P\u00e1ginas de Este y 1001 Noches para imprimir para adultos\"\n                     src=\"https:\/\/www.justcolor.net\/es\/wp-content\/uploads\/sites\/3\/nggallery\/1001-nuits-et-orient\/cache\/colorear-para-adultos-este-y-1001-noches-98158.gif-nggid0222-ngg0dyn-182x136-00f0w010c011r110f110r010t010.gif\"\n                     loading=\"lazy\"\n                     width=\"250\"\n                     height=\"150\" \/>\n            <\/a>\n        <\/div>\n        <h2 class=\"gallery-grid-album-lig1\">\n            <a class=\"ngg-album-desc\"\n               title=\"P\u00e1ginas de Este y 1001 Noches  para imprimir\"\n               href=\"https:\/\/www.justcolor.net\/es\/viajes\/este-y-1001-noches\/\">\n                Este y 1001 Noches            <\/a>\n        <\/h2>\n    <\/div>\n    <div class=\"gallery-grid-item\">\n        <div class=\"ngg-album-link\">\n            <a class=\"gallery_link\" href=\"https:\/\/www.justcolor.net\/es\/viajes\/tibet\/\" title=\"P\u00e1ginas de Tibet para imprimir para adultos\">\n                <img class=\"Thumb\"\n                     alt=\"P\u00e1ginas de Tibet para imprimir para adultos\"\n                     src=\"https:\/\/www.justcolor.net\/es\/wp-content\/uploads\/sites\/3\/nggallery\/tibet\/cache\/colorear-para-adultos-tibet-56412.jpg-nggid03326-ngg0dyn-182x136-00f0w010c011r110f110r010t010.jpg\"\n                     loading=\"lazy\"\n                     width=\"250\"\n                     height=\"150\" \/>\n            <\/a>\n        <\/div>\n        <h2 class=\"gallery-grid-album-lig1\">\n            <a class=\"ngg-album-desc\"\n               title=\"P\u00e1ginas de Tibet  para imprimir\"\n               href=\"https:\/\/www.justcolor.net\/es\/viajes\/tibet\/\">\n                Tibet            <\/a>\n        <\/h2>\n    <\/div>\n    <div class=\"gallery-grid-item\">\n        <div class=\"ngg-album-link\">\n            <a class=\"gallery_link\" href=\"https:\/\/www.justcolor.net\/es\/viajes\/antigua-grecia\/\" title=\"P\u00e1ginas de Antigua Grecia para imprimir para adultos\">\n                <img class=\"Thumb\"\n                     alt=\"P\u00e1ginas de Antigua Grecia para imprimir para adultos\"\n                     src=\"https:\/\/www.justcolor.net\/es\/wp-content\/uploads\/sites\/3\/nggallery\/ancient-greece\/cache\/colorear-para-adultos-antigua-grecia-580.jpg-nggid043383-ngg0dyn-182x136-00f0w010c011r110f110r010t010.jpg\"\n                     loading=\"lazy\"\n                     width=\"250\"\n                     height=\"150\" \/>\n            <\/a>\n        <\/div>\n        <h2 class=\"gallery-grid-album-lig1\">\n            <a class=\"ngg-album-desc\"\n               title=\"P\u00e1ginas de Antigua Grecia  para imprimir\"\n               href=\"https:\/\/www.justcolor.net\/es\/viajes\/antigua-grecia\/\">\n                Antigua Grecia            <\/a>\n        <\/h2>\n    <\/div>\n<br class=\"ngg-clear\"\/>\n<div class='ngg-clear'><\/div><\/div>\n\n","protected":false},"excerpt":{"rendered":"<p>Viaja a trav\u00e9s del tiempo y el espacio &#8230;Con estas galer\u00edas de p\u00e1ginas para colorear, descubra <b>pa\u00edses<\/b>, <b>grandes ciudades<\/b> en todo el mundo, sus diversas bellezas y tradiciones. As\u00f3mbrate tambi\u00e9n con las <b>civilizaciones antiguas<\/ b>, que inspiraron las creaciones de dibujos originales realizados por talentosos artistas.<\/p>\n<p>Esperamos que con los colores que agregar\u00e1, estos dise\u00f1os har\u00e1n que quiera viajar de verdad.<\/p>\n","protected":false},"author":1,"featured_media":6808,"parent":0,"menu_order":3,"comment_status":"closed","ping_status":"closed","template":"","meta":{"ngg_post_thumbnail":0,"footnotes":""},"tags":[402],"class_list":{"0":"post-6483","1":"page","2":"type-page","3":"status-publish","4":"has-post-thumbnail","6":"tag-supergallery"},"_links":{"self":[{"href":"https:\/\/www.justcolor.net\/es\/wp-json\/wp\/v2\/pages\/6483","targetHints":{"allow":["GET"]}}],"collection":[{"href":"https:\/\/www.justcolor.net\/es\/wp-json\/wp\/v2\/pages"}],"about":[{"href":"https:\/\/www.justcolor.net\/es\/wp-json\/wp\/v2\/types\/page"}],"author":[{"embeddable":true,"href":"https:\/\/www.justcolor.net\/es\/wp-json\/wp\/v2\/users\/1"}],"replies":[{"embeddable":true,"href":"https:\/\/www.justcolor.net\/es\/wp-json\/wp\/v2\/comments?post=6483"}],"version-history":[{"count":0,"href":"https:\/\/www.justcolor.net\/es\/wp-json\/wp\/v2\/pages\/6483\/revisions"}],"wp:featuredmedia":[{"embeddable":true,"href":"https:\/\/www.justcolor.net\/es\/wp-json\/wp\/v2\/media\/6808"}],"wp:attachment":[{"href":"https:\/\/www.justcolor.net\/es\/wp-json\/wp\/v2\/media?parent=6483"}],"wp:term":[{"taxonomy":"post_tag","embeddable":true,"href":"https:\/\/www.justcolor.net\/es\/wp-json\/wp\/v2\/tags?post=6483"}],"curies":[{"name":"wp","href":"https:\/\/api.w.org\/{rel}","templated":true}]}}