{"id":6484,"date":"2016-04-28T17:32:11","date_gmt":"2016-04-28T16:32:11","guid":{"rendered":"https:\/\/www.justcolor.net\/es\/es\/es\/es\/es\/es\/es\/es\/es\/es\/es\/es\/es\/es\/es\/es\/es\/es\/es\/es\/es\/es\/es\/es\/es\/es\/es\/es\/es\/es\/es\/es\/es\/es\/es\/es\/es\/es\/es\/es\/es\/es\/es\/es\/es\/es\/es\/es\/es\/es\/es\/es\/es\/es\/es\/es\/es\/es\/es\/es\/es\/es\/es\/es\/es\/es\/es\/es\/es\/es\/es\/es\/es\/es\/es\/es\/e"},"modified":"2018-02-12T11:05:08","modified_gmt":"2018-02-12T10:05:08","slug":"arte","status":"publish","type":"page","link":"https:\/\/www.justcolor.net\/es\/arte\/","title":{"rendered":"Arte"},"content":{"rendered":"<div class=\"gallery-grid\">\n    <div class=\"gallery-grid-item\">\n        <div class=\"ngg-album-link\">\n            <a class=\"gallery_link\" href=\"https:\/\/www.justcolor.net\/es\/arte\/arquitectura\/\" title=\"P\u00e1ginas de Architecture para imprimir para adultos\">\n                <img class=\"Thumb\"\n                     alt=\"P\u00e1ginas de Architecture para imprimir para adultos\"\n                     src=\"https:\/\/www.justcolor.net\/es\/wp-content\/uploads\/sites\/3\/nggallery\/architecture\/thumbs\/thumbs_dibujos-para-colorear-para-adultos-architecture-16558.jpg\"\n                     loading=\"lazy\"\n                     width=\"250\"\n                     height=\"150\" \/>\n            <\/a>\n        <\/div>\n        <h2 class=\"gallery-grid-album-lig1\">\n            <a class=\"ngg-album-desc\"\n               title=\"P\u00e1ginas de Architecture  para imprimir\"\n               href=\"https:\/\/www.justcolor.net\/es\/arte\/arquitectura\/\">\n                Architecture            <\/a>\n        <\/h2>\n    <\/div>\n    <div class=\"gallery-grid-item\">\n        <div class=\"ngg-album-link\">\n            <a class=\"gallery_link\" href=\"https:\/\/www.justcolor.net\/es\/arte\/obra-de-arte\/\" title=\"P\u00e1ginas de Obra de arte para imprimir para adultos\">\n                <img class=\"Thumb\"\n                     alt=\"P\u00e1ginas de Obra de arte para imprimir para adultos\"\n                     src=\"https:\/\/www.justcolor.net\/es\/wp-content\/uploads\/sites\/3\/nggallery\/art\/cache\/dibujos-para-colorear-para-adultos-obra-de-arte-28099.jpg-nggid046007-ngg0dyn-182x136-00f0w010c011r110f110r010t010.jpg\"\n                     loading=\"lazy\"\n                     width=\"250\"\n                     height=\"150\" \/>\n            <\/a>\n        <\/div>\n        <h2 class=\"gallery-grid-album-lig1\">\n            <a class=\"ngg-album-desc\"\n               title=\"P\u00e1ginas de Obra de arte  para imprimir\"\n               href=\"https:\/\/www.justcolor.net\/es\/arte\/obra-de-arte\/\">\n                Obra de arte            <\/a>\n        <\/h2>\n    <\/div>\n    <div class=\"gallery-grid-item\">\n        <div class=\"ngg-album-link\">\n            <a class=\"gallery_link\" href=\"https:\/\/www.justcolor.net\/es\/arte\/el-arte-celta\/\" title=\"P\u00e1ginas de El Arte Celta para imprimir para adultos\">\n                <img class=\"Thumb\"\n                     alt=\"P\u00e1ginas de El Arte Celta para imprimir para adultos\"\n                     src=\"https:\/\/www.justcolor.net\/es\/wp-content\/uploads\/sites\/3\/nggallery\/celtic-art\/cache\/colorear-para-adultos-el-arte-celta-15659.jpg-nggid043263-ngg0dyn-182x136-00f0w010c011r110f110r010t010.jpg\"\n                     loading=\"lazy\"\n                     width=\"250\"\n                     height=\"150\" \/>\n            <\/a>\n        <\/div>\n        <h2 class=\"gallery-grid-album-lig1\">\n            <a class=\"ngg-album-desc\"\n               title=\"P\u00e1ginas de El Arte Celta  para imprimir\"\n               href=\"https:\/\/www.justcolor.net\/es\/arte\/el-arte-celta\/\">\n                El Arte Celta            <\/a>\n        <\/h2>\n    <\/div>\n    <div class=\"gallery-grid-item\">\n        <div class=\"ngg-album-link\">\n            <a class=\"gallery_link\" href=\"https:\/\/www.justcolor.net\/es\/arte\/grabados\/\" title=\"P\u00e1ginas de Grabados para imprimir para adultos\">\n                <img class=\"Thumb\"\n                     alt=\"P\u00e1ginas de Grabados para imprimir para adultos\"\n                     src=\"https:\/\/www.justcolor.net\/es\/wp-content\/uploads\/sites\/3\/nggallery\/engraving\/cache\/colorear-para-adultos-grabados-1119.jpg-nggid041374-ngg0dyn-182x136-00f0w010c011r110f110r010t010.jpg\"\n                     loading=\"lazy\"\n                     width=\"250\"\n                     height=\"150\" \/>\n            <\/a>\n        <\/div>\n        <h2 class=\"gallery-grid-album-lig1\">\n            <a class=\"ngg-album-desc\"\n               title=\"P\u00e1ginas de Grabados  para imprimir\"\n               href=\"https:\/\/www.justcolor.net\/es\/arte\/grabados\/\">\n                Grabados            <\/a>\n        <\/h2>\n    <\/div>\n    <div class=\"gallery-grid-item\">\n        <div class=\"ngg-album-link\">\n            <a class=\"gallery_link\" href=\"https:\/\/www.justcolor.net\/es\/arte\/steampunk\/\" title=\"P\u00e1ginas de Steampunk para imprimir para adultos\">\n                <img class=\"Thumb\"\n                     alt=\"P\u00e1ginas de Steampunk para imprimir para adultos\"\n                     src=\"https:\/\/www.justcolor.net\/es\/wp-content\/uploads\/sites\/3\/nggallery\/steampunk\/thumbs\/thumbs_dibujos-para-colorear-para-adultos-steampunk-10101.jpg\"\n                     loading=\"lazy\"\n                     width=\"250\"\n                     height=\"150\" \/>\n            <\/a>\n        <\/div>\n        <h2 class=\"gallery-grid-album-lig1\">\n            <a class=\"ngg-album-desc\"\n               title=\"P\u00e1ginas de Steampunk  para imprimir\"\n               href=\"https:\/\/www.justcolor.net\/es\/arte\/steampunk\/\">\n                Steampunk            <\/a>\n        <\/h2>\n    <\/div>\n    <div class=\"gallery-grid-item\">\n        <div class=\"ngg-album-link\">\n            <a class=\"gallery_link\" href=\"https:\/\/www.justcolor.net\/es\/arte\/arts-and-crafts\/\" title=\"P\u00e1ginas de Arts and Crafts para imprimir para adultos\">\n                <img class=\"Thumb\"\n                     alt=\"P\u00e1ginas de Arts and Crafts para imprimir para adultos\"\n                     src=\"https:\/\/www.justcolor.net\/es\/wp-content\/uploads\/sites\/3\/nggallery\/arts-and-crafts-movement\/cache\/colorear-para-adultos--99277.jpg-nggid044843-ngg0dyn-182x136-00f0w010c011r110f110r010t010.jpg\"\n                     loading=\"lazy\"\n                     width=\"250\"\n                     height=\"150\" \/>\n            <\/a>\n        <\/div>\n        <h2 class=\"gallery-grid-album-lig1\">\n            <a class=\"ngg-album-desc\"\n               title=\"P\u00e1ginas de Arts and Crafts  para imprimir\"\n               href=\"https:\/\/www.justcolor.net\/es\/arte\/arts-and-crafts\/\">\n                Arts and Crafts            <\/a>\n        <\/h2>\n    <\/div>\n    <div class=\"gallery-grid-item\">\n        <div class=\"ngg-album-link\">\n            <a class=\"gallery_link\" href=\"https:\/\/www.justcolor.net\/es\/arte\/art-nouveau\/\" title=\"P\u00e1ginas de Art nouveau para imprimir para adultos\">\n                <img class=\"Thumb\"\n                     alt=\"P\u00e1ginas de Art nouveau para imprimir para adultos\"\n                     src=\"https:\/\/www.justcolor.net\/es\/wp-content\/uploads\/sites\/3\/nggallery\/art-nouveau\/cache\/colorear-para-adultos-art-nouveau-39208.jpg-nggid03415-ngg0dyn-182x136-00f0w010c011r110f110r010t010.jpg\"\n                     loading=\"lazy\"\n                     width=\"250\"\n                     height=\"150\" \/>\n            <\/a>\n        <\/div>\n        <h2 class=\"gallery-grid-album-lig1\">\n            <a class=\"ngg-album-desc\"\n               title=\"P\u00e1ginas de Art nouveau  para imprimir\"\n               href=\"https:\/\/www.justcolor.net\/es\/arte\/art-nouveau\/\">\n                Art nouveau            <\/a>\n        <\/h2>\n    <\/div>\n    <div class=\"gallery-grid-item\">\n        <div class=\"ngg-album-link\">\n            <a class=\"gallery_link\" href=\"https:\/\/www.justcolor.net\/es\/arte\/art-deco\/\" title=\"P\u00e1ginas de Art deco para imprimir para adultos\">\n                <img class=\"Thumb\"\n                     alt=\"P\u00e1ginas de Art deco para imprimir para adultos\"\n                     src=\"https:\/\/www.justcolor.net\/es\/wp-content\/uploads\/sites\/3\/nggallery\/art-deco\/cache\/dibujos-para-colorear-para-adultos-art-deco-16200.jpg-nggid047060-ngg0dyn-182x136-00f0w010c011r110f110r010t010.jpg\"\n                     loading=\"lazy\"\n                     width=\"250\"\n                     height=\"150\" \/>\n            <\/a>\n        <\/div>\n        <h2 class=\"gallery-grid-album-lig1\">\n            <a class=\"ngg-album-desc\"\n               title=\"P\u00e1ginas de Art deco  para imprimir\"\n               href=\"https:\/\/www.justcolor.net\/es\/arte\/art-deco\/\">\n                Art deco            <\/a>\n        <\/h2>\n    <\/div>\n    <div class=\"gallery-grid-item\">\n        <div class=\"ngg-album-link\">\n            <a class=\"gallery_link\" href=\"https:\/\/www.justcolor.net\/es\/arte\/pop-art\/\" title=\"P\u00e1ginas de Pop Art para imprimir para adultos\">\n                <img class=\"Thumb\"\n                     alt=\"P\u00e1ginas de Pop Art para imprimir para adultos\"\n                     src=\"https:\/\/www.justcolor.net\/es\/wp-content\/uploads\/sites\/3\/nggallery\/pop-art\/cache\/colorear-para-adultos-pop-art-54827.jpg-nggid043828-ngg0dyn-182x136-00f0w010c011r110f110r010t010.jpg\"\n                     loading=\"lazy\"\n                     width=\"250\"\n                     height=\"150\" \/>\n            <\/a>\n        <\/div>\n        <h2 class=\"gallery-grid-album-lig1\">\n            <a class=\"ngg-album-desc\"\n               title=\"P\u00e1ginas de Pop Art  para imprimir\"\n               href=\"https:\/\/www.justcolor.net\/es\/arte\/pop-art\/\">\n                Pop Art            <\/a>\n        <\/h2>\n    <\/div>\n    <div class=\"gallery-grid-item\">\n        <div class=\"ngg-album-link\">\n            <a class=\"gallery_link\" href=\"https:\/\/www.justcolor.net\/es\/arte\/art-brut\/\" title=\"P\u00e1ginas de Art brut para imprimir para adultos\">\n                <img class=\"Thumb\"\n                     alt=\"P\u00e1ginas de Art brut para imprimir para adultos\"\n                     src=\"https:\/\/www.justcolor.net\/es\/wp-content\/uploads\/sites\/3\/nggallery\/art-brut\/cache\/colorear-para-adultos-art-brut-53678.jpg-nggid03547-ngg0dyn-182x136-00f0w010c011r110f110r010t010.jpg\"\n                     loading=\"lazy\"\n                     width=\"250\"\n                     height=\"150\" \/>\n            <\/a>\n        <\/div>\n        <h2 class=\"gallery-grid-album-lig1\">\n            <a class=\"ngg-album-desc\"\n               title=\"P\u00e1ginas de Art brut  para imprimir\"\n               href=\"https:\/\/www.justcolor.net\/es\/arte\/art-brut\/\">\n                Art brut            <\/a>\n        <\/h2>\n    <\/div>\n    <div class=\"gallery-grid-item\">\n        <div class=\"ngg-album-link\">\n            <a class=\"gallery_link\" href=\"https:\/\/www.justcolor.net\/es\/arte\/op-art\/\" title=\"P\u00e1ginas de Op Art para imprimir para adultos\">\n                <img class=\"Thumb\"\n                     alt=\"P\u00e1ginas de Op Art para imprimir para adultos\"\n                     src=\"https:\/\/www.justcolor.net\/es\/wp-content\/uploads\/sites\/3\/nggallery\/op-art\/cache\/colorear-para-adultos-op-art-90374.jpg-nggid03441-ngg0dyn-182x136-00f0w010c011r110f110r010t010.jpg\"\n                     loading=\"lazy\"\n                     width=\"250\"\n                     height=\"150\" \/>\n            <\/a>\n        <\/div>\n        <h2 class=\"gallery-grid-album-lig1\">\n            <a class=\"ngg-album-desc\"\n               title=\"P\u00e1ginas de Op Art  para imprimir\"\n               href=\"https:\/\/www.justcolor.net\/es\/arte\/op-art\/\">\n                Op Art            <\/a>\n        <\/h2>\n    <\/div>\n    <div class=\"gallery-grid-item\">\n        <div class=\"ngg-album-link\">\n            <a class=\"gallery_link\" href=\"https:\/\/www.justcolor.net\/es\/arte\/leyendas-y-graffitis\/\" title=\"P\u00e1ginas de Leyendas y graffitis para imprimir para adultos\">\n                <img class=\"Thumb\"\n                     alt=\"P\u00e1ginas de Leyendas y graffitis para imprimir para adultos\"\n                     src=\"https:\/\/www.justcolor.net\/es\/wp-content\/uploads\/sites\/3\/nggallery\/tags-et-graffitis\/cache\/colorear-para-adultos-leyendas-y-graffitis-61498.jpg-nggid041244-ngg0dyn-182x136-00f0w010c011r110f110r010t010.jpg\"\n                     loading=\"lazy\"\n                     width=\"250\"\n                     height=\"150\" \/>\n            <\/a>\n        <\/div>\n        <h2 class=\"gallery-grid-album-lig1\">\n            <a class=\"ngg-album-desc\"\n               title=\"P\u00e1ginas de Leyendas y graffitis  para imprimir\"\n               href=\"https:\/\/www.justcolor.net\/es\/arte\/leyendas-y-graffitis\/\">\n                Leyendas y graffitis            <\/a>\n        <\/h2>\n    <\/div>\n    <div class=\"gallery-grid-item\">\n        <div class=\"ngg-album-link\">\n            <a class=\"gallery_link\" href=\"https:\/\/www.justcolor.net\/es\/arte\/tatuajes\/\" title=\"P\u00e1ginas de Tatuajes para imprimir para adultos\">\n                <img class=\"Thumb\"\n                     alt=\"P\u00e1ginas de Tatuajes para imprimir para adultos\"\n                     src=\"https:\/\/www.justcolor.net\/es\/wp-content\/uploads\/sites\/3\/nggallery\/tatoo\/cache\/colorear-para-adultos-tatuajes-97452.jpg-nggid03247-ngg0dyn-182x136-00f0w010c011r110f110r010t010.jpg\"\n                     loading=\"lazy\"\n                     width=\"250\"\n                     height=\"150\" \/>\n            <\/a>\n        <\/div>\n        <h2 class=\"gallery-grid-album-lig1\">\n            <a class=\"ngg-album-desc\"\n               title=\"P\u00e1ginas de Tatuajes  para imprimir\"\n               href=\"https:\/\/www.justcolor.net\/es\/arte\/tatuajes\/\">\n                Tatuajes            <\/a>\n        <\/h2>\n    <\/div>\n    <div class=\"gallery-grid-item\">\n        <div class=\"ngg-album-link\">\n            <a class=\"gallery_link\" href=\"https:\/\/www.justcolor.net\/es\/arte\/fashion-clothing\/\" title=\"P\u00e1ginas de Fashion &amp; clothing para imprimir para adultos\">\n                <img class=\"Thumb\"\n                     alt=\"P\u00e1ginas de Fashion &amp; clothing para imprimir para adultos\"\n                     src=\"https:\/\/www.justcolor.net\/es\/wp-content\/uploads\/sites\/3\/nggallery\/fashion-clothing\/cache\/colorear-para-adultos-fashion-clothing-96324.jpg-nggid03459-ngg0dyn-182x136-00f0w010c011r110f110r010t010.jpg\"\n                     loading=\"lazy\"\n                     width=\"250\"\n                     height=\"150\" \/>\n            <\/a>\n        <\/div>\n        <h2 class=\"gallery-grid-album-lig1\">\n            <a class=\"ngg-album-desc\"\n               title=\"P\u00e1ginas de Fashion &amp; clothing  para imprimir\"\n               href=\"https:\/\/www.justcolor.net\/es\/arte\/fashion-clothing\/\">\n                Fashion & clothing            <\/a>\n        <\/h2>\n    <\/div>\n    <div class=\"gallery-grid-item\">\n        <div class=\"ngg-album-link\">\n            <a class=\"gallery_link\" href=\"https:\/\/www.justcolor.net\/es\/arte\/azulejos\/\" title=\"P\u00e1ginas de Azulejos para imprimir para adultos\">\n                <img class=\"Thumb\"\n                     alt=\"P\u00e1ginas de Azulejos para imprimir para adultos\"\n                     src=\"https:\/\/www.justcolor.net\/es\/wp-content\/uploads\/sites\/3\/nggallery\/azulejos\/cache\/colorear-para-adultos-azulejos-52361.jpg-nggid045094-ngg0dyn-182x136-00f0w010c011r110f110r010t010.jpg\"\n                     loading=\"lazy\"\n                     width=\"250\"\n                     height=\"150\" \/>\n            <\/a>\n        <\/div>\n        <h2 class=\"gallery-grid-album-lig1\">\n            <a class=\"ngg-album-desc\"\n               title=\"P\u00e1ginas de Azulejos  para imprimir\"\n               href=\"https:\/\/www.justcolor.net\/es\/arte\/azulejos\/\">\n                Azulejos            <\/a>\n        <\/h2>\n    <\/div>\n    <div class=\"gallery-grid-item\">\n        <div class=\"ngg-album-link\">\n            <a class=\"gallery_link\" href=\"https:\/\/www.justcolor.net\/es\/arte\/moorish-art\/\" title=\"P\u00e1ginas de Moorish art para imprimir para adultos\">\n                <img class=\"Thumb\"\n                     alt=\"P\u00e1ginas de Moorish art para imprimir para adultos\"\n                     src=\"https:\/\/www.justcolor.net\/es\/wp-content\/uploads\/sites\/3\/nggallery\/moorish-art\/cache\/colorear-para-adultos-moorish-art-98500.jpg-nggid045115-ngg0dyn-182x136-00f0w010c011r110f110r010t010.jpg\"\n                     loading=\"lazy\"\n                     width=\"250\"\n                     height=\"150\" \/>\n            <\/a>\n        <\/div>\n        <h2 class=\"gallery-grid-album-lig1\">\n            <a class=\"ngg-album-desc\"\n               title=\"P\u00e1ginas de Moorish art  para imprimir\"\n               href=\"https:\/\/www.justcolor.net\/es\/arte\/moorish-art\/\">\n                Moorish art            <\/a>\n        <\/h2>\n    <\/div>\n<br class=\"ngg-clear\"\/>\n<div class='ngg-clear'><\/div><\/div>\n\n","protected":false},"excerpt":{"rendered":"<p>Reproducir o personalizar <b>obras maestras<\/b> de los grandes maestros m\u00e1s famosos (de Da Vinci a Warhol, pasando por Renoir, Monet, Dal\u00ed o Picasso) &#8230; D\u00e9jese inspirar de estilos art\u00edsticos atemporales como <b>Art Deco<\/b>, <b>Art Nouveau<\/ b> o <b>Pop Art<\/b> &#8230;<\/p>\n<p>Y, finalmente, descubre m\u00e1s estilos contempor\u00e1neos como <b>Street art<\/b> o <b>Op Art<\/b>.<\/p>\n<p>Y si te gustan los <b> Tatuajes <\/ b>, \u00a1tambi\u00e9n tenemos cosas incre\u00edbles!<\/p>\n","protected":false},"author":1,"featured_media":6802,"parent":0,"menu_order":4,"comment_status":"closed","ping_status":"closed","template":"","meta":{"ngg_post_thumbnail":0,"footnotes":""},"tags":[402],"class_list":{"0":"post-6484","1":"page","2":"type-page","3":"status-publish","4":"has-post-thumbnail","6":"tag-supergallery"},"_links":{"self":[{"href":"https:\/\/www.justcolor.net\/es\/wp-json\/wp\/v2\/pages\/6484","targetHints":{"allow":["GET"]}}],"collection":[{"href":"https:\/\/www.justcolor.net\/es\/wp-json\/wp\/v2\/pages"}],"about":[{"href":"https:\/\/www.justcolor.net\/es\/wp-json\/wp\/v2\/types\/page"}],"author":[{"embeddable":true,"href":"https:\/\/www.justcolor.net\/es\/wp-json\/wp\/v2\/users\/1"}],"replies":[{"embeddable":true,"href":"https:\/\/www.justcolor.net\/es\/wp-json\/wp\/v2\/comments?post=6484"}],"version-history":[{"count":0,"href":"https:\/\/www.justcolor.net\/es\/wp-json\/wp\/v2\/pages\/6484\/revisions"}],"wp:featuredmedia":[{"embeddable":true,"href":"https:\/\/www.justcolor.net\/es\/wp-json\/wp\/v2\/media\/6802"}],"wp:attachment":[{"href":"https:\/\/www.justcolor.net\/es\/wp-json\/wp\/v2\/media?parent=6484"}],"wp:term":[{"taxonomy":"post_tag","embeddable":true,"href":"https:\/\/www.justcolor.net\/es\/wp-json\/wp\/v2\/tags?post=6484"}],"curies":[{"name":"wp","href":"https:\/\/api.w.org\/{rel}","templated":true}]}}