{"id":6486,"date":"2016-04-28T17:35:34","date_gmt":"2016-04-28T16:35:34","guid":{"rendered":"https:\/\/www.justcolor.net\/es\/es\/es\/es\/es\/es\/es\/es\/es\/es\/es\/es\/es\/es\/es\/es\/es\/es\/es\/es\/es\/es\/es\/es\/es\/es\/es\/es\/es\/es\/es\/es\/es\/es\/es\/es\/es\/es\/es\/es\/es\/es\/es\/es\/es\/es\/es\/es\/es\/es\/es\/es\/es\/es\/es\/es\/es\/es\/es\/es\/es\/es\/es\/es\/es\/es\/es\/es\/es\/es\/es\/es\/es\/es\/es\/es\/e"},"modified":"2016-09-15T13:44:15","modified_gmt":"2016-09-15T12:44:15","slug":"historia","status":"publish","type":"page","link":"https:\/\/www.justcolor.net\/es\/historia\/","title":{"rendered":"Historia"},"content":{"rendered":"<div class=\"gallery-grid\">\n    <div class=\"gallery-grid-item\">\n        <div class=\"ngg-album-link\">\n            <a class=\"gallery_link\" href=\"https:\/\/www.justcolor.net\/es\/historia\/peliculas\/\" title=\"P\u00e1ginas de Pel\u00edculas para imprimir para adultos\">\n                <img class=\"Thumb\"\n                     alt=\"P\u00e1ginas de Pel\u00edculas para imprimir para adultos\"\n                     src=\"https:\/\/www.justcolor.net\/es\/wp-content\/uploads\/sites\/3\/nggallery\/movie-posters\/cache\/colorear-para-adultos-peliculas-93937.jpg-nggid03491-ngg0dyn-182x136-00f0w010c011r110f110r010t010.jpg\"\n                     loading=\"lazy\"\n                     width=\"250\"\n                     height=\"150\" \/>\n            <\/a>\n        <\/div>\n        <h2 class=\"gallery-grid-album-lig1\">\n            <a class=\"ngg-album-desc\"\n               title=\"P\u00e1ginas de Pel\u00edculas  para imprimir\"\n               href=\"https:\/\/www.justcolor.net\/es\/historia\/peliculas\/\">\n                Pel\u00edculas            <\/a>\n        <\/h2>\n    <\/div>\n    <div class=\"gallery-grid-item\">\n        <div class=\"ngg-album-link\">\n            <a class=\"gallery_link\" href=\"https:\/\/www.justcolor.net\/es\/historia\/series-de-tv\/\" title=\"P\u00e1ginas de Series de TV para imprimir para adultos\">\n                <img class=\"Thumb\"\n                     alt=\"P\u00e1ginas de Series de TV para imprimir para adultos\"\n                     src=\"https:\/\/www.justcolor.net\/es\/wp-content\/uploads\/sites\/3\/nggallery\/tv-series\/cache\/colorear-para-adultos-series-de-tv-25049.jpg-nggid03395-ngg0dyn-182x136-00f0w010c011r110f110r010t010.jpg\"\n                     loading=\"lazy\"\n                     width=\"250\"\n                     height=\"150\" \/>\n            <\/a>\n        <\/div>\n        <h2 class=\"gallery-grid-album-lig1\">\n            <a class=\"ngg-album-desc\"\n               title=\"P\u00e1ginas de Series de TV  para imprimir\"\n               href=\"https:\/\/www.justcolor.net\/es\/historia\/series-de-tv\/\">\n                Series de TV            <\/a>\n        <\/h2>\n    <\/div>\n    <div class=\"gallery-grid-item\">\n        <div class=\"ngg-album-link\">\n            <a class=\"gallery_link\" href=\"https:\/\/www.justcolor.net\/es\/historia\/fairy-tales\/\" title=\"P\u00e1ginas de Cuentos de hadas para imprimir para adultos\">\n                <img class=\"Thumb\"\n                     alt=\"P\u00e1ginas de Cuentos de hadas para imprimir para adultos\"\n                     src=\"https:\/\/www.justcolor.net\/es\/wp-content\/uploads\/sites\/3\/nggallery\/fairy-tales\/cache\/colorear-para-adultos-fairy-tales-32506.jpg-nggid042052-ngg0dyn-182x136-00f0w010c011r110f110r010t010.jpg\"\n                     loading=\"lazy\"\n                     width=\"250\"\n                     height=\"150\" \/>\n            <\/a>\n        <\/div>\n        <h2 class=\"gallery-grid-album-lig1\">\n            <a class=\"ngg-album-desc\"\n               title=\"P\u00e1ginas de Cuentos de hadas  para imprimir\"\n               href=\"https:\/\/www.justcolor.net\/es\/historia\/fairy-tales\/\">\n                Cuentos de hadas            <\/a>\n        <\/h2>\n    <\/div>\n    <div class=\"gallery-grid-item\">\n        <div class=\"ngg-album-link\">\n            <a class=\"gallery_link\" href=\"https:\/\/www.justcolor.net\/es\/historia\/reyes-y-reinas\/\" title=\"P\u00e1ginas de Reyes y reinas para imprimir para adultos\">\n                <img class=\"Thumb\"\n                     alt=\"P\u00e1ginas de Reyes y reinas para imprimir para adultos\"\n                     src=\"https:\/\/www.justcolor.net\/es\/wp-content\/uploads\/sites\/3\/nggallery\/kings-and-queens\/cache\/colorear-para-adultos-reyes-y-reinas-29004.jpg-nggid041365-ngg0dyn-182x136-00f0w010c011r110f110r010t010.jpg\"\n                     loading=\"lazy\"\n                     width=\"250\"\n                     height=\"150\" \/>\n            <\/a>\n        <\/div>\n        <h2 class=\"gallery-grid-album-lig1\">\n            <a class=\"ngg-album-desc\"\n               title=\"P\u00e1ginas de Reyes y reinas  para imprimir\"\n               href=\"https:\/\/www.justcolor.net\/es\/historia\/reyes-y-reinas\/\">\n                Reyes y reinas            <\/a>\n        <\/h2>\n    <\/div>\n    <div class=\"gallery-grid-item\">\n        <div class=\"ngg-album-link\">\n            <a class=\"gallery_link\" href=\"https:\/\/www.justcolor.net\/es\/historia\/vidrieras\/\" title=\"P\u00e1ginas de Vidrieras para imprimir para adultos\">\n                <img class=\"Thumb\"\n                     alt=\"P\u00e1ginas de Vidrieras para imprimir para adultos\"\n                     src=\"https:\/\/www.justcolor.net\/es\/wp-content\/uploads\/sites\/3\/nggallery\/vitraux\/cache\/colorear-para-adultos-vidrieras-22076.jpg-nggid03290-ngg0dyn-182x136-00f0w010c011r110f110r010t010.jpg\"\n                     loading=\"lazy\"\n                     width=\"250\"\n                     height=\"150\" \/>\n            <\/a>\n        <\/div>\n        <h2 class=\"gallery-grid-album-lig1\">\n            <a class=\"ngg-album-desc\"\n               title=\"P\u00e1ginas de Vidrieras  para imprimir\"\n               href=\"https:\/\/www.justcolor.net\/es\/historia\/vidrieras\/\">\n                Vidrieras            <\/a>\n        <\/h2>\n    <\/div>\n    <div class=\"gallery-grid-item\">\n        <div class=\"ngg-album-link\">\n            <a class=\"gallery_link\" href=\"https:\/\/www.justcolor.net\/es\/historia\/edades-medias\/\" title=\"P\u00e1ginas de Edades medias para imprimir para adultos\">\n                <img class=\"Thumb\"\n                     alt=\"P\u00e1ginas de Edades medias para imprimir para adultos\"\n                     src=\"https:\/\/www.justcolor.net\/es\/wp-content\/uploads\/sites\/3\/nggallery\/middle-age\/cache\/colorear-para-adultos-edades-medias-4592.jpg-nggid041447-ngg0dyn-182x136-00f0w010c011r110f110r010t010.jpg\"\n                     loading=\"lazy\"\n                     width=\"250\"\n                     height=\"150\" \/>\n            <\/a>\n        <\/div>\n        <h2 class=\"gallery-grid-album-lig1\">\n            <a class=\"ngg-album-desc\"\n               title=\"P\u00e1ginas de Edades medias  para imprimir\"\n               href=\"https:\/\/www.justcolor.net\/es\/historia\/edades-medias\/\">\n                Edades medias            <\/a>\n        <\/h2>\n    <\/div>\n    <div class=\"gallery-grid-item\">\n        <div class=\"ngg-album-link\">\n            <a class=\"gallery_link\" href=\"https:\/\/www.justcolor.net\/es\/historia\/mitos-y-leyendas\/\" title=\"P\u00e1ginas de Mitos y leyendas para imprimir para adultos\">\n                <img class=\"Thumb\"\n                     alt=\"P\u00e1ginas de Mitos y leyendas para imprimir para adultos\"\n                     src=\"https:\/\/www.justcolor.net\/es\/wp-content\/uploads\/sites\/3\/nggallery\/myths-legends\/cache\/colorear-para-adultos-mitos-y-leyendas-63639.jpg-nggid03392-ngg0dyn-182x136-00f0w010c011r110f110r010t010.jpg\"\n                     loading=\"lazy\"\n                     width=\"250\"\n                     height=\"150\" \/>\n            <\/a>\n        <\/div>\n        <h2 class=\"gallery-grid-album-lig1\">\n            <a class=\"ngg-album-desc\"\n               title=\"P\u00e1ginas de Mitos y leyendas  para imprimir\"\n               href=\"https:\/\/www.justcolor.net\/es\/historia\/mitos-y-leyendas\/\">\n                Mitos y leyendas            <\/a>\n        <\/h2>\n    <\/div>\n    <div class=\"gallery-grid-item\">\n        <div class=\"ngg-album-link\">\n            <a class=\"gallery_link\" href=\"https:\/\/www.justcolor.net\/es\/historia\/dragones\/\" title=\"P\u00e1ginas de Dragones para imprimir para adultos\">\n                <img class=\"Thumb\"\n                     alt=\"P\u00e1ginas de Dragones para imprimir para adultos\"\n                     src=\"https:\/\/www.justcolor.net\/es\/wp-content\/uploads\/sites\/3\/nggallery\/dragons\/thumbs\/thumbs_colorear-para-adultos-dragones-35486.jpg\"\n                     loading=\"lazy\"\n                     width=\"250\"\n                     height=\"150\" \/>\n            <\/a>\n        <\/div>\n        <h2 class=\"gallery-grid-album-lig1\">\n            <a class=\"ngg-album-desc\"\n               title=\"P\u00e1ginas de Dragones  para imprimir\"\n               href=\"https:\/\/www.justcolor.net\/es\/historia\/dragones\/\">\n                Dragones            <\/a>\n        <\/h2>\n    <\/div>\n    <div class=\"gallery-grid-item\">\n        <div class=\"ngg-album-link\">\n            <a class=\"gallery_link\" href=\"https:\/\/www.justcolor.net\/es\/historia\/unicorni\/\" title=\"P\u00e1ginas de Unicornios para imprimir para adultos\">\n                <img class=\"Thumb\"\n                     alt=\"P\u00e1ginas de Unicornios para imprimir para adultos\"\n                     src=\"https:\/\/www.justcolor.net\/es\/wp-content\/uploads\/sites\/3\/nggallery\/unicorns\/cache\/colorear-para-adultos-unicorni-68676.jpg-nggid043847-ngg0dyn-182x136-00f0w010c011r110f110r010t010.jpg\"\n                     loading=\"lazy\"\n                     width=\"250\"\n                     height=\"150\" \/>\n            <\/a>\n        <\/div>\n        <h2 class=\"gallery-grid-album-lig1\">\n            <a class=\"ngg-album-desc\"\n               title=\"P\u00e1ginas de Unicornios  para imprimir\"\n               href=\"https:\/\/www.justcolor.net\/es\/historia\/unicorni\/\">\n                Unicornios            <\/a>\n        <\/h2>\n    <\/div>\n    <div class=\"gallery-grid-item\">\n        <div class=\"ngg-album-link\">\n            <a class=\"gallery_link\" href=\"https:\/\/www.justcolor.net\/es\/historia\/sirene\/\" title=\"P\u00e1ginas de Sirenas para imprimir para adultos\">\n                <img class=\"Thumb\"\n                     alt=\"P\u00e1ginas de Sirenas para imprimir para adultos\"\n                     src=\"https:\/\/www.justcolor.net\/es\/wp-content\/uploads\/sites\/3\/nggallery\/mermaids\/cache\/colorear-para-adultos-sirene-10387.jpg-nggid043843-ngg0dyn-182x136-00f0w010c011r110f110r010t010.jpg\"\n                     loading=\"lazy\"\n                     width=\"250\"\n                     height=\"150\" \/>\n            <\/a>\n        <\/div>\n        <h2 class=\"gallery-grid-album-lig1\">\n            <a class=\"ngg-album-desc\"\n               title=\"P\u00e1ginas de Sirenas  para imprimir\"\n               href=\"https:\/\/www.justcolor.net\/es\/historia\/sirene\/\">\n                Sirenas            <\/a>\n        <\/h2>\n    <\/div>\n    <div class=\"gallery-grid-item\">\n        <div class=\"ngg-album-link\">\n            <a class=\"gallery_link\" href=\"https:\/\/www.justcolor.net\/es\/historia\/libros-y-comics\/\" title=\"P\u00e1ginas de Libros y c\u00f3mics para imprimir para adultos\">\n                <img class=\"Thumb\"\n                     alt=\"P\u00e1ginas de Libros y c\u00f3mics para imprimir para adultos\"\n                     src=\"https:\/\/www.justcolor.net\/es\/wp-content\/uploads\/sites\/3\/nggallery\/livres-et-comics\/cache\/colorear-para-adultos-libros-y-comics-19774.jpg-nggid0281-ngg0dyn-182x136-00f0w010c011r110f110r010t010.jpg\"\n                     loading=\"lazy\"\n                     width=\"250\"\n                     height=\"150\" \/>\n            <\/a>\n        <\/div>\n        <h2 class=\"gallery-grid-album-lig1\">\n            <a class=\"ngg-album-desc\"\n               title=\"P\u00e1ginas de Libros y c\u00f3mics  para imprimir\"\n               href=\"https:\/\/www.justcolor.net\/es\/historia\/libros-y-comics\/\">\n                Libros y c\u00f3mics            <\/a>\n        <\/h2>\n    <\/div>\n    <div class=\"gallery-grid-item\">\n        <div class=\"ngg-album-link\">\n            <a class=\"gallery_link\" href=\"https:\/\/www.justcolor.net\/es\/historia\/mangas\/\" title=\"P\u00e1ginas de Mangas para imprimir para adultos\">\n                <img class=\"Thumb\"\n                     alt=\"P\u00e1ginas de Mangas para imprimir para adultos\"\n                     src=\"https:\/\/www.justcolor.net\/es\/wp-content\/uploads\/sites\/3\/nggallery\/mangas\/cache\/colorear-para-adultos-mangas-49518.jpg-nggid042097-ngg0dyn-182x136-00f0w010c011r110f110r010t010.jpg\"\n                     loading=\"lazy\"\n                     width=\"250\"\n                     height=\"150\" \/>\n            <\/a>\n        <\/div>\n        <h2 class=\"gallery-grid-album-lig1\">\n            <a class=\"ngg-album-desc\"\n               title=\"P\u00e1ginas de Mangas  para imprimir\"\n               href=\"https:\/\/www.justcolor.net\/es\/historia\/mangas\/\">\n                Mangas            <\/a>\n        <\/h2>\n    <\/div>\n<br class=\"ngg-clear\"\/>\n<div class='ngg-clear'><\/div><\/div>\n\n","protected":false},"excerpt":{"rendered":"<p>Aqu\u00ed hay galer\u00edas de p\u00e1gina para colorear relacionadas con la Historia con una H grande, incluidos los colores inspirados en la <b>Edad Media<\/b>, <b>Reyes y Reinas<\/b>, <b>Vidrieras<\/b> &#8230; la mayor\u00eda fueron creadas a partir de ilustraciones de \u00e9poca .<\/p>\n<p>Tambi\u00e9n proponemos explorar las historias, con p\u00e1ginas para colorear creadas a partir de <b>Pel\u00edculas<\/b>, <b>Mangas<\/b>, o inspiradas en <b>libros<\/b> o <b>serie de TV<\/ b> al \u00e9xito. Si tienes una imaginaci\u00f3n desbordante, algunas criaturas imaginarias se esconden en esta secci\u00f3n &#8230;<\/p>\n","protected":false},"author":1,"featured_media":6799,"parent":0,"menu_order":5,"comment_status":"closed","ping_status":"closed","template":"","meta":{"ngg_post_thumbnail":0,"footnotes":""},"tags":[402],"class_list":{"0":"post-6486","1":"page","2":"type-page","3":"status-publish","4":"has-post-thumbnail","6":"tag-supergallery"},"_links":{"self":[{"href":"https:\/\/www.justcolor.net\/es\/wp-json\/wp\/v2\/pages\/6486","targetHints":{"allow":["GET"]}}],"collection":[{"href":"https:\/\/www.justcolor.net\/es\/wp-json\/wp\/v2\/pages"}],"about":[{"href":"https:\/\/www.justcolor.net\/es\/wp-json\/wp\/v2\/types\/page"}],"author":[{"embeddable":true,"href":"https:\/\/www.justcolor.net\/es\/wp-json\/wp\/v2\/users\/1"}],"replies":[{"embeddable":true,"href":"https:\/\/www.justcolor.net\/es\/wp-json\/wp\/v2\/comments?post=6486"}],"version-history":[{"count":0,"href":"https:\/\/www.justcolor.net\/es\/wp-json\/wp\/v2\/pages\/6486\/revisions"}],"wp:featuredmedia":[{"embeddable":true,"href":"https:\/\/www.justcolor.net\/es\/wp-json\/wp\/v2\/media\/6799"}],"wp:attachment":[{"href":"https:\/\/www.justcolor.net\/es\/wp-json\/wp\/v2\/media?parent=6486"}],"wp:term":[{"taxonomy":"post_tag","embeddable":true,"href":"https:\/\/www.justcolor.net\/es\/wp-json\/wp\/v2\/tags?post=6486"}],"curies":[{"name":"wp","href":"https:\/\/api.w.org\/{rel}","templated":true}]}}