{"id":6487,"date":"2016-04-28T17:31:06","date_gmt":"2016-04-28T16:31:06","guid":{"rendered":"https:\/\/www.justcolor.net\/es\/es\/es\/es\/es\/es\/es\/es\/es\/es\/es\/es\/es\/es\/es\/es\/es\/es\/es\/es\/es\/es\/es\/es\/es\/es\/es\/es\/es\/es\/es\/es\/es\/es\/es\/es\/es\/es\/es\/es\/es\/es\/es\/es\/es\/es\/es\/es\/es\/es\/es\/es\/es\/es\/es\/es\/es\/es\/es\/es\/es\/es\/es\/es\/es\/es\/es\/es\/es\/es\/es\/es\/es\/es\/es\/es\/e"},"modified":"2024-09-17T15:46:48","modified_gmt":"2024-09-17T13:46:48","slug":"relajacion","status":"publish","type":"page","link":"https:\/\/www.justcolor.net\/es\/relajacion\/","title":{"rendered":"Anti-Stress \/ Relajaci\u00f3n"},"content":{"rendered":"<div class=\"gallery-grid\">\n    <div class=\"gallery-grid-item\">\n        <div class=\"ngg-album-link\">\n            <a class=\"gallery_link\" href=\"https:\/\/www.justcolor.net\/es\/relajacion\/anti-stress-zen\/\" title=\"P\u00e1ginas Anti-stress \/ Zen para imprimir para adultos\">\n                <img class=\"Thumb\"\n                     alt=\"P\u00e1ginas Anti-stress \/ Zen para imprimir para adultos\"\n                     src=\"https:\/\/www.justcolor.net\/es\/wp-content\/uploads\/sites\/3\/nggallery\/anti-stress\/cache\/colorear-para-adultos-anti-stress-zen-98469.jpg-nggid0249-ngg0dyn-182x136-00f0w010c011r110f110r010t010.jpg\"\n                     loading=\"lazy\"\n                     width=\"250\"\n                     height=\"150\" \/>\n            <\/a>\n        <\/div>\n        <h2 class=\"gallery-grid-album-lig1\">\n            <a class=\"ngg-album-desc\"\n               title=\"P\u00e1ginas Anti-stress \/ Zen  para imprimir\"\n               href=\"https:\/\/www.justcolor.net\/es\/relajacion\/anti-stress-zen\/\">\n                Anti-stress \/ Zen            <\/a>\n        <\/h2>\n    <\/div>\n    <div class=\"gallery-grid-item\">\n        <div class=\"ngg-album-link\">\n            <a class=\"gallery_link\" href=\"https:\/\/www.justcolor.net\/es\/relajacion\/atrapasuenos\/\" title=\"P\u00e1ginas de Atrapasue\u00f1os para imprimir para adultos\">\n                <img class=\"Thumb\"\n                     alt=\"P\u00e1ginas de Atrapasue\u00f1os para imprimir para adultos\"\n                     src=\"https:\/\/www.justcolor.net\/es\/wp-content\/uploads\/sites\/3\/nggallery\/dreamcatchers\/cache\/colorear-para-adultos-atrapasuenos-64613.jpg-nggid044760-ngg0dyn-182x136-00f0w010c011r110f110r010t010.jpg\"\n                     loading=\"lazy\"\n                     width=\"250\"\n                     height=\"150\" \/>\n            <\/a>\n        <\/div>\n        <h2 class=\"gallery-grid-album-lig1\">\n            <a class=\"ngg-album-desc\"\n               title=\"P\u00e1ginas de Atrapasue\u00f1os  para imprimir\"\n               href=\"https:\/\/www.justcolor.net\/es\/relajacion\/atrapasuenos\/\">\n                Atrapasue\u00f1os            <\/a>\n        <\/h2>\n    <\/div>\n    <div class=\"gallery-grid-item\">\n        <div class=\"ngg-album-link\">\n            <a class=\"gallery_link\" href=\"https:\/\/www.justcolor.net\/es\/relajacion\/zentangle\/\" title=\"P\u00e1ginas de Zentangle para imprimir para adultos\">\n                <img class=\"Thumb\"\n                     alt=\"P\u00e1ginas de Zentangle para imprimir para adultos\"\n                     src=\"https:\/\/www.justcolor.net\/es\/wp-content\/uploads\/sites\/3\/nggallery\/zentangle\/cache\/dibujos-para-colorear-para-adultos-zentangle-89582.jpg-nggid046034-ngg0dyn-182x136-00f0w010c011r110f110r010t010.jpg\"\n                     loading=\"lazy\"\n                     width=\"250\"\n                     height=\"150\" \/>\n            <\/a>\n        <\/div>\n        <h2 class=\"gallery-grid-album-lig1\">\n            <a class=\"ngg-album-desc\"\n               title=\"P\u00e1ginas de Zentangle  para imprimir\"\n               href=\"https:\/\/www.justcolor.net\/es\/relajacion\/zentangle\/\">\n                Zentangle            <\/a>\n        <\/h2>\n    <\/div>\n    <div class=\"gallery-grid-item\">\n        <div class=\"ngg-album-link\">\n            <a class=\"gallery_link\" href=\"https:\/\/www.justcolor.net\/es\/relajacion\/doodle-art-doodling\/\" title=\"P\u00e1ginas de Doodle art \/ Doodling para imprimir para adultos\">\n                <img class=\"Thumb\"\n                     alt=\"P\u00e1ginas de Doodle art \/ Doodling para imprimir para adultos\"\n                     src=\"https:\/\/www.justcolor.net\/es\/wp-content\/uploads\/sites\/3\/nggallery\/doodle-art-doodling\/cache\/colorear-para-adultos-doodle-art-doodling-35225.jpg-nggid03923-ngg0dyn-182x136-00f0w010c011r110f110r010t010.jpg\"\n                     loading=\"lazy\"\n                     width=\"250\"\n                     height=\"150\" \/>\n            <\/a>\n        <\/div>\n        <h2 class=\"gallery-grid-album-lig1\">\n            <a class=\"ngg-album-desc\"\n               title=\"P\u00e1ginas de Doodle art \/ Doodling  para imprimir\"\n               href=\"https:\/\/www.justcolor.net\/es\/relajacion\/doodle-art-doodling\/\">\n                Doodle art \/ Doodling            <\/a>\n        <\/h2>\n    <\/div>\n    <div class=\"gallery-grid-item\">\n        <div class=\"ngg-album-link\">\n            <a class=\"gallery_link\" href=\"https:\/\/www.justcolor.net\/es\/relajacion\/cup-cakes\/\" title=\"P\u00e1ginas de Cup Cakes para imprimir para adultos\">\n                <img class=\"Thumb\"\n                     alt=\"P\u00e1ginas de Cup Cakes para imprimir para adultos\"\n                     src=\"https:\/\/www.justcolor.net\/es\/wp-content\/uploads\/sites\/3\/nggallery\/cup-cakes\/cache\/colorear-para-adultos-cup-cakes-22838.jpg-nggid03321-ngg0dyn-182x136-00f0w010c011r110f110r010t010.jpg\"\n                     loading=\"lazy\"\n                     width=\"250\"\n                     height=\"150\" \/>\n            <\/a>\n        <\/div>\n        <h2 class=\"gallery-grid-album-lig1\">\n            <a class=\"ngg-album-desc\"\n               title=\"P\u00e1ginas de Cup Cakes  para imprimir\"\n               href=\"https:\/\/www.justcolor.net\/es\/relajacion\/cup-cakes\/\">\n                Cup Cakes            <\/a>\n        <\/h2>\n    <\/div>\n    <div class=\"gallery-grid-item\">\n        <div class=\"ngg-album-link\">\n            <a class=\"gallery_link\" href=\"https:\/\/www.justcolor.net\/es\/relajacion\/psychedelic\/\" title=\"P\u00e1ginas Psychedelic para imprimir para adultos\">\n                <img class=\"Thumb\"\n                     alt=\"P\u00e1ginas Psychedelic para imprimir para adultos\"\n                     src=\"https:\/\/www.justcolor.net\/es\/wp-content\/uploads\/sites\/3\/nggallery\/psychedelic\/cache\/colorear-para-adultos-psychedelic-57329.jpg-nggid03535-ngg0dyn-182x136-00f0w010c011r110f110r010t010.jpg\"\n                     loading=\"lazy\"\n                     width=\"250\"\n                     height=\"150\" \/>\n            <\/a>\n        <\/div>\n        <h2 class=\"gallery-grid-album-lig1\">\n            <a class=\"ngg-album-desc\"\n               title=\"P\u00e1ginas Psychedelic  para imprimir\"\n               href=\"https:\/\/www.justcolor.net\/es\/relajacion\/psychedelic\/\">\n                Psychedelic            <\/a>\n        <\/h2>\n    <\/div>\n    <div class=\"gallery-grid-item\">\n        <div class=\"ngg-album-link\">\n            <a class=\"gallery_link\" href=\"https:\/\/www.justcolor.net\/es\/relajacion\/1950s-pin-up\/\" title=\"P\u00e1ginas de Pin-up de los a\u00f1os 50 para imprimir para adultos\">\n                <img class=\"Thumb\"\n                     alt=\"P\u00e1ginas de Pin-up de los a\u00f1os 50 para imprimir para adultos\"\n                     src=\"https:\/\/www.justcolor.net\/es\/wp-content\/uploads\/sites\/3\/nggallery\/pin-up-50s\/thumbs\/thumbs_dibujos-para-colorear-para-adultos-pin-up-de-los-anos-50-52270.jpg\"\n                     loading=\"lazy\"\n                     width=\"250\"\n                     height=\"150\" \/>\n            <\/a>\n        <\/div>\n        <h2 class=\"gallery-grid-album-lig1\">\n            <a class=\"ngg-album-desc\"\n               title=\"P\u00e1ginas de Pin-up de los a\u00f1os 50  para imprimir\"\n               href=\"https:\/\/www.justcolor.net\/es\/relajacion\/1950s-pin-up\/\">\n                Pin-up de los a\u00f1os 50            <\/a>\n        <\/h2>\n    <\/div>\n    <div class=\"gallery-grid-item\">\n        <div class=\"ngg-album-link\">\n            <a class=\"gallery_link\" href=\"https:\/\/www.justcolor.net\/es\/relajacion\/munecas-rusas\/\" title=\"P\u00e1ginas de Mu\u00f1ecas Rusas para imprimir para adultos\">\n                <img class=\"Thumb\"\n                     alt=\"P\u00e1ginas de Mu\u00f1ecas Rusas para imprimir para adultos\"\n                     src=\"https:\/\/www.justcolor.net\/es\/wp-content\/uploads\/sites\/3\/nggallery\/russian-dolls\/cache\/colorear-para-adultos-munecas-rusas-45207.jpg-nggid041200-ngg0dyn-182x136-00f0w010c011r110f110r010t010.jpg\"\n                     loading=\"lazy\"\n                     width=\"250\"\n                     height=\"150\" \/>\n            <\/a>\n        <\/div>\n        <h2 class=\"gallery-grid-album-lig1\">\n            <a class=\"ngg-album-desc\"\n               title=\"P\u00e1ginas de Mu\u00f1ecas Rusas  para imprimir\"\n               href=\"https:\/\/www.justcolor.net\/es\/relajacion\/munecas-rusas\/\">\n                Mu\u00f1ecas Rusas            <\/a>\n        <\/h2>\n    <\/div>\n    <div class=\"gallery-grid-item\">\n        <div class=\"ngg-album-link\">\n            <a class=\"gallery_link\" href=\"https:\/\/www.justcolor.net\/es\/relajacion\/return-to-childhood\/\" title=\"P\u00e1ginas Return to childhood para imprimir para adultos\">\n                <img class=\"Thumb\"\n                     alt=\"P\u00e1ginas Return to childhood para imprimir para adultos\"\n                     src=\"https:\/\/www.justcolor.net\/es\/wp-content\/uploads\/sites\/3\/nggallery\/back-to-childhood\/cache\/colorear-para-adultos-return-to-childhood-39671.jpg-nggid041187-ngg0dyn-182x136-00f0w010c011r110f110r010t010.jpg\"\n                     loading=\"lazy\"\n                     width=\"250\"\n                     height=\"150\" \/>\n            <\/a>\n        <\/div>\n        <h2 class=\"gallery-grid-album-lig1\">\n            <a class=\"ngg-album-desc\"\n               title=\"P\u00e1ginas Return to childhood  para imprimir\"\n               href=\"https:\/\/www.justcolor.net\/es\/relajacion\/return-to-childhood\/\">\n                Return to childhood            <\/a>\n        <\/h2>\n    <\/div>\n    <div class=\"gallery-grid-item\">\n        <div class=\"ngg-album-link\">\n            <a class=\"gallery_link\" href=\"https:\/\/www.justcolor.net\/es\/relajacion\/jardines-maravillosos\/\" title=\"P\u00e1ginas de Jardines maravillosos para imprimir para adultos\">\n                <img class=\"Thumb\"\n                     alt=\"P\u00e1ginas de Jardines maravillosos para imprimir para adultos\"\n                     src=\"https:\/\/www.justcolor.net\/es\/wp-content\/uploads\/sites\/3\/nggallery\/wonderful-gardens\/cache\/dibujos-para-colorear-para-adultos-jardines-maravillosos-89372.jpg-nggid047502-ngg0dyn-182x136-00f0w010c011r110f110r010t010.jpg\"\n                     loading=\"lazy\"\n                     width=\"250\"\n                     height=\"150\" \/>\n            <\/a>\n        <\/div>\n        <h2 class=\"gallery-grid-album-lig1\">\n            <a class=\"ngg-album-desc\"\n               title=\"P\u00e1ginas de Jardines maravillosos  para imprimir\"\n               href=\"https:\/\/www.justcolor.net\/es\/relajacion\/jardines-maravillosos\/\">\n                Jardines maravillosos            <\/a>\n        <\/h2>\n    <\/div>\n    <div class=\"gallery-grid-item\">\n        <div class=\"ngg-album-link\">\n            <a class=\"gallery_link\" href=\"https:\/\/www.justcolor.net\/es\/relajacion\/vintage\/\" title=\"P\u00e1ginas Vintage para imprimir para adultos\">\n                <img class=\"Thumb\"\n                     alt=\"P\u00e1ginas Vintage para imprimir para adultos\"\n                     src=\"https:\/\/www.justcolor.net\/es\/wp-content\/uploads\/sites\/3\/nggallery\/vintage\/cache\/colorear-para-adultos-vintage-30074.jpg-nggid03262-ngg0dyn-182x136-00f0w010c011r110f110r010t010.jpg\"\n                     loading=\"lazy\"\n                     width=\"250\"\n                     height=\"150\" \/>\n            <\/a>\n        <\/div>\n        <h2 class=\"gallery-grid-album-lig1\">\n            <a class=\"ngg-album-desc\"\n               title=\"P\u00e1ginas Vintage  para imprimir\"\n               href=\"https:\/\/www.justcolor.net\/es\/relajacion\/vintage\/\">\n                Vintage            <\/a>\n        <\/h2>\n    <\/div>\n    <div class=\"gallery-grid-item\">\n        <div class=\"ngg-album-link\">\n            <a class=\"gallery_link\" href=\"https:\/\/www.justcolor.net\/es\/relajacion\/inclasificable\/\" title=\"P\u00e1ginas Inclasificable para imprimir para adultos\">\n                <img class=\"Thumb\"\n                     alt=\"P\u00e1ginas Inclasificable para imprimir para adultos\"\n                     src=\"https:\/\/www.justcolor.net\/es\/wp-content\/uploads\/sites\/3\/nggallery\/inclassables\/cache\/colorear-para-adultos-inclasificable-6464.jpg-nggid03303-ngg0dyn-182x136-00f0w010c011r110f110r010t010.jpg\"\n                     loading=\"lazy\"\n                     width=\"250\"\n                     height=\"150\" \/>\n            <\/a>\n        <\/div>\n        <h2 class=\"gallery-grid-album-lig1\">\n            <a class=\"ngg-album-desc\"\n               title=\"P\u00e1ginas Inclasificable  para imprimir\"\n               href=\"https:\/\/www.justcolor.net\/es\/relajacion\/inclasificable\/\">\n                Inclasificable            <\/a>\n        <\/h2>\n    <\/div>\n    <div class=\"gallery-grid-item\">\n        <div class=\"ngg-album-link\">\n            <a class=\"gallery_link\" href=\"https:\/\/www.justcolor.net\/es\/relajacion\/colorzen\/\" title=\"P\u00e1ginas de Colorzen para imprimir para adultos\">\n                <img class=\"Thumb\"\n                     alt=\"P\u00e1ginas de Colorzen para imprimir para adultos\"\n                     src=\"https:\/\/www.justcolor.net\/es\/wp-content\/uploads\/sites\/3\/nggallery\/colorzen\/cache\/colorear-para-adultos-colorzen-70503.jpg-nggid042133-ngg0dyn-182x136-00f0w010c011r110f110r010t010.jpg\"\n                     loading=\"lazy\"\n                     width=\"250\"\n                     height=\"150\" \/>\n            <\/a>\n        <\/div>\n        <h2 class=\"gallery-grid-album-lig1\">\n            <a class=\"ngg-album-desc\"\n               title=\"P\u00e1ginas de Colorzen  para imprimir\"\n               href=\"https:\/\/www.justcolor.net\/es\/relajacion\/colorzen\/\">\n                Colorzen            <\/a>\n        <\/h2>\n    <\/div>\n    <div class=\"gallery-grid-item\">\n        <div class=\"ngg-album-link\">\n            <a class=\"gallery_link\" href=\"https:\/\/www.justcolor.net\/es\/relajacion\/keep-calm\/\" title=\"P\u00e1ginas Keep Calm para imprimir para adultos\">\n                <img class=\"Thumb\"\n                     alt=\"P\u00e1ginas Keep Calm para imprimir para adultos\"\n                     src=\"https:\/\/www.justcolor.net\/es\/wp-content\/uploads\/sites\/3\/nggallery\/keep-calm-and\/cache\/colorear-para-adultos-keep-calm-22452.jpg-nggid044108-ngg0dyn-182x136-00f0w010c011r110f110r010t010.jpg\"\n                     loading=\"lazy\"\n                     width=\"250\"\n                     height=\"150\" \/>\n            <\/a>\n        <\/div>\n        <h2 class=\"gallery-grid-album-lig1\">\n            <a class=\"ngg-album-desc\"\n               title=\"P\u00e1ginas Keep Calm  para imprimir\"\n               href=\"https:\/\/www.justcolor.net\/es\/relajacion\/keep-calm\/\">\n                Keep Calm            <\/a>\n        <\/h2>\n    <\/div>\n    <div class=\"gallery-grid-item\">\n        <div class=\"ngg-album-link\">\n            <a class=\"gallery_link\" href=\"https:\/\/www.justcolor.net\/es\/relajacion\/citas\/\" title=\"P\u00e1ginas de Citas para imprimir para adultos\">\n                <img class=\"Thumb\"\n                     alt=\"P\u00e1ginas de Citas para imprimir para adultos\"\n                     src=\"https:\/\/www.justcolor.net\/es\/wp-content\/uploads\/sites\/3\/nggallery\/quotes\/cache\/colorear-para-adultos-citas-99192.jpg-nggid042535-ngg0dyn-182x136-00f0w010c011r110f110r010t010.jpg\"\n                     loading=\"lazy\"\n                     width=\"250\"\n                     height=\"150\" \/>\n            <\/a>\n        <\/div>\n        <h2 class=\"gallery-grid-album-lig1\">\n            <a class=\"ngg-album-desc\"\n               title=\"P\u00e1ginas de Citas  para imprimir\"\n               href=\"https:\/\/www.justcolor.net\/es\/relajacion\/citas\/\">\n                Citas            <\/a>\n        <\/h2>\n    <\/div>\n    <div class=\"gallery-grid-item\">\n        <div class=\"ngg-album-link\">\n            <a class=\"gallery_link\" href=\"https:\/\/www.justcolor.net\/es\/relajacion\/malas-palabras\/\" title=\"P\u00e1ginas de Malas palabras para imprimir para adultos\">\n                <img class=\"Thumb\"\n                     alt=\"P\u00e1ginas de Malas palabras para imprimir para adultos\"\n                     src=\"https:\/\/www.justcolor.net\/es\/wp-content\/uploads\/sites\/3\/nggallery\/swear-words\/cache\/colorear-para-adultos-malas-palabras-68405.jpg-nggid044518-ngg0dyn-182x136-00f0w010c011r110f110r010t010.jpg\"\n                     loading=\"lazy\"\n                     width=\"250\"\n                     height=\"150\" \/>\n            <\/a>\n        <\/div>\n        <h2 class=\"gallery-grid-album-lig1\">\n            <a class=\"ngg-album-desc\"\n               title=\"P\u00e1ginas de Malas palabras  para imprimir\"\n               href=\"https:\/\/www.justcolor.net\/es\/relajacion\/malas-palabras\/\">\n                Malas palabras            <\/a>\n        <\/h2>\n    <\/div>\n<br class=\"ngg-clear\"\/>\n<div class='ngg-clear'><\/div><\/div>\n\n","protected":false},"excerpt":{"rendered":"<p>\u00bf Sab\u00eda que gracias a los beneficios de p\u00e1ginas para colorear de adultos, los niveles de estr\u00e9s y ansiedad pueden reducirse ? Seg\u00fan los terapeutas, tu cerebro incluso puede experimentar alivio al entrar en un estado meditativo.<br \/>\nCon estas galer\u00edas de <b>terapia art\u00edstica<\/b>, puede disfrutar de horas de relajaci\u00f3n. \u00bf Prefiere <b>Mandalas<\/b>, <b>Doodles<\/b>, o <b>Dibujos de Zentangle<\/b> ?<br \/>\nDescubra tambi\u00e9n dise\u00f1os m\u00e1s originales: <b>Dreamcatcher<\/b>, <b>Cupcakes<\/b>, e incluso <b>dibujos llenos de citas inspiradoras<\/b>.<\/p>\n","protected":false},"author":1,"featured_media":6794,"parent":0,"menu_order":1,"comment_status":"closed","ping_status":"closed","template":"","meta":{"ngg_post_thumbnail":0,"footnotes":""},"tags":[402],"class_list":{"0":"post-6487","1":"page","2":"type-page","3":"status-publish","4":"has-post-thumbnail","6":"tag-supergallery"},"_links":{"self":[{"href":"https:\/\/www.justcolor.net\/es\/wp-json\/wp\/v2\/pages\/6487","targetHints":{"allow":["GET"]}}],"collection":[{"href":"https:\/\/www.justcolor.net\/es\/wp-json\/wp\/v2\/pages"}],"about":[{"href":"https:\/\/www.justcolor.net\/es\/wp-json\/wp\/v2\/types\/page"}],"author":[{"embeddable":true,"href":"https:\/\/www.justcolor.net\/es\/wp-json\/wp\/v2\/users\/1"}],"replies":[{"embeddable":true,"href":"https:\/\/www.justcolor.net\/es\/wp-json\/wp\/v2\/comments?post=6487"}],"version-history":[{"count":0,"href":"https:\/\/www.justcolor.net\/es\/wp-json\/wp\/v2\/pages\/6487\/revisions"}],"wp:featuredmedia":[{"embeddable":true,"href":"https:\/\/www.justcolor.net\/es\/wp-json\/wp\/v2\/media\/6794"}],"wp:attachment":[{"href":"https:\/\/www.justcolor.net\/es\/wp-json\/wp\/v2\/media?parent=6487"}],"wp:term":[{"taxonomy":"post_tag","embeddable":true,"href":"https:\/\/www.justcolor.net\/es\/wp-json\/wp\/v2\/tags?post=6487"}],"curies":[{"name":"wp","href":"https:\/\/api.w.org\/{rel}","templated":true}]}}