{"id":7086,"date":"2016-06-06T12:04:26","date_gmt":"2016-06-06T11:04:26","guid":{"rendered":"https:\/\/www.justcolor.net\/es\/es\/es\/es\/es\/es\/es\/es\/es\/es\/es\/es\/es\/es\/es\/es\/es\/es\/es\/es\/es\/es\/es\/es\/es\/es\/es\/es\/es\/es\/es\/es\/es\/es\/es\/es\/es\/es\/es\/es\/es\/es\/es\/es\/es\/es\/es\/es\/es\/es\/es\/es\/es\/es\/es\/es\/es\/es\/es\/es\/es\/es\/es\/es\/es\/es\/es\/es\/es\/es\/es\/es\/es\/es\/es\/es\/e"},"modified":"2024-08-29T15:16:36","modified_gmt":"2024-08-29T13:16:36","slug":"dibujos-para-colorear-para-adultos","status":"publish","type":"page","link":"https:\/\/www.justcolor.net\/es\/","title":{"rendered":"Dibujos para colorear para adultos"},"content":{"rendered":"","protected":false},"excerpt":{"rendered":"<div class='no-ads'>\n<div class='supgal no-ads'>\n<div class='supgalimgtxt'><a href='https:\/\/www.justcolor.net\/es\/mandalas\/' title='P\u00e1ginas Mandalas para colorear e imprimir para adultos'><img src='\/wp-content\/common\/images\/supergalleries\/relax_w.webp' alt='P\u00e1ginas Mandalas para colorear e imprimir para adultos' class='supgalimg' width='354' height='159'><\/a><\/p>\n<h2 class='supgaltxt' style='font-size:22px'><a href='https:\/\/www.justcolor.net\/es\/mandalas\/' title='P\u00e1ginas Mandalas para colorear e imprimir para adultos' style='color:white'>Mandalas<\/a><\/h2>\n<\/div>\n<div class='linkhp'>\n<div style='color:gray;padding-top:5px;'><a href='https:\/\/www.justcolor.net\/es\/mandalas\/' title='P\u00e1ginas Mandalas para colorear e imprimir para adultos'>P\u00e1ginas para colorear de Mandalas complejos en varios estilos<\/a><\/div>\n<\/div>\n<\/div>\n<div class='supgal no-ads'>\n<div class='supgalimgtxt'><a href='https:\/\/www.justcolor.net\/es\/relajacion\/' title='P\u00e1ginas Terapia Art\u00edstica para colorear e imprimir para adultos'><img src='\/wp-content\/common\/images\/supergalleries\/arttherapy_w.webp' alt='P\u00e1ginas Terapia Art\u00edstica para colorear e imprimir para adultos' class='supgalimg' width='354' height='159'><\/a><\/p>\n<h2 class='supgaltxt' style='font-size:22px'><a href='https:\/\/www.justcolor.net\/es\/relajacion\/' title='P\u00e1ginas Terapia Art\u00edstica para colorear e imprimir para adultos' style='color:white'>Terapia Art\u00edstica<\/a><\/h2>\n<\/div>\n<div class='linkhp'><a href='https:\/\/www.justcolor.net\/es\/relajacion\/anti-stress-zen\/' title='P\u00e1ginas Anti-stress \/ Zen para colorear e imprimir para adultos'>Anti-stress \/ Zen<\/a>, <a href='https:\/\/www.justcolor.net\/es\/relajacion\/atrapasuenos\/' title='P\u00e1ginas Atrapasue\u00f1os para colorear e imprimir para adultos'>Atrapasue\u00f1os<\/a>, <a href='https:\/\/www.justcolor.net\/es\/relajacion\/citas\/' title='P\u00e1ginas Citas para colorear e imprimir para adultos'>Citas<\/a>, <a href='https:\/\/www.justcolor.net\/es\/relajacion\/cup-cakes\/' title='P\u00e1ginas Cup Cakes para colorear e imprimir para adultos'>Cup Cakes<\/a>, <a href='https:\/\/www.justcolor.net\/es\/relajacion\/doodle-art-doodling\/' title='P\u00e1ginas Doodle art \/ Doodling para colorear e imprimir para adultos'>Doodle art \/ Doodling<\/a>, <a href='https:\/\/www.justcolor.net\/es\/relajacion\/inclasificable\/' title='P\u00e1ginas Inclasificable para colorear e imprimir para adultos'>Inclasificable<\/a>, <a href='https:\/\/www.justcolor.net\/es\/relajacion\/jardines-maravillosos\/' title='P\u00e1ginas Jardines Maravillosos para colorear e imprimir para adultos'>Jardines Maravillosos<\/a>, <a href='https:\/\/www.justcolor.net\/es\/relajacion\/keep-calm\/' title='P\u00e1ginas Keep Calm para colorear e imprimir para adultos'>Keep Calm<\/a>, <a href='https:\/\/www.justcolor.net\/es\/relajacion\/malas-palabras\/' title='P\u00e1ginas Malas palabras para colorear e imprimir para adultos'>Malas palabras<\/a>, <a href='https:\/\/www.justcolor.net\/es\/relajacion\/munecas-rusas\/' title='P\u00e1ginas Mu\u00f1ecas Rusas para colorear e imprimir para adultos'>Mu\u00f1ecas Rusas<\/a>, <a href='https:\/\/www.justcolor.net\/es\/relajacion\/1950s-pin-up\/' title='P\u00e1ginas Pin-up de los a\u00f1os 50 para colorear e imprimir para adultos'>Pin-up de los a\u00f1os 50<\/a>, <a href='https:\/\/www.justcolor.net\/es\/relajacion\/psychedelic\/' title='P\u00e1ginas Psychedelic para colorear e imprimir para adultos'>Psychedelic<\/a>, <a href='https:\/\/www.justcolor.net\/es\/relajacion\/return-to-childhood\/' title='P\u00e1ginas Return to childhood para colorear e imprimir para adultos'>Return to childhood<\/a>, <a href='https:\/\/www.justcolor.net\/es\/relajacion\/vintage\/' title='P\u00e1ginas Vintage para colorear e imprimir para adultos'>Vintage<\/a>, <a href='https:\/\/www.justcolor.net\/es\/relajacion\/zentangle\/' title='P\u00e1ginas Zentangle para colorear e imprimir para adultos'>Zentangle<\/a><\/div>\n<\/div>\n<div class='supgal no-ads'>\n<div class='supgalimgtxt'><a href='https:\/\/www.justcolor.net\/es\/eventos-especiales\/' title='P\u00e1ginas Eventos especiales para colorear e imprimir para adultos'><img src='\/wp-content\/common\/images\/supergalleries\/events_w.webp' alt='P\u00e1ginas Eventos especiales para colorear e imprimir para adultos' class='supgalimg' width='354' height='159'><\/a><\/p>\n<h2 class='supgaltxt' style='font-size:22px'><a href='https:\/\/www.justcolor.net\/es\/eventos-especiales\/' title='P\u00e1ginas Eventos especiales para colorear e imprimir para adultos' style='color:white'>Eventos especiales<\/a><\/h2>\n<\/div>\n<div class='linkhp'><a href='https:\/\/www.justcolor.net\/es\/eventos-especiales\/thanksgiving\/' title='P\u00e1ginas Acci\u00f3n de Gracias para colorear e imprimir para adultos'>Acci\u00f3n de Gracias<\/a>, <a href='https:\/\/www.justcolor.net\/es\/eventos-especiales\/ano-nuevo\/' title='P\u00e1ginas A\u00f1o Nuevo para colorear e imprimir para adultos'>A\u00f1o Nuevo<\/a>, <a href='https:\/\/www.justcolor.net\/es\/eventos-especiales\/ano-nuevo-chino\/' title='P\u00e1ginas A\u00f1o Nuevo Chino para colorear e imprimir para adultos'>A\u00f1o Nuevo Chino<\/a>, <a href='https:\/\/www.justcolor.net\/es\/eventos-especiales\/carnaval\/' title='P\u00e1ginas Carnaval para colorear e imprimir para adultos'>Carnaval<\/a>, <a href='https:\/\/www.justcolor.net\/es\/eventos-especiales\/deporte\/' title='P\u00e1ginas Deporte para colorear e imprimir para adultos'>Deporte<\/a>, <a href='https:\/\/www.justcolor.net\/es\/eventos-especiales\/dia-de-la-tierra\/' title='P\u00e1ginas D\u00eda De La Tierra para colorear e imprimir para adultos'>D\u00eda De La Tierra<\/a>, <a href='https:\/\/www.justcolor.net\/es\/eventos-especiales\/dia-de-san-patricio\/' title='P\u00e1ginas D\u00eda De San Patricio para colorear e imprimir para adultos'>D\u00eda De San Patricio<\/a>, <a href='https:\/\/www.justcolor.net\/es\/eventos-especiales\/dia-de-san-valentin\/' title='P\u00e1ginas D\u00eda De San Valent\u00edn para colorear e imprimir para adultos'>D\u00eda De San Valent\u00edn<\/a>, <a href='https:\/\/www.justcolor.net\/es\/eventos-especiales\/el-dia-de-los-muertos\/' title='P\u00e1ginas El D\u00eda De Los Muertos para colorear e imprimir para adultos'>El D\u00eda De Los Muertos<\/a>, <a href='https:\/\/www.justcolor.net\/es\/eventos-especiales\/halloween\/' title='P\u00e1ginas Halloween para colorear e imprimir para adultos'>Halloween<\/a>, <a href='https:\/\/www.justcolor.net\/es\/eventos-especiales\/navidad\/' title='P\u00e1ginas Navidad para colorear e imprimir para adultos'>Navidad<\/a>, <a href='https:\/\/www.justcolor.net\/es\/eventos-especiales\/pascua-de-resurreccion\/' title='P\u00e1ginas Pascua de Resurrecci\u00f3n para colorear e imprimir para adultos'>Pascua de Resurrecci\u00f3n<\/a><\/div>\n<\/div>\n<div class='supgal no-ads'>\n<div class='supgalimgtxt'><a href='https:\/\/www.justcolor.net\/es\/animales\/' title='P\u00e1ginas Animales para colorear e imprimir para adultos'><img src='\/wp-content\/common\/images\/supergalleries\/animals_w.webp' alt='P\u00e1ginas Animales para colorear e imprimir para adultos' class='supgalimg' width='354' height='159'><\/a><\/p>\n<h2 class='supgaltxt' style='font-size:22px'><a href='https:\/\/www.justcolor.net\/es\/animales\/' title='P\u00e1ginas Animales para colorear e imprimir para adultos' style='color:white'>Animales<\/a><\/h2>\n<\/div>\n<div class='linkhp'><a href='https:\/\/www.justcolor.net\/es\/naturaleza\/animales\/ardillas-y-marmotas\/' title='P\u00e1ginas Ardillas Y Marmotas para colorear e imprimir para adultos'>Ardillas Y Marmotas<\/a>, <a href='https:\/\/www.justcolor.net\/es\/naturaleza\/animales\/aves\/' title='P\u00e1ginas Aves para colorear e imprimir para adultos'>Aves<\/a>, <a href='https:\/\/www.justcolor.net\/es\/naturaleza\/animales\/buhos\/' title='P\u00e1ginas B\u00fahos para colorear e imprimir para adultos'>B\u00fahos<\/a>, <a href='https:\/\/www.justcolor.net\/es\/naturaleza\/animales\/caballos\/' title='P\u00e1ginas Caballos para colorear e imprimir para adultos'>Caballos<\/a>, <a href='https:\/\/www.justcolor.net\/es\/naturaleza\/animales\/camaleones-y-lagartos\/' title='P\u00e1ginas Camaleones Y Lagartos para colorear e imprimir para adultos'>Camaleones Y Lagartos<\/a>, <a href='https:\/\/www.justcolor.net\/es\/naturaleza\/animales\/camellos-dromedarios\/' title='P\u00e1ginas Camellos &#038; dromedarios para colorear e imprimir para adultos'>Camellos &#038; dromedarios<\/a>, <a href='https:\/\/www.justcolor.net\/es\/naturaleza\/animales\/cerdos\/' title='P\u00e1ginas Cerdos para colorear e imprimir para adultos'>Cerdos<\/a>, <a href='https:\/\/www.justcolor.net\/es\/naturaleza\/animales\/cervatillos\/' title='P\u00e1ginas Cervatillos para colorear e imprimir para adultos'>Cervatillos<\/a>, <a href='https:\/\/www.justcolor.net\/es\/naturaleza\/animales\/conejos\/' title='P\u00e1ginas Conejos para colorear e imprimir para adultos'>Conejos<\/a>, <a href='https:\/\/www.justcolor.net\/es\/naturaleza\/animales\/crocodile\/' title='P\u00e1ginas Crocodile para colorear e imprimir para adultos'>Crocodile<\/a>, <a href='https:\/\/www.justcolor.net\/es\/naturaleza\/animales\/delfines\/' title='P\u00e1ginas Delfines para colorear e imprimir para adultos'>Delfines<\/a>, <a href='https:\/\/www.justcolor.net\/es\/naturaleza\/animales\/elefantes\/' title='P\u00e1ginas Elefantes para colorear e imprimir para adultos'>Elefantes<\/a>, <a href='https:\/\/www.justcolor.net\/es\/naturaleza\/animales\/flamingos\/' title='P\u00e1ginas Flamingos para colorear e imprimir para adultos'>Flamingos<\/a>, <a href='https:\/\/www.justcolor.net\/es\/naturaleza\/animales\/gatos\/' title='P\u00e1ginas Gatos para colorear e imprimir para adultos'>Gatos<\/a>, <a href='https:\/\/www.justcolor.net\/es\/naturaleza\/animales\/jirafas\/' title='P\u00e1ginas Jirafas para colorear e imprimir para adultos'>Jirafas<\/a>, <a href='https:\/\/www.justcolor.net\/es\/naturaleza\/animales\/osos-koala\/' title='P\u00e1ginas Koala para colorear e imprimir para adultos'>Koala<\/a>, <a href='https:\/\/www.justcolor.net\/es\/naturaleza\/animales\/lamas\/' title='P\u00e1ginas Lamas para colorear e imprimir para adultos'>Lamas<\/a>, <a href='https:\/\/www.justcolor.net\/es\/naturaleza\/animales\/leones\/' title='P\u00e1ginas Leones para colorear e imprimir para adultos'>Leones<\/a>, <a href='https:\/\/www.justcolor.net\/es\/naturaleza\/animales\/lobos\/' title='P\u00e1ginas Lobos para colorear e imprimir para adultos'>Lobos<\/a>, <a href='https:\/\/www.justcolor.net\/es\/naturaleza\/animales\/mapache\/' title='P\u00e1ginas Mapache para colorear e imprimir para adultos'>Mapache<\/a>, <a href='https:\/\/www.justcolor.net\/es\/naturaleza\/animales\/monos\/' title='P\u00e1ginas Monos para colorear e imprimir para adultos'>Monos<\/a>, <a href='https:\/\/www.justcolor.net\/es\/naturaleza\/animales\/osos\/' title='P\u00e1ginas Osos para colorear e imprimir para adultos'>Osos<\/a>, <a href='https:\/\/www.justcolor.net\/es\/naturaleza\/animales\/panda\/' title='P\u00e1ginas Panda para colorear e imprimir para adultos'>Panda<\/a> &#8230;<\/div>\n<\/div>\n<div class='supgal no-ads'>\n<div class='supgalimgtxt'><a href='https:\/\/www.justcolor.net\/es\/naturaleza\/' title='P\u00e1ginas Naturaleza para colorear e imprimir para adultos'><img src='\/wp-content\/common\/images\/supergalleries\/nature_w.webp' alt='P\u00e1ginas Naturaleza para colorear e imprimir para adultos' class='supgalimg' width='354' height='159'><\/a><\/p>\n<h2 class='supgaltxt' style='font-size:22px'><a href='https:\/\/www.justcolor.net\/es\/naturaleza\/' title='P\u00e1ginas Naturaleza para colorear e imprimir para adultos' style='color:white'>Naturaleza<\/a><\/h2>\n<\/div>\n<div class='linkhp'><a href='https:\/\/www.justcolor.net\/es\/naturaleza\/dinosaurios\/' title='P\u00e1ginas Dinosaurios para colorear e imprimir para adultos'>Dinosaurios<\/a>, <a href='https:\/\/www.justcolor.net\/es\/naturaleza\/flores-y-vegetacion\/' title='P\u00e1ginas Flores y vegetaci\u00f3n para colorear e imprimir para adultos'>Flores y vegetaci\u00f3n<\/a>, <a href='https:\/\/www.justcolor.net\/es\/naturaleza\/mariposas-e-insectos\/' title='P\u00e1ginas Mariposas e insectos para colorear e imprimir para adultos'>Mariposas e insectos<\/a>, <a href='https:\/\/www.justcolor.net\/es\/naturaleza\/mundos-acuaticos\/' title='P\u00e1ginas Mundos acu\u00e1ticos para colorear e imprimir para adultos'>Mundos acu\u00e1ticos<\/a>, <a href='https:\/\/www.justcolor.net\/es\/naturaleza\/paisajes\/' title='P\u00e1ginas Paisajes para colorear e imprimir para adultos'>Paisajes<\/a>, <a href='https:\/\/www.justcolor.net\/es\/naturaleza\/selva-y-bosque\/' title='P\u00e1ginas Selva y bosque para colorear e imprimir para adultos'>Selva y bosque<\/a><\/div>\n<\/div>\n<div class='supgal no-ads'>\n<div class='supgalimgtxt'><a href='https:\/\/www.justcolor.net\/es\/viajes\/' title='P\u00e1ginas Viajes para colorear e imprimir para adultos'><img src='\/wp-content\/common\/images\/supergalleries\/travel_w.webp' alt='P\u00e1ginas Viajes para colorear e imprimir para adultos' class='supgalimg' width='354' height='159'><\/a><\/p>\n<h2 class='supgaltxt' style='font-size:22px'><a href='https:\/\/www.justcolor.net\/es\/viajes\/' title='P\u00e1ginas Viajes para colorear e imprimir para adultos' style='color:white'>Viajes<\/a><\/h2>\n<\/div>\n<div class='linkhp'><a href='https:\/\/www.justcolor.net\/es\/viajes\/africa\/' title='P\u00e1ginas \u00c1frica para colorear e imprimir para adultos'>\u00c1frica<\/a>, <a href='https:\/\/www.justcolor.net\/es\/viajes\/antigua-grecia\/' title='P\u00e1ginas Antigua Grecia para colorear e imprimir para adultos'>Antigua Grecia<\/a>, <a href='https:\/\/www.justcolor.net\/es\/viajes\/architecture-home\/' title='P\u00e1ginas Arquitectura, pa\u00edses y ciudades para colorear e imprimir para adultos'>Arquitectura, pa\u00edses y ciudades<\/a>, <a href='https:\/\/www.justcolor.net\/es\/viajes\/china-asia\/' title='P\u00e1ginas China &#038; Asia para colorear e imprimir para adultos'>China &#038; Asia<\/a>, <a href='https:\/\/www.justcolor.net\/es\/viajes\/egipto-y-jeroglificos\/' title='P\u00e1ginas Egipto y Jerogl\u00edficos para colorear e imprimir para adultos'>Egipto y Jerogl\u00edficos<\/a>, <a href='https:\/\/www.justcolor.net\/es\/viajes\/este-y-1001-noches\/' title='P\u00e1ginas Este y 1001 Noches para colorear e imprimir para adultos'>Este y 1001 Noches<\/a>, <a href='https:\/\/www.justcolor.net\/es\/viajes\/india-de-america\/' title='P\u00e1ginas India de Am\u00e9rica para colorear e imprimir para adultos'>India de Am\u00e9rica<\/a>, <a href='https:\/\/www.justcolor.net\/es\/viajes\/india-y-bollywood\/' title='P\u00e1ginas India y Bollywood para colorear e imprimir para adultos'>India y Bollywood<\/a>, <a href='https:\/\/www.justcolor.net\/es\/viajes\/indonesia\/' title='P\u00e1ginas Indonesia para colorear e imprimir para adultos'>Indonesia<\/a>, <a href='https:\/\/www.justcolor.net\/es\/viajes\/japon\/' title='P\u00e1ginas Jap\u00f3n para colorear e imprimir para adultos'>Jap\u00f3n<\/a>, <a href='https:\/\/www.justcolor.net\/es\/viajes\/mayas-aztecas-e-incas\/' title='P\u00e1ginas Mayas, Aztecas e Incas para colorear e imprimir para adultos'>Mayas, Aztecas e Incas<\/a>, <a href='https:\/\/www.justcolor.net\/es\/viajes\/new-york\/' title='P\u00e1ginas New York para colorear e imprimir para adultos'>New York<\/a>, <a href='https:\/\/www.justcolor.net\/es\/viajes\/paris\/' title='P\u00e1ginas Paris para colorear e imprimir para adultos'>Paris<\/a>, <a href='https:\/\/www.justcolor.net\/es\/viajes\/tibet\/' title='P\u00e1ginas Tibet para colorear e imprimir para adultos'>Tibet<\/a><\/div>\n<\/div>\n<div class='supgal no-ads'>\n<div class='supgalimgtxt'><a href='https:\/\/www.justcolor.net\/es\/arte\/' title='P\u00e1ginas Arte para colorear e imprimir para adultos'><img src='\/wp-content\/common\/images\/supergalleries\/art_w.webp' alt='P\u00e1ginas Arte para colorear e imprimir para adultos' class='supgalimg' width='354' height='159'><\/a><\/p>\n<h2 class='supgaltxt' style='font-size:22px'><a href='https:\/\/www.justcolor.net\/es\/arte\/' title='P\u00e1ginas Arte para colorear e imprimir para adultos' style='color:white'>Arte<\/a><\/h2>\n<\/div>\n<div class='linkhp'><a href='https:\/\/www.justcolor.net\/es\/arte\/art-brut\/' title='P\u00e1ginas Art brut para colorear e imprimir para adultos'>Art brut<\/a>, <a href='https:\/\/www.justcolor.net\/es\/arte\/art-deco\/' title='P\u00e1ginas Art deco para colorear e imprimir para adultos'>Art deco<\/a>, <a href='https:\/\/www.justcolor.net\/es\/arte\/art-nouveau\/' title='P\u00e1ginas Art nouveau para colorear e imprimir para adultos'>Art nouveau<\/a>, <a href='https:\/\/www.justcolor.net\/es\/arte\/moorish-art\/' title='P\u00e1ginas Arte Morisco para colorear e imprimir para adultos'>Arte Morisco<\/a>, <a href='https:\/\/www.justcolor.net\/es\/arte\/arts-and-crafts\/' title='P\u00e1ginas Arts and Crafts para colorear e imprimir para adultos'>Arts and Crafts<\/a>, <a href='https:\/\/www.justcolor.net\/es\/arte\/azulejos\/' title='P\u00e1ginas Azulejos para colorear e imprimir para adultos'>Azulejos<\/a>, <a href='https:\/\/www.justcolor.net\/es\/arte\/el-arte-celta\/' title='P\u00e1ginas El Arte Celta para colorear e imprimir para adultos'>El Arte Celta<\/a>, <a href='https:\/\/www.justcolor.net\/es\/arte\/fashion-clothing\/' title='P\u00e1ginas Fashion &#038; clothing para colorear e imprimir para adultos'>Fashion &#038; clothing<\/a>, <a href='https:\/\/www.justcolor.net\/es\/arte\/grabados\/' title='P\u00e1ginas Grabados para colorear e imprimir para adultos'>Grabados<\/a>, <a href='https:\/\/www.justcolor.net\/es\/arte\/leyendas-y-graffitis\/' title='P\u00e1ginas Leyendas y graffitis para colorear e imprimir para adultos'>Leyendas y graffitis<\/a>, <a href='https:\/\/www.justcolor.net\/es\/arte\/obra-de-arte\/' title='P\u00e1ginas Obra de arte para colorear e imprimir para adultos'>Obra de arte<\/a>, <a href='https:\/\/www.justcolor.net\/es\/arte\/op-art\/' title='P\u00e1ginas Op Art para colorear e imprimir para adultos'>Op Art<\/a>, <a href='https:\/\/www.justcolor.net\/es\/arte\/pop-art\/' title='P\u00e1ginas Pop Art para colorear e imprimir para adultos'>Pop Art<\/a>, <a href='https:\/\/www.justcolor.net\/es\/arte\/tatuajes\/' title='P\u00e1ginas Tatuajes para colorear e imprimir para adultos'>Tatuajes<\/a><\/div>\n<\/div>\n<div class='supgal no-ads'>\n<div class='supgalimgtxt'><a href='https:\/\/www.justcolor.net\/es\/historia\/' title='P\u00e1ginas Historia y leyendas para colorear e imprimir para adultos'><img src='\/wp-content\/common\/images\/supergalleries\/history_w.webp' alt='P\u00e1ginas Historia y leyendas para colorear e imprimir para adultos' class='supgalimg' width='354' height='159'><\/a><\/p>\n<h2 class='supgaltxt' style='font-size:22px'><a href='https:\/\/www.justcolor.net\/es\/historia\/' title='P\u00e1ginas Historia y leyendas para colorear e imprimir para adultos' style='color:white'>Historia y leyendas<\/a><\/h2>\n<\/div>\n<div class='linkhp'><a href='https:\/\/www.justcolor.net\/es\/historia\/fairy-tales\/' title='P\u00e1ginas Cuentos de hadas para colorear e imprimir para adultos'>Cuentos de hadas<\/a>, <a href='https:\/\/www.justcolor.net\/es\/historia\/dragones\/' title='P\u00e1ginas Dragones para colorear e imprimir para adultos'>Dragones<\/a>, <a href='https:\/\/www.justcolor.net\/es\/historia\/edades-medias\/' title='P\u00e1ginas Edades medias para colorear e imprimir para adultos'>Edades medias<\/a>, <a href='https:\/\/www.justcolor.net\/es\/historia\/libros-y-comics\/' title='P\u00e1ginas Libros y c\u00f3mics para colorear e imprimir para adultos'>Libros y c\u00f3mics<\/a>, <a href='https:\/\/www.justcolor.net\/es\/historia\/mangas\/' title='P\u00e1ginas Mangas para colorear e imprimir para adultos'>Mangas<\/a>, <a href='https:\/\/www.justcolor.net\/es\/historia\/mitos-y-leyendas\/' title='P\u00e1ginas Mitos y leyendas para colorear e imprimir para adultos'>Mitos y leyendas<\/a>, <a href='https:\/\/www.justcolor.net\/es\/historia\/peliculas\/' title='P\u00e1ginas Pel\u00edculas para colorear e imprimir para adultos'>Pel\u00edculas<\/a>, <a href='https:\/\/www.justcolor.net\/es\/historia\/reyes-y-reinas\/' title='P\u00e1ginas Reyes y reinas para colorear e imprimir para adultos'>Reyes y reinas<\/a>, <a href='https:\/\/www.justcolor.net\/es\/historia\/series-de-tv\/' title='P\u00e1ginas Series de TV para colorear e imprimir para adultos'>Series de TV<\/a>, <a href='https:\/\/www.justcolor.net\/es\/historia\/sirene\/' title='P\u00e1ginas Sirenas para colorear e imprimir para adultos'>Sirenas<\/a>, <a href='https:\/\/www.justcolor.net\/es\/historia\/unicorni\/' title='P\u00e1ginas Unicornios para colorear e imprimir para adultos'>Unicornios<\/a>, <a href='https:\/\/www.justcolor.net\/es\/historia\/vidrieras\/' title='P\u00e1ginas Vidrieras para colorear e imprimir para adultos'>Vidrieras<\/a><\/div>\n<\/div>\n<\/div>\n","protected":false},"author":1,"featured_media":0,"parent":0,"menu_order":0,"comment_status":"closed","ping_status":"closed","template":"page-hp2.php","meta":{"ngg_post_thumbnail":0,"footnotes":""},"tags":[],"class_list":["post-7086","page","type-page","status-publish"],"_links":{"self":[{"href":"https:\/\/www.justcolor.net\/es\/wp-json\/wp\/v2\/pages\/7086","targetHints":{"allow":["GET"]}}],"collection":[{"href":"https:\/\/www.justcolor.net\/es\/wp-json\/wp\/v2\/pages"}],"about":[{"href":"https:\/\/www.justcolor.net\/es\/wp-json\/wp\/v2\/types\/page"}],"author":[{"embeddable":true,"href":"https:\/\/www.justcolor.net\/es\/wp-json\/wp\/v2\/users\/1"}],"replies":[{"embeddable":true,"href":"https:\/\/www.justcolor.net\/es\/wp-json\/wp\/v2\/comments?post=7086"}],"version-history":[{"count":0,"href":"https:\/\/www.justcolor.net\/es\/wp-json\/wp\/v2\/pages\/7086\/revisions"}],"wp:attachment":[{"href":"https:\/\/www.justcolor.net\/es\/wp-json\/wp\/v2\/media?parent=7086"}],"wp:term":[{"taxonomy":"post_tag","embeddable":true,"href":"https:\/\/www.justcolor.net\/es\/wp-json\/wp\/v2\/tags?post=7086"}],"curies":[{"name":"wp","href":"https:\/\/api.w.org\/{rel}","templated":true}]}}