{"id":7410,"date":"2016-06-14T15:40:07","date_gmt":"2016-06-14T14:40:07","guid":{"rendered":"https:\/\/www.justcolor.net\/es\/es\/es\/es\/es\/es\/es\/es\/es\/es\/es\/es\/es\/es\/es\/es\/es\/es\/es\/es\/es\/es\/es\/es\/es\/es\/es\/es\/es\/es\/es\/es\/es\/es\/es\/es\/es\/es\/es\/es\/es\/es\/es\/es\/es\/es\/es\/es\/es\/es\/es\/es\/es\/es\/es\/es\/es\/es\/es\/es\/es\/es\/es\/es\/es\/es\/es\/es\/es\/es\/es\/es\/es\/es\/es\/es\/e"},"modified":"2017-02-16T15:32:10","modified_gmt":"2017-02-16T14:32:10","slug":"artbe","status":"publish","type":"page","link":"https:\/\/www.justcolor.net\/es\/artistas\/artbe\/","title":{"rendered":"Art&#038;Be"},"content":{"rendered":"<p>no images were found<\/p>\n\n","protected":false},"excerpt":{"rendered":"<p><b>Art &amp; Be<\/b> es su \u00abnombre art\u00edstico\u00bb. Es un anagrama de su apellido BERETTA, que significa \u00abArte y Bienestar\u00bb. <b>Una definici\u00f3n de su filosof\u00eda de vida: Arte de ser y ser Arte.<\/b><\/p>\n<p>Titulada de una licenciatura en Arte Multimedia y Digital, comenz\u00f3 como <b>Dise\u00f1adora Gr\u00e1fica por Computadora<\/b>. Aprendi\u00f3 <b>dibujo e ilustraci\u00f3n en su tiempo libre<\/b>. Apasionada por las artes, ha trabajado en este campo durante los \u00faltimos a\u00f1os. Le gusta usar <b>formas geom\u00e9tricas y detalles cuidadosos para sus creaciones inspiradas en su vida diaria.<\/b><\/p>\n<p>Quiere cambiar con frecuencia su soporte de trabajo: lienzos de pintor, dibujos, ilustraciones digitales.<\/p>\n","protected":false},"author":1,"featured_media":7851,"parent":6155,"menu_order":0,"comment_status":"closed","ping_status":"closed","template":"","meta":{"ngg_post_thumbnail":0,"footnotes":""},"tags":[383,382],"class_list":{"0":"post-7410","1":"page","2":"type-page","3":"status-publish","4":"has-post-thumbnail","6":"tag-hpartist","7":"tag-pgartist"},"_links":{"self":[{"href":"https:\/\/www.justcolor.net\/es\/wp-json\/wp\/v2\/pages\/7410","targetHints":{"allow":["GET"]}}],"collection":[{"href":"https:\/\/www.justcolor.net\/es\/wp-json\/wp\/v2\/pages"}],"about":[{"href":"https:\/\/www.justcolor.net\/es\/wp-json\/wp\/v2\/types\/page"}],"author":[{"embeddable":true,"href":"https:\/\/www.justcolor.net\/es\/wp-json\/wp\/v2\/users\/1"}],"replies":[{"embeddable":true,"href":"https:\/\/www.justcolor.net\/es\/wp-json\/wp\/v2\/comments?post=7410"}],"version-history":[{"count":0,"href":"https:\/\/www.justcolor.net\/es\/wp-json\/wp\/v2\/pages\/7410\/revisions"}],"up":[{"embeddable":true,"href":"https:\/\/www.justcolor.net\/es\/wp-json\/wp\/v2\/pages\/6155"}],"wp:featuredmedia":[{"embeddable":true,"href":"https:\/\/www.justcolor.net\/es\/wp-json\/wp\/v2\/media\/7851"}],"wp:attachment":[{"href":"https:\/\/www.justcolor.net\/es\/wp-json\/wp\/v2\/media?parent=7410"}],"wp:term":[{"taxonomy":"post_tag","embeddable":true,"href":"https:\/\/www.justcolor.net\/es\/wp-json\/wp\/v2\/tags?post=7410"}],"curies":[{"name":"wp","href":"https:\/\/api.w.org\/{rel}","templated":true}]}}