{"id":7921,"date":"2016-08-29T17:16:30","date_gmt":"2016-08-29T16:16:30","guid":{"rendered":"https:\/\/www.justcolor.net\/es\/es\/es\/es\/es\/es\/es\/es\/es\/es\/es\/es\/es\/es\/es\/es\/es\/es\/es\/es\/es\/es\/es\/es\/es\/es\/es\/es\/es\/es\/es\/es\/es\/es\/es\/es\/es\/es\/es\/es\/es\/es\/es\/es\/es\/es\/es\/es\/es\/es\/es\/es\/es\/es\/es\/es\/es\/es\/es\/es\/es\/es\/es\/es\/es\/es\/es\/es\/es\/es\/es\/es\/es\/es\/es\/es\/e"},"modified":"2018-02-12T09:42:01","modified_gmt":"2018-02-12T08:42:01","slug":"eventos-especiales","status":"publish","type":"page","link":"https:\/\/www.justcolor.net\/es\/eventos-especiales\/","title":{"rendered":"Eventos especiales"},"content":{"rendered":"<div class=\"gallery-grid\">\n    <div class=\"gallery-grid-item\">\n        <div class=\"ngg-album-link\">\n            <a class=\"gallery_link\" href=\"https:\/\/www.justcolor.net\/es\/eventos-especiales\/navidad\/\" title=\"P\u00e1ginas de Navidad para imprimir para adultos\">\n                <img class=\"Thumb\"\n                     alt=\"P\u00e1ginas de Navidad para imprimir para adultos\"\n                     src=\"https:\/\/www.justcolor.net\/es\/wp-content\/uploads\/sites\/3\/nggallery\/events-christmas\/cache\/dibujos-para-colorear-para-adultos-navidad-59431.jpeg-nggid046111-ngg0dyn-182x136-00f0w010c011r110f110r010t010.jpeg\"\n                     loading=\"lazy\"\n                     width=\"250\"\n                     height=\"150\" \/>\n            <\/a>\n        <\/div>\n        <h2 class=\"gallery-grid-album-lig1\">\n            <a class=\"ngg-album-desc\"\n               title=\"P\u00e1ginas de Navidad  para imprimir\"\n               href=\"https:\/\/www.justcolor.net\/es\/eventos-especiales\/navidad\/\">\n                Navidad            <\/a>\n        <\/h2>\n    <\/div>\n    <div class=\"gallery-grid-item\">\n        <div class=\"ngg-album-link\">\n            <a class=\"gallery_link\" href=\"https:\/\/www.justcolor.net\/es\/eventos-especiales\/halloween\/\" title=\"P\u00e1ginas de Halloween para imprimir para adultos\">\n                <img class=\"Thumb\"\n                     alt=\"P\u00e1ginas de Halloween para imprimir para adultos\"\n                     src=\"https:\/\/www.justcolor.net\/es\/wp-content\/uploads\/sites\/3\/nggallery\/events-halloween\/cache\/dibujos-para-colorear-para-adultos-halloween-28725.jpg-nggid046069-ngg0dyn-182x136-00f0w010c011r110f110r010t010.jpg\"\n                     loading=\"lazy\"\n                     width=\"250\"\n                     height=\"150\" \/>\n            <\/a>\n        <\/div>\n        <h2 class=\"gallery-grid-album-lig1\">\n            <a class=\"ngg-album-desc\"\n               title=\"P\u00e1ginas de Halloween  para imprimir\"\n               href=\"https:\/\/www.justcolor.net\/es\/eventos-especiales\/halloween\/\">\n                Halloween            <\/a>\n        <\/h2>\n    <\/div>\n    <div class=\"gallery-grid-item\">\n        <div class=\"ngg-album-link\">\n            <a class=\"gallery_link\" href=\"https:\/\/www.justcolor.net\/es\/eventos-especiales\/thanksgiving\/\" title=\"P\u00e1ginas de Acci\u00f3n de Gracias (Thanksgiving) para imprimir para adultos\">\n                <img class=\"Thumb\"\n                     alt=\"P\u00e1ginas de Acci\u00f3n de Gracias (Thanksgiving) para imprimir para adultos\"\n                     src=\"https:\/\/www.justcolor.net\/es\/wp-content\/uploads\/sites\/3\/nggallery\/events-thanksgiving\/cache\/colorear-para-adultos-thanksgiving-36148.jpg-nggid042260-ngg0dyn-182x136-00f0w010c011r110f110r010t010.jpg\"\n                     loading=\"lazy\"\n                     width=\"250\"\n                     height=\"150\" \/>\n            <\/a>\n        <\/div>\n        <h2 class=\"gallery-grid-album-lig1\">\n            <a class=\"ngg-album-desc\"\n               title=\"P\u00e1ginas de Acci\u00f3n de Gracias (Thanksgiving)  para imprimir\"\n               href=\"https:\/\/www.justcolor.net\/es\/eventos-especiales\/thanksgiving\/\">\n                Acci\u00f3n de Gracias (Thanksgiving)            <\/a>\n        <\/h2>\n    <\/div>\n    <div class=\"gallery-grid-item\">\n        <div class=\"ngg-album-link\">\n            <a class=\"gallery_link\" href=\"https:\/\/www.justcolor.net\/es\/eventos-especiales\/pascua-de-resurreccion\/\" title=\"P\u00e1ginas de Pascua de Resurrecci\u00f3n para imprimir para adultos\">\n                <img class=\"Thumb\"\n                     alt=\"P\u00e1ginas de Pascua de Resurrecci\u00f3n para imprimir para adultos\"\n                     src=\"https:\/\/www.justcolor.net\/es\/wp-content\/uploads\/sites\/3\/nggallery\/events-easter\/cache\/colorear-para-adultos-pascua-de-resurreccion-8840.jpg-nggid042294-ngg0dyn-182x136-00f0w010c011r110f110r010t010.jpg\"\n                     loading=\"lazy\"\n                     width=\"250\"\n                     height=\"150\" \/>\n            <\/a>\n        <\/div>\n        <h2 class=\"gallery-grid-album-lig1\">\n            <a class=\"ngg-album-desc\"\n               title=\"P\u00e1ginas de Pascua de Resurrecci\u00f3n  para imprimir\"\n               href=\"https:\/\/www.justcolor.net\/es\/eventos-especiales\/pascua-de-resurreccion\/\">\n                Pascua de Resurrecci\u00f3n            <\/a>\n        <\/h2>\n    <\/div>\n    <div class=\"gallery-grid-item\">\n        <div class=\"ngg-album-link\">\n            <a class=\"gallery_link\" href=\"https:\/\/www.justcolor.net\/es\/eventos-especiales\/ano-nuevo\/\" title=\"P\u00e1ginas de A\u00f1o Nuevo para imprimir para adultos\">\n                <img class=\"Thumb\"\n                     alt=\"P\u00e1ginas de A\u00f1o Nuevo para imprimir para adultos\"\n                     src=\"https:\/\/www.justcolor.net\/es\/wp-content\/uploads\/sites\/3\/nggallery\/events-happpy-new-year\/cache\/colorear-para-adultos-ano-nuevo-60233.jpg-nggid044190-ngg0dyn-182x136-00f0w010c011r110f110r010t010.jpg\"\n                     loading=\"lazy\"\n                     width=\"250\"\n                     height=\"150\" \/>\n            <\/a>\n        <\/div>\n        <h2 class=\"gallery-grid-album-lig1\">\n            <a class=\"ngg-album-desc\"\n               title=\"P\u00e1ginas de A\u00f1o Nuevo  para imprimir\"\n               href=\"https:\/\/www.justcolor.net\/es\/eventos-especiales\/ano-nuevo\/\">\n                A\u00f1o Nuevo            <\/a>\n        <\/h2>\n    <\/div>\n    <div class=\"gallery-grid-item\">\n        <div class=\"ngg-album-link\">\n            <a class=\"gallery_link\" href=\"https:\/\/www.justcolor.net\/es\/eventos-especiales\/deporte\/\" title=\"P\u00e1ginas de Deporte para imprimir para adultos\">\n                <img class=\"Thumb\"\n                     alt=\"P\u00e1ginas de Deporte para imprimir para adultos\"\n                     src=\"https:\/\/www.justcolor.net\/es\/wp-content\/uploads\/sites\/3\/nggallery\/events-olympics\/cache\/colorear-para-adultos-deporte-93305.jpg-nggid042277-ngg0dyn-182x136-00f0w010c011r110f110r010t010.jpg\"\n                     loading=\"lazy\"\n                     width=\"250\"\n                     height=\"150\" \/>\n            <\/a>\n        <\/div>\n        <h2 class=\"gallery-grid-album-lig1\">\n            <a class=\"ngg-album-desc\"\n               title=\"P\u00e1ginas de Deporte  para imprimir\"\n               href=\"https:\/\/www.justcolor.net\/es\/eventos-especiales\/deporte\/\">\n                Deporte            <\/a>\n        <\/h2>\n    <\/div>\n    <div class=\"gallery-grid-item\">\n        <div class=\"ngg-album-link\">\n            <a class=\"gallery_link\" href=\"https:\/\/www.justcolor.net\/es\/eventos-especiales\/dia-de-san-valentin\/\" title=\"P\u00e1ginas de D\u00eda De San Valent\u00edn para imprimir para adultos\">\n                <img class=\"Thumb\"\n                     alt=\"P\u00e1ginas de D\u00eda De San Valent\u00edn para imprimir para adultos\"\n                     src=\"https:\/\/www.justcolor.net\/es\/wp-content\/uploads\/sites\/3\/nggallery\/st-valentines-day\/cache\/colorear-para-adultos--70107.jpg-nggid043636-ngg0dyn-182x136-00f0w010c011r110f110r010t010.jpg\"\n                     loading=\"lazy\"\n                     width=\"250\"\n                     height=\"150\" \/>\n            <\/a>\n        <\/div>\n        <h2 class=\"gallery-grid-album-lig1\">\n            <a class=\"ngg-album-desc\"\n               title=\"P\u00e1ginas de D\u00eda De San Valent\u00edn  para imprimir\"\n               href=\"https:\/\/www.justcolor.net\/es\/eventos-especiales\/dia-de-san-valentin\/\">\n                D\u00eda De San Valent\u00edn            <\/a>\n        <\/h2>\n    <\/div>\n    <div class=\"gallery-grid-item\">\n        <div class=\"ngg-album-link\">\n            <a class=\"gallery_link\" href=\"https:\/\/www.justcolor.net\/es\/eventos-especiales\/dia-de-san-patricio\/\" title=\"P\u00e1ginas de D\u00eda De San Patricio para imprimir para adultos\">\n                <img class=\"Thumb\"\n                     alt=\"P\u00e1ginas de D\u00eda De San Patricio para imprimir para adultos\"\n                     src=\"https:\/\/www.justcolor.net\/es\/wp-content\/uploads\/sites\/3\/nggallery\/st-patricks-day\/cache\/colorear-para-adultos--93047.jpg-nggid043642-ngg0dyn-182x136-00f0w010c011r110f110r010t010.jpg\"\n                     loading=\"lazy\"\n                     width=\"250\"\n                     height=\"150\" \/>\n            <\/a>\n        <\/div>\n        <h2 class=\"gallery-grid-album-lig1\">\n            <a class=\"ngg-album-desc\"\n               title=\"P\u00e1ginas de D\u00eda De San Patricio  para imprimir\"\n               href=\"https:\/\/www.justcolor.net\/es\/eventos-especiales\/dia-de-san-patricio\/\">\n                D\u00eda De San Patricio            <\/a>\n        <\/h2>\n    <\/div>\n    <div class=\"gallery-grid-item\">\n        <div class=\"ngg-album-link\">\n            <a class=\"gallery_link\" href=\"https:\/\/www.justcolor.net\/es\/eventos-especiales\/ano-nuevo-chino\/\" title=\"P\u00e1ginas de A\u00f1o Nuevo Chino para imprimir para adultos\">\n                <img class=\"Thumb\"\n                     alt=\"P\u00e1ginas de A\u00f1o Nuevo Chino para imprimir para adultos\"\n                     src=\"https:\/\/www.justcolor.net\/es\/wp-content\/uploads\/sites\/3\/nggallery\/chinese-new-year\/cache\/colorear-para-adultos--65671.jpg-nggid043678-ngg0dyn-182x136-00f0w010c011r110f110r010t010.jpg\"\n                     loading=\"lazy\"\n                     width=\"250\"\n                     height=\"150\" \/>\n            <\/a>\n        <\/div>\n        <h2 class=\"gallery-grid-album-lig1\">\n            <a class=\"ngg-album-desc\"\n               title=\"P\u00e1ginas de A\u00f1o Nuevo Chino  para imprimir\"\n               href=\"https:\/\/www.justcolor.net\/es\/eventos-especiales\/ano-nuevo-chino\/\">\n                A\u00f1o Nuevo Chino            <\/a>\n        <\/h2>\n    <\/div>\n    <div class=\"gallery-grid-item\">\n        <div class=\"ngg-album-link\">\n            <a class=\"gallery_link\" href=\"https:\/\/www.justcolor.net\/es\/eventos-especiales\/dia-de-la-tierra\/\" title=\"P\u00e1ginas de D\u00eda De La Tierra para imprimir para adultos\">\n                <img class=\"Thumb\"\n                     alt=\"P\u00e1ginas de D\u00eda De La Tierra para imprimir para adultos\"\n                     src=\"https:\/\/www.justcolor.net\/es\/wp-content\/uploads\/sites\/3\/nggallery\/earth-day\/cache\/colorear-para-adultos--37116.jpg-nggid043651-ngg0dyn-182x136-00f0w010c011r110f110r010t010.jpg\"\n                     loading=\"lazy\"\n                     width=\"250\"\n                     height=\"150\" \/>\n            <\/a>\n        <\/div>\n        <h2 class=\"gallery-grid-album-lig1\">\n            <a class=\"ngg-album-desc\"\n               title=\"P\u00e1ginas de D\u00eda De La Tierra  para imprimir\"\n               href=\"https:\/\/www.justcolor.net\/es\/eventos-especiales\/dia-de-la-tierra\/\">\n                D\u00eda De La Tierra            <\/a>\n        <\/h2>\n    <\/div>\n    <div class=\"gallery-grid-item\">\n        <div class=\"ngg-album-link\">\n            <a class=\"gallery_link\" href=\"https:\/\/www.justcolor.net\/es\/eventos-especiales\/el-dia-de-los-muertos\/\" title=\"P\u00e1ginas de El D\u00eda De Los Muertos para imprimir para adultos\">\n                <img class=\"Thumb\"\n                     alt=\"P\u00e1ginas de El D\u00eda De Los Muertos para imprimir para adultos\"\n                     src=\"https:\/\/www.justcolor.net\/es\/wp-content\/uploads\/sites\/3\/nggallery\/el-dia-de-los-muertos\/cache\/colorear-para-adultos--78528.jpg-nggid043654-ngg0dyn-182x136-00f0w010c011r110f110r010t010.jpg\"\n                     loading=\"lazy\"\n                     width=\"250\"\n                     height=\"150\" \/>\n            <\/a>\n        <\/div>\n        <h2 class=\"gallery-grid-album-lig1\">\n            <a class=\"ngg-album-desc\"\n               title=\"P\u00e1ginas de El D\u00eda De Los Muertos  para imprimir\"\n               href=\"https:\/\/www.justcolor.net\/es\/eventos-especiales\/el-dia-de-los-muertos\/\">\n                El D\u00eda De Los Muertos            <\/a>\n        <\/h2>\n    <\/div>\n    <div class=\"gallery-grid-item\">\n        <div class=\"ngg-album-link\">\n            <a class=\"gallery_link\" href=\"https:\/\/www.justcolor.net\/es\/eventos-especiales\/carnaval\/\" title=\"P\u00e1ginas de Carnaval para imprimir para adultos\">\n                <img class=\"Thumb\"\n                     alt=\"P\u00e1ginas de Carnaval para imprimir para adultos\"\n                     src=\"https:\/\/www.justcolor.net\/es\/wp-content\/uploads\/sites\/3\/nggallery\/carnival\/thumbs\/thumbs_dibujos-para-colorear-para-adultos-carnaval-6044.jpg\"\n                     loading=\"lazy\"\n                     width=\"250\"\n                     height=\"150\" \/>\n            <\/a>\n        <\/div>\n        <h2 class=\"gallery-grid-album-lig1\">\n            <a class=\"ngg-album-desc\"\n               title=\"P\u00e1ginas de Carnaval  para imprimir\"\n               href=\"https:\/\/www.justcolor.net\/es\/eventos-especiales\/carnaval\/\">\n                Carnaval            <\/a>\n        <\/h2>\n    <\/div>\n<br class=\"ngg-clear\"\/>\n<div class='ngg-clear'><\/div><\/div>\n\n","protected":false},"excerpt":{"rendered":"<p>Encuentre p\u00e1ginas para colorear relacionadas con eventos,fiestas o celebraciones en esta p\u00e1gina, como: <b>Navidad<\/b>, <b>D\u00eda de la madre<\/b>, <b>padres<\/b>, <b>Abuelos<\/b> &#8230; <b>Halloween<\/b> o <b>D\u00eda de San Valent\u00edn<\/b>. Una buena oportunidad para colorear Y para complacer &#8230;<\/p>\n<p>Tambi\u00e9n encontrar\u00e1s dibujos originales para imprimir en la <b>actualidad<\/b>: grandes eventos deportivos (Juegos Ol\u00edmpicos, Copa del Mundo &#8230;), grandes elecciones, etc.<\/p>\n","protected":false},"author":1,"featured_media":0,"parent":0,"menu_order":10,"comment_status":"closed","ping_status":"closed","template":"","meta":{"ngg_post_thumbnail":0,"footnotes":""},"tags":[402],"class_list":{"0":"post-7921","1":"page","2":"type-page","3":"status-publish","5":"tag-supergallery"},"_links":{"self":[{"href":"https:\/\/www.justcolor.net\/es\/wp-json\/wp\/v2\/pages\/7921","targetHints":{"allow":["GET"]}}],"collection":[{"href":"https:\/\/www.justcolor.net\/es\/wp-json\/wp\/v2\/pages"}],"about":[{"href":"https:\/\/www.justcolor.net\/es\/wp-json\/wp\/v2\/types\/page"}],"author":[{"embeddable":true,"href":"https:\/\/www.justcolor.net\/es\/wp-json\/wp\/v2\/users\/1"}],"replies":[{"embeddable":true,"href":"https:\/\/www.justcolor.net\/es\/wp-json\/wp\/v2\/comments?post=7921"}],"version-history":[{"count":0,"href":"https:\/\/www.justcolor.net\/es\/wp-json\/wp\/v2\/pages\/7921\/revisions"}],"wp:attachment":[{"href":"https:\/\/www.justcolor.net\/es\/wp-json\/wp\/v2\/media?parent=7921"}],"wp:term":[{"taxonomy":"post_tag","embeddable":true,"href":"https:\/\/www.justcolor.net\/es\/wp-json\/wp\/v2\/tags?post=7921"}],"curies":[{"name":"wp","href":"https:\/\/api.w.org\/{rel}","templated":true}]}}