{"id":10577,"date":"2017-10-19T16:19:14","date_gmt":"2017-10-19T14:19:14","guid":{"rendered":"https:\/\/www.justcolor.net\/fr\/?page_id=10577"},"modified":"2019-06-06T11:52:59","modified_gmt":"2019-06-06T09:52:59","slug":"costumesupercenter","status":"publish","type":"page","link":"https:\/\/www.justcolor.net\/fr\/artistes\/costumesupercenter\/","title":{"rendered":"Costume SuperCenter"},"content":{"rendered":"\n\n<div style=\"clear:left;\"><\/div>\n<div class=\"gallery-grid\" style=\"padding-top:10px\">\n\n<div style=\"grid-column:span 2;\" class=\"gallery-grid-item gallery-grid-ad-min\"><!-- NEW BLOC MASONRY -->\n           <ins class=\"adsbygoogle\"\n               style=\"display:inline-block;width:410px;height:320px\"\n               data-ad-client=\"ca-pub-8022697607824667\"\n               data-ad-slot=\"2319092879\"><\/ins>\n           <script>\n               (adsbygoogle = window.adsbygoogle || []).push({});\n           <\/script><\/div>\n    <div class=\"gallery-grid-item\">\n        <p>\n                        <a href=\"https:\/\/www.justcolor.net\/fr\/wp-json\/wp\/v2\/pages\/?image=livres-et-comics__coloriage-mechants-marvel-Venom__1\" title=\"S\u00e9rie Les m\u00e9chants de Marvel : Venom\">\n                <img\n                    alt=\"coloriage-mechants-marvel-Venom\"\n                    src=\"https:\/\/www.justcolor.net\/fr\/wp-content\/uploads\/sites\/2\/nggallery\/livres-et-comics\/thumbs\/thumbs_coloriage-mechants-marvel-Venom.jpg\"\n                    width=\"232\"\n                    height=\"300\"\n                \/>\n            <\/a>\n        <\/p>\n        <h3 class=\"ngg-thumb-title\">S\u00e9rie Les m\u00e9chants de Marvel : Venom<\/h3>\n\n            <\/div>\n    <div class=\"gallery-grid-item\">\n        <p>\n                        <a href=\"https:\/\/www.justcolor.net\/fr\/wp-json\/wp\/v2\/pages\/?image=livres-et-comics__coloriage-mechants-marvel-Red-Skull__1\" title=\"S\u00e9rie Les m\u00e9chants de Marvel : Red Skull\">\n                <img\n                    alt=\"coloriage-mechants-marvel-Red-Skull\"\n                    src=\"https:\/\/www.justcolor.net\/fr\/wp-content\/uploads\/sites\/2\/nggallery\/livres-et-comics\/thumbs\/thumbs_coloriage-mechants-marvel-Red-Skull.jpg\"\n                    width=\"232\"\n                    height=\"300\"\n                \/>\n            <\/a>\n        <\/p>\n        <h3 class=\"ngg-thumb-title\">S\u00e9rie Les m\u00e9chants de Marvel : Red Skull<\/h3>\n\n            <\/div>\n<div style=\"grid-column:span 2;\" class=\"gallery-grid-item gallery-grid-ad-min-mobile\"><!--  -->\n    <ins class=\"adsbygoogle\"\n        style=\"display:block;\"\n        data-ad-client=\"ca-pub-8022697607824667\"\n        data-ad-slot=\"6390767005\"\n        data-ad-format=\"auto\"\n        data-full-width-responsive=\"true\"><\/ins>\n    <script>\n    (adsbygoogle = window.adsbygoogle || []).push({});\n    <\/script><\/div>    <div class=\"gallery-grid-item\">\n        <p>\n                        <a href=\"https:\/\/www.justcolor.net\/fr\/wp-json\/wp\/v2\/pages\/?image=livres-et-comics__coloriage-mechants-marvel-Loki__1\" title=\"S\u00e9rie Les m\u00e9chants de Marvel : Loki\">\n                <img\n                    alt=\"coloriage-mechants-marvel-Loki\"\n                    src=\"https:\/\/www.justcolor.net\/fr\/wp-content\/uploads\/sites\/2\/nggallery\/livres-et-comics\/thumbs\/thumbs_coloriage-mechants-marvel-Loki.jpg\"\n                    width=\"232\"\n                    height=\"300\"\n                \/>\n            <\/a>\n        <\/p>\n        <h3 class=\"ngg-thumb-title\">S\u00e9rie Les m\u00e9chants de Marvel : Loki<\/h3>\n\n            <\/div>\n    <div class=\"gallery-grid-item\">\n        <p>\n                        <a href=\"https:\/\/www.justcolor.net\/fr\/wp-json\/wp\/v2\/pages\/?image=livres-et-comics__coloriage-mechants-marvel-Iron-Monger__1\" title=\"S\u00e9rie Les m\u00e9chants de Marvel : Iron Monger\">\n                <img\n                    alt=\"coloriage-mechants-marvel-Iron-Monger\"\n                    src=\"https:\/\/www.justcolor.net\/fr\/wp-content\/uploads\/sites\/2\/nggallery\/livres-et-comics\/thumbs\/thumbs_coloriage-mechants-marvel-Iron-Monger.jpg\"\n                    width=\"233\"\n                    height=\"300\"\n                \/>\n            <\/a>\n        <\/p>\n        <h3 class=\"ngg-thumb-title\">S\u00e9rie Les m\u00e9chants de Marvel : Iron Monger<\/h3>\n\n            <\/div>\n    <div class=\"gallery-grid-item\">\n        <p>\n                        <a href=\"https:\/\/www.justcolor.net\/fr\/wp-json\/wp\/v2\/pages\/?image=livres-et-comics__coloriage-mechants-marvel-Green-Goblin-Bouffon-vert__1\" title=\"S\u00e9rie Les m\u00e9chants de Marvel : Le Bouffon vert (Green Goblin)\">\n                <img\n                    alt=\"coloriage-mechants-marvel-Green-Goblin-Bouffon-vert\"\n                    src=\"https:\/\/www.justcolor.net\/fr\/wp-content\/uploads\/sites\/2\/nggallery\/livres-et-comics\/thumbs\/thumbs_coloriage-mechants-marvel-Green-Goblin-Bouffon-vert.jpg\"\n                    width=\"232\"\n                    height=\"300\"\n                \/>\n            <\/a>\n        <\/p>\n        <h3 class=\"ngg-thumb-title\">S\u00e9rie Les m\u00e9chants de Marvel : Le Bouffon vert (Green Goblin)<\/h3>\n\n            <\/div>\n    <div class=\"gallery-grid-item\">\n        <p>\n                        <a href=\"https:\/\/www.justcolor.net\/fr\/wp-json\/wp\/v2\/pages\/?image=affiches-de-films__coloriage-mechant-batman-le-joker__1\" title=\"S\u00e9rie Les m\u00e9chants de Batman : Le Joker\">\n                <img\n                    alt=\"coloriage-mechant-batman-le-joker\"\n                    src=\"https:\/\/www.justcolor.net\/fr\/wp-content\/uploads\/sites\/2\/nggallery\/affiches-de-films\/thumbs\/thumbs_coloriage-mechant-batman-le-joker.jpg\"\n                    width=\"234\"\n                    height=\"300\"\n                \/>\n            <\/a>\n        <\/p>\n        <h3 class=\"ngg-thumb-title\">S\u00e9rie Les m\u00e9chants de Batman : Le Joker<\/h3>\n\n            <\/div>\n    <div class=\"gallery-grid-item\">\n        <p>\n                        <a href=\"https:\/\/www.justcolor.net\/fr\/wp-json\/wp\/v2\/pages\/?image=affiches-de-films__coloriage-mechant-batman-harley-quinn__1\" title=\"S\u00e9rie Les m\u00e9chants de Batman : Harvey Quinn\">\n                <img\n                    alt=\"coloriage-mechant-batman-harley-quinn\"\n                    src=\"https:\/\/www.justcolor.net\/fr\/wp-content\/uploads\/sites\/2\/nggallery\/affiches-de-films\/thumbs\/thumbs_coloriage-mechant-batman-harley-quinn.jpg\"\n                    width=\"234\"\n                    height=\"300\"\n                \/>\n            <\/a>\n        <\/p>\n        <h3 class=\"ngg-thumb-title\">S\u00e9rie Les m\u00e9chants de Batman : Harvey Quinn<\/h3>\n\n            <\/div>\n    <div class=\"gallery-grid-item\">\n        <p>\n                        <a href=\"https:\/\/www.justcolor.net\/fr\/wp-json\/wp\/v2\/pages\/?image=affiches-de-films__coloriage-mechant-batman-catwoman__1\" title=\"S\u00e9rie Les m\u00e9chants de Batman : Catwoman\">\n                <img\n                    alt=\"coloriage-mechant-batman-catwoman\"\n                    src=\"https:\/\/www.justcolor.net\/fr\/wp-content\/uploads\/sites\/2\/nggallery\/affiches-de-films\/thumbs\/thumbs_coloriage-mechant-batman-catwoman.jpg\"\n                    width=\"300\"\n                    height=\"234\"\n                \/>\n            <\/a>\n        <\/p>\n        <h3 class=\"ngg-thumb-title\">S\u00e9rie Les m\u00e9chants de Batman : Catwoman<\/h3>\n\n            <\/div>\n    <div class=\"gallery-grid-item\">\n        <p>\n                        <a href=\"https:\/\/www.justcolor.net\/fr\/wp-json\/wp\/v2\/pages\/?image=affiches-de-films__coloriage-mechant-batman-bane__1\" title=\"S\u00e9rie Les m\u00e9chants de Batman : Bane\">\n                <img\n                    alt=\"coloriage-mechant-batman-bane\"\n                    src=\"https:\/\/www.justcolor.net\/fr\/wp-content\/uploads\/sites\/2\/nggallery\/affiches-de-films\/thumbs\/thumbs_coloriage-mechant-batman-bane.jpg\"\n                    width=\"234\"\n                    height=\"300\"\n                \/>\n            <\/a>\n        <\/p>\n        <h3 class=\"ngg-thumb-title\">S\u00e9rie Les m\u00e9chants de Batman : Bane<\/h3>\n\n            <\/div>\n    <div class=\"gallery-grid-item\">\n        <p>\n                        <a href=\"https:\/\/www.justcolor.net\/fr\/wp-json\/wp\/v2\/pages\/?image=affiches-de-films__coloriage-mechant-batman-bane-2__1\" title=\"S\u00e9rie Les m\u00e9chants de Batman : Bane (2)\">\n                <img\n                    alt=\"coloriage-mechant-batman-bane-2\"\n                    src=\"https:\/\/www.justcolor.net\/fr\/wp-content\/uploads\/sites\/2\/nggallery\/affiches-de-films\/thumbs\/thumbs_coloriage-mechant-batman-bane-2.jpg\"\n                    width=\"300\"\n                    height=\"234\"\n                \/>\n            <\/a>\n        <\/p>\n        <h3 class=\"ngg-thumb-title\">S\u00e9rie Les m\u00e9chants de Batman : Bane (2)<\/h3>\n\n            <\/div>\n    <div class=\"gallery-grid-item\">\n        <p>\n                        <a href=\"https:\/\/www.justcolor.net\/fr\/wp-json\/wp\/v2\/pages\/?image=halloween__coloriage-film-horreur-michael-myers__1\" title=\"Coloriage de films d&#039;horreur classiques : Michael Myers (la saga Halloween)\">\n                <img\n                    alt=\"coloriage-film-horreur-michael-myers\"\n                    src=\"https:\/\/www.justcolor.net\/fr\/wp-content\/uploads\/sites\/2\/nggallery\/halloween\/thumbs\/thumbs_coloriage-film-horreur-michael-myers.jpg\"\n                    width=\"232\"\n                    height=\"300\"\n                \/>\n            <\/a>\n        <\/p>\n        <h3 class=\"ngg-thumb-title\">Coloriage de films d&#039;horreur classiques : Michael Myers (la saga Halloween)<\/h3>\n\n            <\/div>\n    <div class=\"gallery-grid-item\">\n        <p>\n                        <a href=\"https:\/\/www.justcolor.net\/fr\/wp-json\/wp\/v2\/pages\/?image=halloween__coloriage-film-horreur-jigsaw-billy-the-puppet__1\" title=\"Coloriage de films d&#039;horreur classiques : Billy the puppet \/ Jigsaw (la saga Saw)\">\n                <img\n                    alt=\"coloriage-film-horreur-jigsaw-billy-the-puppet\"\n                    src=\"https:\/\/www.justcolor.net\/fr\/wp-content\/uploads\/sites\/2\/nggallery\/halloween\/thumbs\/thumbs_coloriage-film-horreur-jigsaw-billy-the-puppet.jpg\"\n                    width=\"234\"\n                    height=\"300\"\n                \/>\n            <\/a>\n        <\/p>\n        <h3 class=\"ngg-thumb-title\">Coloriage de films d&#039;horreur classiques : Billy the puppet \/ Jigsaw (la saga Saw)<\/h3>\n\n            <\/div>\n    <div class=\"gallery-grid-item\">\n        <p>\n                        <a href=\"https:\/\/www.justcolor.net\/fr\/wp-json\/wp\/v2\/pages\/?image=halloween__coloriage-film-horreur-freddy-krueger__1\" title=\"Coloriage de films d&#039;horreur classiques : Freddy Krueger\">\n                <img\n                    alt=\"coloriage-film-horreur-freddy-krueger\"\n                    src=\"https:\/\/www.justcolor.net\/fr\/wp-content\/uploads\/sites\/2\/nggallery\/halloween\/thumbs\/thumbs_coloriage-film-horreur-freddy-krueger.jpg\"\n                    width=\"233\"\n                    height=\"300\"\n                \/>\n            <\/a>\n        <\/p>\n        <h3 class=\"ngg-thumb-title\">Coloriage de films d&#039;horreur classiques : Freddy Krueger<\/h3>\n\n            <\/div>\n    <div class=\"gallery-grid-item\">\n        <p>\n                        <a href=\"https:\/\/www.justcolor.net\/fr\/wp-json\/wp\/v2\/pages\/?image=halloween__coloriage-film-horreur-chucky__1\" title=\"Coloriage de films d&#039;horreur classiques : la poup\u00e9e meurtri\u00e8re Chucky\">\n                <img\n                    alt=\"coloriage-film-horreur-chucky\"\n                    src=\"https:\/\/www.justcolor.net\/fr\/wp-content\/uploads\/sites\/2\/nggallery\/halloween\/thumbs\/thumbs_coloriage-film-horreur-chucky.jpg\"\n                    width=\"233\"\n                    height=\"300\"\n                \/>\n            <\/a>\n        <\/p>\n        <h3 class=\"ngg-thumb-title\">Coloriage de films d&#039;horreur classiques : la poup\u00e9e meurtri\u00e8re Chucky<\/h3>\n\n            <\/div>\n    <div class=\"gallery-grid-item\">\n        <p>\n                        <a href=\"https:\/\/www.justcolor.net\/fr\/wp-json\/wp\/v2\/pages\/?image=halloween__coloriage-film-horreur-ca-clown-pennywise__1\" title=\"Coloriage de films d&#039;horreur classiques : Grippe-Sou \/ Pennywise le Clown dansant (\u00c7a, roman de Stephen King, adapt\u00e9 en t\u00e9l\u00e9film en 1990 et en film en 2007)\">\n                <img\n                    alt=\"coloriage-film-horreur-ca-clown-pennywise\"\n                    src=\"https:\/\/www.justcolor.net\/fr\/wp-content\/uploads\/sites\/2\/nggallery\/halloween\/thumbs\/thumbs_coloriage-film-horreur-ca-clown-pennywise.jpg\"\n                    width=\"234\"\n                    height=\"300\"\n                \/>\n            <\/a>\n        <\/p>\n        <h3 class=\"ngg-thumb-title\">Coloriage de films d&#039;horreur classiques : Grippe-Sou \/ Pennywise le Clown dansant (\u00c7a, roman de Stephen King, adapt\u00e9 en t\u00e9l\u00e9film en 1990 et en film en 2007)<\/h3>\n\n            <\/div>\n<\/div>\n\n\n<script>\n(function() {\n    function jcGetLineClamp(el) {\n        var cs = window.getComputedStyle(el);\n        var clamp = parseInt(cs.getPropertyValue('-webkit-line-clamp') || cs.webkitLineClamp || '', 10);\n        return Number.isFinite(clamp) && clamp > 0 ? clamp : 6;\n    }\n\n    function jcGetLineHeight(el) {\n        var cs = window.getComputedStyle(el);\n        var lh = parseFloat(cs.lineHeight);\n        if (Number.isFinite(lh) && lh > 0) {\n            return lh;\n        }\n        var fs = parseFloat(cs.fontSize);\n        return (Number.isFinite(fs) && fs > 0) ? (fs * 1.35) : 18;\n    }\n\n    function jcClampTitleByWords(el) {\n        if (!el) return;\n\n        var original = (el.dataset.jcClampOriginal || el.textContent || '').trim();\n        if (!original) return;\n        el.dataset.jcClampOriginal = original;\n\n        \/\/ Reset first so we recompute correctly after resize.\n        el.textContent = original;\n\n        var lineHeight = jcGetLineHeight(el);\n        var maxLines = jcGetLineClamp(el);\n        var maxHeight = Math.ceil(lineHeight * maxLines) + 1;\n\n        if (el.scrollHeight <= maxHeight) {\n            return;\n        }\n\n        var words = original.split(\/\\s+\/).filter(Boolean);\n        if (!words.length) {\n            return;\n        }\n\n        var lo = 1;\n        var hi = words.length;\n        var best = 1;\n\n        while (lo <= hi) {\n            var mid = (lo + hi) >> 1;\n            var candidate = words.slice(0, mid).join(' ');\n            if (mid < words.length) {\n                candidate += '...';\n            }\n            el.textContent = candidate;\n\n            if (el.scrollHeight <= maxHeight) {\n                best = mid;\n                lo = mid + 1;\n            } else {\n                hi = mid - 1;\n            }\n        }\n\n        var finalText = words.slice(0, best).join(' ');\n        if (best < words.length) {\n            finalText += '...';\n        }\n        el.textContent = finalText;\n\n        \/\/ Safety pass for edge rounding (fonts \/ subpixel).\n        while (best > 1 && el.scrollHeight > maxHeight) {\n            best -= 1;\n            el.textContent = words.slice(0, best).join(' ') + '...';\n        }\n    }\n\n    function jcClampNggThumbTitles(root) {\n        var scope = root && root.querySelectorAll ? root : document;\n        var nodes = scope.querySelectorAll('.gallery-grid-item > h3.ngg-thumb-title, .grid-item > h3.ngg-thumb-title');\n        for (var i = 0; i < nodes.length; i++) {\n            jcClampTitleByWords(nodes[i]);\n        }\n    }\n\n    if (!window.__jcNggWordClampBound) {\n        window.__jcNggWordClampBound = true;\n\n        var resizeTimer = null;\n        window.addEventListener('resize', function() {\n            if (resizeTimer) {\n                window.clearTimeout(resizeTimer);\n            }\n            resizeTimer = window.setTimeout(function() {\n                jcClampNggThumbTitles(document);\n            }, 120);\n        });\n\n        if (document.fonts && document.fonts.ready && typeof document.fonts.ready.then === 'function') {\n            document.fonts.ready.then(function() {\n                jcClampNggThumbTitles(document);\n            });\n        }\n    }\n\n    jcClampNggThumbTitles(document);\n})();\n<\/script>\n\n    <div class='ngg-clear'><\/div>\n<div class=\"ngg-clear\" style=\"padding-bottom:50px\"><\/div>\n\n","protected":false},"excerpt":{"rendered":"<p>Costume SuperCenter est un site internet de vente de costumes en ligne avec une grande s\u00e9lection de d\u00e9corations et de costumes d&rsquo;Halloween.<\/p>\n<p>L&rsquo;\u00e9quipe cr\u00e9ative de ce magasin d&rsquo;Halloween est fan de tout ce qui est pop culture et aime cr\u00e9er des coloriages de leurs \u00ab\u00a0monstres\u00a0\u00bb pr\u00e9f\u00e9r\u00e9s<\/p>\n<p>&#8211; Site web : <a href=\"https:\/\/www.costumesupercenter.com\/\" target=\"_blank\" rel=\"noopener noreferrer\">www.costumesupercenter.com<\/a><br \/>\n&#8211; Facebook : <a href=\"https:\/\/www.costumesupercenter.com\/\" target=\"_blank\" rel=\"noopener noreferrer\">www.costumesupercenter.com<\/a><br \/>\n&#8211; YouTube : <a href=\"https:\/\/www.youtube.com\/user\/CostumeSuperCenter\" target=\"_blank\" rel=\"noopener noreferrer\">www.youtube.com\/user\/CostumeSuperCenter<\/a><br \/>\n&#8211; Instagram : <a href=\"https:\/\/www.instagram.com\/costumesupercenter\/\" target=\"_blank\" rel=\"noopener noreferrer\">www.instagram.com\/costumesupercenter<\/a><br \/>\n&#8211; Pinterest : <a href=\"https:\/\/www.pinterest.com\/costumesc\" target=\"_blank\" rel=\"noopener noreferrer\">www.pinterest.com\/costumesc<\/a><\/p>\n","protected":false},"author":1,"featured_media":10580,"parent":6658,"menu_order":0,"comment_status":"closed","ping_status":"closed","template":"","meta":{"ngg_post_thumbnail":0,"footnotes":""},"tags":[417],"class_list":{"0":"post-10577","1":"page","2":"type-page","3":"status-publish","4":"has-post-thumbnail","6":"tag-pgartist"},"_links":{"self":[{"href":"https:\/\/www.justcolor.net\/fr\/wp-json\/wp\/v2\/pages\/10577","targetHints":{"allow":["GET"]}}],"collection":[{"href":"https:\/\/www.justcolor.net\/fr\/wp-json\/wp\/v2\/pages"}],"about":[{"href":"https:\/\/www.justcolor.net\/fr\/wp-json\/wp\/v2\/types\/page"}],"author":[{"embeddable":true,"href":"https:\/\/www.justcolor.net\/fr\/wp-json\/wp\/v2\/users\/1"}],"replies":[{"embeddable":true,"href":"https:\/\/www.justcolor.net\/fr\/wp-json\/wp\/v2\/comments?post=10577"}],"version-history":[{"count":0,"href":"https:\/\/www.justcolor.net\/fr\/wp-json\/wp\/v2\/pages\/10577\/revisions"}],"up":[{"embeddable":true,"href":"https:\/\/www.justcolor.net\/fr\/wp-json\/wp\/v2\/pages\/6658"}],"wp:featuredmedia":[{"embeddable":true,"href":"https:\/\/www.justcolor.net\/fr\/wp-json\/wp\/v2\/media\/10580"}],"wp:attachment":[{"href":"https:\/\/www.justcolor.net\/fr\/wp-json\/wp\/v2\/media?parent=10577"}],"wp:term":[{"taxonomy":"post_tag","embeddable":true,"href":"https:\/\/www.justcolor.net\/fr\/wp-json\/wp\/v2\/tags?post=10577"}],"curies":[{"name":"wp","href":"https:\/\/api.w.org\/{rel}","templated":true}]}}