{"id":11116,"date":"2018-01-15T14:19:48","date_gmt":"2018-01-15T13:19:48","guid":{"rendered":"https:\/\/www.justcolor.net\/fr\/?page_id=11116"},"modified":"2018-05-31T10:48:08","modified_gmt":"2018-05-31T08:48:08","slug":"tutoriel-coloriage-video-degrades","status":"publish","type":"page","link":"https:\/\/www.justcolor.net\/fr\/diy\/techniques-de-coloriage-adultes\/tutoriel-coloriage-video-degrades\/","title":{"rendered":"Les d\u00e9grad\u00e9s, par Sophie"},"content":{"rendered":"<p>Voici un tutoriel vid\u00e9o de coloriage pour <strong>apprendre \u00e0 faire des d\u00e9grad\u00e9s aux crayons de couleur<\/strong> et une <strong>harmonisation des couleurs<\/strong>.<br \/>\nJe me suis bas\u00e9 sur le chef d&rsquo;oeuvre d&rsquo;<strong>Auguste Renoir \u00ab\u00a0Sur la terrasse\u00a0\u00bb<\/strong>, qui est <a href=\"https:\/\/www.justcolor.net\/fr\/coloriage-art\/nggallery\/page\/5?image=art__coloriage-renoir-terasse__1\">disponible sur le site ici<\/a>.<\/p>\n<p><iframe loading=\"lazy\" width=\"1200\" height=\"900\" src=\"https:\/\/www.youtube.com\/embed\/a7H9MMNas5Q?feature=oembed\" frameborder=\"0\" allow=\"autoplay; encrypted-media\" allowfullscreen><\/iframe><\/p>\n<p>Voici le r\u00e9sultat final :<\/p>\n<p><img loading=\"lazy\" decoding=\"async\" class=\"alignnone wp-image-11122\" src=\"https:\/\/www.justcolor.net\/fr\/wp-content\/uploads\/sites\/2\/2018\/01\/renoir-full-778x1024.jpg\" alt=\"\" width=\"501\" height=\"659\" srcset=\"https:\/\/www.justcolor.net\/fr\/wp-content\/uploads\/sites\/2\/2018\/01\/renoir-full-778x1024.jpg 778w, https:\/\/www.justcolor.net\/fr\/wp-content\/uploads\/sites\/2\/2018\/01\/renoir-full-304x400.jpg 304w, https:\/\/www.justcolor.net\/fr\/wp-content\/uploads\/sites\/2\/2018\/01\/renoir-full-768x1011.jpg 768w, https:\/\/www.justcolor.net\/fr\/wp-content\/uploads\/sites\/2\/2018\/01\/renoir-full.jpg 1530w\" sizes=\"auto, (max-width: 501px) 100vw, 501px\" \/><\/p>\n<p>N&rsquo;h\u00e9sitez pas \u00e0 consulter nos&nbsp;<a href=\"https:\/\/www.justcolor.net\/fr\/diy\/techniques-de-coloriage-adultes\/\">autres <strong>tutoriels<\/strong> pour perfectionner vos techniques de coloriage<\/a>!<\/p>\n<p>Vous pouvez \u00e9galement d\u00e9couvrir nos <a href=\"https:\/\/www.justcolor.net\/fr\/coloriage-art\/\">coloriages d&rsquo;oeuvres d&rsquo;art<\/a> : de nombreux artistes, styles et p\u00e9riodes sont repr\u00e9sent\u00e9es.<\/p>\n","protected":false},"excerpt":{"rendered":"<p>Voici un tutoriel vid\u00e9o de coloriage pour apprendre \u00e0 faire des d\u00e9grad\u00e9s aux crayons de couleur et une harmonisation des couleurs. Je me suis bas\u00e9 sur le chef d&rsquo;oeuvre d&rsquo;Auguste Renoir \u00ab\u00a0Sur la terrasse\u00a0\u00bb, qui est disponible sur le site ici. Voici le r\u00e9sultat final : N&rsquo;h\u00e9sitez pas \u00e0 consulter nos&nbsp;autres tutoriels pour perfectionner vos &#8230; <br \/><a title=\"Les d\u00e9grad\u00e9s, par Sophie\" class=\"read-more\" href=\"https:\/\/www.justcolor.net\/fr\/diy\/techniques-de-coloriage-adultes\/tutoriel-coloriage-video-degrades\/\">Lire la suite<\/a><\/p>\n","protected":false},"author":1,"featured_media":11117,"parent":9286,"menu_order":0,"comment_status":"closed","ping_status":"closed","template":"","meta":{"ngg_post_thumbnail":0,"footnotes":""},"tags":[1172],"class_list":{"0":"post-11116","1":"page","2":"type-page","3":"status-publish","4":"has-post-thumbnail","6":"tag-tutoscolorvideo"},"_links":{"self":[{"href":"https:\/\/www.justcolor.net\/fr\/wp-json\/wp\/v2\/pages\/11116","targetHints":{"allow":["GET"]}}],"collection":[{"href":"https:\/\/www.justcolor.net\/fr\/wp-json\/wp\/v2\/pages"}],"about":[{"href":"https:\/\/www.justcolor.net\/fr\/wp-json\/wp\/v2\/types\/page"}],"author":[{"embeddable":true,"href":"https:\/\/www.justcolor.net\/fr\/wp-json\/wp\/v2\/users\/1"}],"replies":[{"embeddable":true,"href":"https:\/\/www.justcolor.net\/fr\/wp-json\/wp\/v2\/comments?post=11116"}],"version-history":[{"count":0,"href":"https:\/\/www.justcolor.net\/fr\/wp-json\/wp\/v2\/pages\/11116\/revisions"}],"up":[{"embeddable":true,"href":"https:\/\/www.justcolor.net\/fr\/wp-json\/wp\/v2\/pages\/9286"}],"wp:featuredmedia":[{"embeddable":true,"href":"https:\/\/www.justcolor.net\/fr\/wp-json\/wp\/v2\/media\/11117"}],"wp:attachment":[{"href":"https:\/\/www.justcolor.net\/fr\/wp-json\/wp\/v2\/media?parent=11116"}],"wp:term":[{"taxonomy":"post_tag","embeddable":true,"href":"https:\/\/www.justcolor.net\/fr\/wp-json\/wp\/v2\/tags?post=11116"}],"curies":[{"name":"wp","href":"https:\/\/api.w.org\/{rel}","templated":true}]}}