{"id":1593,"date":"2015-07-28T10:52:08","date_gmt":"2015-07-28T09:52:08","guid":{"rendered":"https:\/\/www.justcolor.net\/fr\/?page_id=1593"},"modified":"2015-08-18T21:15:49","modified_gmt":"2015-08-18T20:15:49","slug":"envie-de-decouvrir-les-techniques-du-dessin","status":"publish","type":"page","link":"https:\/\/www.justcolor.net\/fr\/envie-de-decouvrir-les-techniques-du-dessin\/","title":{"rendered":"Envie de D\u00e9couvrir de nouvelles techniques de dessin ?"},"content":{"rendered":"<p><iframe loading=\"lazy\" src=\"http:\/\/player.vimeo.com\/video\/133151848\" height=\"421\" width=\"750\" allowfullscreen=\"\" frameborder=\"0\"><\/iframe><\/p>\n<p><span style=\"font-size: 26px; font-weight: bold; line-height: 1.3846153846;\">Envie de Progresser ?<\/span><\/p>\n<div id=\"le_body_row_1\" data-style=\"\">\n<div id=\"le_body_row_1_col_1\">\n<div id=\"le_body_row_1_col_1_el_7\" data-style=\"\">\n<div>\n<div>\n<p>Envie d\u2019apprendre de\u00a0<strong>nouvelles techniques<\/strong>, de d\u00e9couvrir\u00a0les <strong>bases<\/strong>,\u00a0de vous\u00a0<strong>perfectionner<\/strong>, de <strong>d\u00e9couvrir\u00a0des astuces<\/strong>\u00a0?\u00a0Et tout \u00e7a <strong>\u00e0\u00a0votre rythme, de\u00a0chez vous, avec les\u00a0meilleurs professeurs<\/strong>, en illimit\u00e9\u00a0et\u00a0sans engagement\u00a0!<\/p>\n<\/div>\n<\/div>\n<\/div>\n<div id=\"le_body_row_1_col_1_el_8\" data-style=\"\">\n<div>\n<div><a href=\"http:\/\/cours.beauxarts.fr\/wp-login.php\" target=\"_blank\"><img decoding=\"async\" alt=\"\" src=\"http:\/\/cours.beauxarts.fr\/wp-content\/uploads\/sites\/2\/2015\/06\/CBA.Banni%C3%A8re-HP-pour-page-de-vente1.jpg\" border=\"0\" \/><\/a><\/div>\n<\/div>\n<\/div>\n<\/div>\n<\/div>\n<div id=\"le_body_row_2\" data-style=\"\">\n<div id=\"le_body_row_2_col_1\">\n<div id=\"le_body_row_2_col_1_el_1\" data-style=\"\">\n<div id=\"op_img_text_aside_op_assets_core_img_text_aside_2082c274ab7cf4108103cac17bbd5067\">\n<h3><\/h3>\n<h3>Des Cours de Haute Qualit\u00e9<\/h3>\n<p><a href=\"http:\/\/cours.beauxarts.fr\/\" target=\"_blank\"><img loading=\"lazy\" decoding=\"async\" class=\"alignleft\" alt=\"\" src=\"http:\/\/cours.beauxarts.fr\/wp-content\/uploads\/sites\/2\/2015\/04\/COURS-BEAUX-ARTS_PICTOS-EXE-01.png\" width=\"151\" height=\"151\" \/><\/a>Des vid\u00e9os de haute qualit\u00e9 p\u00e9dagogique, artistique et technique. Un studio d&rsquo;enregistrement et du mat\u00e9riel professionnel pour un grand confort de lecture.<\/p>\n<\/div>\n<\/div>\n<div id=\"le_body_row_2_col_1_el_2\" data-style=\"\">\n<div>\n<div id=\"op_img_text_aside_op_assets_core_img_text_aside_a6f27550ee0b4748193b900d6d415c05\">\n<h3>Des Artistes Experts Anim\u00e9s par Fred<\/h3>\n<p><a href=\"http:\/\/cours.beauxarts.fr\/\" target=\"_blank\"><img loading=\"lazy\" decoding=\"async\" class=\"alignleft\" alt=\"\" src=\"http:\/\/cours.beauxarts.fr\/wp-content\/uploads\/sites\/2\/2015\/04\/COURS-BEAUX-ARTS_PICTOS-EXE-02.png\" width=\"151\" height=\"151\" \/><\/a><br \/>\nUn groupe d&rsquo;artistes experts tri\u00e9 sur le volet pour vous donner le meilleur de l&rsquo;Art. Un groupe anim\u00e9 par Fred, Directeur Artistique de BeauxArts.fr.<\/p>\n<\/div>\n<\/div>\n<\/div>\n<div id=\"le_body_row_2_col_1_el_3\" data-style=\"\">\n<div>\n<div id=\"op_img_text_aside_op_assets_core_img_text_aside_a27ab4955916c1926b40edb63152689e\">\n<h3>Du Coaching pour Vivre avec son Art<\/h3>\n<p><a href=\"http:\/\/cours.beauxarts.fr\/\" target=\"_blank\"><img loading=\"lazy\" decoding=\"async\" class=\"alignleft\" alt=\"\" src=\"http:\/\/cours.beauxarts.fr\/wp-content\/uploads\/sites\/2\/2015\/04\/COURS-BEAUX-ARTS_PICTOS-EXE-03.png\" width=\"151\" height=\"151\" \/><\/a>Prot\u00e9ger ses \u0153uvres, d\u00e9terminer leur prix, se faire conna\u00eetre sur le Web, vendre ses tableaux, adapter sa posture, rechercher le bien-\u00eatre&#8230;<\/p>\n<\/div>\n<\/div>\n<\/div>\n<div id=\"le_body_row_2_col_1_el_4\" data-style=\"\">\n<div>\n<div id=\"op_img_text_aside_op_assets_core_img_text_aside_46744f04eca038d72b3ec6f8cebaf67d\">\n<h3>Un Abonnement Unique et Sans Engagement<\/h3>\n<p><a href=\"http:\/\/cours.beauxarts.fr\/\" target=\"_blank\"><img loading=\"lazy\" decoding=\"async\" class=\"alignleft\" alt=\"\" src=\"http:\/\/cours.beauxarts.fr\/wp-content\/uploads\/sites\/2\/2015\/04\/COURS-BEAUX-ARTS_PICTOS-EXE-06.png\" width=\"151\" height=\"151\" \/><\/a>Un seul abonnement vous donne\u00a0acc\u00e8s \u00e0 toutes les vid\u00e9os de la plateforme sur toutes les techniques. Pas de compteur, pas de filtre. Tout en acc\u00e8s libre.<\/p>\n<\/div>\n<\/div>\n<\/div>\n<div id=\"le_body_row_2_col_1_el_5\" data-style=\"\">\n<div>\n<div id=\"op_img_text_aside_op_assets_core_img_text_aside_7dee6432691d256ade5e12169174704c\">\n<h3>Des Nouveaut\u00e9s Chaque Semaine<\/h3>\n<p><a href=\"http:\/\/cours.beauxarts.fr\/\" target=\"_blank\"><img loading=\"lazy\" decoding=\"async\" class=\"alignleft\" alt=\"\" src=\"http:\/\/cours.beauxarts.fr\/wp-content\/uploads\/sites\/2\/2015\/04\/COURS-BEAUX-ARTS_PICTOS-EXE-05.png\" width=\"151\" height=\"151\" \/><\/a>Des nouveaut\u00e9s chaque semaine dans chaque technique artistique. Retrouvez ces nouveaut\u00e9s d\u00e9s leur parution en vous abonnant au fil d&rsquo;actualit\u00e9.<\/p>\n<\/div>\n<\/div>\n<\/div>\n<div id=\"le_body_row_2_col_1_el_6\" data-style=\"\">\n<div>\n<div id=\"op_img_text_aside_op_assets_core_img_text_aside_dce6ece3191c39b3f3ee3fb02907e170\">\n<h3>Une Communaut\u00e9 d&rsquo;Artistes pour \u00e9changer<\/h3>\n<p><a href=\"http:\/\/cours.beauxarts.fr\/\" target=\"_blank\"><img loading=\"lazy\" decoding=\"async\" class=\"alignleft\" alt=\"\" src=\"http:\/\/cours.beauxarts.fr\/wp-content\/uploads\/sites\/2\/2015\/04\/COURS-BEAUX-ARTS_PICTOS-EXE-04.png\" width=\"151\" height=\"151\" \/><\/a>Une communaut\u00e9 d&rsquo;utilisateurs pour \u00e9changer, partager, commenter sur les vid\u00e9os, sur vos r\u00e9ussites, vos progr\u00e8s, vos d\u00e9couvertes.<\/p>\n<\/div>\n<\/div>\n<\/div>\n<div id=\"le_body_row_2_col_1_el_7\" data-style=\"\"><\/div>\n<div data-style=\"\"><\/div>\n<div data-style=\"\"><\/div>\n<div id=\"le_body_row_2_col_1_el_8\" data-style=\"\">\n<div>\n<div><a href=\"http:\/\/cours.beauxarts.fr\/\" target=\"_blank\"><img decoding=\"async\" alt=\"\" src=\"http:\/\/cours.beauxarts.fr\/wp-content\/uploads\/sites\/2\/2015\/06\/CBA.Banni%C3%A8re-vid%C3%A9os.jpg\" border=\"0\" \/><\/a><\/div>\n<\/div>\n<\/div>\n<div id=\"le_body_row_2_col_1_el_9\" data-style=\"\">\n<div>\n<div>\n<\/p>\n<h2>Acc\u00e9dez \u00e0 <a href=\"http:\/\/cours.beauxarts.fr\/\" target=\"_blank\">CoursBeauxArts.fr<\/a> et commencez d\u00e8s maintenant et\u00a0offrez-vous en illimit\u00e9\u00a0la plus\u00a0grande encyclop\u00e9die vid\u00e9o\u00a0du web !<\/h2>\n<p>\n<\/div>\n<\/div>\n<\/div>\n<\/div>\n<\/div>\n","protected":false},"excerpt":{"rendered":"<p>Envie de Progresser ? Envie d\u2019apprendre de\u00a0nouvelles techniques, de d\u00e9couvrir\u00a0les bases,\u00a0de vous\u00a0perfectionner, de d\u00e9couvrir\u00a0des astuces\u00a0?\u00a0Et tout \u00e7a \u00e0\u00a0votre rythme, de\u00a0chez vous, avec les\u00a0meilleurs professeurs, en illimit\u00e9\u00a0et\u00a0sans engagement\u00a0! Des Cours de Haute Qualit\u00e9 Des vid\u00e9os de haute qualit\u00e9 p\u00e9dagogique, artistique et technique. Un studio d&rsquo;enregistrement et du mat\u00e9riel professionnel pour un grand confort de lecture. Des &#8230; <br \/><a title=\"Envie de D\u00e9couvrir de nouvelles techniques de dessin ?\" class=\"read-more\" href=\"https:\/\/www.justcolor.net\/fr\/envie-de-decouvrir-les-techniques-du-dessin\/\">Lire la suite<\/a><\/p>\n","protected":false},"author":1,"featured_media":0,"parent":0,"menu_order":0,"comment_status":"closed","ping_status":"closed","template":"","meta":{"ngg_post_thumbnail":0,"footnotes":""},"tags":[],"class_list":["post-1593","page","type-page","status-publish"],"_links":{"self":[{"href":"https:\/\/www.justcolor.net\/fr\/wp-json\/wp\/v2\/pages\/1593","targetHints":{"allow":["GET"]}}],"collection":[{"href":"https:\/\/www.justcolor.net\/fr\/wp-json\/wp\/v2\/pages"}],"about":[{"href":"https:\/\/www.justcolor.net\/fr\/wp-json\/wp\/v2\/types\/page"}],"author":[{"embeddable":true,"href":"https:\/\/www.justcolor.net\/fr\/wp-json\/wp\/v2\/users\/1"}],"replies":[{"embeddable":true,"href":"https:\/\/www.justcolor.net\/fr\/wp-json\/wp\/v2\/comments?post=1593"}],"version-history":[{"count":0,"href":"https:\/\/www.justcolor.net\/fr\/wp-json\/wp\/v2\/pages\/1593\/revisions"}],"wp:attachment":[{"href":"https:\/\/www.justcolor.net\/fr\/wp-json\/wp\/v2\/media?parent=1593"}],"wp:term":[{"taxonomy":"post_tag","embeddable":true,"href":"https:\/\/www.justcolor.net\/fr\/wp-json\/wp\/v2\/tags?post=1593"}],"curies":[{"name":"wp","href":"https:\/\/api.w.org\/{rel}","templated":true}]}}