{"id":17218,"date":"2023-11-13T09:43:13","date_gmt":"2023-11-13T08:43:13","guid":{"rendered":"https:\/\/www.justcolor.net\/fr\/?page_id=17218"},"modified":"2024-10-16T11:42:15","modified_gmt":"2024-10-16T09:42:15","slug":"top-tags","status":"publish","type":"page","link":"https:\/\/www.justcolor.net\/fr\/top-tags\/","title":{"rendered":"Tous nos coloriages complexes pour adultes class\u00e9s par mots-cl\u00e9s"},"content":{"rendered":"","protected":false},"excerpt":{"rendered":"<p>Bienvenue sur notre page d\u00e9di\u00e9e aux mots-cl\u00e9s de coloriages complexes pour adultes ! Ici, vous avez un acc\u00e8s direct \u00e0 des milliers de coloriages th\u00e9matiques, sp\u00e9cialement con\u00e7us pour les amateurs de d\u00e9fis artistiques. Que vous soyez \u00e0 la recherche de dessins sur les animaux, la nature, des personnages c\u00e9l\u00e8bres ou des motifs comme &lsquo;femme&rsquo; ou &lsquo;impressionisme&rsquo;, parcourez notre collection et plongez dans des \u0153uvres d\u00e9taill\u00e9es. Trouvez votre th\u00e8me favori et laissez libre cours \u00e0 votre cr\u00e9ativit\u00e9 !<\/p>\n","protected":false},"author":1,"featured_media":0,"parent":0,"menu_order":0,"comment_status":"closed","ping_status":"closed","template":"page-toptags.php","meta":{"ngg_post_thumbnail":0,"footnotes":""},"tags":[],"class_list":["post-17218","page","type-page","status-publish"],"_links":{"self":[{"href":"https:\/\/www.justcolor.net\/fr\/wp-json\/wp\/v2\/pages\/17218","targetHints":{"allow":["GET"]}}],"collection":[{"href":"https:\/\/www.justcolor.net\/fr\/wp-json\/wp\/v2\/pages"}],"about":[{"href":"https:\/\/www.justcolor.net\/fr\/wp-json\/wp\/v2\/types\/page"}],"author":[{"embeddable":true,"href":"https:\/\/www.justcolor.net\/fr\/wp-json\/wp\/v2\/users\/1"}],"replies":[{"embeddable":true,"href":"https:\/\/www.justcolor.net\/fr\/wp-json\/wp\/v2\/comments?post=17218"}],"version-history":[{"count":0,"href":"https:\/\/www.justcolor.net\/fr\/wp-json\/wp\/v2\/pages\/17218\/revisions"}],"wp:attachment":[{"href":"https:\/\/www.justcolor.net\/fr\/wp-json\/wp\/v2\/media?parent=17218"}],"wp:term":[{"taxonomy":"post_tag","embeddable":true,"href":"https:\/\/www.justcolor.net\/fr\/wp-json\/wp\/v2\/tags?post=17218"}],"curies":[{"name":"wp","href":"https:\/\/api.w.org\/{rel}","templated":true}]}}